{"id":11014,"date":"2021-08-18T09:06:04","date_gmt":"2021-08-18T09:06:04","guid":{"rendered":"https:\/\/www.qustodio.com\/downloads\/android-with-calls-and-sms-download\/"},"modified":"2024-12-17T11:22:26","modified_gmt":"2024-12-17T11:22:26","slug":"android-with-calls-and-sms-get-old","status":"publish","type":"page","link":"https:\/\/www.qustodio.com\/de\/downloads\/android-with-calls-and-sms-get-old\/","title":{"rendered":"Android with calls and SMS download"},"content":{"rendered":"<p>[et_pb_section fb_built=&#8220;1&#8243; admin_label=&#8220;Hero&#8220; _builder_version=&#8220;4.16&#8243; _module_preset=&#8220;default&#8220; background_color=&#8220;#eff3f6&#8243; background_enable_color=&#8220;on&#8220; background_image=&#8220;https:\/\/static.qustodio.com\/public-site\/uploads\/2021\/08\/10081717\/fill-1-copy%402x.png&#8220; background_enable_image=&#8220;on&#8220; background_size=&#8220;contain&#8220; background_position=&#8220;top_right&#8220; custom_padding=&#8220;48px||48px||false|false&#8220; background_last_edited=&#8220;on|phone&#8220; background_image_phone=&#8220;https:\/\/static.qustodio.com\/public-site\/uploads\/2021\/08\/10082130\/bg-green-copy-2%402x.png&#8220; background_enable_image_phone=&#8220;on&#8220; da_disable_devices=&#8220;off|off|off&#8220; global_colors_info=&#8220;{}&#8220; da_is_popup=&#8220;off&#8220; da_exit_intent=&#8220;off&#8220; da_has_close=&#8220;on&#8220; da_alt_close=&#8220;off&#8220; da_dark_close=&#8220;off&#8220; da_not_modal=&#8220;on&#8220; da_is_singular=&#8220;off&#8220; da_with_loader=&#8220;off&#8220; da_has_shadow=&#8220;on&#8220;][et_pb_row _builder_version=&#8220;4.16&#8243; _module_preset=&#8220;default&#8220; custom_padding=&#8220;||0px||false|false&#8220; global_colors_info=&#8220;{}&#8220;][et_pb_column type=&#8220;4_4&#8243; _builder_version=&#8220;4.16&#8243; _module_preset=&#8220;default&#8220; global_colors_info=&#8220;{}&#8220;][et_pb_text _builder_version=&#8220;4.16&#8243; _module_preset=&#8220;default&#8220; global_colors_info=&#8220;{}&#8220;]<\/p>\n<h1 class=\"c-panel__title\" style=\"text-align: center;\">Holen Sie sich Qustodio f\u00fcr Android mit Anrufen &amp; SMS<\/h1>\n<h2 style=\"text-align: center;\"><span>Aufgrund der neuen Google-Richtlinien k\u00f6nnen wir beim Herunterladen \u00fcber Google Play keine Anrufe und SMS-Berechtigungen mehr anfordern.<\/span><\/h2>\n<p>[\/et_pb_text][\/et_pb_column][\/et_pb_row][\/et_pb_section][et_pb_section fb_built=&#8220;1&#8243; specialty=&#8220;on&#8220; admin_label=&#8220;Kids Downloads&#8220; _builder_version=&#8220;4.16&#8243; _module_preset=&#8220;default&#8220; background_color=&#8220;#eff3f6&#8243; custom_padding=&#8220;0px||||false|false&#8220; da_disable_devices=&#8220;off|off|off&#8220; global_colors_info=&#8220;{}&#8220; da_is_popup=&#8220;off&#8220; da_exit_intent=&#8220;off&#8220; da_has_close=&#8220;on&#8220; da_alt_close=&#8220;off&#8220; da_dark_close=&#8220;off&#8220; da_not_modal=&#8220;on&#8220; da_is_singular=&#8220;off&#8220; da_with_loader=&#8220;off&#8220; da_has_shadow=&#8220;on&#8220;][et_pb_column type=&#8220;1_3&#8243; _builder_version=&#8220;4.16&#8243; custom_padding=&#8220;|||&#8220; global_colors_info=&#8220;{}&#8220; custom_padding__hover=&#8220;|||&#8220;][et_pb_image src=&#8220;https:\/\/static.qustodio.com\/public-site\/uploads\/2021\/08\/03160907\/group-14.png&#8220; title_text=&#8220;group-14&#8243; align=&#8220;center&#8220; _builder_version=&#8220;4.16&#8243; _module_preset=&#8220;default&#8220; global_colors_info=&#8220;{}&#8220;][\/et_pb_image][\/et_pb_column][et_pb_column type=&#8220;2_3&#8243; specialty_columns=&#8220;2&#8243; _builder_version=&#8220;4.16&#8243; custom_padding=&#8220;|||&#8220; global_colors_info=&#8220;{}&#8220; custom_padding__hover=&#8220;|||&#8220;][et_pb_row_inner _builder_version=&#8220;4.16&#8243; _module_preset=&#8220;default&#8220; global_colors_info=&#8220;{}&#8220;][et_pb_column_inner saved_specialty_column_type=&#8220;2_3&#8243; admin_label=&#8220;Column&#8220; _builder_version=&#8220;4.16&#8243; _module_preset=&#8220;default&#8220; global_colors_info=&#8220;{}&#8220;][et_pb_text _builder_version=&#8220;4.16&#8243; _module_preset=&#8220;default&#8220; global_colors_info=&#8220;{}&#8220;]<\/p>\n<p>Wenn Sie dennoch Anrufe &amp; SMS-\u00dcberwachung w\u00fcnschen, k\u00f6nnen Sie Qustodio direkt von unserer Website herunterladen, indem Sie unten auf &#8222;Weiter&#8220; klicken.<\/p>\n<p>Wenn Sie ein Huawei-Ger\u00e4t haben und Anrufe und SMS \u00fcberwachen m\u00f6chten, klicken Sie If you have a Huawei device and want Calls &amp; SMS monitoring click<span>\u00a0<\/span><a href=\"https:\/\/appgallery.huawei.com\/#\/app\/C101241815\">hier<\/a>.<\/p>\n<p>&nbsp;<\/p>\n<h3 class=\"c-panel__title\">Laden Sie Qustodio f\u00fcr Android von unserer Website herunter<\/h3>\n<p>Sie werden aufgefordert, zu &#8222;Einstellungen&#8220; zu wechseln und &#8222;Qustodio zulassen&#8220; auszu\u00e4hlen. So k\u00f6nnen Sie die vollst\u00e4ndige App mit Calls &amp; SMS-\u00dcberwachung direkt von unserer Website herunterladen.<\/p>\n<p>&nbsp;<\/p>\n<p><img loading=\"lazy\" decoding=\"async\" src=\"https:\/\/dev.qustodio.com\/public\/assets\/images\/downloads\/android\/popup-de.png\" width=\"344\" height=\"212\" style=\"display: block; margin-left: auto; margin-right: auto;\" \/><\/p>\n<p>[\/et_pb_text][qusd_accordion _builder_version=&#8220;4.16&#8243; _module_preset=&#8220;default&#8220; global_colors_info=&#8220;{}&#8220;][qusd_accordion_item title=&#8220;Android&#8220; open_item=&#8220;on&#8220; font_awesome_icon=&#8220;fab fa-android&#8220; _builder_version=&#8220;4.16&#8243; _module_preset=&#8220;default&#8220; module_font=&#8220;||||||||&#8220; module_line_height=&#8220;1.43em&#8220; global_colors_info=&#8220;{}&#8220;]<\/p>\n<p><span>Qustodio l\u00e4uft auf Android-Ger\u00e4ten mit Android 6.0 und h\u00f6her.<\/span><\/p>\n<p style=\"text-align: center;\"><a href=\"https:\/\/api.qustodio.com\/v1\/download?tenant=family&amp;version=0&amp;platform=2\" class=\"rck-btn rck-btn--centered rck-btn--medium\" data-tracking-id=\"downloads-android-link\">JETZT HERUNTERLADEN<\/a><\/p>\n<p>[\/qusd_accordion_item][\/qusd_accordion][\/et_pb_column_inner][\/et_pb_row_inner][et_pb_row_inner _builder_version=&#8220;4.16&#8243; _module_preset=&#8220;default&#8220; custom_padding=&#8220;0px||||false|false&#8220; global_colors_info=&#8220;{}&#8220;][et_pb_column_inner saved_specialty_column_type=&#8220;2_3&#8243; _builder_version=&#8220;4.16&#8243; _module_preset=&#8220;default&#8220; custom_padding=&#8220;|0px||0px|false|false&#8220; custom_padding_tablet=&#8220;&#8220; custom_padding_phone=&#8220;||||false|false&#8220; custom_padding_last_edited=&#8220;on|phone&#8220; custom_css_main_element=&#8220;margin-bottom: 8px !important;&#8220; global_colors_info=&#8220;{}&#8220; custom_css_before_last_edited=&#8220;on|phone&#8220;][et_pb_text _builder_version=&#8220;4.16&#8243; _module_preset=&#8220;default&#8220; global_colors_info=&#8220;{}&#8220;]<\/p>\n<p><a href=\"https:\/\/play.google.com\/store\/apps\/details?id=com.qustodio.qustodioapp\">Nein danke, nimm mich mit zu Google Play.<\/a><\/p>\n<p>[\/et_pb_text][\/et_pb_column_inner][\/et_pb_row_inner][\/et_pb_column][\/et_pb_section][et_pb_section fb_built=&#8220;1&#8243; custom_padding_last_edited=&#8220;on|phone&#8220; admin_label=&#8220;Help&#8220; _builder_version=&#8220;4.16&#8243; _module_preset=&#8220;default&#8220; background_color=&#8220;#49C592&#8243; background_enable_color=&#8220;on&#8220; custom_padding=&#8220;72px||72px||true|false&#8220; custom_padding_tablet=&#8220;48px||48px||true|false&#8220; custom_padding_phone=&#8220;48px||48px||true|false&#8220; da_disable_devices=&#8220;off|off|off&#8220; global_colors_info=&#8220;{}&#8220; da_is_popup=&#8220;off&#8220; da_exit_intent=&#8220;off&#8220; da_has_close=&#8220;on&#8220; da_alt_close=&#8220;off&#8220; da_dark_close=&#8220;off&#8220; da_not_modal=&#8220;on&#8220; da_is_singular=&#8220;off&#8220; da_with_loader=&#8220;off&#8220; da_has_shadow=&#8220;on&#8220;][et_pb_row _builder_version=&#8220;4.16&#8243; _module_preset=&#8220;default&#8220; custom_margin=&#8220;0px||0px||false|false&#8220; custom_padding=&#8220;0px||0px||false|false&#8220; global_colors_info=&#8220;{}&#8220;][et_pb_column type=&#8220;4_4&#8243; _builder_version=&#8220;4.16&#8243; _module_preset=&#8220;default&#8220; global_colors_info=&#8220;{}&#8220;][et_pb_text _builder_version=&#8220;4.16&#8243; _module_preset=&#8220;default&#8220; text_text_color=&#8220;#FFFFFF&#8220; header_text_color=&#8220;#FFFFFF&#8220; header_3_text_color=&#8220;#FFFFFF&#8220; custom_margin=&#8220;||24px||false|false&#8220; custom_margin_tablet=&#8220;&#8220; custom_margin_phone=&#8220;||0px||false|false&#8220; custom_margin_last_edited=&#8220;on|tablet&#8220; global_colors_info=&#8220;{}&#8220;]<\/p>\n<h3 style=\"text-align: center;\"><strong>Wir sind hier, um zu helfen<\/strong><\/h3>\n<p>[\/et_pb_text][et_pb_text _builder_version=&#8220;4.16&#8243; _module_preset=&#8220;default&#8220; text_font=&#8220;Poppins|500|||on|||#FFFFFF|&#8220; text_text_color=&#8220;#FFFFFF&#8220; text_font_size=&#8220;20px&#8220; text_orientation=&#8220;center&#8220; custom_margin=&#8220;0px||||false|false&#8220; custom_padding=&#8220;||||false|false&#8220; link_option_url=&#8220;https:\/\/www.qustodio.com\/en\/help\/contact\/&#8220; text_font_phone=&#8220;Poppins|500|||on||||&#8220; text_font_size_phone=&#8220;14px&#8220; global_colors_info=&#8220;{}&#8220;]<i class=\"far fa-info-circle\" style=\"margin-right: 8px;\"><\/i><a href=\"https:\/\/www.qustodio.com\/de\/help\/contact\/\">Wenn Sie Fragen haben, klicken Sie bitte hier.<\/a>[\/et_pb_text][\/et_pb_column][\/et_pb_row][\/et_pb_section]<\/p>\n","protected":false},"excerpt":{"rendered":"<p>Holen Sie sich Qustodio f\u00fcr Android mit Anrufen &amp; SMS Aufgrund der neuen Google-Richtlinien k\u00f6nnen wir beim Herunterladen \u00fcber Google Play keine Anrufe und SMS-Berechtigungen mehr anfordern.Wenn Sie dennoch Anrufe &amp; SMS-\u00dcberwachung w\u00fcnschen, k\u00f6nnen Sie Qustodio direkt von unserer Website herunterladen, indem Sie unten auf &#8222;Weiter&#8220; klicken. Wenn Sie ein Huawei-Ger\u00e4t haben und Anrufe und [&hellip;]<\/p>\n","protected":false},"author":4,"featured_media":0,"parent":66286,"menu_order":0,"comment_status":"closed","ping_status":"closed","template":"","meta":{"_acf_changed":false,"_et_pb_use_builder":"on","_et_pb_old_content":"","_et_gb_content_width":"","footnotes":""},"class_list":["post-11014","page","type-page","status-publish","hentry"],"acf":[],"yoast_head":"<!-- This site is optimized with the Yoast SEO Premium plugin v25.8 (Yoast SEO v25.8) - https:\/\/yoast.com\/wordpress\/plugins\/seo\/ -->\n<title>Android with calls and SMS download | Qustodio<\/title>\n<meta name=\"robots\" content=\"index, follow, max-snippet:-1, max-image-preview:large, max-video-preview:-1\" \/>\n<link rel=\"canonical\" href=\"https:\/\/www.qustodio.com\/de\/downloads\/android-with-calls-and-sms-get-old\/\" \/>\n<meta property=\"og:locale\" content=\"de_DE\" \/>\n<meta property=\"og:type\" content=\"article\" \/>\n<meta property=\"og:title\" content=\"Android with calls and SMS download\" \/>\n<meta property=\"og:url\" content=\"https:\/\/www.qustodio.com\/de\/downloads\/android-with-calls-and-sms-get-old\/\" \/>\n<meta property=\"og:site_name\" content=\"Qustodio\" \/>\n<meta property=\"article:modified_time\" content=\"2024-12-17T11:22:26+00:00\" \/>\n<meta property=\"og:image\" content=\"https:\/\/dev.qustodio.com\/public\/assets\/images\/downloads\/android\/popup-de.png\" \/>\n<meta name=\"twitter:card\" content=\"summary_large_image\" \/>\n<meta name=\"twitter:label1\" content=\"Est. reading time\" \/>\n\t<meta name=\"twitter:data1\" content=\"2 Minuten\" \/>\n<script type=\"application\/ld+json\" class=\"yoast-schema-graph\">{\"@context\":\"https:\/\/schema.org\",\"@graph\":[{\"@type\":\"WebPage\",\"@id\":\"https:\/\/www.qustodio.com\/de\/downloads\/android-with-calls-and-sms-get-old\/\",\"url\":\"https:\/\/www.qustodio.com\/de\/downloads\/android-with-calls-and-sms-get-old\/\",\"name\":\"Android with calls and SMS download | Qustodio\",\"isPartOf\":{\"@id\":\"https:\/\/www.qustodio.com\/de\/#website\"},\"primaryImageOfPage\":{\"@id\":\"https:\/\/www.qustodio.com\/de\/downloads\/android-with-calls-and-sms-get-old\/#primaryimage\"},\"image\":{\"@id\":\"https:\/\/www.qustodio.com\/de\/downloads\/android-with-calls-and-sms-get-old\/#primaryimage\"},\"thumbnailUrl\":\"https:\/\/dev.qustodio.com\/public\/assets\/images\/downloads\/android\/popup-de.png\",\"datePublished\":\"2021-08-18T09:06:04+00:00\",\"dateModified\":\"2024-12-17T11:22:26+00:00\",\"breadcrumb\":{\"@id\":\"https:\/\/www.qustodio.com\/de\/downloads\/android-with-calls-and-sms-get-old\/#breadcrumb\"},\"inLanguage\":\"de-DE\",\"potentialAction\":[{\"@type\":\"ReadAction\",\"target\":[\"https:\/\/www.qustodio.com\/de\/downloads\/android-with-calls-and-sms-get-old\/\"]}]},{\"@type\":\"ImageObject\",\"inLanguage\":\"de-DE\",\"@id\":\"https:\/\/www.qustodio.com\/de\/downloads\/android-with-calls-and-sms-get-old\/#primaryimage\",\"url\":\"https:\/\/dev.qustodio.com\/public\/assets\/images\/downloads\/android\/popup-de.png\",\"contentUrl\":\"https:\/\/dev.qustodio.com\/public\/assets\/images\/downloads\/android\/popup-de.png\"},{\"@type\":\"BreadcrumbList\",\"@id\":\"https:\/\/www.qustodio.com\/de\/downloads\/android-with-calls-and-sms-get-old\/#breadcrumb\",\"itemListElement\":[{\"@type\":\"ListItem\",\"position\":1,\"name\":\"Downloads\",\"item\":\"https:\/\/www.qustodio.com\/de\/downloads\/\"},{\"@type\":\"ListItem\",\"position\":2,\"name\":\"Android with calls and SMS download\"}]},{\"@type\":\"WebSite\",\"@id\":\"https:\/\/www.qustodio.com\/de\/#website\",\"url\":\"https:\/\/www.qustodio.com\/de\/\",\"name\":\"Qustodio\",\"description\":\"Free parental control app\",\"potentialAction\":[{\"@type\":\"SearchAction\",\"target\":{\"@type\":\"EntryPoint\",\"urlTemplate\":\"https:\/\/www.qustodio.com\/de\/?s={search_term_string}\"},\"query-input\":{\"@type\":\"PropertyValueSpecification\",\"valueRequired\":true,\"valueName\":\"search_term_string\"}}],\"inLanguage\":\"de-DE\"}]}<\/script>\n<!-- \/ Yoast SEO Premium plugin. -->","yoast_head_json":{"title":"Android with calls and SMS download | Qustodio","robots":{"index":"index","follow":"follow","max-snippet":"max-snippet:-1","max-image-preview":"max-image-preview:large","max-video-preview":"max-video-preview:-1"},"canonical":"https:\/\/www.qustodio.com\/de\/downloads\/android-with-calls-and-sms-get-old\/","og_locale":"de_DE","og_type":"article","og_title":"Android with calls and SMS download","og_url":"https:\/\/www.qustodio.com\/de\/downloads\/android-with-calls-and-sms-get-old\/","og_site_name":"Qustodio","article_modified_time":"2024-12-17T11:22:26+00:00","og_image":[{"url":"https:\/\/dev.qustodio.com\/public\/assets\/images\/downloads\/android\/popup-de.png","type":"","width":"","height":""}],"twitter_card":"summary_large_image","twitter_misc":{"Est. reading time":"2 Minuten"},"schema":{"@context":"https:\/\/schema.org","@graph":[{"@type":"WebPage","@id":"https:\/\/www.qustodio.com\/de\/downloads\/android-with-calls-and-sms-get-old\/","url":"https:\/\/www.qustodio.com\/de\/downloads\/android-with-calls-and-sms-get-old\/","name":"Android with calls and SMS download | Qustodio","isPartOf":{"@id":"https:\/\/www.qustodio.com\/de\/#website"},"primaryImageOfPage":{"@id":"https:\/\/www.qustodio.com\/de\/downloads\/android-with-calls-and-sms-get-old\/#primaryimage"},"image":{"@id":"https:\/\/www.qustodio.com\/de\/downloads\/android-with-calls-and-sms-get-old\/#primaryimage"},"thumbnailUrl":"https:\/\/dev.qustodio.com\/public\/assets\/images\/downloads\/android\/popup-de.png","datePublished":"2021-08-18T09:06:04+00:00","dateModified":"2024-12-17T11:22:26+00:00","breadcrumb":{"@id":"https:\/\/www.qustodio.com\/de\/downloads\/android-with-calls-and-sms-get-old\/#breadcrumb"},"inLanguage":"de-DE","potentialAction":[{"@type":"ReadAction","target":["https:\/\/www.qustodio.com\/de\/downloads\/android-with-calls-and-sms-get-old\/"]}]},{"@type":"ImageObject","inLanguage":"de-DE","@id":"https:\/\/www.qustodio.com\/de\/downloads\/android-with-calls-and-sms-get-old\/#primaryimage","url":"https:\/\/dev.qustodio.com\/public\/assets\/images\/downloads\/android\/popup-de.png","contentUrl":"https:\/\/dev.qustodio.com\/public\/assets\/images\/downloads\/android\/popup-de.png"},{"@type":"BreadcrumbList","@id":"https:\/\/www.qustodio.com\/de\/downloads\/android-with-calls-and-sms-get-old\/#breadcrumb","itemListElement":[{"@type":"ListItem","position":1,"name":"Downloads","item":"https:\/\/www.qustodio.com\/de\/downloads\/"},{"@type":"ListItem","position":2,"name":"Android with calls and SMS download"}]},{"@type":"WebSite","@id":"https:\/\/www.qustodio.com\/de\/#website","url":"https:\/\/www.qustodio.com\/de\/","name":"Qustodio","description":"Free parental control app","potentialAction":[{"@type":"SearchAction","target":{"@type":"EntryPoint","urlTemplate":"https:\/\/www.qustodio.com\/de\/?s={search_term_string}"},"query-input":{"@type":"PropertyValueSpecification","valueRequired":true,"valueName":"search_term_string"}}],"inLanguage":"de-DE"}]}},"_links":{"self":[{"href":"https:\/\/www.qustodio.com\/de\/wp-json\/wp\/v2\/pages\/11014","targetHints":{"allow":["GET"]}}],"collection":[{"href":"https:\/\/www.qustodio.com\/de\/wp-json\/wp\/v2\/pages"}],"about":[{"href":"https:\/\/www.qustodio.com\/de\/wp-json\/wp\/v2\/types\/page"}],"author":[{"embeddable":true,"href":"https:\/\/www.qustodio.com\/de\/wp-json\/wp\/v2\/users\/4"}],"replies":[{"embeddable":true,"href":"https:\/\/www.qustodio.com\/de\/wp-json\/wp\/v2\/comments?post=11014"}],"version-history":[{"count":5,"href":"https:\/\/www.qustodio.com\/de\/wp-json\/wp\/v2\/pages\/11014\/revisions"}],"predecessor-version":[{"id":77530,"href":"https:\/\/www.qustodio.com\/de\/wp-json\/wp\/v2\/pages\/11014\/revisions\/77530"}],"up":[{"embeddable":true,"href":"https:\/\/www.qustodio.com\/de\/wp-json\/wp\/v2\/pages\/66286"}],"wp:attachment":[{"href":"https:\/\/www.qustodio.com\/de\/wp-json\/wp\/v2\/media?parent=11014"}],"curies":[{"name":"wp","href":"https:\/\/api.w.org\/{rel}","templated":true}]}}