{"id":11381,"date":"2021-08-16T05:47:13","date_gmt":"2021-08-16T05:47:13","guid":{"rendered":"https:\/\/www.qustodio.com\/company\/"},"modified":"2022-05-05T08:58:33","modified_gmt":"2022-05-05T08:58:33","slug":"company","status":"publish","type":"page","link":"https:\/\/www.qustodio.com\/de\/company\/","title":{"rendered":"Company"},"content":{"rendered":"<p>[et_pb_section fb_built=&#8220;1&#8243; _builder_version=&#8220;4.16&#8243; _module_preset=&#8220;default&#8220; da_disable_devices=&#8220;off|off|off&#8220; global_colors_info=&#8220;{}&#8220; da_is_popup=&#8220;off&#8220; da_exit_intent=&#8220;off&#8220; da_has_close=&#8220;on&#8220; da_alt_close=&#8220;off&#8220; da_dark_close=&#8220;off&#8220; da_not_modal=&#8220;on&#8220; da_is_singular=&#8220;off&#8220; da_with_loader=&#8220;off&#8220; da_has_shadow=&#8220;on&#8220;][et_pb_row _builder_version=&#8220;4.16&#8243; _module_preset=&#8220;default&#8220; global_colors_info=&#8220;{}&#8220;][et_pb_column type=&#8220;4_4&#8243; _builder_version=&#8220;4.16&#8243; _module_preset=&#8220;default&#8220; global_colors_info=&#8220;{}&#8220;][et_pb_text _builder_version=&#8220;4.16&#8243; _module_preset=&#8220;default&#8220; global_colors_info=&#8220;{}&#8220;]<\/p>\n<h1 style=\"text-align: center;\"><span>\u00dcber Qustodio<\/span><\/h1>\n<h2 style=\"text-align: center;\"><span>Unser Ziel ist es, jedem Kind ein sicheres digitales Erlebnis zu bieten<\/span><\/h2>\n<p><span>Qustodio ist der Marktf\u00fchrer f\u00fcr Internet-Sicherheitsl\u00f6sungen f\u00fcr Familien. Wir helfen Eltern, ihre Kinder vor unangemessenen Inhalten, Online-Missbrauch und Cybermobbing zu sch\u00fctzen, und unterst\u00fctzen sie dabei, ausgewogene digitale Gewohnheiten zu entwickeln. Mit mehr als 4 Millionen Nutzern in 8 Sprachen und 180 L\u00e4ndern f\u00f6rdert Qustodio einen gesunden Umgang mit Technologie f\u00fcr Familien auf der ganzen Welt.<\/span><\/p>\n<p>&nbsp;<\/p>\n<h3 style=\"text-align: center;\"><span>Gr\u00fcndungsgeschichte<\/span><\/h3>\n<p><span>Im Jahr 2010 arbeiteten Eduardo Cruz, Josh Gabel und Josep Gaspar gemeinsam im Bereich Cybersicherheit. Als sie das neue iPhone 4 sahen, wussten sie, dass bald eine Welle digitaler Ger\u00e4te in die Haushalte der Familien einziehen w\u00fcrde &#8211; was sowohl gro\u00dfe Chancen als auch gro\u00dfe Risiken mit sich brachte. Gleichzeitig lie\u00dfen sie sich von der Art und Weise inspirieren, wie neue Analysetools Unternehmen dabei helfen, Daten visuell zu erfassen. So kamen sie auf die Idee, Familien mit intuitiv dargestellten Daten beim Schutz ihrer Kinder zu helfen.<\/span><\/p>\n<p><span>Sie bauten 2011 ihren ersten Prototyp und gr\u00fcndeten 2012 offiziell Qustodio (der Name ist eine Anspielung auf den lateinischen Begriff f\u00fcr W\u00e4chter, custodia&#8220;). Das anf\u00e4ngliche Produkt half Eltern, auf leicht verst\u00e4ndliche Weise zu sehen, was ihre Kinder auf ihren Windows-Computern taten. In den vergangenen Jahren wurden Qustodio zahlreiche Funktionen hinzugef\u00fcgt und auf viele Betriebssysteme ausgeweitet. Heute ist Qustodio eine umfassende L\u00f6sung zur Kindersicherung, die auf (fast) allen Ger\u00e4ten l\u00e4uft.<\/span><\/p>\n<h3 style=\"text-align: center;\"><span>Unsere Werte<\/span><\/h3>\n<p><span>Mit 80 Teammitgliedern aus 17 L\u00e4ndern sind wir ein vielf\u00e4ltiges Team, das sich f\u00fcr Offenheit, Neugier und Ausgewogenheit einsetzt &#8211; sowohl bei der Arbeit als auch in Bezug auf das digitale Leben. Wir glauben daran, wie wichtig es ist, Technik auf positive Weise f\u00fcr Bildung und Spa\u00df zu nutzen. Vor allem aber steht bei uns die Familie an erster Stelle: Wir beginnen immer bei der Perspektive der Familie und denken von dort aus weiter. <\/span><\/p>\n<p><span>M\u00f6chten Sie mehr erfahren? Schauen Sie sich unsere vollst\u00e4ndige Liste der Produktmerkmale an oder besuchen Sie unseren Presseinformationen. Besuchen Sie unsere Karriereseite, um unsere offenen Stellen zu sehen.<\/span><\/p>\n<p>[\/et_pb_text][\/et_pb_column][\/et_pb_row][\/et_pb_section]<\/p>\n","protected":false},"excerpt":{"rendered":"<p>\u00dcber Qustodio Unser Ziel ist es, jedem Kind ein sicheres digitales Erlebnis zu bieten Qustodio ist der Marktf\u00fchrer f\u00fcr Internet-Sicherheitsl\u00f6sungen f\u00fcr Familien. Wir helfen Eltern, ihre Kinder vor unangemessenen Inhalten, Online-Missbrauch und Cybermobbing zu sch\u00fctzen, und unterst\u00fctzen sie dabei, ausgewogene digitale Gewohnheiten zu entwickeln. Mit mehr als 4 Millionen Nutzern in 8 Sprachen und 180 [&hellip;]<\/p>\n","protected":false},"author":4,"featured_media":0,"parent":0,"menu_order":0,"comment_status":"closed","ping_status":"closed","template":"","meta":{"_acf_changed":false,"_et_pb_use_builder":"on","_et_pb_old_content":"","_et_gb_content_width":"","footnotes":""},"class_list":["post-11381","page","type-page","status-publish","hentry"],"acf":[],"yoast_head":"<!-- This site is optimized with the Yoast SEO Premium plugin v25.8 (Yoast SEO v25.8) - https:\/\/yoast.com\/wordpress\/plugins\/seo\/ -->\n<title>Company | Qustodio<\/title>\n<meta name=\"robots\" content=\"index, follow, max-snippet:-1, max-image-preview:large, max-video-preview:-1\" \/>\n<link rel=\"canonical\" href=\"https:\/\/www.qustodio.com\/de\/company\/\" \/>\n<meta property=\"og:locale\" content=\"de_DE\" \/>\n<meta property=\"og:type\" content=\"article\" \/>\n<meta property=\"og:title\" content=\"Company\" \/>\n<meta property=\"og:url\" content=\"https:\/\/www.qustodio.com\/de\/company\/\" \/>\n<meta property=\"og:site_name\" content=\"Qustodio\" \/>\n<meta property=\"article:modified_time\" content=\"2022-05-05T08:58:33+00:00\" \/>\n<meta name=\"twitter:card\" content=\"summary_large_image\" \/>\n<meta name=\"twitter:label1\" content=\"Est. reading time\" \/>\n\t<meta name=\"twitter:data1\" content=\"2 Minuten\" \/>\n<script type=\"application\/ld+json\" class=\"yoast-schema-graph\">{\"@context\":\"https:\/\/schema.org\",\"@graph\":[{\"@type\":\"WebPage\",\"@id\":\"https:\/\/www.qustodio.com\/de\/company\/\",\"url\":\"https:\/\/www.qustodio.com\/de\/company\/\",\"name\":\"Company | Qustodio\",\"isPartOf\":{\"@id\":\"https:\/\/www.qustodio.com\/de\/#website\"},\"datePublished\":\"2021-08-16T05:47:13+00:00\",\"dateModified\":\"2022-05-05T08:58:33+00:00\",\"inLanguage\":\"de-DE\",\"potentialAction\":[{\"@type\":\"ReadAction\",\"target\":[\"https:\/\/www.qustodio.com\/de\/company\/\"]}]},{\"@type\":\"WebSite\",\"@id\":\"https:\/\/www.qustodio.com\/de\/#website\",\"url\":\"https:\/\/www.qustodio.com\/de\/\",\"name\":\"Qustodio\",\"description\":\"Free parental control app\",\"potentialAction\":[{\"@type\":\"SearchAction\",\"target\":{\"@type\":\"EntryPoint\",\"urlTemplate\":\"https:\/\/www.qustodio.com\/de\/?s={search_term_string}\"},\"query-input\":{\"@type\":\"PropertyValueSpecification\",\"valueRequired\":true,\"valueName\":\"search_term_string\"}}],\"inLanguage\":\"de-DE\"}]}<\/script>\n<!-- \/ Yoast SEO Premium plugin. -->","yoast_head_json":{"title":"Company | Qustodio","robots":{"index":"index","follow":"follow","max-snippet":"max-snippet:-1","max-image-preview":"max-image-preview:large","max-video-preview":"max-video-preview:-1"},"canonical":"https:\/\/www.qustodio.com\/de\/company\/","og_locale":"de_DE","og_type":"article","og_title":"Company","og_url":"https:\/\/www.qustodio.com\/de\/company\/","og_site_name":"Qustodio","article_modified_time":"2022-05-05T08:58:33+00:00","twitter_card":"summary_large_image","twitter_misc":{"Est. reading time":"2 Minuten"},"schema":{"@context":"https:\/\/schema.org","@graph":[{"@type":"WebPage","@id":"https:\/\/www.qustodio.com\/de\/company\/","url":"https:\/\/www.qustodio.com\/de\/company\/","name":"Company | Qustodio","isPartOf":{"@id":"https:\/\/www.qustodio.com\/de\/#website"},"datePublished":"2021-08-16T05:47:13+00:00","dateModified":"2022-05-05T08:58:33+00:00","inLanguage":"de-DE","potentialAction":[{"@type":"ReadAction","target":["https:\/\/www.qustodio.com\/de\/company\/"]}]},{"@type":"WebSite","@id":"https:\/\/www.qustodio.com\/de\/#website","url":"https:\/\/www.qustodio.com\/de\/","name":"Qustodio","description":"Free parental control app","potentialAction":[{"@type":"SearchAction","target":{"@type":"EntryPoint","urlTemplate":"https:\/\/www.qustodio.com\/de\/?s={search_term_string}"},"query-input":{"@type":"PropertyValueSpecification","valueRequired":true,"valueName":"search_term_string"}}],"inLanguage":"de-DE"}]}},"_links":{"self":[{"href":"https:\/\/www.qustodio.com\/de\/wp-json\/wp\/v2\/pages\/11381","targetHints":{"allow":["GET"]}}],"collection":[{"href":"https:\/\/www.qustodio.com\/de\/wp-json\/wp\/v2\/pages"}],"about":[{"href":"https:\/\/www.qustodio.com\/de\/wp-json\/wp\/v2\/types\/page"}],"author":[{"embeddable":true,"href":"https:\/\/www.qustodio.com\/de\/wp-json\/wp\/v2\/users\/4"}],"replies":[{"embeddable":true,"href":"https:\/\/www.qustodio.com\/de\/wp-json\/wp\/v2\/comments?post=11381"}],"version-history":[{"count":3,"href":"https:\/\/www.qustodio.com\/de\/wp-json\/wp\/v2\/pages\/11381\/revisions"}],"predecessor-version":[{"id":31385,"href":"https:\/\/www.qustodio.com\/de\/wp-json\/wp\/v2\/pages\/11381\/revisions\/31385"}],"wp:attachment":[{"href":"https:\/\/www.qustodio.com\/de\/wp-json\/wp\/v2\/media?parent=11381"}],"curies":[{"name":"wp","href":"https:\/\/api.w.org\/{rel}","templated":true}]}}