{"id":1738,"date":"2021-07-29T07:50:00","date_gmt":"2021-07-29T07:50:00","guid":{"rendered":"https:\/\/www.qustodio.com\/legal-notice\/"},"modified":"2025-03-27T16:07:20","modified_gmt":"2025-03-27T16:07:20","slug":"legal-notice","status":"publish","type":"page","link":"https:\/\/www.qustodio.com\/de\/legal-notice\/","title":{"rendered":"Legal notice"},"content":{"rendered":"<p>[et_pb_section fb_built=&#8220;1&#8243; _builder_version=&#8220;4.16&#8243; _module_preset=&#8220;default&#8220; da_disable_devices=&#8220;off|off|off&#8220; global_colors_info=&#8220;{}&#8220; da_is_popup=&#8220;off&#8220; da_exit_intent=&#8220;off&#8220; da_has_close=&#8220;on&#8220; da_alt_close=&#8220;off&#8220; da_dark_close=&#8220;off&#8220; da_not_modal=&#8220;on&#8220; da_is_singular=&#8220;off&#8220; da_with_loader=&#8220;off&#8220; da_has_shadow=&#8220;on&#8220;][et_pb_row _builder_version=&#8220;4.16&#8243; _module_preset=&#8220;default&#8220; global_colors_info=&#8220;{}&#8220;][et_pb_column type=&#8220;4_4&#8243; _builder_version=&#8220;4.16&#8243; _module_preset=&#8220;default&#8220; global_colors_info=&#8220;{}&#8220;][et_pb_text _builder_version=&#8220;4.24.0&#8243; _module_preset=&#8220;default&#8220; hover_enabled=&#8220;0&#8243; global_colors_info=&#8220;{}&#8220; sticky_enabled=&#8220;0&#8243;]<\/p>\n<h1>Rechtlicher Hinweis<\/h1>\n<h2>Wer wir sind<\/h2>\n<p>Sie greifen auf die Website von Qustodio Technologies S.L. (&#8222;Qustodio\u201c, das &#8222;Unternehmen\u201c oder &#8222;wir\/uns\u201c) zu, die unter<span>\u00a0<\/span><a href=\"https:\/\/www.qustodio.com\/\">www.qustodio.com<\/a><span>\u00a0<\/span>(hereinafter the &#8222;Website&#8220;).<\/p>\n<p>Qustodio Technologies S.L. hat seinen Sitz in der Roger de Flor Stra\u00dfe 193, 08013 Barcelona, \u200b\u200bSpanien, hat die spanische Steuernummer B-65825523 und ist im Handelsregister von Barcelona, \u200b\u200bBand 38188, Blatt B322132, Seite 78 eingetragen. Sie erreichen uns unter:<span>\u00a0<\/span><a href=\"mailto:info@qustodio.com\">info@qustodio.com<\/a>.<\/p>\n<h2>Geistiges und gewerbliches Eigentum<\/h2>\n<p>Alle Rechte am geistigen Eigentum an allen Inhalten dieser Website, einschlie\u00dflich, aber nicht beschr\u00e4nkt auf Bilder, Marken, Logos, Kennzeichen, T\u00f6ne und Animationen, Texte, Ton-, Bild- und audiovisuelle Aufzeichnungen sowie Datenbanken, liegen beim Unternehmen oder seinen Lizenzgebern und sind durch nationale und internationale Gesetze gesch\u00fctzt. Diese Rechte sind dem Unternehmen und\/oder seinen Lizenzgebern vorbehalten. Jegliche Vervielf\u00e4ltigung, Kopie, Ver\u00f6ffentlichung, Verbreitung, \u00c4nderung, Umwandlung, Entfernung, Bearbeitung und jede andere Nutzung, mit oder ohne Gewinn, der gesamten oder eines Teils dieser Website oder ihrer Inhalte ohne die vorherige ausdr\u00fcckliche schriftliche Genehmigung des Unternehmens ist ausdr\u00fccklich untersagt. Qustodio beh\u00e4lt sich das Recht vor, im Falle einer m\u00f6glichen Verletzung seiner Rechte alle rechtlichen und\/oder au\u00dfergerichtlichen Schritte einzuleiten, die es f\u00fcr angemessen h\u00e4lt.<\/p>\n<h2>Verantwortung<\/h2>\n<p>Qustodio ist weder f\u00fcr die Webseiten Dritter verantwortlich, auf die von der Website aus zugegriffen werden kann, noch f\u00fcr die Genauigkeit, Richtigkeit und G\u00fcltigkeit der Informationen auf der Website, die nicht von Qustodio selbst erstellt wurden.<\/p>\n<p>Gem\u00e4\u00df Artikel 17 des spanischen Gesetzes 34\/2002 verpflichtet sich Qustodio jedoch, falls es Kenntnis von der Rechtswidrigkeit solcher Inhalte oder Links erlangt, diese Links zu unterdr\u00fccken oder zu deaktivieren und gegebenenfalls jene Inhalte zu sperren, die m\u00f6glicherweise rechtswidrig sind oder die Rechte Dritter verletzen, gem\u00e4\u00df den Artikeln 11 und 16 des genannten Gesetzes.<\/p>\n<p>Dar\u00fcber hinaus haftet das Unternehmen nicht f\u00fcr Sch\u00e4den, die durch Fehler oder Fehlkonfigurationen des vom Nutzer auf seinem Computer installierten Browsers entstehen. Qustodio haftet nicht f\u00fcr technische St\u00f6rungen oder Ausf\u00e4lle bei der Internetverbindung des Nutzers. Ebenso kann die Abwesenheit von Unterbrechungen oder Fehlern beim Zugriff auf die Website nicht garantiert werden.<\/p>\n<p>Qustodio beh\u00e4lt sich das Recht vor, die auf seiner Website enthaltenen Informationen sowie deren Konfiguration oder Darstellung jederzeit zu aktualisieren, zu \u00e4ndern oder zu l\u00f6schen, ohne hierf\u00fcr eine Haftung zu \u00fcbernehmen.<\/p>\n<h2>Schutz personenbezogener Daten<\/h2>\n<p>Wir verarbeiten Ihre personenbezogenen Daten, die Sie auf unserer Website oder bei Kontaktaufnahme per E-Mail erheben, gem\u00e4\u00df unseren<br \/>\n<span>\u00a0<\/span><a href=\"https:\/\/www.qustodio.com\/en\/privacy\/\">Datenschutzrichtlinie<br \/>\n<\/a>.<\/p>\n<h2>Cookie<\/h2>\n<p>Auf unserer Website verwenden wir Cookies. Bitte beachten Sie unsere<br \/>\n<span>\u00a0<\/span><a href=\"https:\/\/www.qustodio.com\/en\/cookie-policy\/\">Cookie-Richtlinie<br \/>\n<\/a><span>\u00a0<\/span>f\u00fcr weitere Details.<\/p>\n<h2>Qustodio Familiendienste<\/h2>\n<p>Die von Qustodio Family angebotenen Dienstleistungen unterliegen den spezifischen<br \/>\n<span>\u00a0<\/span><a href=\"https:\/\/www.qustodio.com\/en\/family\/terms\/\">Gesch\u00e4ftsbedingungen<br \/>\n<\/a><span>\u00a0<\/span>und<span>\u00a0<\/span><a href=\"https:\/\/www.qustodio.com\/en\/family\/privacy\/\"> Datenschutzrichtlinie <\/a>.<\/p>\n<h2>Geltendes Recht und Gerichtsstand<\/h2>\n<p>Dieser rechtliche Hinweis, einschlie\u00dflich unserer Datenschutzrichtlinie und Cookie-Richtlinie, unterliegt spanischem Recht. F\u00fcr alle Streitigkeiten, die sich aus der Nutzung unserer Website ergeben, sind die Gerichte der Stadt Barcelona zust\u00e4ndig.<br \/>\n[\/et_pb_text][\/et_pb_column][\/et_pb_row][\/et_pb_section]<\/p>\n","protected":false},"excerpt":{"rendered":"<p>Rechtlicher Hinweis Wer wir sind Sie greifen auf die Website von Qustodio Technologies S.L. (&#8222;Qustodio\u201c, das &#8222;Unternehmen\u201c oder &#8222;wir\/uns\u201c) zu, die unter\u00a0www.qustodio.com\u00a0(hereinafter the &#8222;Website&#8220;). Qustodio Technologies S.L. hat seinen Sitz in der Roger de Flor Stra\u00dfe 193, 08013 Barcelona, \u200b\u200bSpanien, hat die spanische Steuernummer B-65825523 und ist im Handelsregister von Barcelona, \u200b\u200bBand 38188, Blatt B322132, [&hellip;]<\/p>\n","protected":false},"author":4,"featured_media":0,"parent":0,"menu_order":0,"comment_status":"closed","ping_status":"closed","template":"","meta":{"_acf_changed":false,"_et_pb_use_builder":"on","_et_pb_old_content":"","_et_gb_content_width":"","footnotes":""},"class_list":["post-1738","page","type-page","status-publish","hentry"],"acf":[],"yoast_head":"<!-- This site is optimized with the Yoast SEO Premium plugin v25.8 (Yoast SEO v25.8) - https:\/\/yoast.com\/wordpress\/plugins\/seo\/ -->\n<title>Legal notice | Qustodio<\/title>\n<meta name=\"robots\" content=\"index, follow, max-snippet:-1, max-image-preview:large, max-video-preview:-1\" \/>\n<link rel=\"canonical\" href=\"https:\/\/www.qustodio.com\/de\/legal-notice\/\" \/>\n<meta property=\"og:locale\" content=\"de_DE\" \/>\n<meta property=\"og:type\" content=\"article\" \/>\n<meta property=\"og:title\" content=\"Legal notice\" \/>\n<meta property=\"og:url\" content=\"https:\/\/www.qustodio.com\/de\/legal-notice\/\" \/>\n<meta property=\"og:site_name\" content=\"Qustodio\" \/>\n<meta property=\"article:modified_time\" content=\"2025-03-27T16:07:20+00:00\" \/>\n<meta name=\"twitter:card\" content=\"summary_large_image\" \/>\n<meta name=\"twitter:label1\" content=\"Est. reading time\" \/>\n\t<meta name=\"twitter:data1\" content=\"3 Minuten\" \/>\n<script type=\"application\/ld+json\" class=\"yoast-schema-graph\">{\"@context\":\"https:\/\/schema.org\",\"@graph\":[{\"@type\":\"WebPage\",\"@id\":\"https:\/\/www.qustodio.com\/de\/legal-notice\/\",\"url\":\"https:\/\/www.qustodio.com\/de\/legal-notice\/\",\"name\":\"Legal notice | Qustodio\",\"isPartOf\":{\"@id\":\"https:\/\/www.qustodio.com\/de\/#website\"},\"datePublished\":\"2021-07-29T07:50:00+00:00\",\"dateModified\":\"2025-03-27T16:07:20+00:00\",\"inLanguage\":\"de-DE\",\"potentialAction\":[{\"@type\":\"ReadAction\",\"target\":[\"https:\/\/www.qustodio.com\/de\/legal-notice\/\"]}]},{\"@type\":\"WebSite\",\"@id\":\"https:\/\/www.qustodio.com\/de\/#website\",\"url\":\"https:\/\/www.qustodio.com\/de\/\",\"name\":\"Qustodio\",\"description\":\"Free parental control app\",\"potentialAction\":[{\"@type\":\"SearchAction\",\"target\":{\"@type\":\"EntryPoint\",\"urlTemplate\":\"https:\/\/www.qustodio.com\/de\/?s={search_term_string}\"},\"query-input\":{\"@type\":\"PropertyValueSpecification\",\"valueRequired\":true,\"valueName\":\"search_term_string\"}}],\"inLanguage\":\"de-DE\"}]}<\/script>\n<!-- \/ Yoast SEO Premium plugin. -->","yoast_head_json":{"title":"Legal notice | Qustodio","robots":{"index":"index","follow":"follow","max-snippet":"max-snippet:-1","max-image-preview":"max-image-preview:large","max-video-preview":"max-video-preview:-1"},"canonical":"https:\/\/www.qustodio.com\/de\/legal-notice\/","og_locale":"de_DE","og_type":"article","og_title":"Legal notice","og_url":"https:\/\/www.qustodio.com\/de\/legal-notice\/","og_site_name":"Qustodio","article_modified_time":"2025-03-27T16:07:20+00:00","twitter_card":"summary_large_image","twitter_misc":{"Est. reading time":"3 Minuten"},"schema":{"@context":"https:\/\/schema.org","@graph":[{"@type":"WebPage","@id":"https:\/\/www.qustodio.com\/de\/legal-notice\/","url":"https:\/\/www.qustodio.com\/de\/legal-notice\/","name":"Legal notice | Qustodio","isPartOf":{"@id":"https:\/\/www.qustodio.com\/de\/#website"},"datePublished":"2021-07-29T07:50:00+00:00","dateModified":"2025-03-27T16:07:20+00:00","inLanguage":"de-DE","potentialAction":[{"@type":"ReadAction","target":["https:\/\/www.qustodio.com\/de\/legal-notice\/"]}]},{"@type":"WebSite","@id":"https:\/\/www.qustodio.com\/de\/#website","url":"https:\/\/www.qustodio.com\/de\/","name":"Qustodio","description":"Free parental control app","potentialAction":[{"@type":"SearchAction","target":{"@type":"EntryPoint","urlTemplate":"https:\/\/www.qustodio.com\/de\/?s={search_term_string}"},"query-input":{"@type":"PropertyValueSpecification","valueRequired":true,"valueName":"search_term_string"}}],"inLanguage":"de-DE"}]}},"_links":{"self":[{"href":"https:\/\/www.qustodio.com\/de\/wp-json\/wp\/v2\/pages\/1738","targetHints":{"allow":["GET"]}}],"collection":[{"href":"https:\/\/www.qustodio.com\/de\/wp-json\/wp\/v2\/pages"}],"about":[{"href":"https:\/\/www.qustodio.com\/de\/wp-json\/wp\/v2\/types\/page"}],"author":[{"embeddable":true,"href":"https:\/\/www.qustodio.com\/de\/wp-json\/wp\/v2\/users\/4"}],"replies":[{"embeddable":true,"href":"https:\/\/www.qustodio.com\/de\/wp-json\/wp\/v2\/comments?post=1738"}],"version-history":[{"count":12,"href":"https:\/\/www.qustodio.com\/de\/wp-json\/wp\/v2\/pages\/1738\/revisions"}],"predecessor-version":[{"id":83589,"href":"https:\/\/www.qustodio.com\/de\/wp-json\/wp\/v2\/pages\/1738\/revisions\/83589"}],"wp:attachment":[{"href":"https:\/\/www.qustodio.com\/de\/wp-json\/wp\/v2\/media?parent=1738"}],"curies":[{"name":"wp","href":"https:\/\/api.w.org\/{rel}","templated":true}]}}