{"id":31905,"date":"2022-05-13T07:10:24","date_gmt":"2022-05-13T07:10:24","guid":{"rendered":"https:\/\/www.qustodio.com\/?page_id=31905"},"modified":"2023-09-19T09:00:38","modified_gmt":"2023-09-19T09:00:38","slug":"help-close-account","status":"publish","type":"page","link":"https:\/\/www.qustodio.com\/de\/help-close-account\/","title":{"rendered":"Hilfe | Konto schlie\u00dfen"},"content":{"rendered":"<p>[et_pb_section fb_built=&#8220;1&#8243; _builder_version=&#8220;4.16.1&#8243; _module_preset=&#8220;default&#8220; da_disable_devices=&#8220;off|off|off&#8220; global_colors_info=&#8220;{}&#8220; da_is_popup=&#8220;off&#8220; da_exit_intent=&#8220;off&#8220; da_has_close=&#8220;on&#8220; da_alt_close=&#8220;off&#8220; da_dark_close=&#8220;off&#8220; da_not_modal=&#8220;on&#8220; da_is_singular=&#8220;off&#8220; da_with_loader=&#8220;off&#8220; da_has_shadow=&#8220;on&#8220;][et_pb_row _builder_version=&#8220;4.16.1&#8243; _module_preset=&#8220;default&#8220; global_colors_info=&#8220;{}&#8220;][et_pb_column type=&#8220;4_4&#8243; _builder_version=&#8220;4.16.1&#8243; _module_preset=&#8220;default&#8220; global_colors_info=&#8220;{}&#8220;][et_pb_text _builder_version=&#8220;4.16.1&#8243; _module_preset=&#8220;default&#8220; global_colors_info=&#8220;{}&#8220;]<\/p>\n<h1>Ihr Qustodio-Konto schlie\u00dfen<\/h1>\n<p>Wenn Sie Ihr Konto schlie\u00dfen, werden alle Ihre Informationen aus Qustodio entfernt und k\u00f6nnen nicht mehr abgerufen werden. Dies gilt auch f\u00fcr den Aktivit\u00e4tsverlauf und die Regeln Ihrer Kinder. Um den Vorgang zu starten, f\u00fchren Sie die folgenden Schritte aus:<\/p>\n<p><strong>1. Deinstallieren Sie Qustodio von den Ger\u00e4ten Ihrer Kinder<br \/><\/strong>Hier erfahren Sie, wie Sie Qustodio auf <a href=\"https:\/\/help.qustodio.com\/hc\/de\/articles\/360005217357\" target=\"_blank\" rel=\"noopener\">Android<\/a>, <a href=\"https:\/\/help.qustodio.com\/hc\/de\/articles\/360005218017\" target=\"_blank\" rel=\"noopener\">iOS<\/a>, <a href=\"https:\/\/help.qustodio.com\/hc\/de\/articles\/360005221838\" target=\"_blank\" rel=\"noopener\">Windows<\/a>, <a href=\"https:\/\/help.qustodio.com\/hc\/de\/articles\/360005219297\" target=\"_blank\" rel=\"noopener\">Mac<\/a>, <a href=\"https:\/\/help.qustodio.com\/hc\/de\/articles\/360005217357\" target=\"_blank\" rel=\"noopener\">Chromebook<\/a> und <a href=\"https:\/\/help.qustodio.com\/hc\/de\/articles\/360005217357\" target=\"_blank\" rel=\"noopener\">Kindle<\/a> deinstallieren.<\/p>\n<p><strong>2. K\u00fcndigen Sie Ihr Premium-Abonnement, wenn Sie es \u00fcber den App Store oder Google Play erworben haben<\/strong><br \/>Sehen Sie in unserem <a href=\"https:\/\/help.qustodio.com\/hc\/de\/\" target=\"_blank\" rel=\"noopener\">Hilfe-Center<\/a> nach, wie Sie dies tun k\u00f6nnen. Wenn Sie \u00fcber die Qustodio-Website gekauft haben, wird Ihr Abonnement automatisch gek\u00fcndigt.<\/p>\n<p><strong>3. <span>Kontoschlie\u00dfung. <\/span><\/strong><a href=\"#close-account-family\"><span style=\"text-decoration: underline;\">Hier<\/span><\/a> klicken um fortzufahren.<a href=\"#close-account-business\"><\/a><\/p>\n<p>Umfassende Informationen dar\u00fcber, was passiert, wenn Sie Ihr Konto schlie\u00dfen, finden Sie in unserem <a href=\"https:\/\/help.qustodio.com\/hc\/de\/articles\/360005446438\" target=\"_blank\" rel=\"noopener\">Hilfeartikel<\/a>.<\/p>\n<p><strong>Zus\u00e4tzliches Elternteil<\/strong><\/p>\n<p>Wenn Sie sich als <a href=\"https:\/\/help.qustodio.com\/hc\/de\/articles\/4429156851217\" target=\"_blank\" rel=\"noopener\">zus\u00e4tzliches Elternteil<\/a> angemeldet haben, k\u00f6nnen Sie Ihr Konto nur \u00fcber die Eltern-App oder das Web schlie\u00dfen. Melden Sie sich an, gehen Sie zu Ihrer <strong>Kontoseite<\/strong> und w\u00e4hlen Sie <strong>Mein Konto schlie\u00dfen<\/strong>.<\/p>\n<p>[\/et_pb_text][et_pb_code _builder_version=&#8220;4.16.1&#8243; _module_preset=&#8220;default&#8220; global_colors_info=&#8220;{}&#8220;]<script><!-- [et_pb_line_break_holder] -->\tjQuery(function($) {<!-- [et_pb_line_break_holder] -->\t\t$(\".close-account-modal\").iFrameResize();<!-- [et_pb_line_break_holder] -->\t\t\/\/ Close modal when clicking 'Cancel' button inside iframe.<!-- [et_pb_line_break_holder] -->\t\t$(window).on('message', function(e) {<!-- [et_pb_line_break_holder] -->\t\t\tvar origin = e.originalEvent.origin,<!-- [et_pb_line_break_holder] -->\t\t\t\tmessage = e.originalEvent.data;<!-- [et_pb_line_break_holder] -->\t\t\tif( origin === 'https:\/\/auth.qustodio.com' && message === 'close-account-modal-dismiss' ) {<!-- [et_pb_line_break_holder] -->\t\t\t\tvar $close_button = $( '.popup_outer_wrap .da-close' );<!-- [et_pb_line_break_holder] -->\t\t\t\t$close_button.trigger('click');<!-- [et_pb_line_break_holder] -->\t\t\t}<!-- [et_pb_line_break_holder] -->\t\t});<!-- [et_pb_line_break_holder] -->\t});<!-- [et_pb_line_break_holder] --><\/script>[\/et_pb_code][\/et_pb_column][\/et_pb_row][\/et_pb_section][et_pb_section fb_built=&#8220;1&#8243; admin_label=&#8220;Popup &#8211; #close-account-family&#8220; module_id=&#8220;close-account-family&#8220; module_class=&#8220;popup&#8220; _builder_version=&#8220;4.16.1&#8243; _module_preset=&#8220;default&#8220; max_width=&#8220;646px&#8220; custom_padding=&#8220;10px||10px||true|false&#8220; da_is_popup=&#8220;on&#8220; da_popup_slug=&#8220;close-account-family&#8220; da_disable_devices=&#8220;off|off|off&#8220; global_colors_info=&#8220;{}&#8220; da_exit_intent=&#8220;off&#8220; da_has_close=&#8220;on&#8220; da_alt_close=&#8220;off&#8220; da_dark_close=&#8220;off&#8220; da_not_modal=&#8220;on&#8220; da_is_singular=&#8220;off&#8220; da_with_loader=&#8220;off&#8220; da_has_shadow=&#8220;on&#8220;][et_pb_row _builder_version=&#8220;4.16.1&#8243; _module_preset=&#8220;default&#8220; width=&#8220;90%&#8220; global_colors_info=&#8220;{}&#8220;][et_pb_column type=&#8220;4_4&#8243; _builder_version=&#8220;4.16.1&#8243; _module_preset=&#8220;default&#8220; global_colors_info=&#8220;{}&#8220;][et_pb_code _builder_version=&#8220;4.16.1&#8243; _module_preset=&#8220;default&#8220; global_colors_info=&#8220;{}&#8220;]<iframe id=\"close-account-family-iframe\" class=\"close-account-modal\" src=\"https:\/\/auth.qustodio.com\/de\/iframe\/help\/close_account_modal\/family\" style=\"width: 100%\"><\/iframe>[\/et_pb_code][\/et_pb_column][\/et_pb_row][\/et_pb_section]<\/p>\n","protected":false},"excerpt":{"rendered":"<p>Ihr Qustodio-Konto schlie\u00dfen Wenn Sie Ihr Konto schlie\u00dfen, werden alle Ihre Informationen aus Qustodio entfernt und k\u00f6nnen nicht mehr abgerufen werden. Dies gilt auch f\u00fcr den Aktivit\u00e4tsverlauf und die Regeln Ihrer Kinder. Um den Vorgang zu starten, f\u00fchren Sie die folgenden Schritte aus: 1. Deinstallieren Sie Qustodio von den Ger\u00e4ten Ihrer KinderHier erfahren Sie, wie [&hellip;]<\/p>\n","protected":false},"author":25,"featured_media":0,"parent":0,"menu_order":0,"comment_status":"closed","ping_status":"closed","template":"","meta":{"_acf_changed":false,"_et_pb_use_builder":"on","_et_pb_old_content":"[et_pb_section fb_built=\"1\" _builder_version=\"4.16.1\" _module_preset=\"default\" da_disable_devices=\"off|off|off\" global_colors_info=\"{}\" da_is_popup=\"off\" da_exit_intent=\"off\" da_has_close=\"on\" da_alt_close=\"off\" da_dark_close=\"off\" da_not_modal=\"on\" da_is_singular=\"off\" da_with_loader=\"off\" da_has_shadow=\"on\"][et_pb_row _builder_version=\"4.16.1\" _module_preset=\"default\" hover_enabled=\"0\" global_colors_info=\"{}\" sticky_enabled=\"0\"][et_pb_column type=\"4_4\" _builder_version=\"4.16.1\" _module_preset=\"default\" global_colors_info=\"{}\"][et_pb_text _builder_version=\"4.16.1\" _module_preset=\"default\" global_colors_info=\"{}\"]<h1>Close your Qustodio account<\/h1>\r\n<p>When you close your account, all of your information is removed from Qustodio and can\u2019t be retrieved. This includes your children\u2019s activity history and rules. To start the process, complete the steps below:<\/p>\r\n<p><strong>1. Uninstall Qustodio from your kids\u2019 devices<br \/><\/strong>See how to uninstall Qustodio on <a href=\"https:\/\/help.qustodio.com\/hc\/en-us\/articles\/360005217357\" target=\"_blank\" rel=\"noopener\">Android<\/a>, <a href=\"https:\/\/help.qustodio.com\/hc\/en-us\/articles\/360005218017\" target=\"_blank\" rel=\"noopener\">iOS<\/a>, <a href=\"https:\/\/help.qustodio.com\/hc\/en-us\/articles\/360005221838\" target=\"_blank\" rel=\"noopener\">Windows<\/a>, <a href=\"https:\/\/help.qustodio.com\/hc\/en-us\/articles\/360005219297\" target=\"_blank\" rel=\"noopener\">Mac<\/a>, <a href=\"https:\/\/help.qustodio.com\/hc\/en-us\/articles\/360005217357\" target=\"_blank\" rel=\"noopener\">Chromebook<\/a>, and <a href=\"https:\/\/help.qustodio.com\/hc\/en-us\/articles\/360005217357\" target=\"_blank\" rel=\"noopener\">Kindle<\/a>.<\/p>\r\n<p><strong>2. Cancel your Premium subscription if you purchased via the App Store or Google Play<\/strong><br \/>See how to do this in our <a href=\"https:\/\/help.qustodio.com\/hc\/en-us\/\" target=\"_blank\" rel=\"noopener\">help center<\/a>. If you purchased via the Qustodio website, your subscription will be canceled automatically.<\/p>\r\n<p><strong>Ready to proceed? Select the product that you use:<\/strong><\/p>\r\n<ul>\r\n<li><a href=\"#close-account-family\">Qustodio for Families<\/a><\/li>\r\n<li><a href=\"#close-account-schools\">Qustodio for Schools<\/a><\/li>\r\n<li><a href=\"#close-account-business\">Qustodio for Business<\/a><\/li>\r\n<\/ul>\r\n<p>For full information on what will happen when you close your account, read our <a href=\"https:\/\/help.qustodio.com\/hc\/en-us\/articles\/360005446438\" target=\"_blank\" rel=\"noopener\">help article<\/a>.<\/p>\r\n<p><strong>Additional parents<\/strong><\/p>\r\n<p>If you signed up as an <a href=\"https:\/\/help.qustodio.com\/hc\/en-us\/articles\/4429156851217\" target=\"_blank\" rel=\"noopener\">additional parent<\/a>, you can only close your account from the Parents App or Web. Log in, go to your <strong>Account<\/strong> page, and select <strong>Close my account<\/strong>.<\/p>[\/et_pb_text][et_pb_code _builder_version=\"4.16.1\" _module_preset=\"default\" global_colors_info=\"{}\"]<script><!-- [et_pb_line_break_holder] -->\tjQuery(function($) {<!-- [et_pb_line_break_holder] -->\t\t$(\".close-account-modal\").iFrameResize();<!-- [et_pb_line_break_holder] -->\t\t\/\/ Close modal when clicking 'Cancel' button inside iframe.<!-- [et_pb_line_break_holder] -->\t\t$(window).on('message', function(e) {<!-- [et_pb_line_break_holder] -->\t\t\tvar origin = e.originalEvent.origin,<!-- [et_pb_line_break_holder] -->\t\t\t\tmessage = e.originalEvent.data;<!-- [et_pb_line_break_holder] -->\t\t\tif( origin === 'https:\/\/auth.qustodio.com' && message === 'close-account-modal-dismiss' ) {<!-- [et_pb_line_break_holder] -->\t\t\t\tvar $close_button = $( '.popup_outer_wrap .da-close' );<!-- [et_pb_line_break_holder] -->\t\t\t\t$close_button.trigger('click');<!-- [et_pb_line_break_holder] -->\t\t\t}<!-- [et_pb_line_break_holder] -->\t\t});<!-- [et_pb_line_break_holder] -->\t});<!-- [et_pb_line_break_holder] --><\/script>[\/et_pb_code][\/et_pb_column][\/et_pb_row][\/et_pb_section][et_pb_section fb_built=\"1\" admin_label=\"Popup - #close-account-family\" module_id=\"close-account-family\" module_class=\"popup\" _builder_version=\"4.16.1\" _module_preset=\"default\" max_width=\"646px\" custom_padding=\"10px||10px||true|false\" hover_enabled=\"0\" da_is_popup=\"on\" da_popup_slug=\"close-account-family\" da_disable_devices=\"off|off|off\" global_colors_info=\"{}\" sticky_enabled=\"0\" da_exit_intent=\"off\" da_has_close=\"on\" da_alt_close=\"off\" da_dark_close=\"off\" da_not_modal=\"on\" da_is_singular=\"off\" da_with_loader=\"off\" da_has_shadow=\"on\"][et_pb_row _builder_version=\"4.16.1\" _module_preset=\"default\" width=\"90%\" hover_enabled=\"0\" global_colors_info=\"{}\" sticky_enabled=\"0\"][et_pb_column type=\"4_4\" _builder_version=\"4.16.1\" _module_preset=\"default\" global_colors_info=\"{}\"][et_pb_code _builder_version=\"4.16.1\" _module_preset=\"default\" global_colors_info=\"{}\"]<iframe id=\"close-account-family-iframe\" class=\"close-account-modal\" src=\"https:\/\/auth.qustodio.com\/en\/iframe\/help\/close_account_modal\/family\" style=\"width: 100%\"><\/iframe>[\/et_pb_code][\/et_pb_column][\/et_pb_row][\/et_pb_section][et_pb_section fb_built=\"1\" admin_label=\"Popup - #close-account-schools\" module_id=\"close-account-schools\" module_class=\"popup\" _builder_version=\"4.16.1\" _module_preset=\"default\" max_width=\"646px\" custom_padding=\"10px||10px||true|false\" da_is_popup=\"on\" da_popup_slug=\"close-account-schools\" da_disable_devices=\"off|off|off\" global_colors_info=\"{}\" da_exit_intent=\"off\" da_has_close=\"on\" da_alt_close=\"off\" da_dark_close=\"off\" da_not_modal=\"on\" da_is_singular=\"off\" da_with_loader=\"off\" da_has_shadow=\"on\"][et_pb_row _builder_version=\"4.16.1\" _module_preset=\"default\" width=\"90%\" hover_enabled=\"0\" global_colors_info=\"{}\" sticky_enabled=\"0\"][et_pb_column type=\"4_4\" _builder_version=\"4.16.1\" _module_preset=\"default\" global_colors_info=\"{}\"][et_pb_code _builder_version=\"4.16.1\" _module_preset=\"default\" global_colors_info=\"{}\"]<iframe id=\"close-account-schools-iframe\" class=\"close-account-modal\" src=\"https:\/\/auth.qustodio.com\/en\/iframe\/help\/close_account_modal\/schools\" style=\"width: 100%\"><\/iframe>[\/et_pb_code][\/et_pb_column][\/et_pb_row][\/et_pb_section][et_pb_section fb_built=\"1\" admin_label=\"Popup - #close-account-business\" module_id=\"close-account-business\" module_class=\"popup\" _builder_version=\"4.16.1\" _module_preset=\"default\" max_width=\"646px\" custom_padding=\"10px||10px||true|false\" da_is_popup=\"on\" da_popup_slug=\"close-account-business\" da_disable_devices=\"off|off|off\" global_colors_info=\"{}\" da_exit_intent=\"off\" da_has_close=\"on\" da_alt_close=\"off\" da_dark_close=\"off\" da_not_modal=\"on\" da_is_singular=\"off\" da_with_loader=\"off\" da_has_shadow=\"on\"][et_pb_row _builder_version=\"4.16.1\" _module_preset=\"default\" width=\"90%\" hover_enabled=\"0\" global_colors_info=\"{}\" sticky_enabled=\"0\"][et_pb_column type=\"4_4\" _builder_version=\"4.16.1\" _module_preset=\"default\" global_colors_info=\"{}\"][et_pb_code _builder_version=\"4.16.1\" _module_preset=\"default\" global_colors_info=\"{}\"]<iframe id=\"close-account-business-iframe\" class=\"close-account-modal\" src=\"https:\/\/auth.qustodio.com\/en\/iframe\/help\/close_account_modal\/business\" style=\"width: 100%\"><\/iframe><!-- [et_pb_line_break_holder] -->[\/et_pb_code][\/et_pb_column][\/et_pb_row][\/et_pb_section]","_et_gb_content_width":"","footnotes":""},"class_list":["post-31905","page","type-page","status-publish","hentry"],"acf":[],"yoast_head":"<!-- This site is optimized with the Yoast SEO Premium plugin v25.8 (Yoast SEO v25.8) - https:\/\/yoast.com\/wordpress\/plugins\/seo\/ -->\n<title>Hilfe | Konto schlie\u00dfen | Qustodio<\/title>\n<meta name=\"robots\" content=\"index, follow, max-snippet:-1, max-image-preview:large, max-video-preview:-1\" \/>\n<link rel=\"canonical\" href=\"https:\/\/www.qustodio.com\/de\/help-close-account\/\" \/>\n<meta property=\"og:locale\" content=\"de_DE\" \/>\n<meta property=\"og:type\" content=\"article\" \/>\n<meta property=\"og:title\" content=\"Hilfe | Konto schlie\u00dfen\" \/>\n<meta property=\"og:url\" content=\"https:\/\/www.qustodio.com\/de\/help-close-account\/\" \/>\n<meta property=\"og:site_name\" content=\"Qustodio\" \/>\n<meta property=\"article:modified_time\" content=\"2023-09-19T09:00:38+00:00\" \/>\n<meta name=\"twitter:card\" content=\"summary_large_image\" \/>\n<meta name=\"twitter:label1\" content=\"Est. reading time\" \/>\n\t<meta name=\"twitter:data1\" content=\"2 Minuten\" \/>\n<script type=\"application\/ld+json\" class=\"yoast-schema-graph\">{\"@context\":\"https:\/\/schema.org\",\"@graph\":[{\"@type\":\"WebPage\",\"@id\":\"https:\/\/www.qustodio.com\/de\/help-close-account\/\",\"url\":\"https:\/\/www.qustodio.com\/de\/help-close-account\/\",\"name\":\"Hilfe | Konto schlie\u00dfen | Qustodio\",\"isPartOf\":{\"@id\":\"https:\/\/www.qustodio.com\/de\/#website\"},\"datePublished\":\"2022-05-13T07:10:24+00:00\",\"dateModified\":\"2023-09-19T09:00:38+00:00\",\"inLanguage\":\"de-DE\",\"potentialAction\":[{\"@type\":\"ReadAction\",\"target\":[\"https:\/\/www.qustodio.com\/de\/help-close-account\/\"]}]},{\"@type\":\"WebSite\",\"@id\":\"https:\/\/www.qustodio.com\/de\/#website\",\"url\":\"https:\/\/www.qustodio.com\/de\/\",\"name\":\"Qustodio\",\"description\":\"Free parental control app\",\"potentialAction\":[{\"@type\":\"SearchAction\",\"target\":{\"@type\":\"EntryPoint\",\"urlTemplate\":\"https:\/\/www.qustodio.com\/de\/?s={search_term_string}\"},\"query-input\":{\"@type\":\"PropertyValueSpecification\",\"valueRequired\":true,\"valueName\":\"search_term_string\"}}],\"inLanguage\":\"de-DE\"}]}<\/script>\n<!-- \/ Yoast SEO Premium plugin. -->","yoast_head_json":{"title":"Hilfe | Konto schlie\u00dfen | Qustodio","robots":{"index":"index","follow":"follow","max-snippet":"max-snippet:-1","max-image-preview":"max-image-preview:large","max-video-preview":"max-video-preview:-1"},"canonical":"https:\/\/www.qustodio.com\/de\/help-close-account\/","og_locale":"de_DE","og_type":"article","og_title":"Hilfe | Konto schlie\u00dfen","og_url":"https:\/\/www.qustodio.com\/de\/help-close-account\/","og_site_name":"Qustodio","article_modified_time":"2023-09-19T09:00:38+00:00","twitter_card":"summary_large_image","twitter_misc":{"Est. reading time":"2 Minuten"},"schema":{"@context":"https:\/\/schema.org","@graph":[{"@type":"WebPage","@id":"https:\/\/www.qustodio.com\/de\/help-close-account\/","url":"https:\/\/www.qustodio.com\/de\/help-close-account\/","name":"Hilfe | Konto schlie\u00dfen | Qustodio","isPartOf":{"@id":"https:\/\/www.qustodio.com\/de\/#website"},"datePublished":"2022-05-13T07:10:24+00:00","dateModified":"2023-09-19T09:00:38+00:00","inLanguage":"de-DE","potentialAction":[{"@type":"ReadAction","target":["https:\/\/www.qustodio.com\/de\/help-close-account\/"]}]},{"@type":"WebSite","@id":"https:\/\/www.qustodio.com\/de\/#website","url":"https:\/\/www.qustodio.com\/de\/","name":"Qustodio","description":"Free parental control app","potentialAction":[{"@type":"SearchAction","target":{"@type":"EntryPoint","urlTemplate":"https:\/\/www.qustodio.com\/de\/?s={search_term_string}"},"query-input":{"@type":"PropertyValueSpecification","valueRequired":true,"valueName":"search_term_string"}}],"inLanguage":"de-DE"}]}},"_links":{"self":[{"href":"https:\/\/www.qustodio.com\/de\/wp-json\/wp\/v2\/pages\/31905","targetHints":{"allow":["GET"]}}],"collection":[{"href":"https:\/\/www.qustodio.com\/de\/wp-json\/wp\/v2\/pages"}],"about":[{"href":"https:\/\/www.qustodio.com\/de\/wp-json\/wp\/v2\/types\/page"}],"author":[{"embeddable":true,"href":"https:\/\/www.qustodio.com\/de\/wp-json\/wp\/v2\/users\/25"}],"replies":[{"embeddable":true,"href":"https:\/\/www.qustodio.com\/de\/wp-json\/wp\/v2\/comments?post=31905"}],"version-history":[{"count":6,"href":"https:\/\/www.qustodio.com\/de\/wp-json\/wp\/v2\/pages\/31905\/revisions"}],"predecessor-version":[{"id":52185,"href":"https:\/\/www.qustodio.com\/de\/wp-json\/wp\/v2\/pages\/31905\/revisions\/52185"}],"wp:attachment":[{"href":"https:\/\/www.qustodio.com\/de\/wp-json\/wp\/v2\/media?parent=31905"}],"curies":[{"name":"wp","href":"https:\/\/api.w.org\/{rel}","templated":true}]}}