{"id":569,"date":"2021-07-28T11:43:49","date_gmt":"2021-07-28T11:43:49","guid":{"rendered":"https:\/\/www.qustodio.com\/contact-us\/"},"modified":"2024-02-09T11:56:16","modified_gmt":"2024-02-09T11:56:16","slug":"kontaktieren-sie-uns","status":"publish","type":"page","link":"https:\/\/www.qustodio.com\/de\/kontaktieren-sie-uns\/","title":{"rendered":"Kontaktieren Sie uns | Qustodio"},"content":{"rendered":"<p>[et_pb_section fb_built=&#8220;1&#8243; _builder_version=&#8220;4.16&#8243; _module_preset=&#8220;default&#8220; da_disable_devices=&#8220;off|off|off&#8220; global_colors_info=&#8220;{}&#8220; da_is_popup=&#8220;off&#8220; da_exit_intent=&#8220;off&#8220; da_has_close=&#8220;on&#8220; da_alt_close=&#8220;off&#8220; da_dark_close=&#8220;off&#8220; da_not_modal=&#8220;on&#8220; da_is_singular=&#8220;off&#8220; da_with_loader=&#8220;off&#8220; da_has_shadow=&#8220;on&#8220;][et_pb_row _builder_version=&#8220;4.16&#8243; _module_preset=&#8220;default&#8220; global_colors_info=&#8220;{}&#8220;][et_pb_column type=&#8220;4_4&#8243; _builder_version=&#8220;4.16&#8243; _module_preset=&#8220;default&#8220; global_colors_info=&#8220;{}&#8220;][et_pb_text _builder_version=&#8220;4.16&#8243; _module_preset=&#8220;default&#8220; global_colors_info=&#8220;{}&#8220;]<\/p>\n<h1 style=\"text-align: center;\">Kontaktieren Sie uns<\/h1>\n<p>[\/et_pb_text][\/et_pb_column][\/et_pb_row][et_pb_row column_structure=&#8220;1_2,1_4,1_4&#8243; _builder_version=&#8220;4.16&#8243; _module_preset=&#8220;default&#8220; global_colors_info=&#8220;{}&#8220;][et_pb_column type=&#8220;1_2&#8243; _builder_version=&#8220;4.16&#8243; _module_preset=&#8220;default&#8220; global_colors_info=&#8220;{}&#8220;][et_pb_text _builder_version=&#8220;4.16&#8243; _module_preset=&#8220;default&#8220; global_colors_info=&#8220;{}&#8220;]<\/p>\n<h3>Kundenbetreuung<\/h3>\n<p>Bei Problemen besuchen Sie bitte unsere <a href=\"https:\/\/help.qustodio.com\/hc\/de\">Hilfe-Seite<\/a>. Dort finden Sie Antworten auf viele h\u00e4ufig gestellte Fragen.<\/p>\n<p>[\/et_pb_text][\/et_pb_column][et_pb_column type=&#8220;1_4&#8243; _builder_version=&#8220;4.16&#8243; _module_preset=&#8220;default&#8220; global_colors_info=&#8220;{}&#8220;][et_pb_text _builder_version=&#8220;4.17.4&#8243; _module_preset=&#8220;default&#8220; global_colors_info=&#8220;{}&#8220;]<\/p>\n<p><strong>U.S. B\u00fcro<\/strong><br \/><span>227 W Trade St #1100<\/span><br \/><span>Carillon Tower<\/span><br \/><span>Charlotte, NC 28202 USA<\/span><\/p>\n<p>[\/et_pb_text][\/et_pb_column][et_pb_column type=&#8220;1_4&#8243; _builder_version=&#8220;4.16&#8243; _module_preset=&#8220;default&#8220; global_colors_info=&#8220;{}&#8220;][et_pb_text _builder_version=&#8220;4.16&#8243; _module_preset=&#8220;default&#8220; global_colors_info=&#8220;{}&#8220;]<strong>Europ\u00e4isches B\u00fcro<\/strong><br \/>\nRoger de Flor 193, 08013 Barcelona, Spain<br \/>\n[\/et_pb_text][\/et_pb_column][\/et_pb_row][et_pb_row column_structure=&#8220;1_2,1_2&#8243; _builder_version=&#8220;4.16&#8243; _module_preset=&#8220;default&#8220; global_colors_info=&#8220;{}&#8220;][et_pb_column type=&#8220;1_2&#8243; _builder_version=&#8220;4.16&#8243; _module_preset=&#8220;default&#8220; global_colors_info=&#8220;{}&#8220;][et_pb_text _builder_version=&#8220;4.16&#8243; _module_preset=&#8220;default&#8220; global_colors_info=&#8220;{}&#8220;]<\/p>\n<h3>Partnerschaftsm\u00f6glichkeiten<\/h3>\n<p>Wenn Sie ein Unternehmen, Kleinunternehmer oder Bildungsexperte sind, w\u00fcrden wir uns freuen, von Ihnen zu h\u00f6ren! <a href=\"https:\/\/www.qustodio.com\/de\/affiliate-program\/\">Sie k\u00f6nnen sich gerne bei uns melden<\/a>.<\/p>\n<h3>Karriere<\/h3>\n<p>Sind Sie daran interessiert, unserem Team beizutreten? Qustodio ist ein wachsendes Unternehmen und hat Platz f\u00fcr helle K\u00f6pfe. Besuchen Sie unsere\u00a0<a href=\"https:\/\/www.qustodio.com\/en\/careers\/\">Karriereseite<\/a>.<\/p>\n<p>&nbsp;<\/p>\n<p>F\u00fcr alle anderen Anfragen kontaktieren Sie uns bitte unter\u00a0<a href=\"mailto:info@qustodio.com\">info@qustodio.com<\/a>.<\/p>\n<p>[\/et_pb_text][\/et_pb_column][et_pb_column type=&#8220;1_2&#8243; _builder_version=&#8220;4.16&#8243; _module_preset=&#8220;default&#8220; global_colors_info=&#8220;{}&#8220;][et_pb_map address=&#8220;Carrer de Roger de Flor, 193, 08013 Barcelona, Spain&#8220; address_lat=&#8220;41.4005556&#8243; address_lng=&#8220;2.1701721&#8243; _builder_version=&#8220;4.16&#8243; _module_preset=&#8220;default&#8220; global_colors_info=&#8220;{}&#8220;][et_pb_map_pin title=&#8220;Qustodio&#8220; pin_address=&#8220;Carrer de Roger de Flor, 193, 08013 Barcelona, Espa\u00f1a&#8220; pin_address_lat=&#8220;41.4005556&#8243; pin_address_lng=&#8220;2.1701721&#8243; _builder_version=&#8220;4.9.2&#8243; _module_preset=&#8220;default&#8220; qustodio_hide_and_show=&#8220;show&#8220; global_colors_info=&#8220;{}&#8220;][\/et_pb_map_pin][\/et_pb_map][\/et_pb_column][\/et_pb_row][\/et_pb_section]<\/p>\n","protected":false},"excerpt":{"rendered":"<p>Kontaktieren Sie uns Kundenbetreuung Bei Problemen besuchen Sie bitte unsere Hilfe-Seite. Dort finden Sie Antworten auf viele h\u00e4ufig gestellte Fragen.U.S. B\u00fcro227 W Trade St #1100Carillon TowerCharlotte, NC 28202 USAEurop\u00e4isches B\u00fcro Roger de Flor 193, 08013 Barcelona, Spain Partnerschaftsm\u00f6glichkeiten Wenn Sie ein Unternehmen, Kleinunternehmer oder Bildungsexperte sind, w\u00fcrden wir uns freuen, von Ihnen zu h\u00f6ren! Sie [&hellip;]<\/p>\n","protected":false},"author":5,"featured_media":0,"parent":0,"menu_order":0,"comment_status":"closed","ping_status":"closed","template":"","meta":{"_acf_changed":false,"_et_pb_use_builder":"on","_et_pb_old_content":"","_et_gb_content_width":"","footnotes":""},"class_list":["post-569","page","type-page","status-publish","hentry"],"acf":[],"yoast_head":"<!-- This site is optimized with the Yoast SEO Premium plugin v25.8 (Yoast SEO v25.8) - https:\/\/yoast.com\/wordpress\/plugins\/seo\/ -->\n<title>Kontaktieren Sie uns | Qustodio | Qustodio<\/title>\n<meta name=\"description\" content=\"Bei Problemen besuchen Sie bitte unsere Hilfe-Seite. Dort finden Sie Antworten auf viele h\u00e4ufig gestellte Fragen.\" \/>\n<meta name=\"robots\" content=\"index, follow, max-snippet:-1, max-image-preview:large, max-video-preview:-1\" \/>\n<link rel=\"canonical\" href=\"https:\/\/www.qustodio.com\/de\/kontaktieren-sie-uns\/\" \/>\n<meta property=\"og:locale\" content=\"de_DE\" \/>\n<meta property=\"og:type\" content=\"article\" \/>\n<meta property=\"og:title\" content=\"Kontaktieren Sie uns | Qustodio\" \/>\n<meta property=\"og:description\" content=\"Bei Problemen besuchen Sie bitte unsere Hilfe-Seite. Dort finden Sie Antworten auf viele h\u00e4ufig gestellte Fragen.\" \/>\n<meta property=\"og:url\" content=\"https:\/\/www.qustodio.com\/de\/kontaktieren-sie-uns\/\" \/>\n<meta property=\"og:site_name\" content=\"Qustodio\" \/>\n<meta property=\"article:modified_time\" content=\"2024-02-09T11:56:16+00:00\" \/>\n<meta name=\"twitter:card\" content=\"summary_large_image\" \/>\n<meta name=\"twitter:label1\" content=\"Est. reading time\" \/>\n\t<meta name=\"twitter:data1\" content=\"1 Minute\" \/>\n<script type=\"application\/ld+json\" class=\"yoast-schema-graph\">{\"@context\":\"https:\/\/schema.org\",\"@graph\":[{\"@type\":\"WebPage\",\"@id\":\"https:\/\/www.qustodio.com\/de\/kontaktieren-sie-uns\/\",\"url\":\"https:\/\/www.qustodio.com\/de\/kontaktieren-sie-uns\/\",\"name\":\"Kontaktieren Sie uns | Qustodio | Qustodio\",\"isPartOf\":{\"@id\":\"https:\/\/www.qustodio.com\/de\/#website\"},\"datePublished\":\"2021-07-28T11:43:49+00:00\",\"dateModified\":\"2024-02-09T11:56:16+00:00\",\"description\":\"Bei Problemen besuchen Sie bitte unsere Hilfe-Seite. Dort finden Sie Antworten auf viele h\u00e4ufig gestellte Fragen.\",\"inLanguage\":\"de-DE\",\"potentialAction\":[{\"@type\":\"ReadAction\",\"target\":[\"https:\/\/www.qustodio.com\/de\/kontaktieren-sie-uns\/\"]}]},{\"@type\":\"WebSite\",\"@id\":\"https:\/\/www.qustodio.com\/de\/#website\",\"url\":\"https:\/\/www.qustodio.com\/de\/\",\"name\":\"Qustodio\",\"description\":\"Free parental control app\",\"potentialAction\":[{\"@type\":\"SearchAction\",\"target\":{\"@type\":\"EntryPoint\",\"urlTemplate\":\"https:\/\/www.qustodio.com\/de\/?s={search_term_string}\"},\"query-input\":{\"@type\":\"PropertyValueSpecification\",\"valueRequired\":true,\"valueName\":\"search_term_string\"}}],\"inLanguage\":\"de-DE\"}]}<\/script>\n<!-- \/ Yoast SEO Premium plugin. -->","yoast_head_json":{"title":"Kontaktieren Sie uns | Qustodio | Qustodio","description":"Bei Problemen besuchen Sie bitte unsere Hilfe-Seite. Dort finden Sie Antworten auf viele h\u00e4ufig gestellte Fragen.","robots":{"index":"index","follow":"follow","max-snippet":"max-snippet:-1","max-image-preview":"max-image-preview:large","max-video-preview":"max-video-preview:-1"},"canonical":"https:\/\/www.qustodio.com\/de\/kontaktieren-sie-uns\/","og_locale":"de_DE","og_type":"article","og_title":"Kontaktieren Sie uns | Qustodio","og_description":"Bei Problemen besuchen Sie bitte unsere Hilfe-Seite. Dort finden Sie Antworten auf viele h\u00e4ufig gestellte Fragen.","og_url":"https:\/\/www.qustodio.com\/de\/kontaktieren-sie-uns\/","og_site_name":"Qustodio","article_modified_time":"2024-02-09T11:56:16+00:00","twitter_card":"summary_large_image","twitter_misc":{"Est. reading time":"1 Minute"},"schema":{"@context":"https:\/\/schema.org","@graph":[{"@type":"WebPage","@id":"https:\/\/www.qustodio.com\/de\/kontaktieren-sie-uns\/","url":"https:\/\/www.qustodio.com\/de\/kontaktieren-sie-uns\/","name":"Kontaktieren Sie uns | Qustodio | Qustodio","isPartOf":{"@id":"https:\/\/www.qustodio.com\/de\/#website"},"datePublished":"2021-07-28T11:43:49+00:00","dateModified":"2024-02-09T11:56:16+00:00","description":"Bei Problemen besuchen Sie bitte unsere Hilfe-Seite. Dort finden Sie Antworten auf viele h\u00e4ufig gestellte Fragen.","inLanguage":"de-DE","potentialAction":[{"@type":"ReadAction","target":["https:\/\/www.qustodio.com\/de\/kontaktieren-sie-uns\/"]}]},{"@type":"WebSite","@id":"https:\/\/www.qustodio.com\/de\/#website","url":"https:\/\/www.qustodio.com\/de\/","name":"Qustodio","description":"Free parental control app","potentialAction":[{"@type":"SearchAction","target":{"@type":"EntryPoint","urlTemplate":"https:\/\/www.qustodio.com\/de\/?s={search_term_string}"},"query-input":{"@type":"PropertyValueSpecification","valueRequired":true,"valueName":"search_term_string"}}],"inLanguage":"de-DE"}]}},"_links":{"self":[{"href":"https:\/\/www.qustodio.com\/de\/wp-json\/wp\/v2\/pages\/569","targetHints":{"allow":["GET"]}}],"collection":[{"href":"https:\/\/www.qustodio.com\/de\/wp-json\/wp\/v2\/pages"}],"about":[{"href":"https:\/\/www.qustodio.com\/de\/wp-json\/wp\/v2\/types\/page"}],"author":[{"embeddable":true,"href":"https:\/\/www.qustodio.com\/de\/wp-json\/wp\/v2\/users\/5"}],"replies":[{"embeddable":true,"href":"https:\/\/www.qustodio.com\/de\/wp-json\/wp\/v2\/comments?post=569"}],"version-history":[{"count":12,"href":"https:\/\/www.qustodio.com\/de\/wp-json\/wp\/v2\/pages\/569\/revisions"}],"predecessor-version":[{"id":58907,"href":"https:\/\/www.qustodio.com\/de\/wp-json\/wp\/v2\/pages\/569\/revisions\/58907"}],"wp:attachment":[{"href":"https:\/\/www.qustodio.com\/de\/wp-json\/wp\/v2\/media?parent=569"}],"curies":[{"name":"wp","href":"https:\/\/api.w.org\/{rel}","templated":true}]}}