{"id":90089,"date":"2025-07-17T09:48:46","date_gmt":"2025-07-17T09:48:46","guid":{"rendered":"https:\/\/www.qustodio.com\/accessibility\/"},"modified":"2026-04-01T09:25:31","modified_gmt":"2026-04-01T09:25:31","slug":"accessibility","status":"publish","type":"page","link":"https:\/\/www.qustodio.com\/de\/accessibility\/","title":{"rendered":"Website accessibility statement"},"content":{"rendered":"<p>[et_pb_section fb_built=&#8220;1&#8243; _builder_version=&#8220;4.16&#8243; custom_padding=&#8220;48px||48px||false|false&#8220; da_disable_devices=&#8220;off|off|off&#8220; global_colors_info=&#8220;{}&#8220; da_is_popup=&#8220;off&#8220; da_exit_intent=&#8220;off&#8220; da_has_close=&#8220;on&#8220; da_alt_close=&#8220;off&#8220; da_dark_close=&#8220;off&#8220; da_not_modal=&#8220;on&#8220; da_is_singular=&#8220;off&#8220; da_with_loader=&#8220;off&#8220; da_has_shadow=&#8220;on&#8220;][et_pb_row _builder_version=&#8220;4.16&#8243; background_size=&#8220;initial&#8220; background_position=&#8220;top_left&#8220; background_repeat=&#8220;repeat&#8220; global_colors_info=&#8220;{}&#8220;][et_pb_column type=&#8220;4_4&#8243; _builder_version=&#8220;4.16&#8243; custom_padding=&#8220;|||&#8220; global_colors_info=&#8220;{}&#8220; custom_padding__hover=&#8220;|||&#8220;][et_pb_text _builder_version=&#8220;4.24.0&#8243; _module_preset=&#8220;default&#8220; global_colors_info=&#8220;{}&#8220;]<\/p>\n<h1>Erkl\u00e4rung zur Barrierefreiheit<\/h1>\n<p>[\/et_pb_text][et_pb_text _builder_version=&#8220;4.27.4&#8243; _module_preset=&#8220;default&#8220; hover_enabled=&#8220;0&#8243; global_colors_info=&#8220;{}&#8220; sticky_enabled=&#8220;0&#8243;]Diese Erkl\u00e4rung wird in \u00dcbereinstimmung mit den geltenden Rechtsvorschriften zur Barrierefreiheit, einschlie\u00dflich der europ\u00e4ischen Richtlinie (EU) 2019\/882 zur Barrierefreiheit, in ihrer Umsetzung in den jeweiligen nationalen Gesetzen abgegeben.<\/p>\n<p>Qustodio.com bietet Informationen und Zugang zu unserer L\u00f6sung f\u00fcr digitales Wohlbefinden und elterliche Kontrolle f\u00fcr Familien.<\/p>\n<p>Die Website ist so strukturiert, dass eine intuitive Navigation m\u00f6glich ist, mit einem durchg\u00e4ngigen Top-Men\u00fc, das zu den wichtigsten Bereichen wie Produktfunktionen, Preise und Lizenzen, und Ressourcen f\u00fchrt.<\/p>\n<p>Wenn Sie erfahren m\u00f6chten, wie unser Produkt funktioniert, welche Funktionen es bietet, wie Sie loslegen k\u00f6nnen oder wie Sie Qustodio auf das Ger\u00e4t Ihres Kindes herunterladen k\u00f6nnen, navigieren Sie bitte zum Produktbereich in unserem oberen Men\u00fc.<\/p>\n<p>Wenn Sie mehr \u00fcber unsere Lizenzen und die darin enthaltenen Leistungen erfahren m\u00f6chten, besuchen Sie die Seite <a href=\"https:\/\/www.qustodio.com\/de\/premium\/\">Preise<\/a>.<\/p>\n<p>Um unsere Blog-Artikel zu lesen &#8211; einschlie\u00dflich <a href=\"https:\/\/www.qustodio.com\/de\/blog\/category\/product-tips-fr\/\">Produkttipps,<\/a> <a href=\"https:\/\/www.qustodio.com\/fr\/blog\/category\/parenting-tips-fr\/\">Erziehungstipps<\/a> oder <a href=\"https:\/\/www.qustodio.com\/de\/blog\/category\/app-safety-and-reviews-fr\/\">Sicherheitsleitf\u00e4den<\/a> &#8211; oder Kundengeschichten zu entdecken, navigieren Sie zum Abschnitt Lernen.<\/p>\n<p>Auf der Website finden Sie auch ein umfangreiches <a href=\"https:\/\/help.qustodio.com\/hc\/en-us\/?_gl=1*m0hv8t*_gcl_au*MTEwMjMxNTU3OC4xNzQ4MjUyNDYz\">Hilfe-Center<\/a>, das die Benutzereinf\u00fchrung unterst\u00fctzen soll und in dem Sie mehr \u00fcber die Funktionen unseres Produkts und seine Verwendung erfahren k\u00f6nnen.<\/p>\n<p>Benutzer k\u00f6nnen ihre Qustodio-Konten \u00fcber einen sicheren Login erstellen oder darauf zugreifen.<\/p>\n<p>Die Website ist mobilfreundlich, mit einem responsiven Design, das sich an Smartphones und Tablets anpasst, und sie folgt den Best Practices f\u00fcr Barrierefreiheit, um Inhalte f\u00fcr alle Nutzer zug\u00e4nglich zu machen.[\/et_pb_text][et_pb_text _builder_version=&#8220;4.24.0&#8243; _module_preset=&#8220;default&#8220; header_line_height=&#8220;1.6em&#8220; global_colors_info=&#8220;{}&#8220;]Wir bei Qustodio sind davon \u00fcberzeugt, dass digitale Zug\u00e4nglichkeit eine wesentliche Voraussetzung f\u00fcr ein integratives Erlebnis f\u00fcr alle ist. Wir verpflichten uns, unsere Website f\u00fcr Menschen mit allen F\u00e4higkeiten zug\u00e4nglich zu machen und uns dabei an international anerkannten Standards zu orientieren.[\/et_pb_text][et_pb_text _builder_version=&#8220;4.27.4&#8243; _module_preset=&#8220;default&#8220; hover_enabled=&#8220;0&#8243; global_colors_info=&#8220;{}&#8220; sticky_enabled=&#8220;0&#8243;]<\/p>\n<h2>Konformit\u00e4tsstatus<\/h2>\n<p>Wir haben eine VPAT\u00ae International Edition-Bewertung unserer Plattform abgeschlossen, die die Standards WCAG 2.1 Level AA, Section 508 und EN 301 549 ber\u00fccksichtigt und die Einhaltung geltender Barrierefreiheitsgesetze, einschlie\u00dflich der europ\u00e4ischen Richtlinie (EU) 2019\/882, unterst\u00fctzt.<\/p>\n<p>Basierend auf dieser Bewertung wird unsere Plattform derzeit als teilweise konform eingestuft. Obwohl die meisten Barrierefreiheitsanforderungen erf\u00fcllt sind, besteht in einigen Bereichen noch Verbesserungsbedarf. Wir setzen aktiv Ma\u00dfnahmen zur Behebung der festgestellten L\u00fccken um und passen unsere Plattform weiter an die geltenden Barrierefreiheitsanforderungen an. Barrierefreiheit ist in unseren Entwicklungszyklus integriert, und wir verpflichten uns zu kontinuierlicher \u00dcberwachung und Verbesserung, um die Barrierefreiheit, die Interoperabilit\u00e4t mit assistiven Technologien und die allgemeine Benutzerfreundlichkeit f\u00fcr alle Nutzer zu optimieren.<br \/>\nEin Exemplar unseres VPAT\u00ae International Edition-Berichts ist auf Anfrage erh\u00e4ltlich (siehe Abschnitt \u201eFeedback\u201c).[\/et_pb_text][et_pb_text _builder_version=&#8220;4.24.0&#8243; _module_preset=&#8220;default&#8220; global_colors_info=&#8220;{}&#8220;]<\/p>\n<h2>Unser Ansatz<\/h2>\n<p>Unsere Zug\u00e4nglichkeitsbewertung kombiniert:<\/p>\n<ul>\n<li>Automatisierte Werkzeuge: Axe, WAVE, Lighthouse, HTML-Validator<\/li>\n<li>Manuelle Pr\u00fcfung: Tastaturnavigation, Nutzung von Bildschirmleseger\u00e4ten<\/li>\n<li>Strukturelle \u00dcberpr\u00fcfung: Verwendung von semantischem HTML, ARIA-Rollen und korrekte Beschriftung<\/li>\n<\/ul>\n<p>[\/et_pb_text][et_pb_text _builder_version=&#8220;4.24.0&#8243; _module_preset=&#8220;default&#8220; global_colors_info=&#8220;{}&#8220;]<\/p>\n<h2>Aktueller Status der Zug\u00e4nglichkeit<\/h2>\n<p>Wir haben auf der gesamten Plattform eine Reihe von Verbesserungen f\u00fcr die Barrierefreiheit eingef\u00fchrt. Die Tastaturnavigation wird vollst\u00e4ndig unterst\u00fctzt, mit sichtbaren Fokusindikatoren, die den Benutzern helfen, ihre Position auf dem Bildschirm zu verfolgen. Aussagekr\u00e4ftige Bilder und Symbole enthalten alternativen Text, und Links und Schaltfl\u00e4chen sind klar beschriftet, um ihren Zweck zu beschreiben. Wir stellen auch sicher, dass Farbe nicht die einzige Methode ist, um Informationen zu vermitteln, und haben blinkende Inhalte vermieden, die Anf\u00e4lle ausl\u00f6sen k\u00f6nnten. Sprachattribute und Dokumententitel sind richtig gesetzt, und die Schnittstelle ist mit den wichtigsten Bildschirmleseger\u00e4ten f\u00fcr g\u00e4ngige Arbeitsabl\u00e4ufe kompatibel.[\/et_pb_text][et_pb_text _builder_version=&#8220;4.24.0&#8243; _module_preset=&#8220;default&#8220; global_colors_info=&#8220;{}&#8220;]<\/p>\n<h2>Schwerpunktbereiche<\/h2>\n<p>Wir arbeiten weiter an der Verbesserung verschiedener Aspekte der Benutzerfreundlichkeit. Insbesondere verbessern wir das Kontrastverh\u00e4ltnis in Teilen der Benutzeroberfl\u00e4che, um die Lesbarkeit zu gew\u00e4hrleisten, verbessern die Darstellung und Behebung von Formularvalidierungsfehlern und stellen sicher, dass dynamische Inhaltsaktualisierungen f\u00fcr unterst\u00fctzende Technologien angek\u00fcndigt werden. Dar\u00fcber hinaus \u00fcberpr\u00fcfen wir die Struktur der \u00dcberschriften und verst\u00e4rken die programmatischen Beziehungen zwischen Formulareingaben und ihren Beschriftungen, um Klarheit und Navigierbarkeit zu gew\u00e4hrleisten.[\/et_pb_text][et_pb_text _builder_version=&#8220;4.24.0&#8243; _module_preset=&#8220;default&#8220; global_colors_info=&#8220;{}&#8220;]<\/p>\n<h2>Verpflichtung zur Verbesserung<\/h2>\n<p>Barrierefreiheit ist ein kontinuierlicher Prozess. Wir \u00fcberpr\u00fcfen, testen und verbessern unsere digitalen Erlebnisse regelm\u00e4\u00dfig im Rahmen unseres Entwicklungszyklus. Neue Funktionen werden vor der Ver\u00f6ffentlichung auf Barrierefreiheit gepr\u00fcft, und wir priorisieren Korrekturen aktiv auf der Grundlage ihrer Auswirkungen.[\/et_pb_text][et_pb_text _builder_version=&#8220;4.27.4&#8243; _module_preset=&#8220;default&#8220; hover_enabled=&#8220;0&#8243; global_colors_info=&#8220;{}&#8220; sticky_enabled=&#8220;0&#8243;]<\/p>\n<h2>Feedback<\/h2>\n<p>Sollten Sie Schwierigkeiten beim Zugriff auf unsere Inhalte haben oder Verbesserungsvorschl\u00e4ge machen wollen oder greifen Sie auf unser VPAT zu, freuen wir uns \u00fcber Ihre Anregungen:<\/p>\n<p>Email: accessibility@qustodio.com<\/p>\n<p>Reaktionszeit: innerhalb von 15 Werktagen<\/p>\n<p><em>Zuletzt aktualisiert: 23. Marsch, 2026<\/em>[\/et_pb_text][\/et_pb_column][\/et_pb_row][\/et_pb_section]<\/p>\n","protected":false},"excerpt":{"rendered":"<p>Erkl\u00e4rung zur BarrierefreiheitDiese Erkl\u00e4rung wird in \u00dcbereinstimmung mit den geltenden Rechtsvorschriften zur Barrierefreiheit, einschlie\u00dflich der europ\u00e4ischen Richtlinie (EU) 2019\/882 zur Barrierefreiheit, in ihrer Umsetzung in den jeweiligen nationalen Gesetzen abgegeben. Qustodio.com bietet Informationen und Zugang zu unserer L\u00f6sung f\u00fcr digitales Wohlbefinden und elterliche Kontrolle f\u00fcr Familien. Die Website ist so strukturiert, dass eine intuitive Navigation [&hellip;]<\/p>\n","protected":false},"author":35,"featured_media":0,"parent":0,"menu_order":0,"comment_status":"closed","ping_status":"closed","template":"","meta":{"_acf_changed":false,"_et_pb_use_builder":"on","_et_pb_old_content":"","_et_gb_content_width":"","footnotes":""},"class_list":["post-90089","page","type-page","status-publish","hentry"],"acf":[],"yoast_head":"<!-- This site is optimized with the Yoast SEO Premium plugin v25.8 (Yoast SEO v25.8) - https:\/\/yoast.com\/wordpress\/plugins\/seo\/ -->\n<title>Website accessibility statement | Qustodio<\/title>\n<meta name=\"robots\" content=\"index, follow, max-snippet:-1, max-image-preview:large, max-video-preview:-1\" \/>\n<link rel=\"canonical\" href=\"https:\/\/www.qustodio.com\/de\/accessibility\/\" \/>\n<meta property=\"og:locale\" content=\"de_DE\" \/>\n<meta property=\"og:type\" content=\"article\" \/>\n<meta property=\"og:title\" content=\"Website accessibility statement\" \/>\n<meta property=\"og:url\" content=\"https:\/\/www.qustodio.com\/de\/accessibility\/\" \/>\n<meta property=\"og:site_name\" content=\"Qustodio\" \/>\n<meta property=\"article:modified_time\" content=\"2026-04-01T09:25:31+00:00\" \/>\n<meta name=\"twitter:card\" content=\"summary_large_image\" \/>\n<meta name=\"twitter:label1\" content=\"Est. reading time\" \/>\n\t<meta name=\"twitter:data1\" content=\"3 Minuten\" \/>\n<script type=\"application\/ld+json\" class=\"yoast-schema-graph\">{\"@context\":\"https:\/\/schema.org\",\"@graph\":[{\"@type\":\"WebPage\",\"@id\":\"https:\/\/www.qustodio.com\/de\/accessibility\/\",\"url\":\"https:\/\/www.qustodio.com\/de\/accessibility\/\",\"name\":\"Website accessibility statement | Qustodio\",\"isPartOf\":{\"@id\":\"https:\/\/www.qustodio.com\/de\/#website\"},\"datePublished\":\"2025-07-17T09:48:46+00:00\",\"dateModified\":\"2026-04-01T09:25:31+00:00\",\"inLanguage\":\"de-DE\",\"potentialAction\":[{\"@type\":\"ReadAction\",\"target\":[\"https:\/\/www.qustodio.com\/de\/accessibility\/\"]}]},{\"@type\":\"WebSite\",\"@id\":\"https:\/\/www.qustodio.com\/de\/#website\",\"url\":\"https:\/\/www.qustodio.com\/de\/\",\"name\":\"Qustodio\",\"description\":\"Free parental control app\",\"potentialAction\":[{\"@type\":\"SearchAction\",\"target\":{\"@type\":\"EntryPoint\",\"urlTemplate\":\"https:\/\/www.qustodio.com\/de\/?s={search_term_string}\"},\"query-input\":{\"@type\":\"PropertyValueSpecification\",\"valueRequired\":true,\"valueName\":\"search_term_string\"}}],\"inLanguage\":\"de-DE\"}]}<\/script>\n<!-- \/ Yoast SEO Premium plugin. -->","yoast_head_json":{"title":"Website accessibility statement | Qustodio","robots":{"index":"index","follow":"follow","max-snippet":"max-snippet:-1","max-image-preview":"max-image-preview:large","max-video-preview":"max-video-preview:-1"},"canonical":"https:\/\/www.qustodio.com\/de\/accessibility\/","og_locale":"de_DE","og_type":"article","og_title":"Website accessibility statement","og_url":"https:\/\/www.qustodio.com\/de\/accessibility\/","og_site_name":"Qustodio","article_modified_time":"2026-04-01T09:25:31+00:00","twitter_card":"summary_large_image","twitter_misc":{"Est. reading time":"3 Minuten"},"schema":{"@context":"https:\/\/schema.org","@graph":[{"@type":"WebPage","@id":"https:\/\/www.qustodio.com\/de\/accessibility\/","url":"https:\/\/www.qustodio.com\/de\/accessibility\/","name":"Website accessibility statement | Qustodio","isPartOf":{"@id":"https:\/\/www.qustodio.com\/de\/#website"},"datePublished":"2025-07-17T09:48:46+00:00","dateModified":"2026-04-01T09:25:31+00:00","inLanguage":"de-DE","potentialAction":[{"@type":"ReadAction","target":["https:\/\/www.qustodio.com\/de\/accessibility\/"]}]},{"@type":"WebSite","@id":"https:\/\/www.qustodio.com\/de\/#website","url":"https:\/\/www.qustodio.com\/de\/","name":"Qustodio","description":"Free parental control app","potentialAction":[{"@type":"SearchAction","target":{"@type":"EntryPoint","urlTemplate":"https:\/\/www.qustodio.com\/de\/?s={search_term_string}"},"query-input":{"@type":"PropertyValueSpecification","valueRequired":true,"valueName":"search_term_string"}}],"inLanguage":"de-DE"}]}},"_links":{"self":[{"href":"https:\/\/www.qustodio.com\/de\/wp-json\/wp\/v2\/pages\/90089","targetHints":{"allow":["GET"]}}],"collection":[{"href":"https:\/\/www.qustodio.com\/de\/wp-json\/wp\/v2\/pages"}],"about":[{"href":"https:\/\/www.qustodio.com\/de\/wp-json\/wp\/v2\/types\/page"}],"author":[{"embeddable":true,"href":"https:\/\/www.qustodio.com\/de\/wp-json\/wp\/v2\/users\/35"}],"replies":[{"embeddable":true,"href":"https:\/\/www.qustodio.com\/de\/wp-json\/wp\/v2\/comments?post=90089"}],"version-history":[{"count":4,"href":"https:\/\/www.qustodio.com\/de\/wp-json\/wp\/v2\/pages\/90089\/revisions"}],"predecessor-version":[{"id":103037,"href":"https:\/\/www.qustodio.com\/de\/wp-json\/wp\/v2\/pages\/90089\/revisions\/103037"}],"wp:attachment":[{"href":"https:\/\/www.qustodio.com\/de\/wp-json\/wp\/v2\/media?parent=90089"}],"curies":[{"name":"wp","href":"https:\/\/api.w.org\/{rel}","templated":true}]}}