{"id":11018,"date":"2021-08-18T09:06:04","date_gmt":"2021-08-18T09:06:04","guid":{"rendered":"https:\/\/www.qustodio.com\/downloads\/android-with-calls-and-sms-download\/"},"modified":"2024-12-17T11:17:45","modified_gmt":"2024-12-17T11:17:45","slug":"android-with-calls-and-sms-get-old","status":"publish","type":"page","link":"https:\/\/www.qustodio.com\/es\/downloads\/android-with-calls-and-sms-get-old\/","title":{"rendered":"Android with calls and SMS download"},"content":{"rendered":"<p>[et_pb_section fb_built=\u00bb1&#8243; admin_label=\u00bbHero\u00bb _builder_version=\u00bb4.16&#8243; _module_preset=\u00bbdefault\u00bb background_color=\u00bb#eff3f6&#8243; background_enable_color=\u00bbon\u00bb background_image=\u00bbhttps:\/\/static.qustodio.com\/public-site\/uploads\/2021\/08\/10081717\/fill-1-copy%402x.png\u00bb background_enable_image=\u00bbon\u00bb background_size=\u00bbcontain\u00bb background_position=\u00bbtop_right\u00bb custom_padding=\u00bb48px||0px||false|false\u00bb background_last_edited=\u00bbon|phone\u00bb background_image_phone=\u00bbhttps:\/\/static.qustodio.com\/public-site\/uploads\/2021\/08\/10082130\/bg-green-copy-2%402x.png\u00bb background_enable_image_phone=\u00bbon\u00bb da_disable_devices=\u00bboff|off|off\u00bb global_colors_info=\u00bb{}\u00bb da_is_popup=\u00bboff\u00bb da_exit_intent=\u00bboff\u00bb da_has_close=\u00bbon\u00bb da_alt_close=\u00bboff\u00bb da_dark_close=\u00bboff\u00bb da_not_modal=\u00bbon\u00bb da_is_singular=\u00bboff\u00bb da_with_loader=\u00bboff\u00bb da_has_shadow=\u00bbon\u00bb][et_pb_row _builder_version=\u00bb4.16&#8243; _module_preset=\u00bbdefault\u00bb custom_padding=\u00bb||0px||false|false\u00bb global_colors_info=\u00bb{}\u00bb][et_pb_column type=\u00bb4_4&#8243; _builder_version=\u00bb4.16&#8243; _module_preset=\u00bbdefault\u00bb global_colors_info=\u00bb{}\u00bb][et_pb_text _builder_version=\u00bb4.16&#8243; _module_preset=\u00bbdefault\u00bb global_colors_info=\u00bb{}\u00bb]<\/p>\n<h1 class=\"c-panel__title\" style=\"text-align: center;\">Consigue Qustodio para Android con Llamadas y SMS<\/h1>\n<h2 style=\"text-align: center;\"><span>Debido a la nueva pol\u00edtica de Google, ya no podemos solicitar los permisos que requiere la funci\u00f3n Seguimiento de llamadas y SMS cuando descargas la aplicaci\u00f3n desde Google Play<\/span><\/h2>\n<p>[\/et_pb_text][\/et_pb_column][\/et_pb_row][\/et_pb_section][et_pb_section fb_built=\u00bb1&#8243; _builder_version=\u00bb4.16&#8243; _module_preset=\u00bbdefault\u00bb background_color=\u00bb#eff3f6&#8243; background_enable_color=\u00bbon\u00bb custom_padding=\u00bb3px||3px||true|false\u00bb da_disable_devices=\u00bboff|off|off\u00bb global_colors_info=\u00bb{}\u00bb da_is_popup=\u00bboff\u00bb da_exit_intent=\u00bboff\u00bb da_has_close=\u00bbon\u00bb da_alt_close=\u00bboff\u00bb da_dark_close=\u00bboff\u00bb da_not_modal=\u00bbon\u00bb da_is_singular=\u00bboff\u00bb da_with_loader=\u00bboff\u00bb da_has_shadow=\u00bbon\u00bb][et_pb_row _builder_version=\u00bb4.16&#8243; _module_preset=\u00bbdefault\u00bb global_colors_info=\u00bb{}\u00bb][et_pb_column type=\u00bb4_4&#8243; admin_label=\u00bbColumn\u00bb _builder_version=\u00bb4.16&#8243; _module_preset=\u00bbdefault\u00bb global_colors_info=\u00bb{}\u00bb][et_pb_text _builder_version=\u00bb4.16&#8243; _module_preset=\u00bbdefault\u00bb global_colors_info=\u00bb{}\u00bb]<\/p>\n<p style=\"text-align: center;\"><span>Si aun as\u00ed deseas utilizar la funci\u00f3n Seguimiento de llamadas y SMS, puedes descargar Qustodio directamente desde nuestra p\u00e1gina web.<\/span><\/p>\n<p style=\"text-align: center;\"><span>Si utilizas un dispositivo Huawei y deseas utilizar la funci\u00f3n Seguimiento de llamadas y SMS, haz clic en\u00a0<\/span><a href=\"https:\/\/appgallery.huawei.com\/#\/app\/C101241815\">este enlace<\/a><span>.<\/span><span style=\"font-size: 16px;\">\u00a0<\/span><\/p>\n<h3 class=\"c-panel__title\" style=\"text-align: center;\">Descarga Qustodio para Android desde nuestra p\u00e1gina web<\/h3>\n<p style=\"text-align: center;\"><span>Se te pedir\u00e1 que vayas a \u00abAjustes\u00bb y toques la opci\u00f3n \u00abPermitir Qustodio\u00bb. Esto te permitir\u00e1 descargar la versi\u00f3n completa de la aplicaci\u00f3n con la funci\u00f3n Seguimiento de llamadas y SMS directamente desde nuestra p\u00e1gina web.<\/span><\/p>\n<p style=\"text-align: center;\"><img loading=\"lazy\" decoding=\"async\" src=\"https:\/\/static.qustodio.com\/public-site\/uploads\/2021\/11\/15164712\/popup-es-300x147.png\" width=\"300\" height=\"147\" alt=\"\" class=\"wp-image-17683 alignnone size-medium\" \/><\/p>\n<p style=\"text-align: center;\"><span>Qustodio es compatible con los dispositivos Android que ejecutan Android 6.0 y versiones posteriores.<\/span><\/p>\n<p>[\/et_pb_text][qusd_button button_text=\u00bbDescarga\u00bb _builder_version=\u00bb4.16&#8243; _module_preset=\u00bbdefault\u00bb link_option_url=\u00bbhttps:\/\/api.qustodio.com\/v1\/download?tenant=family&#038;version=0&#038;platform=2&#8243; custom_css_main_element=\u00bbdisplay: flex;||flex-direction: row;||justify-content: center;\u00bb global_colors_info=\u00bb{}\u00bb][\/qusd_button][\/et_pb_column][\/et_pb_row][et_pb_row _builder_version=\u00bb4.16&#8243; _module_preset=\u00bbdefault\u00bb custom_padding=\u00bb0px||||false|false\u00bb global_colors_info=\u00bb{}\u00bb][et_pb_column type=\u00bb4_4&#8243; _builder_version=\u00bb4.16&#8243; _module_preset=\u00bbdefault\u00bb custom_padding=\u00bb|0px||0px|false|false\u00bb custom_padding_tablet=\u00bb\u00bb custom_padding_phone=\u00bb||||false|false\u00bb custom_padding_last_edited=\u00bbon|phone\u00bb custom_css_main_element=\u00bbmargin-bottom: 8px !important;\u00bb global_colors_info=\u00bb{}\u00bb custom_css_before_last_edited=\u00bbon|phone\u00bb][et_pb_text _builder_version=\u00bb4.16&#8243; _module_preset=\u00bbdefault\u00bb global_colors_info=\u00bb{}\u00bb]<\/p>\n<p style=\"text-align: center;\"><a href=\"https:\/\/play.google.com\/store\/apps\/details?id=com.qustodio.qustodioapp\">No, gracias. Ll\u00e9vame a Google Play<\/a><\/p>\n<p>[\/et_pb_text][\/et_pb_column][\/et_pb_row][\/et_pb_section][et_pb_section fb_built=\u00bb1&#8243; custom_padding_last_edited=\u00bbon|phone\u00bb admin_label=\u00bbHelp\u00bb _builder_version=\u00bb4.16&#8243; _module_preset=\u00bbdefault\u00bb background_color=\u00bb#49C592&#8243; background_enable_color=\u00bbon\u00bb custom_padding=\u00bb72px||72px||true|false\u00bb custom_padding_tablet=\u00bb48px||48px||true|false\u00bb custom_padding_phone=\u00bb48px||48px||true|false\u00bb da_disable_devices=\u00bboff|off|off\u00bb global_colors_info=\u00bb{}\u00bb da_is_popup=\u00bboff\u00bb da_exit_intent=\u00bboff\u00bb da_has_close=\u00bbon\u00bb da_alt_close=\u00bboff\u00bb da_dark_close=\u00bboff\u00bb da_not_modal=\u00bbon\u00bb da_is_singular=\u00bboff\u00bb da_with_loader=\u00bboff\u00bb da_has_shadow=\u00bbon\u00bb][et_pb_row _builder_version=\u00bb4.16&#8243; _module_preset=\u00bbdefault\u00bb custom_margin=\u00bb0px||0px||false|false\u00bb custom_padding=\u00bb0px||0px||false|false\u00bb global_colors_info=\u00bb{}\u00bb][et_pb_column type=\u00bb4_4&#8243; _builder_version=\u00bb4.16&#8243; _module_preset=\u00bbdefault\u00bb global_colors_info=\u00bb{}\u00bb][et_pb_text _builder_version=\u00bb4.16&#8243; _module_preset=\u00bbdefault\u00bb text_text_color=\u00bb#FFFFFF\u00bb header_text_color=\u00bb#FFFFFF\u00bb header_3_text_color=\u00bb#FFFFFF\u00bb custom_margin=\u00bb||24px||false|false\u00bb custom_margin_tablet=\u00bb\u00bb custom_margin_phone=\u00bb||0px||false|false\u00bb custom_margin_last_edited=\u00bbon|tablet\u00bb global_colors_info=\u00bb{}\u00bb]<\/p>\n<h3 style=\"text-align: center;\"><strong>Estamos aqu\u00ed para ayudarte<\/strong><\/h3>\n<p>[\/et_pb_text][et_pb_text _builder_version=\u00bb4.16&#8243; _module_preset=\u00bbdefault\u00bb text_font=\u00bbPoppins|500|||on|||#FFFFFF|\u00bb text_text_color=\u00bb#FFFFFF\u00bb text_font_size=\u00bb20px\u00bb text_orientation=\u00bbcenter\u00bb custom_margin=\u00bb0px||||false|false\u00bb custom_padding=\u00bb||||false|false\u00bb link_option_url=\u00bbhttps:\/\/dev.qustodio.com\/es\/help\/contact\/\u00bb text_font_phone=\u00bbPoppins|500|||on||||\u00bb text_font_size_phone=\u00bb14px\u00bb global_colors_info=\u00bb{}\u00bb]<i class=\"far fa-info-circle\" style=\"margin-right: 8px;\"><\/i><a href=\"https:\/\/www.qustodio.com\/es\/help\/contact\/\">Si tienes preguntas, haz clic aqu\u00ed<\/a>[\/et_pb_text][\/et_pb_column][\/et_pb_row][\/et_pb_section]<\/p>\n","protected":false},"excerpt":{"rendered":"<p>Consigue Qustodio para Android con Llamadas y SMS Debido a la nueva pol\u00edtica de Google, ya no podemos solicitar los permisos que requiere la funci\u00f3n Seguimiento de llamadas y SMS cuando descargas la aplicaci\u00f3n desde Google PlaySi aun as\u00ed deseas utilizar la funci\u00f3n Seguimiento de llamadas y SMS, puedes descargar Qustodio directamente desde nuestra p\u00e1gina [&hellip;]<\/p>\n","protected":false},"author":4,"featured_media":0,"parent":66120,"menu_order":0,"comment_status":"closed","ping_status":"closed","template":"","meta":{"_acf_changed":false,"_et_pb_use_builder":"on","_et_pb_old_content":"","_et_gb_content_width":"","footnotes":""},"class_list":["post-11018","page","type-page","status-publish","hentry"],"acf":[],"yoast_head":"<!-- This site is optimized with the Yoast SEO Premium plugin v25.8 (Yoast SEO v25.8) - https:\/\/yoast.com\/wordpress\/plugins\/seo\/ -->\n<title>Android with calls and SMS download | Qustodio<\/title>\n<meta name=\"robots\" content=\"index, follow, max-snippet:-1, max-image-preview:large, max-video-preview:-1\" \/>\n<link rel=\"canonical\" href=\"https:\/\/www.qustodio.com\/es\/downloads\/android-with-calls-and-sms-get-old\/\" \/>\n<meta property=\"og:locale\" content=\"es_ES\" \/>\n<meta property=\"og:type\" content=\"article\" \/>\n<meta property=\"og:title\" content=\"Android with calls and SMS download\" \/>\n<meta property=\"og:url\" content=\"https:\/\/www.qustodio.com\/es\/downloads\/android-with-calls-and-sms-get-old\/\" \/>\n<meta property=\"og:site_name\" content=\"Qustodio\" \/>\n<meta property=\"article:modified_time\" content=\"2024-12-17T11:17:45+00:00\" \/>\n<meta property=\"og:image\" content=\"https:\/\/www.qustodio.com\/wp-content\/uploads\/2021\/11\/popup-es-300x147.png\" \/>\n<meta name=\"twitter:card\" content=\"summary_large_image\" \/>\n<meta name=\"twitter:label1\" content=\"Est. reading time\" \/>\n\t<meta name=\"twitter:data1\" content=\"1 minuto\" \/>\n<script type=\"application\/ld+json\" class=\"yoast-schema-graph\">{\"@context\":\"https:\/\/schema.org\",\"@graph\":[{\"@type\":\"WebPage\",\"@id\":\"https:\/\/www.qustodio.com\/es\/downloads\/android-with-calls-and-sms-get-old\/\",\"url\":\"https:\/\/www.qustodio.com\/es\/downloads\/android-with-calls-and-sms-get-old\/\",\"name\":\"Android with calls and SMS download | Qustodio\",\"isPartOf\":{\"@id\":\"https:\/\/www.qustodio.com\/es\/#website\"},\"primaryImageOfPage\":{\"@id\":\"https:\/\/www.qustodio.com\/es\/downloads\/android-with-calls-and-sms-get-old\/#primaryimage\"},\"image\":{\"@id\":\"https:\/\/www.qustodio.com\/es\/downloads\/android-with-calls-and-sms-get-old\/#primaryimage\"},\"thumbnailUrl\":\"https:\/\/www.qustodio.com\/wp-content\/uploads\/2021\/11\/popup-es-300x147.png\",\"datePublished\":\"2021-08-18T09:06:04+00:00\",\"dateModified\":\"2024-12-17T11:17:45+00:00\",\"breadcrumb\":{\"@id\":\"https:\/\/www.qustodio.com\/es\/downloads\/android-with-calls-and-sms-get-old\/#breadcrumb\"},\"inLanguage\":\"es\",\"potentialAction\":[{\"@type\":\"ReadAction\",\"target\":[\"https:\/\/www.qustodio.com\/es\/downloads\/android-with-calls-and-sms-get-old\/\"]}]},{\"@type\":\"ImageObject\",\"inLanguage\":\"es\",\"@id\":\"https:\/\/www.qustodio.com\/es\/downloads\/android-with-calls-and-sms-get-old\/#primaryimage\",\"url\":\"https:\/\/www.qustodio.com\/wp-content\/uploads\/2021\/11\/popup-es-300x147.png\",\"contentUrl\":\"https:\/\/www.qustodio.com\/wp-content\/uploads\/2021\/11\/popup-es-300x147.png\"},{\"@type\":\"BreadcrumbList\",\"@id\":\"https:\/\/www.qustodio.com\/es\/downloads\/android-with-calls-and-sms-get-old\/#breadcrumb\",\"itemListElement\":[{\"@type\":\"ListItem\",\"position\":1,\"name\":\"Descargas\",\"item\":\"https:\/\/www.qustodio.com\/es\/downloads\/\"},{\"@type\":\"ListItem\",\"position\":2,\"name\":\"Android with calls and SMS download\"}]},{\"@type\":\"WebSite\",\"@id\":\"https:\/\/www.qustodio.com\/es\/#website\",\"url\":\"https:\/\/www.qustodio.com\/es\/\",\"name\":\"Qustodio\",\"description\":\"Free parental control app\",\"potentialAction\":[{\"@type\":\"SearchAction\",\"target\":{\"@type\":\"EntryPoint\",\"urlTemplate\":\"https:\/\/www.qustodio.com\/es\/?s={search_term_string}\"},\"query-input\":{\"@type\":\"PropertyValueSpecification\",\"valueRequired\":true,\"valueName\":\"search_term_string\"}}],\"inLanguage\":\"es\"}]}<\/script>\n<!-- \/ Yoast SEO Premium plugin. -->","yoast_head_json":{"title":"Android with calls and SMS download | Qustodio","robots":{"index":"index","follow":"follow","max-snippet":"max-snippet:-1","max-image-preview":"max-image-preview:large","max-video-preview":"max-video-preview:-1"},"canonical":"https:\/\/www.qustodio.com\/es\/downloads\/android-with-calls-and-sms-get-old\/","og_locale":"es_ES","og_type":"article","og_title":"Android with calls and SMS download","og_url":"https:\/\/www.qustodio.com\/es\/downloads\/android-with-calls-and-sms-get-old\/","og_site_name":"Qustodio","article_modified_time":"2024-12-17T11:17:45+00:00","og_image":[{"url":"https:\/\/www.qustodio.com\/wp-content\/uploads\/2021\/11\/popup-es-300x147.png","type":"","width":"","height":""}],"twitter_card":"summary_large_image","twitter_misc":{"Est. reading time":"1 minuto"},"schema":{"@context":"https:\/\/schema.org","@graph":[{"@type":"WebPage","@id":"https:\/\/www.qustodio.com\/es\/downloads\/android-with-calls-and-sms-get-old\/","url":"https:\/\/www.qustodio.com\/es\/downloads\/android-with-calls-and-sms-get-old\/","name":"Android with calls and SMS download | Qustodio","isPartOf":{"@id":"https:\/\/www.qustodio.com\/es\/#website"},"primaryImageOfPage":{"@id":"https:\/\/www.qustodio.com\/es\/downloads\/android-with-calls-and-sms-get-old\/#primaryimage"},"image":{"@id":"https:\/\/www.qustodio.com\/es\/downloads\/android-with-calls-and-sms-get-old\/#primaryimage"},"thumbnailUrl":"https:\/\/www.qustodio.com\/wp-content\/uploads\/2021\/11\/popup-es-300x147.png","datePublished":"2021-08-18T09:06:04+00:00","dateModified":"2024-12-17T11:17:45+00:00","breadcrumb":{"@id":"https:\/\/www.qustodio.com\/es\/downloads\/android-with-calls-and-sms-get-old\/#breadcrumb"},"inLanguage":"es","potentialAction":[{"@type":"ReadAction","target":["https:\/\/www.qustodio.com\/es\/downloads\/android-with-calls-and-sms-get-old\/"]}]},{"@type":"ImageObject","inLanguage":"es","@id":"https:\/\/www.qustodio.com\/es\/downloads\/android-with-calls-and-sms-get-old\/#primaryimage","url":"https:\/\/www.qustodio.com\/wp-content\/uploads\/2021\/11\/popup-es-300x147.png","contentUrl":"https:\/\/www.qustodio.com\/wp-content\/uploads\/2021\/11\/popup-es-300x147.png"},{"@type":"BreadcrumbList","@id":"https:\/\/www.qustodio.com\/es\/downloads\/android-with-calls-and-sms-get-old\/#breadcrumb","itemListElement":[{"@type":"ListItem","position":1,"name":"Descargas","item":"https:\/\/www.qustodio.com\/es\/downloads\/"},{"@type":"ListItem","position":2,"name":"Android with calls and SMS download"}]},{"@type":"WebSite","@id":"https:\/\/www.qustodio.com\/es\/#website","url":"https:\/\/www.qustodio.com\/es\/","name":"Qustodio","description":"Free parental control app","potentialAction":[{"@type":"SearchAction","target":{"@type":"EntryPoint","urlTemplate":"https:\/\/www.qustodio.com\/es\/?s={search_term_string}"},"query-input":{"@type":"PropertyValueSpecification","valueRequired":true,"valueName":"search_term_string"}}],"inLanguage":"es"}]}},"_links":{"self":[{"href":"https:\/\/www.qustodio.com\/es\/wp-json\/wp\/v2\/pages\/11018","targetHints":{"allow":["GET"]}}],"collection":[{"href":"https:\/\/www.qustodio.com\/es\/wp-json\/wp\/v2\/pages"}],"about":[{"href":"https:\/\/www.qustodio.com\/es\/wp-json\/wp\/v2\/types\/page"}],"author":[{"embeddable":true,"href":"https:\/\/www.qustodio.com\/es\/wp-json\/wp\/v2\/users\/4"}],"replies":[{"embeddable":true,"href":"https:\/\/www.qustodio.com\/es\/wp-json\/wp\/v2\/comments?post=11018"}],"version-history":[{"count":16,"href":"https:\/\/www.qustodio.com\/es\/wp-json\/wp\/v2\/pages\/11018\/revisions"}],"predecessor-version":[{"id":77527,"href":"https:\/\/www.qustodio.com\/es\/wp-json\/wp\/v2\/pages\/11018\/revisions\/77527"}],"up":[{"embeddable":true,"href":"https:\/\/www.qustodio.com\/es\/wp-json\/wp\/v2\/pages\/66120"}],"wp:attachment":[{"href":"https:\/\/www.qustodio.com\/es\/wp-json\/wp\/v2\/media?parent=11018"}],"curies":[{"name":"wp","href":"https:\/\/api.w.org\/{rel}","templated":true}]}}