{"id":11385,"date":"2021-08-16T05:47:13","date_gmt":"2021-08-16T05:47:13","guid":{"rendered":"https:\/\/www.qustodio.com\/company\/"},"modified":"2022-05-05T08:53:26","modified_gmt":"2022-05-05T08:53:26","slug":"company","status":"publish","type":"page","link":"https:\/\/www.qustodio.com\/es\/company\/","title":{"rendered":"Company"},"content":{"rendered":"<p>[et_pb_section fb_built=\u00bb1&#8243; _builder_version=\u00bb4.16&#8243; _module_preset=\u00bbdefault\u00bb da_disable_devices=\u00bboff|off|off\u00bb global_colors_info=\u00bb{}\u00bb da_is_popup=\u00bboff\u00bb da_exit_intent=\u00bboff\u00bb da_has_close=\u00bbon\u00bb da_alt_close=\u00bboff\u00bb da_dark_close=\u00bboff\u00bb da_not_modal=\u00bbon\u00bb da_is_singular=\u00bboff\u00bb da_with_loader=\u00bboff\u00bb da_has_shadow=\u00bbon\u00bb][et_pb_row _builder_version=\u00bb4.16&#8243; _module_preset=\u00bbdefault\u00bb global_colors_info=\u00bb{}\u00bb][et_pb_column type=\u00bb4_4&#8243; _builder_version=\u00bb4.16&#8243; _module_preset=\u00bbdefault\u00bb global_colors_info=\u00bb{}\u00bb][et_pb_text _builder_version=\u00bb4.16&#8243; _module_preset=\u00bbdefault\u00bb global_colors_info=\u00bb{}\u00bb]<\/p>\n<h1 style=\"text-align: center;\">Sobre Qustodio<\/h1>\n<h2 style=\"text-align: center;\"><span>Nuestra misi\u00f3n es ofrecer una experiencia digital segura a todos los ni\u00f1os<\/span><\/h2>\n<p><span>Qustodio es la empresa l\u00edder en soluciones de ciberseguridad para familias. Ayudamos a los padres a proteger a sus hijos del contenido inapropiado, los ciberdepredadores y los ciberacosadores, y les proporcionamos las herramientas que necesitan para fomentar unos h\u00e1bitos digitales equilibrados. Actualmente, Qustodio cuenta con m\u00e1s de 4 millones de usuarios repartidos a lo largo de 180 pa\u00edses, est\u00e1 disponible en un total de 8 idiomas, y trabaja con el objetivo de concienciar a las familias de todo el mundo sobre la necesidad de establecer una relaci\u00f3n saludable con la tecnolog\u00eda.<\/span><\/p>\n<p>&nbsp;<\/p>\n<h3 style=\"text-align: center;\">Nuestra historia<\/h3>\n<p><span>En 2010, Eduardo Cruz, Josh Gabel y Josep Gaspar trabajaban juntos en el sector de la ciberseguridad. Tras el lanzamiento del nuevo iPhone 4, comprendieron que un aluvi\u00f3n de dispositivos digitales estaba a punto de invadir los hogares de miles de familias, un fen\u00f3meno que ir\u00eda acompa\u00f1ado de multitud de oportunidades y de riesgos. En esa misma \u00e9poca, empezaron a inspirarse en las posibilidades que las nuevas herramientas de an\u00e1lisis ofrec\u00edan a las empresas a la hora de presentar sus datos. Fue entonces cuando se les ocurri\u00f3 la idea de utilizar este formato visual e intuitivo para ayudar a las familias a proteger a los m\u00e1s peque\u00f1os. <\/span><\/p>\n<p><span>Terminaron de desarrollar el primer prototipo en 2011 y fundaron oficialmente Qustodio en 2012 (el nombre hace referencia a la palabra \u00abcustodia\u00bb, que en lat\u00edn significa \u00abprotecci\u00f3n\u00bb). La primera versi\u00f3n del producto ofrec\u00eda a los padres una forma sencilla de ver la actividad de sus hijos en ordenadores Windows. A lo largo de estos a\u00f1os, Qustodio ha ido a\u00f1adiendo nuevas funciones y ampliando su protecci\u00f3n a un gran n\u00famero de sistemas operativos, hasta convertirse en una completa soluci\u00f3n de control parental compatible con pr\u00e1cticamente todos los dispositivos del mercado.<\/span><\/p>\n<h3 style=\"text-align: center;\"><span>Nuestros valores<\/span><\/h3>\n<p><span>Somos un equipo heterog\u00e9neo compuesto por 80 miembros procedentes de 17 pa\u00edses que promueven la innovaci\u00f3n, la curiosidad y el equilibrio tanto en el trabajo como a la hora de gestionar nuestra vida digital. Creemos firmemente en la importancia de utilizar la tecnolog\u00eda de forma positiva en el \u00e1mbito de la educaci\u00f3n y en el del entretenimiento y, sobre todo, otorgamos una prioridad absoluta a las familias, cuyas necesidades constituyen la base de todo nuestro proyecto.<\/span><\/p>\n<p><span>\u00bfDeseas obtener m\u00e1s informaci\u00f3n? Consulta la lista completa de las funciones de nuestro producto o ve a la p\u00e1gina Carreras para ver las vacantes disponibles. <\/span><\/p>\n<p>[\/et_pb_text][\/et_pb_column][\/et_pb_row][\/et_pb_section]<\/p>\n","protected":false},"excerpt":{"rendered":"<p>Sobre Qustodio Nuestra misi\u00f3n es ofrecer una experiencia digital segura a todos los ni\u00f1os Qustodio es la empresa l\u00edder en soluciones de ciberseguridad para familias. Ayudamos a los padres a proteger a sus hijos del contenido inapropiado, los ciberdepredadores y los ciberacosadores, y les proporcionamos las herramientas que necesitan para fomentar unos h\u00e1bitos digitales equilibrados. [&hellip;]<\/p>\n","protected":false},"author":4,"featured_media":0,"parent":0,"menu_order":0,"comment_status":"closed","ping_status":"closed","template":"","meta":{"_acf_changed":false,"_et_pb_use_builder":"on","_et_pb_old_content":"","_et_gb_content_width":"","footnotes":""},"class_list":["post-11385","page","type-page","status-publish","hentry"],"acf":[],"yoast_head":"<!-- This site is optimized with the Yoast SEO Premium plugin v25.8 (Yoast SEO v25.8) - https:\/\/yoast.com\/wordpress\/plugins\/seo\/ -->\n<title>Company | Qustodio<\/title>\n<meta name=\"robots\" content=\"index, follow, max-snippet:-1, max-image-preview:large, max-video-preview:-1\" \/>\n<link rel=\"canonical\" href=\"https:\/\/www.qustodio.com\/es\/company\/\" \/>\n<meta property=\"og:locale\" content=\"es_ES\" \/>\n<meta property=\"og:type\" content=\"article\" \/>\n<meta property=\"og:title\" content=\"Company\" \/>\n<meta property=\"og:url\" content=\"https:\/\/www.qustodio.com\/es\/company\/\" \/>\n<meta property=\"og:site_name\" content=\"Qustodio\" \/>\n<meta property=\"article:modified_time\" content=\"2022-05-05T08:53:26+00:00\" \/>\n<meta name=\"twitter:card\" content=\"summary_large_image\" \/>\n<meta name=\"twitter:label1\" content=\"Est. reading time\" \/>\n\t<meta name=\"twitter:data1\" content=\"3 minutos\" \/>\n<script type=\"application\/ld+json\" class=\"yoast-schema-graph\">{\"@context\":\"https:\/\/schema.org\",\"@graph\":[{\"@type\":\"WebPage\",\"@id\":\"https:\/\/www.qustodio.com\/es\/company\/\",\"url\":\"https:\/\/www.qustodio.com\/es\/company\/\",\"name\":\"Company | Qustodio\",\"isPartOf\":{\"@id\":\"https:\/\/www.qustodio.com\/es\/#website\"},\"datePublished\":\"2021-08-16T05:47:13+00:00\",\"dateModified\":\"2022-05-05T08:53:26+00:00\",\"inLanguage\":\"es\",\"potentialAction\":[{\"@type\":\"ReadAction\",\"target\":[\"https:\/\/www.qustodio.com\/es\/company\/\"]}]},{\"@type\":\"WebSite\",\"@id\":\"https:\/\/www.qustodio.com\/es\/#website\",\"url\":\"https:\/\/www.qustodio.com\/es\/\",\"name\":\"Qustodio\",\"description\":\"Free parental control app\",\"potentialAction\":[{\"@type\":\"SearchAction\",\"target\":{\"@type\":\"EntryPoint\",\"urlTemplate\":\"https:\/\/www.qustodio.com\/es\/?s={search_term_string}\"},\"query-input\":{\"@type\":\"PropertyValueSpecification\",\"valueRequired\":true,\"valueName\":\"search_term_string\"}}],\"inLanguage\":\"es\"}]}<\/script>\n<!-- \/ Yoast SEO Premium plugin. -->","yoast_head_json":{"title":"Company | Qustodio","robots":{"index":"index","follow":"follow","max-snippet":"max-snippet:-1","max-image-preview":"max-image-preview:large","max-video-preview":"max-video-preview:-1"},"canonical":"https:\/\/www.qustodio.com\/es\/company\/","og_locale":"es_ES","og_type":"article","og_title":"Company","og_url":"https:\/\/www.qustodio.com\/es\/company\/","og_site_name":"Qustodio","article_modified_time":"2022-05-05T08:53:26+00:00","twitter_card":"summary_large_image","twitter_misc":{"Est. reading time":"3 minutos"},"schema":{"@context":"https:\/\/schema.org","@graph":[{"@type":"WebPage","@id":"https:\/\/www.qustodio.com\/es\/company\/","url":"https:\/\/www.qustodio.com\/es\/company\/","name":"Company | Qustodio","isPartOf":{"@id":"https:\/\/www.qustodio.com\/es\/#website"},"datePublished":"2021-08-16T05:47:13+00:00","dateModified":"2022-05-05T08:53:26+00:00","inLanguage":"es","potentialAction":[{"@type":"ReadAction","target":["https:\/\/www.qustodio.com\/es\/company\/"]}]},{"@type":"WebSite","@id":"https:\/\/www.qustodio.com\/es\/#website","url":"https:\/\/www.qustodio.com\/es\/","name":"Qustodio","description":"Free parental control app","potentialAction":[{"@type":"SearchAction","target":{"@type":"EntryPoint","urlTemplate":"https:\/\/www.qustodio.com\/es\/?s={search_term_string}"},"query-input":{"@type":"PropertyValueSpecification","valueRequired":true,"valueName":"search_term_string"}}],"inLanguage":"es"}]}},"_links":{"self":[{"href":"https:\/\/www.qustodio.com\/es\/wp-json\/wp\/v2\/pages\/11385","targetHints":{"allow":["GET"]}}],"collection":[{"href":"https:\/\/www.qustodio.com\/es\/wp-json\/wp\/v2\/pages"}],"about":[{"href":"https:\/\/www.qustodio.com\/es\/wp-json\/wp\/v2\/types\/page"}],"author":[{"embeddable":true,"href":"https:\/\/www.qustodio.com\/es\/wp-json\/wp\/v2\/users\/4"}],"replies":[{"embeddable":true,"href":"https:\/\/www.qustodio.com\/es\/wp-json\/wp\/v2\/comments?post=11385"}],"version-history":[{"count":3,"href":"https:\/\/www.qustodio.com\/es\/wp-json\/wp\/v2\/pages\/11385\/revisions"}],"predecessor-version":[{"id":31381,"href":"https:\/\/www.qustodio.com\/es\/wp-json\/wp\/v2\/pages\/11385\/revisions\/31381"}],"wp:attachment":[{"href":"https:\/\/www.qustodio.com\/es\/wp-json\/wp\/v2\/media?parent=11385"}],"curies":[{"name":"wp","href":"https:\/\/api.w.org\/{rel}","templated":true}]}}