{"id":1367,"date":"2021-08-09T09:04:15","date_gmt":"2021-08-09T09:04:15","guid":{"rendered":"https:\/\/www.qustodio.com\/team\/"},"modified":"2021-08-10T11:20:41","modified_gmt":"2021-08-10T11:20:41","slug":"team","status":"publish","type":"page","link":"https:\/\/www.qustodio.com\/es\/team\/","title":{"rendered":"Team"},"content":{"rendered":"<p>[et_pb_section fb_built=\u00bb1&#8243; _builder_version=\u00bb4.9.2&#8243; _module_preset=\u00bbdefault\u00bb da_disable_devices=\u00bboff|off|off\u00bb da_is_popup=\u00bboff\u00bb da_exit_intent=\u00bboff\u00bb da_has_close=\u00bbon\u00bb da_alt_close=\u00bboff\u00bb da_dark_close=\u00bboff\u00bb da_not_modal=\u00bbon\u00bb da_is_singular=\u00bboff\u00bb da_with_loader=\u00bboff\u00bb da_has_shadow=\u00bbon\u00bb][et_pb_row _builder_version=\u00bb4.9.2&#8243; _module_preset=\u00bbdefault\u00bb][et_pb_column type=\u00bb4_4&#8243; _builder_version=\u00bb4.9.2&#8243; _module_preset=\u00bbdefault\u00bb][et_pb_text _builder_version=\u00bb4.9.2&#8243; _module_preset=\u00bbdefault\u00bb]<\/p>\n<h1 style=\"text-align: center;\">Nuestros fundadores<\/h1>\n<div class=\"team-list\">\n<p><strong>Eduardo Cruz<\/strong>,\u00a0<strong>Josep Gaspar<\/strong>\u00a0y\u00a0<strong>Josh Gabel<\/strong>, tres viejos amigos y expertos en seguridad online, fundaron Qustodio en 2012 y actualmente contin\u00faan al frente de la empresa.<\/p>\n<\/div>\n<p>[\/et_pb_text][\/et_pb_column][\/et_pb_row][et_pb_row _builder_version=\u00bb4.9.2&#8243; _module_preset=\u00bbdefault\u00bb][et_pb_column type=\u00bb4_4&#8243; _builder_version=\u00bb4.9.2&#8243; _module_preset=\u00bbdefault\u00bb][et_pb_image src=\u00bbhttps:\/\/static.qustodio.com\/public-site\/uploads\/2021\/07\/29092816\/qustodio_founders.jpeg\u00bb alt=\u00bbQustodio | Founders\u00bb title_text=\u00bbQustodio&#8217;s Founders\u00bb align=\u00bbcenter\u00bb _builder_version=\u00bb4.9.2&#8243; _module_preset=\u00bbdefault\u00bb][\/et_pb_image][\/et_pb_column][\/et_pb_row][et_pb_row _builder_version=\u00bb4.9.2&#8243; _module_preset=\u00bbdefault\u00bb][et_pb_column type=\u00bb4_4&#8243; _builder_version=\u00bb4.9.2&#8243; _module_preset=\u00bbdefault\u00bb][et_pb_text _builder_version=\u00bb4.9.2&#8243; _module_preset=\u00bbdefault\u00bb hover_enabled=\u00bb0&#8243; sticky_enabled=\u00bb0&#8243;]<\/p>\n<h1 style=\"text-align: center;\">Nuestro equipo<\/h1>\n<p>Somos un<span>\u00a0<\/span><strong>grupo internacional en expansi\u00f3n formado por una plantilla de 75 ingenieros, artistas, especialistas en datos, publicistas, expertos en atenci\u00f3n al cliente, redactores y expertos de producto<\/strong><span>\u00a0<\/span>con sede en la soleada ciudad de Barcelona. Nos esforzamos al m\u00e1ximo por hacer de Qustodio la mejor aplicaci\u00f3n de seguridad y bienestar digital, adem\u00e1s de un centro de recursos para familias. \u00a1Porque nosotros tambi\u00e9n somos padres!<\/p>\n<p>[\/et_pb_text][\/et_pb_column][\/et_pb_row][et_pb_row _builder_version=\u00bb4.9.2&#8243; _module_preset=\u00bbdefault\u00bb][et_pb_column type=\u00bb4_4&#8243; _builder_version=\u00bb4.9.2&#8243; _module_preset=\u00bbdefault\u00bb][et_pb_image src=\u00bbhttps:\/\/static.qustodio.com\/public-site\/uploads\/2021\/08\/09073750\/team.png\u00bb alt=\u00bbQustodio team\u00bb title_text=\u00bbQustodio team\u00bb align=\u00bbcenter\u00bb _builder_version=\u00bb4.9.2&#8243; _module_preset=\u00bbdefault\u00bb][\/et_pb_image][\/et_pb_column][\/et_pb_row][\/et_pb_section]<\/p>\n","protected":false},"excerpt":{"rendered":"<p>Nuestros fundadores Eduardo Cruz,\u00a0Josep Gaspar\u00a0y\u00a0Josh Gabel, tres viejos amigos y expertos en seguridad online, fundaron Qustodio en 2012 y actualmente contin\u00faan al frente de la empresa. Nuestro equipo Somos un\u00a0grupo internacional en expansi\u00f3n formado por una plantilla de 75 ingenieros, artistas, especialistas en datos, publicistas, expertos en atenci\u00f3n al cliente, redactores y expertos de producto\u00a0con [&hellip;]<\/p>\n","protected":false},"author":5,"featured_media":0,"parent":0,"menu_order":0,"comment_status":"closed","ping_status":"closed","template":"","meta":{"_acf_changed":false,"_et_pb_use_builder":"on","_et_pb_old_content":"","_et_gb_content_width":"","footnotes":""},"class_list":["post-1367","page","type-page","status-publish","hentry"],"acf":[],"yoast_head":"<!-- This site is optimized with the Yoast SEO Premium plugin v25.8 (Yoast SEO v25.8) - https:\/\/yoast.com\/wordpress\/plugins\/seo\/ -->\n<title>Team | Qustodio<\/title>\n<meta name=\"description\" content=\"Somos un grupo internacional en expansi\u00f3n formado por una plantilla de 75 ingenieros, artistas, especialistas en datos, publicistas, expertos en atenci\u00f3n al cliente, redactores y expertos de producto con sede en la soleada ciudad de Barcelona.\" \/>\n<meta name=\"robots\" content=\"index, follow, max-snippet:-1, max-image-preview:large, max-video-preview:-1\" \/>\n<link rel=\"canonical\" href=\"https:\/\/www.qustodio.com\/es\/team\/\" \/>\n<meta property=\"og:locale\" content=\"es_ES\" \/>\n<meta property=\"og:type\" content=\"article\" \/>\n<meta property=\"og:title\" content=\"Team\" \/>\n<meta property=\"og:description\" content=\"Somos un grupo internacional en expansi\u00f3n formado por una plantilla de 75 ingenieros, artistas, especialistas en datos, publicistas, expertos en atenci\u00f3n al cliente, redactores y expertos de producto con sede en la soleada ciudad de Barcelona.\" \/>\n<meta property=\"og:url\" content=\"https:\/\/www.qustodio.com\/es\/team\/\" \/>\n<meta property=\"og:site_name\" content=\"Qustodio\" \/>\n<meta property=\"article:modified_time\" content=\"2021-08-10T11:20:41+00:00\" \/>\n<meta name=\"twitter:card\" content=\"summary_large_image\" \/>\n<meta name=\"twitter:label1\" content=\"Est. reading time\" \/>\n\t<meta name=\"twitter:data1\" content=\"2 minutos\" \/>\n<script type=\"application\/ld+json\" class=\"yoast-schema-graph\">{\"@context\":\"https:\/\/schema.org\",\"@graph\":[{\"@type\":\"WebPage\",\"@id\":\"https:\/\/www.qustodio.com\/es\/team\/\",\"url\":\"https:\/\/www.qustodio.com\/es\/team\/\",\"name\":\"Team | Qustodio\",\"isPartOf\":{\"@id\":\"https:\/\/www.qustodio.com\/es\/#website\"},\"datePublished\":\"2021-08-09T09:04:15+00:00\",\"dateModified\":\"2021-08-10T11:20:41+00:00\",\"description\":\"Somos un grupo internacional en expansi\u00f3n formado por una plantilla de 75 ingenieros, artistas, especialistas en datos, publicistas, expertos en atenci\u00f3n al cliente, redactores y expertos de producto con sede en la soleada ciudad de Barcelona.\",\"inLanguage\":\"es\",\"potentialAction\":[{\"@type\":\"ReadAction\",\"target\":[\"https:\/\/www.qustodio.com\/es\/team\/\"]}]},{\"@type\":\"WebSite\",\"@id\":\"https:\/\/www.qustodio.com\/es\/#website\",\"url\":\"https:\/\/www.qustodio.com\/es\/\",\"name\":\"Qustodio\",\"description\":\"Free parental control app\",\"potentialAction\":[{\"@type\":\"SearchAction\",\"target\":{\"@type\":\"EntryPoint\",\"urlTemplate\":\"https:\/\/www.qustodio.com\/es\/?s={search_term_string}\"},\"query-input\":{\"@type\":\"PropertyValueSpecification\",\"valueRequired\":true,\"valueName\":\"search_term_string\"}}],\"inLanguage\":\"es\"}]}<\/script>\n<!-- \/ Yoast SEO Premium plugin. -->","yoast_head_json":{"title":"Team | Qustodio","description":"Somos un grupo internacional en expansi\u00f3n formado por una plantilla de 75 ingenieros, artistas, especialistas en datos, publicistas, expertos en atenci\u00f3n al cliente, redactores y expertos de producto con sede en la soleada ciudad de Barcelona.","robots":{"index":"index","follow":"follow","max-snippet":"max-snippet:-1","max-image-preview":"max-image-preview:large","max-video-preview":"max-video-preview:-1"},"canonical":"https:\/\/www.qustodio.com\/es\/team\/","og_locale":"es_ES","og_type":"article","og_title":"Team","og_description":"Somos un grupo internacional en expansi\u00f3n formado por una plantilla de 75 ingenieros, artistas, especialistas en datos, publicistas, expertos en atenci\u00f3n al cliente, redactores y expertos de producto con sede en la soleada ciudad de Barcelona.","og_url":"https:\/\/www.qustodio.com\/es\/team\/","og_site_name":"Qustodio","article_modified_time":"2021-08-10T11:20:41+00:00","twitter_card":"summary_large_image","twitter_misc":{"Est. reading time":"2 minutos"},"schema":{"@context":"https:\/\/schema.org","@graph":[{"@type":"WebPage","@id":"https:\/\/www.qustodio.com\/es\/team\/","url":"https:\/\/www.qustodio.com\/es\/team\/","name":"Team | Qustodio","isPartOf":{"@id":"https:\/\/www.qustodio.com\/es\/#website"},"datePublished":"2021-08-09T09:04:15+00:00","dateModified":"2021-08-10T11:20:41+00:00","description":"Somos un grupo internacional en expansi\u00f3n formado por una plantilla de 75 ingenieros, artistas, especialistas en datos, publicistas, expertos en atenci\u00f3n al cliente, redactores y expertos de producto con sede en la soleada ciudad de Barcelona.","inLanguage":"es","potentialAction":[{"@type":"ReadAction","target":["https:\/\/www.qustodio.com\/es\/team\/"]}]},{"@type":"WebSite","@id":"https:\/\/www.qustodio.com\/es\/#website","url":"https:\/\/www.qustodio.com\/es\/","name":"Qustodio","description":"Free parental control app","potentialAction":[{"@type":"SearchAction","target":{"@type":"EntryPoint","urlTemplate":"https:\/\/www.qustodio.com\/es\/?s={search_term_string}"},"query-input":{"@type":"PropertyValueSpecification","valueRequired":true,"valueName":"search_term_string"}}],"inLanguage":"es"}]}},"_links":{"self":[{"href":"https:\/\/www.qustodio.com\/es\/wp-json\/wp\/v2\/pages\/1367","targetHints":{"allow":["GET"]}}],"collection":[{"href":"https:\/\/www.qustodio.com\/es\/wp-json\/wp\/v2\/pages"}],"about":[{"href":"https:\/\/www.qustodio.com\/es\/wp-json\/wp\/v2\/types\/page"}],"author":[{"embeddable":true,"href":"https:\/\/www.qustodio.com\/es\/wp-json\/wp\/v2\/users\/5"}],"replies":[{"embeddable":true,"href":"https:\/\/www.qustodio.com\/es\/wp-json\/wp\/v2\/comments?post=1367"}],"version-history":[{"count":6,"href":"https:\/\/www.qustodio.com\/es\/wp-json\/wp\/v2\/pages\/1367\/revisions"}],"predecessor-version":[{"id":1829,"href":"https:\/\/www.qustodio.com\/es\/wp-json\/wp\/v2\/pages\/1367\/revisions\/1829"}],"wp:attachment":[{"href":"https:\/\/www.qustodio.com\/es\/wp-json\/wp\/v2\/media?parent=1367"}],"curies":[{"name":"wp","href":"https:\/\/api.w.org\/{rel}","templated":true}]}}