{"id":20842,"date":"2021-06-22T09:59:16","date_gmt":"2021-06-22T09:59:16","guid":{"rendered":"https:\/\/www.qustodio.com\/privacy\/"},"modified":"2025-12-18T14:48:59","modified_gmt":"2025-12-18T14:48:59","slug":"privacy","status":"publish","type":"page","link":"https:\/\/www.qustodio.com\/es\/privacy\/","title":{"rendered":"Privacy Policy"},"content":{"rendered":"<p>[et_pb_section fb_built=\u00bb1&#8243; _builder_version=\u00bb4.16&#8243; da_disable_devices=\u00bboff|off|off\u00bb global_colors_info=\u00bb{}\u00bb da_is_popup=\u00bboff\u00bb da_exit_intent=\u00bboff\u00bb da_has_close=\u00bbon\u00bb da_alt_close=\u00bboff\u00bb da_dark_close=\u00bboff\u00bb da_not_modal=\u00bbon\u00bb da_is_singular=\u00bboff\u00bb da_with_loader=\u00bboff\u00bb da_has_shadow=\u00bbon\u00bb][et_pb_row _builder_version=\u00bb4.16&#8243; background_size=\u00bbinitial\u00bb background_position=\u00bbtop_left\u00bb background_repeat=\u00bbrepeat\u00bb global_colors_info=\u00bb{}\u00bb][et_pb_column type=\u00bb4_4&#8243; _builder_version=\u00bb4.16&#8243; custom_padding=\u00bb|||\u00bb global_colors_info=\u00bb{}\u00bb custom_padding__hover=\u00bb|||\u00bb][et_pb_text _builder_version=\u00bb4.27.4&#8243; background_size=\u00bbinitial\u00bb background_position=\u00bbtop_left\u00bb background_repeat=\u00bbrepeat\u00bb custom_margin=\u00bb||7px|||\u00bb saved_tabs=\u00bball\u00bb locked=\u00bboff\u00bb global_colors_info=\u00bb{}\u00bb]<span style=\"font-weight: 400;\">Este contrato est\u00e1 redactado exclusivamente en ingl\u00e9s, y la versi\u00f3n en ingl\u00e9s prevalecer\u00e1 en todos los aspectos y casos. Por lo tanto, todas las dem\u00e1s versiones en otros idiomas se proporcionan \u00fanicamente con fines informativos y no son vinculantes para las partes.<\/p>\n<h1>Pol\u00edtica de privacidad de Qustodio<\/h1>\n<p>&nbsp;<\/p>\n<p><span style=\"font-weight: 500;\">\u00daltima actualizaci\u00f3n: [2025 12 18]<\/p>\n<p><span style=\"font-weight: 400;\">Qustodio Technologies S.L. (la \u00abEmpresa\u00bb o \u00abNosotros\u00bb) se compromete a respetar y proteger la privacidad de todos los visitantes de nuestro sitio web (www.qustodio.com). Esta Pol\u00edtica de Privacidad explica nuestras pr\u00e1cticas con respecto al uso de los datos personales recopilados y procesados \u200b\u200ba trav\u00e9s de nuestro sitio web o que nos proporcionan por correo electr\u00f3nico o a trav\u00e9s de otros sitios web que enlazan con nosotros. Tenga en cuenta que esta pol\u00edtica de privacidad no regula el tratamiento de los datos personales recopilados a trav\u00e9s de nuestros servicios. Si desea obtener m\u00e1s informaci\u00f3n sobre c\u00f3mo procesamos los datos de nuestros usuarios, consulte los t\u00e9rminos legales de nuestros servicios.<\/span><\/p>\n<p><span style=\"font-weight: 400;\">El responsable del tratamiento de los datos que nos facilita es Qustodio Technologies SL, con domicilio en Calle Roger de Flor, 193, bajos, 08013 Barcelona, \u200b\u200bEspa\u00f1a.<\/span><\/p>\n<p><span style=\"font-weight: 400;\"> Puede contactar con el Delegado de Protecci\u00f3n de Datos para enviar cualquier sugerencia, consulta, duda o reclamaci\u00f3n en materia de protecci\u00f3n de datos escribiendo a: <a href=\"mailto:dpo@qustodio.com\">dpo@qustodio.com<\/a><\/span><\/p>\n<p><span style=\"font-weight: 600;\"> 1. Aceptaci\u00f3n del usuario de esta Pol\u00edtica de Privacidad<\/span><\/p>\n<p><span style=\"font-weight: 400;\"> Al acceder o utilizar nuestro sitio web, y en particular al proporcionarnos su informaci\u00f3n personal o ponerse en contacto con nosotros por cualquier motivo, usted debe aceptar expl\u00edcitamente esta Pol\u00edtica de privacidad y proporcionarnos su consentimiento completo, cuando sea necesario, para la recopilaci\u00f3n, almacenamiento y procesamiento de datos personales de los que usted es responsable de acuerdo con los t\u00e9rminos establecidos en esta pol\u00edtica, incluido el env\u00edo de comunicaciones electr\u00f3nicas, en su caso.<\/span><\/p>\n<p><span style=\"font-weight: 600;\"> 2. Recopilaci\u00f3n de datos personales<\/span><\/p>\n<p><span style=\"font-weight: 600;\"> Datos de contacto: <span style=\"font-weight: 400;\"> Si nos env\u00eda alg\u00fan correo electr\u00f3nico con datos personales sobre usted o un tercero, trataremos los datos personales que nos env\u00ede. <\/span><\/span><\/p>\n<p><span style=\"font-weight: 600;\"> Datos de navegaci\u00f3n: <span style=\"font-weight: 400;\"> Debido a los est\u00e1ndares de comunicaci\u00f3n de internet, cuando visita nuestro sitio web, recibimos autom\u00e1ticamente la URL del sitio del que proviene y la del sitio que visita al salir de nuestro sitio web. Tambi\u00e9n recibimos la direcci\u00f3n IP de su ordenador y el tipo de navegador que utiliza. Utilizamos esta informaci\u00f3n para analizar tendencias generales y mejorar el servicio. Esta informaci\u00f3n no se comparte con terceros sin su consentimiento. Adem\u00e1s de lo anterior, y como se indica en nuestra pol\u00edtica de cookies, no recopilamos ning\u00fan dato personal si solo navega por el sitio web.<\/span><\/span><\/p>\n<p><span style=\"font-weight: 600;\">3. Base jur\u00eddica<\/span><\/p>\n<p><span style=\"font-weight: 400;\">Las bases legales de este tratamiento son:<\/span><\/p>\n<ul>\n<li><span style=\"font-weight: 400;\">Nuestro inter\u00e9s leg\u00edtimo es gestionar los servicios y llevar a cabo las acciones que nos solicita. Consideramos cualquier posible impacto (tanto positivo como negativo) en usted y en sus derechos antes de procesar sus datos por nuestro inter\u00e9s leg\u00edtimo.<\/span><\/li>\n<li><span style=\"font-weight: 400;\">En circunstancias espec\u00edficas, para cumplir con una obligaci\u00f3n legal a la que estamos sujetos.<\/span><\/li>\n<\/ul>\n<p><span style=\"font-weight: 600;\"> 4. Uso de datos personales<\/span><\/p>\n<p><span style=\"font-weight: 400;\">Utilizamos sus datos personales para:<\/span><\/p>\n<ul>\n<li><span style=\"font-weight: 400;\">Contactarle y personalizar su experiencia<\/span><\/li>\n<li><span style=\"font-weight: 400;\">Gestionar el servicio o acci\u00f3n que nos solicitas<\/span><\/li>\n<li><span style=\"font-weight: 400;\">Mejorar nuestro sitio web y nuestros servicios<\/span><\/li>\n<\/ul>\n<p>[\/et_pb_text][et_pb_text _builder_version=\u00bb4.27.4&#8243; background_size=\u00bbinitial\u00bb background_position=\u00bbtop_left\u00bb background_repeat=\u00bbrepeat\u00bb saved_tabs=\u00bball\u00bb locked=\u00bboff\u00bb global_colors_info=\u00bb{}\u00bb]<\/p>\n<p><span style=\"font-weight: 600;\">5. Divulgaci\u00f3n de datos<\/span><\/p>\n<p><span style=\"font-weight: 400;\">Tratamos sus datos personales con estricta confidencialidad de acuerdo con la legislaci\u00f3n aplicable. Salvo indicaci\u00f3n contraria, sus datos personales no se ceder\u00e1n a terceros. No vendemos ni cedemos a terceros listas con datos personales ni de ning\u00fan otro tipo.<\/span><\/p>\n<p><span style=\"font-weight: 400;\">No obstante, podemos divulgar datos de la siguiente manera:<\/span><\/p>\n<ul>\n<li><span style=\"font-weight: 400;\">Podremos poner sus datos personales a disposici\u00f3n de cualquier empresa interesada en comprar, o efectivamente comprar, la Compa\u00f1\u00eda o una parte de su negocio y, en consecuencia, dar acceso a cualquier auditor nacional o internacional para llevar a cabo la denominada \u00abdue diligence\u00bb.<\/span><\/li>\n<li><span style=\"font-weight: 400;\">Podemos compartir sus datos personales con otras empresas de nuestro grupo de empresas.<\/span><\/li>\n<li><span style=\"font-weight: 400;\">Podremos dar acceso a sus datos personales a nuestros proveedores de servicios si consideramos razonablemente que dicho acceso y procesamiento son necesarios para el desempe\u00f1o de nuestros servicios.<\/span><\/li>\n<li><span style=\"font-weight: 400;\">Exigimos que todos los terceros respeten la seguridad de sus datos personales y los procesen de conformidad con la ley. No permitimos que nuestros proveedores de servicios externos utilicen sus datos personales para sus propios fines, y solo les permitimos procesarlos para fines espec\u00edficos y de acuerdo con nuestras instrucciones.<\/span><\/li>\n<\/ul>\n<p><span style=\"font-weight: 600;\">6. Transferencias internacionales<\/span><\/p>\n<p><span style=\"font-weight: 400;\">Utilizamos servicios tecnol\u00f3gicos de terceros para la prestaci\u00f3n de nuestros servicios y del sitio web. Estos proveedores pueden procesar sus datos recopilados durante la prestaci\u00f3n de los servicios indicados a continuaci\u00f3n, como subencargados del tratamiento. Estas entidades pueden estar en jurisdicciones que, por lo general, no ofrecen garant\u00edas adecuadas para el tratamiento de datos personales. Para todas las entidades fuera del Espacio Econ\u00f3mico Europeo, hemos suscrito contratos con dichas entidades que s\u00ed incluyen dichas garant\u00edas, incluidas las cl\u00e1usulas modelo de la CE.<\/span><\/p>\n<p><span style=\"font-weight: 600;\">7. Medidas de seguridad<\/span><\/p>\n<p><span style=\"font-weight: 400;\">Implementamos medidas de seguridad y esquemas de protecci\u00f3n de datos personales seg\u00fan lo exige la ley para mantener la confidencialidad e integridad de sus datos y la protecci\u00f3n contra acceso, modificaci\u00f3n o destrucci\u00f3n no autorizados.<\/span><\/p>\n<p><span style=\"font-weight: 600;\">8. Retenci\u00f3n de datos<\/span><\/p>\n<p><span style=\"font-weight: 400;\">Conservaremos sus datos personales \u00fanicamente durante el tiempo necesario para cumplir con los fines para los que los recopilamos, incluyendo el cumplimiento de cualquier requisito legal, contable o de informes, o hasta que usted o nosotros desactivemos su cuenta. Transcurrido este periodo, los datos se conservar\u00e1n (de forma bloqueada y segura) durante el plazo exigido por la responsabilidad legal y administrativa, as\u00ed como para cumplir con las obligaciones legales y otros fines establecidos anteriormente, que podr\u00e1n ser de hasta 10 a\u00f1os seg\u00fan la legislaci\u00f3n vigente.<\/span><\/p>\n<p><span style=\"font-weight: 600;\">9. Derechos de usuario<\/span><\/p>\n<p><span style=\"font-weight: 400;\">Se le informa que puede ejercer en cualquier momento el derecho a la portabilidad de sus datos enviados a nosotros, a acceder, rectificar, suprimir, bloquear y oponerse a cualquier tratamiento de sus datos personales enviando una solicitud por correo electr\u00f3nico a <a href=\"mailto:dpo@qustodio.com\">dpo@qustodio.com<\/a> o escribiendo a Qustodio Technologies SL, con domicilio en la calle Roger de Flor, 193, bajos, 08013 Barcelona, \u200b\u200bEspa\u00f1a. Tambi\u00e9n puede retirar su consentimiento para el tratamiento de sus datos en cualquier momento cuando utilicemos su informaci\u00f3n como base legal para el tratamiento de sus datos. La retirada no tendr\u00e1 efectos retroactivos, pero podr\u00eda impedir la prestaci\u00f3n de ciertos servicios.<\/span><\/p>\n<p><span style=\"font-weight: 400;\">Tambi\u00e9n tiene derecho a presentar una reclamaci\u00f3n ante una autoridad de control, en este caso la Agencia Espa\u00f1ola de Protecci\u00f3n de Datos, C\/ Jorge Juan, 6, 28001 Madrid, Espa\u00f1a.<\/span><\/p>\n<p><span style=\"font-weight: 600;\">10. General<\/span><\/p>\n<p><span style=\"font-weight: 400;\">Nos reservamos el derecho de modificar los t\u00e9rminos de esta Pol\u00edtica de Privacidad y le notificaremos de forma clara sobre estos cambios por correo electr\u00f3nico o en nuestro sitio web, as\u00ed como en esta Pol\u00edtica de Privacidad. Si contin\u00faa utilizando o accediendo a nuestro sitio web despu\u00e9s de dicha actualizaci\u00f3n, se considerar\u00e1 que acepta los nuevos t\u00e9rminos. Si no acepta la actualizaci\u00f3n, notif\u00edquenoslo y cancelaremos cualquier cuenta que tenga con nosotros y eliminaremos sus datos personales (excepto los necesarios para fines legales), y no podr\u00e1 seguir utilizando los servicios a los que se haya suscrito.<\/span><\/p>\n<p><span style=\"font-weight: 400;\">Salvo que una normativa local espec\u00edfica de obligado cumplimiento establezca lo contrario, la Pol\u00edtica de Privacidad se rige por las leyes de Espa\u00f1a.<\/span><\/p>\n<p>[\/et_pb_text][\/et_pb_column][\/et_pb_row][\/et_pb_section]<\/p>\n","protected":false},"excerpt":{"rendered":"<p>Este contrato est\u00e1 redactado exclusivamente en ingl\u00e9s, y la versi\u00f3n en ingl\u00e9s prevalecer\u00e1 en todos los aspectos y casos. Por lo tanto, todas las dem\u00e1s versiones en otros idiomas se proporcionan \u00fanicamente con fines informativos y no son vinculantes para las partes. Pol\u00edtica de privacidad de Qustodio &nbsp; \u00daltima actualizaci\u00f3n: [2025 12 18] Qustodio Technologies [&hellip;]<\/p>\n","protected":false},"author":4,"featured_media":0,"parent":0,"menu_order":0,"comment_status":"closed","ping_status":"open","template":"","meta":{"_acf_changed":false,"_et_pb_use_builder":"on","_et_pb_old_content":"<!-- wp:heading -->\r\n<h1>Qustodio Privacy Policy<\/h1>\r\n<p>Qustodio Technologies S.L. (the \u201cCompany\u201d or \u201cWe\/us\u201d) is committed to respecting and protecting the privacy of all visitors of our Website (www.qustodio.com) This Privacy Policy explains our practices regarding the use of personal data collected and processed through our Website or otherwise provided to us by email or via other websites that link to us. Please note that this privacy policy doesn\u2019t regulate the processing of personal data collected through our services, if you want to know more about how we process our users\u2019 data, please read the legal terms of our services.<\/p>\r\n<p>The data controller of the data you provide us with is Qustodio Technologies SL, with domicile at Roger de Flor Street, 193, bajos, 08013 Barcelona, Spain.<\/p>\r\n<p>You can contact the Data Protection Officer to send any suggestions, queries, doubts or complaints regarding data protection by writing to:\u00a0<a href=\"mailto:dpo@qustodio.com\">dpo@qustodio.com<\/a><\/p>\r\n<p><strong>1. User acceptance of this Privacy Policy<\/strong><\/p>\r\n<p>By accessing to or using our Website, and in particular by providing your personal information to us, or contacting us for any reason, you are required to explicitly accept this Privacy Policy and provide us with full consent, when needed, to the collection, storage and processing of personal data for which you are responsible in accordance with the terms set out in this policy, including the sending of electronic communications, as the case may be.<\/p>\r\n<p><strong>2. Personal data collection<\/strong>\u00a0<strong>Contact data:<\/strong>\u00a0If you send us any email with personal data about you or a third party, we will process the personal data you send us.<\/p>\r\n<p><strong>Navigation data.<\/strong>\u00a0Due to internet communication standards, when you visit our Website we automatically receive the URL of the site you came from and the site you visit when you leave our website. We also receive the Internet Protocol (\"IP\") address of your computer and the type of browser you are using. We use this information to analyze overall trends to improve the service. This information is not shared with third parties without your consent. Other than the above, and as stated in our\u00a0<a href=\"https:\/\/www.qustodio.com\/en\/cookie-policy\/\">cookie policy<\/a>, we do not collect any personal data if you are only browsing the website.<\/p>\r\n<p><strong>3. Legal basis<\/strong>\u00a0The legal bases of this processing are:<\/p>\r\n<ul>\r\n<li>Our legitimate interest to manage the services and carry out the actions that you are requesting us. We consider any possible impact (both positive and negative) on you and on your rights before processing your data for our legitimate interest.<\/li>\r\n<li>In specific circumstances, to comply with a legal obligation we are subject to.<\/li>\r\n<\/ul>\r\n<p><strong>4. Use of personal data<\/strong>\u00a0We use your personal data to:<\/p>\r\n<ul>\r\n<li>Contact you and personalise your experience<\/li>\r\n<li>Managing the service or action you are requesting us<\/li>\r\n<li>Improve our website and services<\/li>\r\n<\/ul>\r\n<p><strong>5. Data disclosure<\/strong>\u00a0We treat your personal data with strict confidentiality in accordance with applicable law. Unless otherwise indicated, your personal data will not be provided to third parties. We do not sell or assign to third parties lists with personal data, nor of any other type.<\/p>\r\n<p>Nonetheless, we may disclose data as follows:<\/p>\r\n<ul>\r\n<li>We can make your personal data available to any company interested in buying, or actually buying, the Company or a part of its business and, consequently, give access to any national or international auditors to carry out the so called \"due diligence\".<\/li>\r\n<li>We can share your personal data with other companies of our group of companies.<\/li>\r\n<li>We may give access to your personal data to our service providers if we reasonably consider such access and processing necessary to the performance of our services. We require that all third parties respect the security of your personal data and process them in accordance with the law. We do not allow our external service providers to use your personal data for their own purposes and we only allow them to process your personal data for specific purposes and in accordance with our instructions.<\/li>\r\n<\/ul>\r\n<p><strong>6. International transfers<\/strong>\u00a0We use third party technological services for the provision of services and Website, whose providers may process your data collected in the course of providing us their services indicated below, as sub-processors. These entities may be in jurisdictions that generally don\u2019t provide adequate safeguards in relation to the processing of personal data. For all entities outside the Economic European Area, we have entered into contracts with such entities that do include such safeguards, including the EC model clauses.<\/p>\r\n<p><strong>7. Security Measures<\/strong>\u00a0We implement security measures and personal data protection schemes as required by law to maintain the confidentiality and integrity of your data and protection against unauthorised access, modification or destruction.<\/p>\r\n<p><strong>8. Data Retention.<\/strong>\u00a0We will only retain your personal data for as long as necessary to fulfil the purposes we collected it for, including for the purposes of satisfying any legal, accounting, or reporting requirements, or until the deactivation of your account either by you or by us. After that period, the data will be retained (in a blocked and secure manner) for the required period of legal and administrative liability and to comply with legal obligations and other purposes set out above, which may be up to 10 years according to current applicable law.<\/p>\r\n<p><strong>9. User Rights<\/strong>\u00a0You are informed you may exercise at any time right to the portability of your data sent to us, to access, rectify, erase, block and oppose any processing of your personal data by sending an email request to\u00a0<a href=\"mailto:dpo@qustodio.com\">dpo@qustodio.com<\/a>\u00a0or by writing to Qustodio Technologies SL, with domicile at Roger de Flor Street, 193, bajos, 08013 Barcelona, Spain. You can also withdraw your consent to our processing at any time, when we use your content as legal basis for processing your data. Withdrawal will not have retroactive effects but may prevent providing certain services.<\/p>\r\n<p>You also have the right to lodge a complaint with a supervisory authority, in this case the Spanish Data Protection Agency (Agencia Espa\u00f1ola de Protecci\u00f3n de Datos), C\/ Jorge Juan, 6, 28001 Madrid, Spain.<\/p>\r\n<p><strong>10. General<\/strong>\u00a0We reserve the right to amend the terms of this Privacy Policy and will notify you by providing a clear notice of these changes by email or on our website, and in this Privacy Policy. If you continue to use and\/or access our Website after such update, you will be deemed to accept the new terms. If you do not accept the update, please notify us and we will terminate any account you may have with us, and remove any of your personal data (except as required to be maintained for legal purposes), and you will not be able to continue to use services to which you have subscribed.<\/p>\r\n<p>Unless a specific local regulation of mandatory application provides otherwise, the Privacy Policy is governed by the laws of Spain.<\/p>\r\n<!-- \/wp:paragraph -->","_et_gb_content_width":"","footnotes":""},"class_list":["post-20842","page","type-page","status-publish","hentry"],"acf":[],"yoast_head":"<!-- This site is optimized with the Yoast SEO Premium plugin v25.8 (Yoast SEO v25.8) - https:\/\/yoast.com\/wordpress\/plugins\/seo\/ -->\n<title>Privacy Policy | Qustodio<\/title>\n<meta name=\"robots\" content=\"index, follow, max-snippet:-1, max-image-preview:large, max-video-preview:-1\" \/>\n<link rel=\"canonical\" href=\"https:\/\/www.qustodio.com\/es\/privacy\/\" \/>\n<meta property=\"og:locale\" content=\"es_ES\" \/>\n<meta property=\"og:type\" content=\"article\" \/>\n<meta property=\"og:title\" content=\"Privacy Policy\" \/>\n<meta property=\"og:url\" content=\"https:\/\/www.qustodio.com\/es\/privacy\/\" \/>\n<meta property=\"og:site_name\" content=\"Qustodio\" \/>\n<meta property=\"article:modified_time\" content=\"2025-12-18T14:48:59+00:00\" \/>\n<meta name=\"twitter:card\" content=\"summary_large_image\" \/>\n<meta name=\"twitter:label1\" content=\"Est. reading time\" \/>\n\t<meta name=\"twitter:data1\" content=\"7 minutos\" \/>\n<script type=\"application\/ld+json\" class=\"yoast-schema-graph\">{\"@context\":\"https:\/\/schema.org\",\"@graph\":[{\"@type\":\"WebPage\",\"@id\":\"https:\/\/www.qustodio.com\/es\/privacy\/\",\"url\":\"https:\/\/www.qustodio.com\/es\/privacy\/\",\"name\":\"Privacy Policy | Qustodio\",\"isPartOf\":{\"@id\":\"https:\/\/www.qustodio.com\/es\/#website\"},\"datePublished\":\"2021-06-22T09:59:16+00:00\",\"dateModified\":\"2025-12-18T14:48:59+00:00\",\"inLanguage\":\"es\",\"potentialAction\":[{\"@type\":\"ReadAction\",\"target\":[\"https:\/\/www.qustodio.com\/es\/privacy\/\"]}]},{\"@type\":\"WebSite\",\"@id\":\"https:\/\/www.qustodio.com\/es\/#website\",\"url\":\"https:\/\/www.qustodio.com\/es\/\",\"name\":\"Qustodio\",\"description\":\"Free parental control app\",\"potentialAction\":[{\"@type\":\"SearchAction\",\"target\":{\"@type\":\"EntryPoint\",\"urlTemplate\":\"https:\/\/www.qustodio.com\/es\/?s={search_term_string}\"},\"query-input\":{\"@type\":\"PropertyValueSpecification\",\"valueRequired\":true,\"valueName\":\"search_term_string\"}}],\"inLanguage\":\"es\"}]}<\/script>\n<!-- \/ Yoast SEO Premium plugin. -->","yoast_head_json":{"title":"Privacy Policy | Qustodio","robots":{"index":"index","follow":"follow","max-snippet":"max-snippet:-1","max-image-preview":"max-image-preview:large","max-video-preview":"max-video-preview:-1"},"canonical":"https:\/\/www.qustodio.com\/es\/privacy\/","og_locale":"es_ES","og_type":"article","og_title":"Privacy Policy","og_url":"https:\/\/www.qustodio.com\/es\/privacy\/","og_site_name":"Qustodio","article_modified_time":"2025-12-18T14:48:59+00:00","twitter_card":"summary_large_image","twitter_misc":{"Est. reading time":"7 minutos"},"schema":{"@context":"https:\/\/schema.org","@graph":[{"@type":"WebPage","@id":"https:\/\/www.qustodio.com\/es\/privacy\/","url":"https:\/\/www.qustodio.com\/es\/privacy\/","name":"Privacy Policy | Qustodio","isPartOf":{"@id":"https:\/\/www.qustodio.com\/es\/#website"},"datePublished":"2021-06-22T09:59:16+00:00","dateModified":"2025-12-18T14:48:59+00:00","inLanguage":"es","potentialAction":[{"@type":"ReadAction","target":["https:\/\/www.qustodio.com\/es\/privacy\/"]}]},{"@type":"WebSite","@id":"https:\/\/www.qustodio.com\/es\/#website","url":"https:\/\/www.qustodio.com\/es\/","name":"Qustodio","description":"Free parental control app","potentialAction":[{"@type":"SearchAction","target":{"@type":"EntryPoint","urlTemplate":"https:\/\/www.qustodio.com\/es\/?s={search_term_string}"},"query-input":{"@type":"PropertyValueSpecification","valueRequired":true,"valueName":"search_term_string"}}],"inLanguage":"es"}]}},"_links":{"self":[{"href":"https:\/\/www.qustodio.com\/es\/wp-json\/wp\/v2\/pages\/20842","targetHints":{"allow":["GET"]}}],"collection":[{"href":"https:\/\/www.qustodio.com\/es\/wp-json\/wp\/v2\/pages"}],"about":[{"href":"https:\/\/www.qustodio.com\/es\/wp-json\/wp\/v2\/types\/page"}],"author":[{"embeddable":true,"href":"https:\/\/www.qustodio.com\/es\/wp-json\/wp\/v2\/users\/4"}],"replies":[{"embeddable":true,"href":"https:\/\/www.qustodio.com\/es\/wp-json\/wp\/v2\/comments?post=20842"}],"version-history":[{"count":12,"href":"https:\/\/www.qustodio.com\/es\/wp-json\/wp\/v2\/pages\/20842\/revisions"}],"predecessor-version":[{"id":97987,"href":"https:\/\/www.qustodio.com\/es\/wp-json\/wp\/v2\/pages\/20842\/revisions\/97987"}],"wp:attachment":[{"href":"https:\/\/www.qustodio.com\/es\/wp-json\/wp\/v2\/media?parent=20842"}],"curies":[{"name":"wp","href":"https:\/\/api.w.org\/{rel}","templated":true}]}}