{"id":90068,"date":"2025-07-17T09:48:46","date_gmt":"2025-07-17T09:48:46","guid":{"rendered":"https:\/\/www.qustodio.com\/accessibility\/"},"modified":"2026-03-31T10:36:55","modified_gmt":"2026-03-31T10:36:55","slug":"accessibility","status":"publish","type":"page","link":"https:\/\/www.qustodio.com\/es\/accessibility\/","title":{"rendered":"Website accessibility statement"},"content":{"rendered":"<p>[et_pb_section fb_built=\u00bb1&#8243; _builder_version=\u00bb4.16&#8243; custom_padding=\u00bb48px||48px||false|false\u00bb da_disable_devices=\u00bboff|off|off\u00bb global_colors_info=\u00bb{}\u00bb da_is_popup=\u00bboff\u00bb da_exit_intent=\u00bboff\u00bb da_has_close=\u00bbon\u00bb da_alt_close=\u00bboff\u00bb da_dark_close=\u00bboff\u00bb da_not_modal=\u00bbon\u00bb da_is_singular=\u00bboff\u00bb da_with_loader=\u00bboff\u00bb da_has_shadow=\u00bbon\u00bb][et_pb_row _builder_version=\u00bb4.16&#8243; background_size=\u00bbinitial\u00bb background_position=\u00bbtop_left\u00bb background_repeat=\u00bbrepeat\u00bb global_colors_info=\u00bb{}\u00bb][et_pb_column type=\u00bb4_4&#8243; _builder_version=\u00bb4.16&#8243; custom_padding=\u00bb|||\u00bb global_colors_info=\u00bb{}\u00bb custom_padding__hover=\u00bb|||\u00bb][et_pb_text _builder_version=\u00bb4.24.0&#8243; _module_preset=\u00bbdefault\u00bb global_colors_info=\u00bb{}\u00bb]<\/p>\n<h1>Declaraci\u00f3n de accesibilidad<\/h1>\n<p>[\/et_pb_text][et_pb_text _builder_version=\u00bb4.27.4&#8243; _module_preset=\u00bbdefault\u00bb hover_enabled=\u00bb0&#8243; global_colors_info=\u00bb{}\u00bb sticky_enabled=\u00bb0&#8243;]Esta declaraci\u00f3n se proporciona de conformidad con la legislaci\u00f3n aplicable en materia de accesibilidad, incluida la Ley Europea de Accesibilidad (Directiva (UE) 2019\/882), tal como se implementa en las leyes nacionales pertinentes.<\/p>\n<p>El sitio web Qustodio.com contiene informaci\u00f3n sobre nuestra soluci\u00f3n de control parental y bienestar digital para familias y permite a los usuarios acceder a su descarga.<\/p>\n<p>La estructura de la p\u00e1gina est\u00e1 dise\u00f1ada para facilitar la navegaci\u00f3n e incluye un men\u00fa permanentemente visible en la parte superior en el que los usuarios pueden encontrar enlaces a las principales secciones del sitio, incluidas las funciones del producto, los planes de precios y otro tipo de recursos.<\/p>\n<p>Si deseas obtener m\u00e1s informaci\u00f3n sobre c\u00f3mo funciona nuestro producto, las funciones que ofrece, el proceso de configuraci\u00f3n de la aplicaci\u00f3n o los pasos que debes seguir para descargar Qustodio en el dispositivo de tu hijo, visita la secci\u00f3n Producto que encontrar\u00e1s en dicho men\u00fa de navegaci\u00f3n.<\/p>\n<p>Si deseas consultar la lista de planes y las funciones que incluye cada uno, visita la p\u00e1gina <a href=\"https:\/\/www.qustodio.com\/es\/premium\/\">Precios.<\/a><\/p>\n<p>Si deseas acceder a los art\u00edculos de nuestro blog \u2014entre los que se incluyen recomendaciones sobre nuestro <a href=\"https:\/\/www.qustodio.com\/es\/blog\/category\/product-tips-es\/\">producto<\/a>, <a href=\"https:\/\/www.qustodio.com\/es\/blog\/category\/parenting-tips-es\/\">consejos para los padres<\/a> o <a href=\"https:\/\/www.qustodio.com\/en\/blog\/category\/app-safety-and-reviews\/\">gu\u00edas de seguridad<\/a>\u2014 o conocer las historias de algunos de nuestros clientes, haz clic en la secci\u00f3n Centro de aprendizaje.<\/p>\n<p>El sitio web tambi\u00e9n pone a disposici\u00f3n de las familias un extenso Centro de ayuda dise\u00f1ado para ayudarles a familiarizarse con la aplicaci\u00f3n en el que encontrar\u00e1s m\u00e1s informaci\u00f3n sobre las funciones de nuestro producto y c\u00f3mo utilizarlas.<br \/>\nLos usuarios pueden crear o acceder a su cuenta de Qustodio a trav\u00e9s de un proceso de inicio de sesi\u00f3n seguro.<\/p>\n<p>El sitio es compatible con dispositivos m\u00f3viles y cuenta con un dise\u00f1o adaptativo capaz de ajustarse tanto a smartphones como a tabletas. Adem\u00e1s, respetamos las pr\u00e1cticas recomendadas de accesibilidad para asegurarnos de que todos los usuarios pueden acceder al contenido.[\/et_pb_text][et_pb_text _builder_version=\u00bb4.24.0&#8243; _module_preset=\u00bbdefault\u00bb header_line_height=\u00bb1.6em\u00bb global_colors_info=\u00bb{}\u00bb]En Qustodio estamos convencidos de que la accesibilidad digital es un aspecto fundamental para poder ofrecer una experiencia inclusiva a todos los usuarios. Nos hemos comprometido a garantizar el acceso al sitio web por parte de personas con todo tipo de capacidades, tal y como establecen los principales est\u00e1ndares internacionales.[\/et_pb_text][et_pb_text _builder_version=\u00bb4.27.4&#8243; _module_preset=\u00bbdefault\u00bb hover_enabled=\u00bb0&#8243; global_colors_info=\u00bb{}\u00bb sticky_enabled=\u00bb0&#8243;]<\/p>\n<h2>Estado de conformidad<\/h2>\n<p>Hemos completado una evaluaci\u00f3n VPAT\u00ae Edici\u00f3n Internacional que eval\u00faa nuestra plataforma conforme a las normas WCAG 2.1 Nivel AA, Secci\u00f3n 508 y EN 301 549, las cuales garantizan el cumplimiento de la legislaci\u00f3n de accesibilidad aplicable, incluida la Directiva (UE) 2019\/882 sobre accesibilidad a las tecnolog\u00edas de la informaci\u00f3n y la comunicaci\u00f3n (CE).<\/p>\n<p>Seg\u00fan esta evaluaci\u00f3n, nuestra plataforma se encuentra actualmente clasificada como Parcialmente Conforme. Si bien se cumplen la mayor\u00eda de los requisitos de accesibilidad, algunas \u00e1reas requieren mayor perfeccionamiento. Estamos implementando activamente medidas correctivas para abordar las deficiencias identificadas y alinear a\u00fan m\u00e1s nuestra plataforma con los requisitos de accesibilidad aplicables.<\/p>\n<p>La accesibilidad est\u00e1 integrada en nuestro ciclo de vida de desarrollo y nos comprometemos a la monitorizaci\u00f3n y mejora continuas para optimizar la accesibilidad, la interoperabilidad con tecnolog\u00edas de asistencia y la usabilidad general para todos los usuarios.<\/p>\n<p>Puede solicitar una copia de nuestro informe VPAT\u00ae Edici\u00f3n Internacional (consulte la secci\u00f3n \u00abComentarios\u00bb).[\/et_pb_text][et_pb_text _builder_version=\u00bb4.24.0&#8243; _module_preset=\u00bbdefault\u00bb global_colors_info=\u00bb{}\u00bb]<\/p>\n<h2>Nuestro enfoque<\/h2>\n<p>Nuestras evaluaciones de accesibilidad combinan:<\/p>\n<ul>\n<li>Herramientas automatizadas: Axe, WAVE, Lighthouse, HTML Validator.<\/li>\n<li>Pruebas manuales: navegaci\u00f3n mediante el teclado, uso de lectores de pantalla.<\/li>\n<li>Revisiones de la estructura del sitio: uso de HTML sem\u00e1ntico, roles de ARIA y verificaci\u00f3n del etiquetado.<\/li>\n<\/ul>\n<p>[\/et_pb_text][et_pb_text _builder_version=\u00bb4.24.0&#8243; _module_preset=\u00bbdefault\u00bb global_colors_info=\u00bb{}\u00bb]<\/p>\n<h2>Estado actual de la accesibilidad<\/h2>\n<p>Hemos llevado a cabo varias mejoras en la plataforma con el fin de garantizar la accesibilidad. Comprobamos que los usuarios puedan navegar \u00edntegramente por todas las secciones del sitio a trav\u00e9s del teclado, y hay visibles varios indicadores de foco para ayudarles a identificar su posici\u00f3n en la pantalla. Las im\u00e1genes y los iconos m\u00e1s importantes incluyen texto alternativo, y los enlaces y los botones est\u00e1n claramente etiquetados para describir su finalidad. Asimismo, nos aseguramos de que el color no sea la \u00fanica forma de transmitir la informaci\u00f3n y evitamos incluir contenidos parpadeantes que puedan desencadenar ataques epil\u00e9pticos. Los atributos de idioma y los t\u00edtulos de los documentos est\u00e1n correctamente configurados, y la interfaz es accesible desde los principales lectores de pantalla utilizando los flujos de trabajo m\u00e1s habituales.[\/et_pb_text][et_pb_text _builder_version=\u00bb4.24.0&#8243; _module_preset=\u00bbdefault\u00bb global_colors_info=\u00bb{}\u00bb]<\/p>\n<h2>\u00c1reas de inter\u00e9s <\/h2>\n<p>Continuamos trabajando para optimizar varios aspectos de la experiencia de usuario. En concreto, estamos ajustando la relaci\u00f3n de contraste de las diferentes secciones de la interfaz para adecuarla a los est\u00e1ndares de legibilidad, lo que contribuir\u00e1 a mejorar la forma de presentar y resolver los errores de validaci\u00f3n de los formularios y nos permitir\u00e1 asegurarnos de que las actualizaciones din\u00e1micas de contenido se transmitan a las tecnolog\u00edas de apoyo. Adem\u00e1s, estamos revisando la estructura de los encabezados y reforzando las relaciones program\u00e1ticas entre los campos de los formularios y sus etiquetas para garantizar su claridad y facilitar la navegaci\u00f3n.[\/et_pb_text][et_pb_text _builder_version=\u00bb4.24.0&#8243; _module_preset=\u00bbdefault\u00bb global_colors_info=\u00bb{}\u00bb]<\/p>\n<h2>Nuestro compromiso de seguir mejorando<\/h2>\n<p>Facilitar la accesibilidad es un proceso continuo. Revisamos, probamos y mejoramos peri\u00f3dicamente nuestras experiencias digitales como parte de nuestro ciclo de desarrollo. Las nuevas funciones se someten a revisiones de accesibilidad antes de su lanzamiento, y siempre procuramos dar prioridad a las correcciones en funci\u00f3n de su impacto. [\/et_pb_text][et_pb_text _builder_version=\u00bb4.27.4&#8243; _module_preset=\u00bbdefault\u00bb hover_enabled=\u00bb0&#8243; global_colors_info=\u00bb{}\u00bb sticky_enabled=\u00bb0&#8243;]<\/p>\n<h2>Sugerencias y comentarios<\/h2>\n<p>Si tienes alguna dificultad para acceder al contenido o deseas enviarnos alguna sugerencia sobre c\u00f3mo mejorarlo o acceda a nuestro VPAT,, no dudes en ponerte en contacto con nosotros:<\/p>\n<p>Correo electr\u00f3nico: accessibility@qustodio.com.<br \/>Tiempo de respuesta: un plazo m\u00e1ximo de 15 d\u00edas laborables.<\/p>\n<p><em>Esta p\u00e1gina se actualiz\u00f3 por \u00faltima vez el 23 de marzo de 2026.<\/em><\/p>\n<p>[\/et_pb_text][\/et_pb_column][\/et_pb_row][\/et_pb_section]<\/p>\n","protected":false},"excerpt":{"rendered":"<p>Declaraci\u00f3n de accesibilidadEsta declaraci\u00f3n se proporciona de conformidad con la legislaci\u00f3n aplicable en materia de accesibilidad, incluida la Ley Europea de Accesibilidad (Directiva (UE) 2019\/882), tal como se implementa en las leyes nacionales pertinentes. El sitio web Qustodio.com contiene informaci\u00f3n sobre nuestra soluci\u00f3n de control parental y bienestar digital para familias y permite a los [&hellip;]<\/p>\n","protected":false},"author":35,"featured_media":0,"parent":0,"menu_order":0,"comment_status":"closed","ping_status":"closed","template":"","meta":{"_acf_changed":false,"_et_pb_use_builder":"on","_et_pb_old_content":"","_et_gb_content_width":"","footnotes":""},"class_list":["post-90068","page","type-page","status-publish","hentry"],"acf":[],"yoast_head":"<!-- This site is optimized with the Yoast SEO Premium plugin v25.8 (Yoast SEO v25.8) - https:\/\/yoast.com\/wordpress\/plugins\/seo\/ -->\n<title>Website accessibility statement | Qustodio<\/title>\n<meta name=\"robots\" content=\"index, follow, max-snippet:-1, max-image-preview:large, max-video-preview:-1\" \/>\n<link rel=\"canonical\" href=\"https:\/\/www.qustodio.com\/es\/accessibility\/\" \/>\n<meta property=\"og:locale\" content=\"es_ES\" \/>\n<meta property=\"og:type\" content=\"article\" \/>\n<meta property=\"og:title\" content=\"Website accessibility statement\" \/>\n<meta property=\"og:url\" content=\"https:\/\/www.qustodio.com\/es\/accessibility\/\" \/>\n<meta property=\"og:site_name\" content=\"Qustodio\" \/>\n<meta property=\"article:modified_time\" content=\"2026-03-31T10:36:55+00:00\" \/>\n<meta name=\"twitter:card\" content=\"summary_large_image\" \/>\n<meta name=\"twitter:label1\" content=\"Est. reading time\" \/>\n\t<meta name=\"twitter:data1\" content=\"3 minutos\" \/>\n<script type=\"application\/ld+json\" class=\"yoast-schema-graph\">{\"@context\":\"https:\/\/schema.org\",\"@graph\":[{\"@type\":\"WebPage\",\"@id\":\"https:\/\/www.qustodio.com\/es\/accessibility\/\",\"url\":\"https:\/\/www.qustodio.com\/es\/accessibility\/\",\"name\":\"Website accessibility statement | Qustodio\",\"isPartOf\":{\"@id\":\"https:\/\/www.qustodio.com\/es\/#website\"},\"datePublished\":\"2025-07-17T09:48:46+00:00\",\"dateModified\":\"2026-03-31T10:36:55+00:00\",\"inLanguage\":\"es\",\"potentialAction\":[{\"@type\":\"ReadAction\",\"target\":[\"https:\/\/www.qustodio.com\/es\/accessibility\/\"]}]},{\"@type\":\"WebSite\",\"@id\":\"https:\/\/www.qustodio.com\/es\/#website\",\"url\":\"https:\/\/www.qustodio.com\/es\/\",\"name\":\"Qustodio\",\"description\":\"Free parental control app\",\"potentialAction\":[{\"@type\":\"SearchAction\",\"target\":{\"@type\":\"EntryPoint\",\"urlTemplate\":\"https:\/\/www.qustodio.com\/es\/?s={search_term_string}\"},\"query-input\":{\"@type\":\"PropertyValueSpecification\",\"valueRequired\":true,\"valueName\":\"search_term_string\"}}],\"inLanguage\":\"es\"}]}<\/script>\n<!-- \/ Yoast SEO Premium plugin. -->","yoast_head_json":{"title":"Website accessibility statement | Qustodio","robots":{"index":"index","follow":"follow","max-snippet":"max-snippet:-1","max-image-preview":"max-image-preview:large","max-video-preview":"max-video-preview:-1"},"canonical":"https:\/\/www.qustodio.com\/es\/accessibility\/","og_locale":"es_ES","og_type":"article","og_title":"Website accessibility statement","og_url":"https:\/\/www.qustodio.com\/es\/accessibility\/","og_site_name":"Qustodio","article_modified_time":"2026-03-31T10:36:55+00:00","twitter_card":"summary_large_image","twitter_misc":{"Est. reading time":"3 minutos"},"schema":{"@context":"https:\/\/schema.org","@graph":[{"@type":"WebPage","@id":"https:\/\/www.qustodio.com\/es\/accessibility\/","url":"https:\/\/www.qustodio.com\/es\/accessibility\/","name":"Website accessibility statement | Qustodio","isPartOf":{"@id":"https:\/\/www.qustodio.com\/es\/#website"},"datePublished":"2025-07-17T09:48:46+00:00","dateModified":"2026-03-31T10:36:55+00:00","inLanguage":"es","potentialAction":[{"@type":"ReadAction","target":["https:\/\/www.qustodio.com\/es\/accessibility\/"]}]},{"@type":"WebSite","@id":"https:\/\/www.qustodio.com\/es\/#website","url":"https:\/\/www.qustodio.com\/es\/","name":"Qustodio","description":"Free parental control app","potentialAction":[{"@type":"SearchAction","target":{"@type":"EntryPoint","urlTemplate":"https:\/\/www.qustodio.com\/es\/?s={search_term_string}"},"query-input":{"@type":"PropertyValueSpecification","valueRequired":true,"valueName":"search_term_string"}}],"inLanguage":"es"}]}},"_links":{"self":[{"href":"https:\/\/www.qustodio.com\/es\/wp-json\/wp\/v2\/pages\/90068","targetHints":{"allow":["GET"]}}],"collection":[{"href":"https:\/\/www.qustodio.com\/es\/wp-json\/wp\/v2\/pages"}],"about":[{"href":"https:\/\/www.qustodio.com\/es\/wp-json\/wp\/v2\/types\/page"}],"author":[{"embeddable":true,"href":"https:\/\/www.qustodio.com\/es\/wp-json\/wp\/v2\/users\/35"}],"replies":[{"embeddable":true,"href":"https:\/\/www.qustodio.com\/es\/wp-json\/wp\/v2\/comments?post=90068"}],"version-history":[{"count":3,"href":"https:\/\/www.qustodio.com\/es\/wp-json\/wp\/v2\/pages\/90068\/revisions"}],"predecessor-version":[{"id":102945,"href":"https:\/\/www.qustodio.com\/es\/wp-json\/wp\/v2\/pages\/90068\/revisions\/102945"}],"wp:attachment":[{"href":"https:\/\/www.qustodio.com\/es\/wp-json\/wp\/v2\/media?parent=90068"}],"curies":[{"name":"wp","href":"https:\/\/api.w.org\/{rel}","templated":true}]}}