{"id":10561,"date":"2021-08-16T11:53:31","date_gmt":"2021-08-16T11:53:31","guid":{"rendered":"https:\/\/www.qustodio.com\/sinscrire\/"},"modified":"2025-06-27T08:49:06","modified_gmt":"2025-06-27T08:49:06","slug":"sinscrire","status":"publish","type":"page","link":"https:\/\/www.qustodio.com\/fr\/sinscrire\/","title":{"rendered":"S&rsquo;inscrire"},"content":{"rendered":"<p>[et_pb_section fb_built=\u00a0\u00bb1&Prime; disabled_on=\u00a0\u00bboff|off|off\u00a0\u00bb admin_label=\u00a0\u00bbControl | Section\u00a0\u00bb _builder_version=\u00a0\u00bb4.24.0&Prime; _module_preset=\u00a0\u00bbdefault\u00a0\u00bb background_image=\u00a0\u00bbhttps:\/\/static.qustodio.com\/public-site\/uploads\/2024\/01\/05130429\/group-16%402x.png\u00a0\u00bb background_enable_image=\u00a0\u00bbon\u00a0\u00bb background_size=\u00a0\u00bbcustom\u00a0\u00bb background_image_width=\u00a0\u00bb15%\u00a0\u00bb background_position=\u00a0\u00bbtop_right\u00a0\u00bb min_height=\u00a0\u00bb100vh\u00a0\u00bb min_height_tablet=\u00a0\u00bb\u00a0\u00bb min_height_phone=\u00a0\u00bb\u00a0\u00bb min_height_last_edited=\u00a0\u00bbon|phone\u00a0\u00bb height_tablet=\u00a0\u00bb\u00a0\u00bb height_phone=\u00a0\u00bb60%\u00a0\u00bb height_last_edited=\u00a0\u00bbon|phone\u00a0\u00bb custom_margin=\u00a0\u00bb|0px||0px|false|false\u00a0\u00bb custom_margin_tablet=\u00a0\u00bb|0px||0px|false|false\u00a0\u00bb custom_margin_phone=\u00a0\u00bb0px||0px||false|false\u00a0\u00bb custom_margin_last_edited=\u00a0\u00bbon|phone\u00a0\u00bb custom_padding=\u00a0\u00bb0px|0px|0px|0px|true|false\u00a0\u00bb background_last_edited=\u00a0\u00bbon|phone\u00a0\u00bb background_enable_image_tablet=\u00a0\u00bboff\u00a0\u00bb da_disable_devices=\u00a0\u00bboff|off|off\u00a0\u00bb qustodio_condition=\u00a0\u00bbexperiment_active\u00a0\u00bb qustodio_experiment_key=\u00a0\u00bbweb_redesign2023&Prime; qustodio_experiment_variant_key=\u00a0\u00bbb\u00a0\u00bb locked=\u00a0\u00bboff\u00a0\u00bb collapsed=\u00a0\u00bbon\u00a0\u00bb global_colors_info=\u00a0\u00bb{}\u00a0\u00bb da_is_popup=\u00a0\u00bboff\u00a0\u00bb da_exit_intent=\u00a0\u00bboff\u00a0\u00bb da_has_close=\u00a0\u00bbon\u00a0\u00bb da_alt_close=\u00a0\u00bboff\u00a0\u00bb da_dark_close=\u00a0\u00bboff\u00a0\u00bb da_not_modal=\u00a0\u00bbon\u00a0\u00bb da_is_singular=\u00a0\u00bboff\u00a0\u00bb da_with_loader=\u00a0\u00bboff\u00a0\u00bb da_has_shadow=\u00a0\u00bbon\u00a0\u00bb][et_pb_row column_structure=\u00a0\u00bb2_5,3_5&Prime; _builder_version=\u00a0\u00bb4.20.4&Prime; _module_preset=\u00a0\u00bbdefault\u00a0\u00bb background_color=\u00a0\u00bbRGBA(0,0,0,0)\u00a0\u00bb width=\u00a0\u00bb100%\u00a0\u00bb max_width=\u00a0\u00bb100%\u00a0\u00bb module_alignment=\u00a0\u00bbcenter\u00a0\u00bb min_height=\u00a0\u00bb100vh\u00a0\u00bb custom_margin=\u00a0\u00bb0px|0px||0px|false|false\u00a0\u00bb custom_padding=\u00a0\u00bb0px|0px|0px|0px|false|false\u00a0\u00bb custom_css_main_element=\u00a0\u00bbdisplay: flex;||align-items: stretch;\u00a0\u00bb global_colors_info=\u00a0\u00bb{}\u00a0\u00bb][et_pb_column type=\u00a0\u00bb2_5&Prime; admin_label=\u00a0\u00bbColumn\u00a0\u00bb disabled_on=\u00a0\u00bbon|on|off\u00a0\u00bb _builder_version=\u00a0\u00bb4.20.4&Prime; _module_preset=\u00a0\u00bbdefault\u00a0\u00bb background_color=\u00a0\u00bb#ebfcf7&Prime; background_enable_mask_style=\u00a0\u00bbon\u00a0\u00bb background_mask_style=\u00a0\u00bbarch\u00a0\u00bb background_mask_color=\u00a0\u00bb#f8fafd\u00a0\u00bb background_mask_transform=\u00a0\u00bbflip_vertical|rotate_90_degree\u00a0\u00bb background_mask_aspect_ratio=\u00a0\u00bbportrait\u00a0\u00bb background_mask_size=\u00a0\u00bbcover\u00a0\u00bb custom_padding=\u00a0\u00bb0px||0px||false|false\u00a0\u00bb custom_padding_tablet=\u00a0\u00bb0px||0px||false|false\u00a0\u00bb custom_padding_phone=\u00a0\u00bb0px||0px||false|false\u00a0\u00bb custom_padding_last_edited=\u00a0\u00bbon|phone\u00a0\u00bb custom_css_main_element=\u00a0\u00bbmax-width: 488px !important;||margin-right: 0 !important;\u00a0\u00bb global_colors_info=\u00a0\u00bb{}\u00a0\u00bb][et_pb_image src=\u00a0\u00bbhttps:\/\/static.qustodio.com\/public-site\/uploads\/2025\/03\/21133604\/2-organismos-complex-header-non-optimized%403x.png\u00a0\u00bb alt=\u00a0\u00bbQustodio Parental Control by Qoria\u00a0\u00bb title_text=\u00a0\u00bb2-organismos-complex-header (non-optimized)@3x\u00a0\u00bb align=\u00a0\u00bbcenter\u00a0\u00bb admin_label=\u00a0\u00bbImage\u00a0\u00bb _builder_version=\u00a0\u00bb4.24.0&Prime; _module_preset=\u00a0\u00bbdefault\u00a0\u00bb max_width=\u00a0\u00bb184px\u00a0\u00bb module_alignment=\u00a0\u00bbcenter\u00a0\u00bb custom_margin=\u00a0\u00bb1px|0px|64px|0px|false|false\u00a0\u00bb custom_margin_tablet=\u00a0\u00bb1px|0px|64px|0px|false|false\u00a0\u00bb custom_margin_phone=\u00a0\u00bb1px|0px|64px|0px|false|false\u00a0\u00bb custom_margin_last_edited=\u00a0\u00bbon|phone\u00a0\u00bb custom_padding=\u00a0\u00bb134px||||false|false\u00a0\u00bb custom_padding_tablet=\u00a0\u00bb134px||||false|false\u00a0\u00bb custom_padding_phone=\u00a0\u00bb0px||||false|false\u00a0\u00bb custom_padding_last_edited=\u00a0\u00bbon|phone\u00a0\u00bb custom_css_main_element=\u00a0\u00bbdisplay: flex;\u00a0\u00bb global_colors_info=\u00a0\u00bb{}\u00a0\u00bb][\/et_pb_image][et_pb_image src=\u00a0\u00bbhttps:\/\/static.qustodio.com\/public-site\/uploads\/2025\/06\/27084322\/signup_image-fr.png\u00a0\u00bb alt=\u00a0\u00bbSign up to Qustodio for free today \u00a0\u00bb title_text=\u00a0\u00bbsignup_image&#8211;fr\u00a0\u00bb show_bottom_space=\u00a0\u00bboff\u00a0\u00bb force_fullwidth=\u00a0\u00bbon\u00a0\u00bb admin_label=\u00a0\u00bbImage\u00a0\u00bb _builder_version=\u00a0\u00bb4.24.0&Prime; _module_preset=\u00a0\u00bbdefault\u00a0\u00bb background_color=\u00a0\u00bbRGBA(0,0,0,0)\u00a0\u00bb module_alignment=\u00a0\u00bbleft\u00a0\u00bb custom_margin=\u00a0\u00bb0px|0px|0px|0px|false|false\u00a0\u00bb custom_padding=\u00a0\u00bb0px|0px|0px|0px|false|false\u00a0\u00bb hover_enabled=\u00a0\u00bb0&Prime; global_colors_info=\u00a0\u00bb{}\u00a0\u00bb sticky_enabled=\u00a0\u00bb0&Prime;][\/et_pb_image][et_pb_text _builder_version=\u00a0\u00bb4.24.0&Prime; _module_preset=\u00a0\u00bbdefault\u00a0\u00bb text_orientation=\u00a0\u00bbcenter\u00a0\u00bb width=\u00a0\u00bb80%\u00a0\u00bb module_alignment=\u00a0\u00bbcenter\u00a0\u00bb custom_margin=\u00a0\u00bb||0px||false|false\u00a0\u00bb custom_padding=\u00a0\u00bb24px||0px||false|false\u00a0\u00bb custom_css_main_element=\u00a0\u00bbfont-weight: 100 !important;\u00a0\u00bb global_colors_info=\u00a0\u00bb{}\u00a0\u00bb]<\/p>\n<h4 style=\"text-align: center;\">La solution de contr\u00f4le parental et de bien-\u00eatre num\u00e9rique tout en un<\/h4>\n<p>[\/et_pb_text][et_pb_image src=\u00a0\u00bbhttps:\/\/static.qustodio.com\/public-site\/uploads\/2024\/01\/05094005\/platforms%402x.png\u00a0\u00bb alt=\u00a0\u00bbSign up for Qustodio today!\u00a0\u00bb title_text=\u00a0\u00bbSign up for Qustodio today!\u00a0\u00bb align=\u00a0\u00bbcenter\u00a0\u00bb _builder_version=\u00a0\u00bb4.20.4&Prime; _module_preset=\u00a0\u00bbdefault\u00a0\u00bb max_width=\u00a0\u00bb300px\u00a0\u00bb module_alignment=\u00a0\u00bbcenter\u00a0\u00bb custom_margin=\u00a0\u00bb||0px||false|false\u00a0\u00bb custom_padding=\u00a0\u00bb||137px||false|false\u00a0\u00bb global_colors_info=\u00a0\u00bb{}\u00a0\u00bb][\/et_pb_image][\/et_pb_column][et_pb_column type=\u00a0\u00bb3_5&Prime; admin_label=\u00a0\u00bbColumn\u00a0\u00bb _builder_version=\u00a0\u00bb4.20.4&Prime; _module_preset=\u00a0\u00bbdefault\u00a0\u00bb custom_padding=\u00a0\u00bb0px|32px||32px|false|false\u00a0\u00bb custom_css_main_element=\u00a0\u00bbdisplay: flex;||flex-direction: column;||align-items: center;||flex: 1||\u00a0\u00bb global_colors_info=\u00a0\u00bb{}\u00a0\u00bb][et_pb_text admin_label=\u00a0\u00bbText\u00a0\u00bb _builder_version=\u00a0\u00bb4.24.0&Prime; _module_preset=\u00a0\u00bbdefault\u00a0\u00bb header_font_size=\u00a0\u00bb40px\u00a0\u00bb header_line_height=\u00a0\u00bb40px\u00a0\u00bb custom_margin=\u00a0\u00bb||8px||false|false\u00a0\u00bb custom_margin_tablet=\u00a0\u00bb||8px||false|false\u00a0\u00bb custom_margin_phone=\u00a0\u00bb||8px||false|false\u00a0\u00bb custom_margin_last_edited=\u00a0\u00bbon|desktop\u00a0\u00bb custom_padding=\u00a0\u00bb134px||||false|false\u00a0\u00bb custom_padding_tablet=\u00a0\u00bb24px||||false|false\u00a0\u00bb custom_padding_phone=\u00a0\u00bb24px||||false|false\u00a0\u00bb custom_padding_last_edited=\u00a0\u00bbon|tablet\u00a0\u00bb header_font_tablet=\u00a0\u00bb\u00a0\u00bb header_font_phone=\u00a0\u00bb\u00a0\u00bb header_font_last_edited=\u00a0\u00bbon|phone\u00a0\u00bb header_font_size_phone=\u00a0\u00bb28px\u00a0\u00bb header_3_font_size_phone=\u00a0\u00bb28px\u00a0\u00bb global_colors_info=\u00a0\u00bb{}\u00a0\u00bb]<\/p>\n<h1 style=\"text-align: center;\">Cr\u00e9ez votre compte <span style=\"color: #49c592;\">GRATUIT<\/span> d\u00e8s maintenant<\/h1>\n<p>[\/et_pb_text][et_pb_text _builder_version=\u00a0\u00bb4.24.0&Prime; _module_preset=\u00a0\u00bbdefault\u00a0\u00bb global_colors_info=\u00a0\u00bb{}\u00a0\u00bb]<\/p>\n<p style=\"text-align: center; font-weight: 400px;\">Et profitez d&rsquo;un <strong>essai de toutes nos fonctionnalit\u00e9s Premium<\/strong><\/p>\n<p>[\/et_pb_text][qusd_signup_form source_touchpoint=\u00a0\u00bbfree_sign_up_en\u00a0\u00bb _builder_version=\u00a0\u00bb4.20.4&Prime; _module_preset=\u00a0\u00bbdefault\u00a0\u00bb module_alignment=\u00a0\u00bbcenter\u00a0\u00bb custom_margin=\u00a0\u00bb||||false|false\u00a0\u00bb custom_css_main_element=\u00a0\u00bbdisplay: flex;||justify-content: center;\u00a0\u00bb global_colors_info=\u00a0\u00bb{}\u00a0\u00bb][\/qusd_signup_form][et_pb_text content_tablet=\u00a0\u00bb<\/p>\n<p style=%22text-align: right;%22>Vous avez d\u00e9j\u00e0 un compte ? <a href=%22https:\/\/family.qustodio.com\/parents-app#\/%22>Cliquez ici<\/a> pour connecter.<\/p>\n<p>\u00a0\u00bb content_phone=\u00a0\u00bb<\/p>\n<p style=%22text-align: center;%22>Vous avez d\u00e9j\u00e0 un compte ? <a href=%22https:\/\/family.qustodio.com\/parents-app#\/%22>Cliquez ici<\/a> pour connecter.<\/p>\n<p>\u00a0\u00bb content_last_edited=\u00a0\u00bbon|tablet\u00a0\u00bb _builder_version=\u00a0\u00bb4.24.0&Prime; _module_preset=\u00a0\u00bbdefault\u00a0\u00bb text_font_size=\u00a0\u00bb14px\u00a0\u00bb custom_margin=\u00a0\u00bb-10px||||false|false\u00a0\u00bb text_font_size_phone=\u00a0\u00bb14px\u00a0\u00bb global_colors_info=\u00a0\u00bb{}\u00a0\u00bb]<\/p>\n<p style=\"text-align: right;\">Vous avez d\u00e9j\u00e0 un compte ? <a href=\"https:\/\/family.qustodio.com\/parents-app#\/\">Cliquez ici<\/a> pour connecter.<\/p>\n<p>[\/et_pb_text][\/et_pb_column][\/et_pb_row][\/et_pb_section]<\/p>\n","protected":false},"excerpt":{"rendered":"<p>La solution de contr\u00f4le parental et de bien-\u00eatre num\u00e9rique tout en unCr\u00e9ez votre compte GRATUIT d\u00e8s maintenantEt profitez d&rsquo;un essai de toutes nos fonctionnalit\u00e9s Premium<div class=\"et_pb_module qusd_signup_form qusd_signup_form_0\">\n\t\t\t\t\n\t\t\t\t\n\t\t\t\t\n\t\t\t\t\n\t\t\t\t\n\t\t\t\t\n\t\t\t\t<div class=\"et_pb_module_inner\">\n\t\t\t\t\t<iframe id='signup-form' src=https:\/\/auth.qustodio.com\/fr\/sso\/embedded-sign-up\/?response_type=code&state=e30&redirect_uri=https%3A%2F%2Ffamily.qustodio.com%2Fparents-app&client_id=2zuJslNvMxkfLgLikoS7PsAqILWO2lRSrOLAhjmd&details=eyJzb3VyY2VfdG91Y2hwb2ludCI6ImZyZWVfc2lnbl91cF9lbiJ9&campaign=trial3only-qustodio-web-onboard title='Sign up to Qustodio'><\/iframe>\n\t\t\t\t<\/div>\n\t\t\t<\/div>Vous avez d\u00e9j\u00e0 un compte ? Cliquez ici pour connecter.<\/p>\n","protected":false},"author":4,"featured_media":0,"parent":0,"menu_order":0,"comment_status":"closed","ping_status":"closed","template":"page-templates\/no-header-no-footer.php","meta":{"_acf_changed":false,"_et_pb_use_builder":"on","_et_pb_old_content":"","_et_gb_content_width":"","footnotes":""},"class_list":["post-10561","page","type-page","status-publish","hentry"],"acf":[],"yoast_head":"<!-- This site is optimized with the Yoast SEO Premium plugin v25.8 (Yoast SEO v25.8) - https:\/\/yoast.com\/wordpress\/plugins\/seo\/ -->\n<title>S&#039;inscrire | Qustodio<\/title>\n<meta name=\"robots\" content=\"index, follow, max-snippet:-1, max-image-preview:large, max-video-preview:-1\" \/>\n<link rel=\"canonical\" href=\"https:\/\/www.qustodio.com\/fr\/sinscrire\/\" \/>\n<meta property=\"og:locale\" content=\"fr_FR\" \/>\n<meta property=\"og:type\" content=\"article\" \/>\n<meta property=\"og:title\" content=\"S&#039;inscrire\" \/>\n<meta property=\"og:url\" content=\"https:\/\/www.qustodio.com\/fr\/sinscrire\/\" \/>\n<meta property=\"og:site_name\" content=\"Qustodio\" \/>\n<meta property=\"article:modified_time\" content=\"2025-06-27T08:49:06+00:00\" \/>\n<meta name=\"twitter:card\" content=\"summary_large_image\" \/>\n<meta name=\"twitter:label1\" content=\"Est. reading time\" \/>\n\t<meta name=\"twitter:data1\" content=\"4 minutes\" \/>\n<script type=\"application\/ld+json\" class=\"yoast-schema-graph\">{\"@context\":\"https:\/\/schema.org\",\"@graph\":[{\"@type\":\"WebPage\",\"@id\":\"https:\/\/www.qustodio.com\/fr\/sinscrire\/\",\"url\":\"https:\/\/www.qustodio.com\/fr\/sinscrire\/\",\"name\":\"S'inscrire | Qustodio\",\"isPartOf\":{\"@id\":\"https:\/\/www.qustodio.com\/fr\/#website\"},\"datePublished\":\"2021-08-16T11:53:31+00:00\",\"dateModified\":\"2025-06-27T08:49:06+00:00\",\"inLanguage\":\"fr-FR\",\"potentialAction\":[{\"@type\":\"ReadAction\",\"target\":[\"https:\/\/www.qustodio.com\/fr\/sinscrire\/\"]}]},{\"@type\":\"WebSite\",\"@id\":\"https:\/\/www.qustodio.com\/fr\/#website\",\"url\":\"https:\/\/www.qustodio.com\/fr\/\",\"name\":\"Qustodio\",\"description\":\"Free parental control app\",\"potentialAction\":[{\"@type\":\"SearchAction\",\"target\":{\"@type\":\"EntryPoint\",\"urlTemplate\":\"https:\/\/www.qustodio.com\/fr\/?s={search_term_string}\"},\"query-input\":{\"@type\":\"PropertyValueSpecification\",\"valueRequired\":true,\"valueName\":\"search_term_string\"}}],\"inLanguage\":\"fr-FR\"}]}<\/script>\n<!-- \/ Yoast SEO Premium plugin. -->","yoast_head_json":{"title":"S'inscrire | Qustodio","robots":{"index":"index","follow":"follow","max-snippet":"max-snippet:-1","max-image-preview":"max-image-preview:large","max-video-preview":"max-video-preview:-1"},"canonical":"https:\/\/www.qustodio.com\/fr\/sinscrire\/","og_locale":"fr_FR","og_type":"article","og_title":"S'inscrire","og_url":"https:\/\/www.qustodio.com\/fr\/sinscrire\/","og_site_name":"Qustodio","article_modified_time":"2025-06-27T08:49:06+00:00","twitter_card":"summary_large_image","twitter_misc":{"Est. reading time":"4 minutes"},"schema":{"@context":"https:\/\/schema.org","@graph":[{"@type":"WebPage","@id":"https:\/\/www.qustodio.com\/fr\/sinscrire\/","url":"https:\/\/www.qustodio.com\/fr\/sinscrire\/","name":"S'inscrire | Qustodio","isPartOf":{"@id":"https:\/\/www.qustodio.com\/fr\/#website"},"datePublished":"2021-08-16T11:53:31+00:00","dateModified":"2025-06-27T08:49:06+00:00","inLanguage":"fr-FR","potentialAction":[{"@type":"ReadAction","target":["https:\/\/www.qustodio.com\/fr\/sinscrire\/"]}]},{"@type":"WebSite","@id":"https:\/\/www.qustodio.com\/fr\/#website","url":"https:\/\/www.qustodio.com\/fr\/","name":"Qustodio","description":"Free parental control app","potentialAction":[{"@type":"SearchAction","target":{"@type":"EntryPoint","urlTemplate":"https:\/\/www.qustodio.com\/fr\/?s={search_term_string}"},"query-input":{"@type":"PropertyValueSpecification","valueRequired":true,"valueName":"search_term_string"}}],"inLanguage":"fr-FR"}]}},"_links":{"self":[{"href":"https:\/\/www.qustodio.com\/fr\/wp-json\/wp\/v2\/pages\/10561","targetHints":{"allow":["GET"]}}],"collection":[{"href":"https:\/\/www.qustodio.com\/fr\/wp-json\/wp\/v2\/pages"}],"about":[{"href":"https:\/\/www.qustodio.com\/fr\/wp-json\/wp\/v2\/types\/page"}],"author":[{"embeddable":true,"href":"https:\/\/www.qustodio.com\/fr\/wp-json\/wp\/v2\/users\/4"}],"replies":[{"embeddable":true,"href":"https:\/\/www.qustodio.com\/fr\/wp-json\/wp\/v2\/comments?post=10561"}],"version-history":[{"count":9,"href":"https:\/\/www.qustodio.com\/fr\/wp-json\/wp\/v2\/pages\/10561\/revisions"}],"predecessor-version":[{"id":87120,"href":"https:\/\/www.qustodio.com\/fr\/wp-json\/wp\/v2\/pages\/10561\/revisions\/87120"}],"wp:attachment":[{"href":"https:\/\/www.qustodio.com\/fr\/wp-json\/wp\/v2\/media?parent=10561"}],"curies":[{"name":"wp","href":"https:\/\/api.w.org\/{rel}","templated":true}]}}