{"id":11013,"date":"2021-08-18T09:06:04","date_gmt":"2021-08-18T09:06:04","guid":{"rendered":"https:\/\/www.qustodio.com\/downloads\/android-with-calls-and-sms-download\/"},"modified":"2024-12-17T11:16:24","modified_gmt":"2024-12-17T11:16:24","slug":"android-with-calls-and-sms-get-old","status":"publish","type":"page","link":"https:\/\/www.qustodio.com\/fr\/downloads\/android-with-calls-and-sms-get-old\/","title":{"rendered":"Android with calls and SMS download"},"content":{"rendered":"<p>[et_pb_section fb_built=\u00a0\u00bb1&Prime; admin_label=\u00a0\u00bbHero\u00a0\u00bb _builder_version=\u00a0\u00bb4.16&Prime; _module_preset=\u00a0\u00bbdefault\u00a0\u00bb background_color=\u00a0\u00bb#eff3f6&Prime; background_enable_color=\u00a0\u00bbon\u00a0\u00bb background_image=\u00a0\u00bbhttps:\/\/static.qustodio.com\/public-site\/uploads\/2021\/08\/10081717\/fill-1-copy%402x.png\u00a0\u00bb background_enable_image=\u00a0\u00bbon\u00a0\u00bb background_size=\u00a0\u00bbcontain\u00a0\u00bb background_position=\u00a0\u00bbtop_right\u00a0\u00bb custom_padding=\u00a0\u00bb48px||1px||false|false\u00a0\u00bb background_last_edited=\u00a0\u00bbon|phone\u00a0\u00bb background_image_phone=\u00a0\u00bbhttps:\/\/static.qustodio.com\/public-site\/uploads\/2021\/08\/10082130\/bg-green-copy-2%402x.png\u00a0\u00bb background_enable_image_phone=\u00a0\u00bbon\u00a0\u00bb da_disable_devices=\u00a0\u00bboff|off|off\u00a0\u00bb global_colors_info=\u00a0\u00bb{}\u00a0\u00bb da_is_popup=\u00a0\u00bboff\u00a0\u00bb da_exit_intent=\u00a0\u00bboff\u00a0\u00bb da_has_close=\u00a0\u00bbon\u00a0\u00bb da_alt_close=\u00a0\u00bboff\u00a0\u00bb da_dark_close=\u00a0\u00bboff\u00a0\u00bb da_not_modal=\u00a0\u00bbon\u00a0\u00bb da_is_singular=\u00a0\u00bboff\u00a0\u00bb da_with_loader=\u00a0\u00bboff\u00a0\u00bb da_has_shadow=\u00a0\u00bbon\u00a0\u00bb][et_pb_row _builder_version=\u00a0\u00bb4.16&Prime; _module_preset=\u00a0\u00bbdefault\u00a0\u00bb custom_padding=\u00a0\u00bb||0px||false|false\u00a0\u00bb global_colors_info=\u00a0\u00bb{}\u00a0\u00bb][et_pb_column type=\u00a0\u00bb4_4&Prime; _builder_version=\u00a0\u00bb4.16&Prime; _module_preset=\u00a0\u00bbdefault\u00a0\u00bb global_colors_info=\u00a0\u00bb{}\u00a0\u00bb][et_pb_text _builder_version=\u00a0\u00bb4.16&Prime; _module_preset=\u00a0\u00bbdefault\u00a0\u00bb global_colors_info=\u00a0\u00bb{}\u00a0\u00bb]<\/p>\n<h1 class=\"c-panel__title\" style=\"text-align: center;\">T\u00e9l\u00e9charger Qustodio pour Android avec Appels et SMS<\/h1>\n<h2 style=\"text-align: center;\">En raison des nouvelles politiques de Google, nous ne pouvons plus demander d&rsquo;autorisations relatives aux appels et SMS lorsque vous effectuez un t\u00e9l\u00e9chargement depuis Google Play.<\/h2>\n<p>[\/et_pb_text][\/et_pb_column][\/et_pb_row][\/et_pb_section][et_pb_section fb_built=\u00a0\u00bb1&Prime; _builder_version=\u00a0\u00bb4.16&Prime; _module_preset=\u00a0\u00bbdefault\u00a0\u00bb background_color=\u00a0\u00bb#eff3f6&Prime; background_enable_color=\u00a0\u00bbon\u00a0\u00bb da_disable_devices=\u00a0\u00bboff|off|off\u00a0\u00bb global_colors_info=\u00a0\u00bb{}\u00a0\u00bb da_is_popup=\u00a0\u00bboff\u00a0\u00bb da_exit_intent=\u00a0\u00bboff\u00a0\u00bb da_has_close=\u00a0\u00bbon\u00a0\u00bb da_alt_close=\u00a0\u00bboff\u00a0\u00bb da_dark_close=\u00a0\u00bboff\u00a0\u00bb da_not_modal=\u00a0\u00bbon\u00a0\u00bb da_is_singular=\u00a0\u00bboff\u00a0\u00bb da_with_loader=\u00a0\u00bboff\u00a0\u00bb da_has_shadow=\u00a0\u00bbon\u00a0\u00bb][et_pb_row _builder_version=\u00a0\u00bb4.16&Prime; _module_preset=\u00a0\u00bbdefault\u00a0\u00bb global_colors_info=\u00a0\u00bb{}\u00a0\u00bb][et_pb_column type=\u00a0\u00bb4_4&Prime; admin_label=\u00a0\u00bbColumn\u00a0\u00bb _builder_version=\u00a0\u00bb4.16&Prime; _module_preset=\u00a0\u00bbdefault\u00a0\u00bb global_colors_info=\u00a0\u00bb{}\u00a0\u00bb][et_pb_text _builder_version=\u00a0\u00bb4.16&Prime; _module_preset=\u00a0\u00bbdefault\u00a0\u00bb global_colors_info=\u00a0\u00bb{}\u00a0\u00bb]<\/p>\n<p style=\"text-align: center;\">Si vous souhaitez toujours surveiller les appels et SMS, vous pouvez t\u00e9l\u00e9charger Qustodio directement depuis de notre site Web en cliquant sur T\u00e9l\u00e9charger ci-dessous.<\/p>\n<p style=\"text-align: center;\">Si vous avez un appareil Huawei et que vous souhaitez utiliser notre fonctionnalit\u00e9 de surveillance des appels et SMS, cliquez<span>\u00a0<\/span><a href=\"https:\/\/appgallery.huawei.com\/#\/app\/C101241815\">ici<\/a>.<\/p>\n<h3 class=\"c-panel__title\" style=\"text-align: center;\">T\u00e9l\u00e9chargez Qustodio pour Android depuis notre site Web<\/h3>\n<p style=\"text-align: center;\">Vous serez invit\u00e9 \u00e0 aller dans Param\u00e8tres et Autoriser Qustodio. Vous pourrez ainsi t\u00e9l\u00e9charger l&rsquo;application compl\u00e8te avec la surveillance des appels et SMS directement depuis notre site Web.<\/p>\n<p style=\"text-align: center;\"><img loading=\"lazy\" decoding=\"async\" src=\"https:\/\/static.qustodio.com\/public-site\/uploads\/2021\/11\/15170150\/popup-fr-300x159.png\" width=\"300\" height=\"159\" alt=\"\" class=\"wp-image-17702 alignnone size-medium\" \/><\/p>\n<p style=\"text-align: center;\"><span>Qustodio fonctionne sur les appareils Android sous Android 6.0 ou une version ult\u00e9rieure.<\/span><\/p>\n<p>[\/et_pb_text][qusd_button button_text=\u00a0\u00bbT\u00e9l\u00e9charger\u00a0\u00bb _builder_version=\u00a0\u00bb4.16&Prime; _module_preset=\u00a0\u00bbdefault\u00a0\u00bb link_option_url=\u00a0\u00bbhttps:\/\/api.qustodio.com\/v1\/download?tenant=family&#038;version=0&#038;platform=2&Prime; custom_css_main_element=\u00a0\u00bbdisplay: flex;||flex-direction: row;||justify-content: center;\u00a0\u00bb global_colors_info=\u00a0\u00bb{}\u00a0\u00bb][\/qusd_button][et_pb_text _builder_version=\u00a0\u00bb4.16&Prime; _module_preset=\u00a0\u00bbdefault\u00a0\u00bb global_colors_info=\u00a0\u00bb{}\u00a0\u00bb]<\/p>\n<p style=\"text-align: center;\"><a href=\"https:\/\/play.google.com\/store\/apps\/details?id=com.qustodio.qustodioapp\">Non merci, je souhaite aller dans Google Play<\/a><\/p>\n<p>[\/et_pb_text][\/et_pb_column][\/et_pb_row][\/et_pb_section][et_pb_section fb_built=\u00a0\u00bb1&Prime; custom_padding_last_edited=\u00a0\u00bbon|phone\u00a0\u00bb admin_label=\u00a0\u00bbHelp\u00a0\u00bb _builder_version=\u00a0\u00bb4.16&Prime; _module_preset=\u00a0\u00bbdefault\u00a0\u00bb background_color=\u00a0\u00bb#49C592&Prime; background_enable_color=\u00a0\u00bbon\u00a0\u00bb custom_padding=\u00a0\u00bb72px||72px||true|false\u00a0\u00bb custom_padding_tablet=\u00a0\u00bb48px||48px||true|false\u00a0\u00bb custom_padding_phone=\u00a0\u00bb48px||48px||true|false\u00a0\u00bb da_disable_devices=\u00a0\u00bboff|off|off\u00a0\u00bb global_colors_info=\u00a0\u00bb{}\u00a0\u00bb da_is_popup=\u00a0\u00bboff\u00a0\u00bb da_exit_intent=\u00a0\u00bboff\u00a0\u00bb da_has_close=\u00a0\u00bbon\u00a0\u00bb da_alt_close=\u00a0\u00bboff\u00a0\u00bb da_dark_close=\u00a0\u00bboff\u00a0\u00bb da_not_modal=\u00a0\u00bbon\u00a0\u00bb da_is_singular=\u00a0\u00bboff\u00a0\u00bb da_with_loader=\u00a0\u00bboff\u00a0\u00bb da_has_shadow=\u00a0\u00bbon\u00a0\u00bb][et_pb_row _builder_version=\u00a0\u00bb4.16&Prime; _module_preset=\u00a0\u00bbdefault\u00a0\u00bb custom_margin=\u00a0\u00bb0px||0px||false|false\u00a0\u00bb custom_padding=\u00a0\u00bb0px||0px||false|false\u00a0\u00bb global_colors_info=\u00a0\u00bb{}\u00a0\u00bb][et_pb_column type=\u00a0\u00bb4_4&Prime; _builder_version=\u00a0\u00bb4.16&Prime; _module_preset=\u00a0\u00bbdefault\u00a0\u00bb global_colors_info=\u00a0\u00bb{}\u00a0\u00bb][et_pb_text _builder_version=\u00a0\u00bb4.16&Prime; _module_preset=\u00a0\u00bbdefault\u00a0\u00bb text_text_color=\u00a0\u00bb#FFFFFF\u00a0\u00bb header_text_color=\u00a0\u00bb#FFFFFF\u00a0\u00bb header_3_text_color=\u00a0\u00bb#FFFFFF\u00a0\u00bb custom_margin=\u00a0\u00bb||24px||false|false\u00a0\u00bb custom_margin_tablet=\u00a0\u00bb\u00a0\u00bb custom_margin_phone=\u00a0\u00bb||0px||false|false\u00a0\u00bb custom_margin_last_edited=\u00a0\u00bbon|tablet\u00a0\u00bb global_colors_info=\u00a0\u00bb{}\u00a0\u00bb]<\/p>\n<h3 style=\"text-align: center;\"><strong>Nous sommes l\u00e0 pour vous aider<\/strong><\/h3>\n<p>[\/et_pb_text][et_pb_text _builder_version=\u00a0\u00bb4.16&Prime; _module_preset=\u00a0\u00bbdefault\u00a0\u00bb text_font=\u00a0\u00bbPoppins|500|||on|||#FFFFFF|\u00a0\u00bb text_text_color=\u00a0\u00bb#FFFFFF\u00a0\u00bb text_font_size=\u00a0\u00bb20px\u00a0\u00bb text_orientation=\u00a0\u00bbcenter\u00a0\u00bb custom_margin=\u00a0\u00bb0px||||false|false\u00a0\u00bb custom_padding=\u00a0\u00bb||||false|false\u00a0\u00bb link_option_url=\u00a0\u00bbhttps:\/\/www.qustodio.com\/en\/help\/contact\/\u00a0\u00bb text_font_phone=\u00a0\u00bbPoppins|500|||on||||\u00a0\u00bb text_font_size_phone=\u00a0\u00bb14px\u00a0\u00bb global_colors_info=\u00a0\u00bb{}\u00a0\u00bb]<\/p>\n<p><i class=\"far fa-info-circle\" style=\"margin-right: 8px;\"><\/i><a href=\"https:\/\/dev.qustodio.com\/fr\/help\/contact\/\">Si vous avez des questions, veuillez cliquer ici.<\/a><\/p>\n<p>[\/et_pb_text][\/et_pb_column][\/et_pb_row][\/et_pb_section]<\/p>\n","protected":false},"excerpt":{"rendered":"<p>T\u00e9l\u00e9charger Qustodio pour Android avec Appels et SMS En raison des nouvelles politiques de Google, nous ne pouvons plus demander d&rsquo;autorisations relatives aux appels et SMS lorsque vous effectuez un t\u00e9l\u00e9chargement depuis Google Play.Si vous souhaitez toujours surveiller les appels et SMS, vous pouvez t\u00e9l\u00e9charger Qustodio directement depuis de notre site Web en cliquant sur [&hellip;]<\/p>\n","protected":false},"author":4,"featured_media":0,"parent":66162,"menu_order":0,"comment_status":"closed","ping_status":"closed","template":"","meta":{"_acf_changed":false,"_et_pb_use_builder":"on","_et_pb_old_content":"","_et_gb_content_width":"","footnotes":""},"class_list":["post-11013","page","type-page","status-publish","hentry"],"acf":[],"yoast_head":"<!-- This site is optimized with the Yoast SEO Premium plugin v25.8 (Yoast SEO v25.8) - https:\/\/yoast.com\/wordpress\/plugins\/seo\/ -->\n<title>Android with calls and SMS download | Qustodio<\/title>\n<meta name=\"robots\" content=\"index, follow, max-snippet:-1, max-image-preview:large, max-video-preview:-1\" \/>\n<link rel=\"canonical\" href=\"https:\/\/www.qustodio.com\/fr\/downloads\/android-with-calls-and-sms-get-old\/\" \/>\n<meta property=\"og:locale\" content=\"fr_FR\" \/>\n<meta property=\"og:type\" content=\"article\" \/>\n<meta property=\"og:title\" content=\"Android with calls and SMS download\" \/>\n<meta property=\"og:url\" content=\"https:\/\/www.qustodio.com\/fr\/downloads\/android-with-calls-and-sms-get-old\/\" \/>\n<meta property=\"og:site_name\" content=\"Qustodio\" \/>\n<meta property=\"article:modified_time\" content=\"2024-12-17T11:16:24+00:00\" \/>\n<meta property=\"og:image\" content=\"https:\/\/www.qustodio.com\/wp-content\/uploads\/2021\/11\/popup-fr-300x159.png\" \/>\n<meta name=\"twitter:card\" content=\"summary_large_image\" \/>\n<meta name=\"twitter:label1\" content=\"Est. reading time\" \/>\n\t<meta name=\"twitter:data1\" content=\"1 minute\" \/>\n<script type=\"application\/ld+json\" class=\"yoast-schema-graph\">{\"@context\":\"https:\/\/schema.org\",\"@graph\":[{\"@type\":\"WebPage\",\"@id\":\"https:\/\/www.qustodio.com\/fr\/downloads\/android-with-calls-and-sms-get-old\/\",\"url\":\"https:\/\/www.qustodio.com\/fr\/downloads\/android-with-calls-and-sms-get-old\/\",\"name\":\"Android with calls and SMS download | Qustodio\",\"isPartOf\":{\"@id\":\"https:\/\/www.qustodio.com\/fr\/#website\"},\"primaryImageOfPage\":{\"@id\":\"https:\/\/www.qustodio.com\/fr\/downloads\/android-with-calls-and-sms-get-old\/#primaryimage\"},\"image\":{\"@id\":\"https:\/\/www.qustodio.com\/fr\/downloads\/android-with-calls-and-sms-get-old\/#primaryimage\"},\"thumbnailUrl\":\"https:\/\/www.qustodio.com\/wp-content\/uploads\/2021\/11\/popup-fr-300x159.png\",\"datePublished\":\"2021-08-18T09:06:04+00:00\",\"dateModified\":\"2024-12-17T11:16:24+00:00\",\"breadcrumb\":{\"@id\":\"https:\/\/www.qustodio.com\/fr\/downloads\/android-with-calls-and-sms-get-old\/#breadcrumb\"},\"inLanguage\":\"fr-FR\",\"potentialAction\":[{\"@type\":\"ReadAction\",\"target\":[\"https:\/\/www.qustodio.com\/fr\/downloads\/android-with-calls-and-sms-get-old\/\"]}]},{\"@type\":\"ImageObject\",\"inLanguage\":\"fr-FR\",\"@id\":\"https:\/\/www.qustodio.com\/fr\/downloads\/android-with-calls-and-sms-get-old\/#primaryimage\",\"url\":\"https:\/\/www.qustodio.com\/wp-content\/uploads\/2021\/11\/popup-fr-300x159.png\",\"contentUrl\":\"https:\/\/www.qustodio.com\/wp-content\/uploads\/2021\/11\/popup-fr-300x159.png\"},{\"@type\":\"BreadcrumbList\",\"@id\":\"https:\/\/www.qustodio.com\/fr\/downloads\/android-with-calls-and-sms-get-old\/#breadcrumb\",\"itemListElement\":[{\"@type\":\"ListItem\",\"position\":1,\"name\":\"T\u00e9l\u00e9chargements\",\"item\":\"https:\/\/www.qustodio.com\/fr\/downloads\/\"},{\"@type\":\"ListItem\",\"position\":2,\"name\":\"Android with calls and SMS download\"}]},{\"@type\":\"WebSite\",\"@id\":\"https:\/\/www.qustodio.com\/fr\/#website\",\"url\":\"https:\/\/www.qustodio.com\/fr\/\",\"name\":\"Qustodio\",\"description\":\"Free parental control app\",\"potentialAction\":[{\"@type\":\"SearchAction\",\"target\":{\"@type\":\"EntryPoint\",\"urlTemplate\":\"https:\/\/www.qustodio.com\/fr\/?s={search_term_string}\"},\"query-input\":{\"@type\":\"PropertyValueSpecification\",\"valueRequired\":true,\"valueName\":\"search_term_string\"}}],\"inLanguage\":\"fr-FR\"}]}<\/script>\n<!-- \/ Yoast SEO Premium plugin. -->","yoast_head_json":{"title":"Android with calls and SMS download | Qustodio","robots":{"index":"index","follow":"follow","max-snippet":"max-snippet:-1","max-image-preview":"max-image-preview:large","max-video-preview":"max-video-preview:-1"},"canonical":"https:\/\/www.qustodio.com\/fr\/downloads\/android-with-calls-and-sms-get-old\/","og_locale":"fr_FR","og_type":"article","og_title":"Android with calls and SMS download","og_url":"https:\/\/www.qustodio.com\/fr\/downloads\/android-with-calls-and-sms-get-old\/","og_site_name":"Qustodio","article_modified_time":"2024-12-17T11:16:24+00:00","og_image":[{"url":"https:\/\/www.qustodio.com\/wp-content\/uploads\/2021\/11\/popup-fr-300x159.png","type":"","width":"","height":""}],"twitter_card":"summary_large_image","twitter_misc":{"Est. reading time":"1 minute"},"schema":{"@context":"https:\/\/schema.org","@graph":[{"@type":"WebPage","@id":"https:\/\/www.qustodio.com\/fr\/downloads\/android-with-calls-and-sms-get-old\/","url":"https:\/\/www.qustodio.com\/fr\/downloads\/android-with-calls-and-sms-get-old\/","name":"Android with calls and SMS download | Qustodio","isPartOf":{"@id":"https:\/\/www.qustodio.com\/fr\/#website"},"primaryImageOfPage":{"@id":"https:\/\/www.qustodio.com\/fr\/downloads\/android-with-calls-and-sms-get-old\/#primaryimage"},"image":{"@id":"https:\/\/www.qustodio.com\/fr\/downloads\/android-with-calls-and-sms-get-old\/#primaryimage"},"thumbnailUrl":"https:\/\/www.qustodio.com\/wp-content\/uploads\/2021\/11\/popup-fr-300x159.png","datePublished":"2021-08-18T09:06:04+00:00","dateModified":"2024-12-17T11:16:24+00:00","breadcrumb":{"@id":"https:\/\/www.qustodio.com\/fr\/downloads\/android-with-calls-and-sms-get-old\/#breadcrumb"},"inLanguage":"fr-FR","potentialAction":[{"@type":"ReadAction","target":["https:\/\/www.qustodio.com\/fr\/downloads\/android-with-calls-and-sms-get-old\/"]}]},{"@type":"ImageObject","inLanguage":"fr-FR","@id":"https:\/\/www.qustodio.com\/fr\/downloads\/android-with-calls-and-sms-get-old\/#primaryimage","url":"https:\/\/www.qustodio.com\/wp-content\/uploads\/2021\/11\/popup-fr-300x159.png","contentUrl":"https:\/\/www.qustodio.com\/wp-content\/uploads\/2021\/11\/popup-fr-300x159.png"},{"@type":"BreadcrumbList","@id":"https:\/\/www.qustodio.com\/fr\/downloads\/android-with-calls-and-sms-get-old\/#breadcrumb","itemListElement":[{"@type":"ListItem","position":1,"name":"T\u00e9l\u00e9chargements","item":"https:\/\/www.qustodio.com\/fr\/downloads\/"},{"@type":"ListItem","position":2,"name":"Android with calls and SMS download"}]},{"@type":"WebSite","@id":"https:\/\/www.qustodio.com\/fr\/#website","url":"https:\/\/www.qustodio.com\/fr\/","name":"Qustodio","description":"Free parental control app","potentialAction":[{"@type":"SearchAction","target":{"@type":"EntryPoint","urlTemplate":"https:\/\/www.qustodio.com\/fr\/?s={search_term_string}"},"query-input":{"@type":"PropertyValueSpecification","valueRequired":true,"valueName":"search_term_string"}}],"inLanguage":"fr-FR"}]}},"_links":{"self":[{"href":"https:\/\/www.qustodio.com\/fr\/wp-json\/wp\/v2\/pages\/11013","targetHints":{"allow":["GET"]}}],"collection":[{"href":"https:\/\/www.qustodio.com\/fr\/wp-json\/wp\/v2\/pages"}],"about":[{"href":"https:\/\/www.qustodio.com\/fr\/wp-json\/wp\/v2\/types\/page"}],"author":[{"embeddable":true,"href":"https:\/\/www.qustodio.com\/fr\/wp-json\/wp\/v2\/users\/4"}],"replies":[{"embeddable":true,"href":"https:\/\/www.qustodio.com\/fr\/wp-json\/wp\/v2\/comments?post=11013"}],"version-history":[{"count":10,"href":"https:\/\/www.qustodio.com\/fr\/wp-json\/wp\/v2\/pages\/11013\/revisions"}],"predecessor-version":[{"id":77526,"href":"https:\/\/www.qustodio.com\/fr\/wp-json\/wp\/v2\/pages\/11013\/revisions\/77526"}],"up":[{"embeddable":true,"href":"https:\/\/www.qustodio.com\/fr\/wp-json\/wp\/v2\/pages\/66162"}],"wp:attachment":[{"href":"https:\/\/www.qustodio.com\/fr\/wp-json\/wp\/v2\/media?parent=11013"}],"curies":[{"name":"wp","href":"https:\/\/api.w.org\/{rel}","templated":true}]}}