{"id":11380,"date":"2021-08-16T05:47:13","date_gmt":"2021-08-16T05:47:13","guid":{"rendered":"https:\/\/www.qustodio.com\/company\/"},"modified":"2023-08-29T09:31:48","modified_gmt":"2023-08-29T09:31:48","slug":"company","status":"publish","type":"page","link":"https:\/\/www.qustodio.com\/fr\/company\/","title":{"rendered":"Company"},"content":{"rendered":"<p>[et_pb_section fb_built=\u00a0\u00bb1&Prime; _builder_version=\u00a0\u00bb4.16&Prime; _module_preset=\u00a0\u00bbdefault\u00a0\u00bb da_disable_devices=\u00a0\u00bboff|off|off\u00a0\u00bb global_colors_info=\u00a0\u00bb{}\u00a0\u00bb da_is_popup=\u00a0\u00bboff\u00a0\u00bb da_exit_intent=\u00a0\u00bboff\u00a0\u00bb da_has_close=\u00a0\u00bbon\u00a0\u00bb da_alt_close=\u00a0\u00bboff\u00a0\u00bb da_dark_close=\u00a0\u00bboff\u00a0\u00bb da_not_modal=\u00a0\u00bbon\u00a0\u00bb da_is_singular=\u00a0\u00bboff\u00a0\u00bb da_with_loader=\u00a0\u00bboff\u00a0\u00bb da_has_shadow=\u00a0\u00bbon\u00a0\u00bb][et_pb_row _builder_version=\u00a0\u00bb4.16&Prime; _module_preset=\u00a0\u00bbdefault\u00a0\u00bb global_colors_info=\u00a0\u00bb{}\u00a0\u00bb][et_pb_column type=\u00a0\u00bb4_4&Prime; _builder_version=\u00a0\u00bb4.16&Prime; _module_preset=\u00a0\u00bbdefault\u00a0\u00bb global_colors_info=\u00a0\u00bb{}\u00a0\u00bb][et_pb_text _builder_version=\u00a0\u00bb4.16&Prime; _module_preset=\u00a0\u00bbdefault\u00a0\u00bb global_colors_info=\u00a0\u00bb{}\u00a0\u00bb]<\/p>\n<h1 style=\"text-align: center;\"><span>\u00c0 propos de Qustodio<\/span><\/h1>\n<h2 style=\"text-align: center;\"><span>Notre mission est de garantir une exp\u00e9rience num\u00e9rique s\u00e9curis\u00e9e \u00e0 chaque enfant<\/span><\/h2>\n<p><span>Qustodio est leader sur le march\u00e9 des solutions de s\u00e9curit\u00e9 Internet pour les familles. Nous aidons les parents \u00e0 prot\u00e9ger leurs enfants des contenus inappropri\u00e9s, des pr\u00e9dateurs en ligne et des cyberintimidateurs, tout en favorisant des habitudes num\u00e9riques \u00e9quilibr\u00e9es. Utilis\u00e9e par plus de 4 millions de personnes dans 8 langues et 180 pays, l&rsquo;application Qustodio encourage une relation saine \u00e0 la technologie chez les familles du monde entier.<\/span><\/p>\n<p>&nbsp;<\/p>\n<h3 style=\"text-align: center;\"><span>L&rsquo;histoire des fondateurs<\/span><\/h3>\n<p><span>En 2010, Eduardo Cruz, Josh Gabel et Josep Gaspar travaillaient ensemble dans la cybers\u00e9curit\u00e9. \u00c0 la sortie de l&rsquo;iPhone 4, ils ont pris conscience qu&rsquo;une multitude d&rsquo;appareils num\u00e9riques \u00e9taient sur le point d&rsquo;entrer dans les foyers \u2013 un ph\u00e9nom\u00e8ne avec des avantages consid\u00e9rables mais aussi des risques majeurs. Dans le m\u00eame temps, ils se sont laiss\u00e9 inspirer par la mani\u00e8re dont les nouveaux outils d&rsquo;analyse aidaient les entreprises \u00e0 visualiser leurs donn\u00e9es. C&rsquo;est alors qu&rsquo;ils ont eu l&rsquo;id\u00e9e d&rsquo;utiliser des donn\u00e9es pr\u00e9sent\u00e9es de mani\u00e8re intuitive pour aider les familles \u00e0 prot\u00e9ger leurs enfants.<\/span><\/p>\n<p><span>Ils ont cr\u00e9\u00e9 leur premier prototype en 2011, avant de fonder un an plus tard Qustodio, dont le nom fait r\u00e9f\u00e9rence au terme latin <\/span><span>custodio <\/span><span>(gardien). Le premier produit propos\u00e9 permettait aux parents de surveiller l&rsquo;activit\u00e9 de leurs enfants en toute simplicit\u00e9 sur des ordinateurs Windows. Aujourd&rsquo;hui, Qustodio poss\u00e8de de multiples fonctionnalit\u00e9s et s&rsquo;installe sur de nombreux syst\u00e8mes d&rsquo;exploitation. C&rsquo;est devenu une solution de contr\u00f4le parental compl\u00e8te et prise en charge par (quasiment) tous les appareils.<\/span><\/p>\n<h3 style=\"text-align: center;\"><span>Nos valeurs<\/span><\/h3>\n<p><span>Avec une \u00e9quipe compos\u00e9e de 80 membres originaires de 17 pays, notre groupe pr\u00e9sente une grande diversit\u00e9, pr\u00f4nant l&rsquo;ouverture d&rsquo;esprit, la curiosit\u00e9 et une forme d&rsquo;\u00e9quilibre \u2013 \u00e0 la fois au travail et en mati\u00e8re de vie num\u00e9rique. \u00c0 nos yeux, il est important d&rsquo;utiliser la technologie de mani\u00e8re positive \u00e0 des fins \u00e9ducatives et ludiques. Mais nous accordons surtout une priorit\u00e9 absolue \u00e0 la famille, dont le point de vue est la base de tous nos efforts.<\/span><\/p>\n<p><span>Vous souhaitez en savoir plus ? D\u00e9couvrez notre liste compl\u00e8te de fonctionnalit\u00e9s ou rendez-vous dans notre espace presse. Vous pouvez \u00e9galement consulter la page Carri\u00e8res pour conna\u00eetre nos postes \u00e0 pourvoir.<\/span><\/p>\n<p>[\/et_pb_text][\/et_pb_column][\/et_pb_row][\/et_pb_section]<\/p>\n","protected":false},"excerpt":{"rendered":"<p>\u00c0 propos de Qustodio Notre mission est de garantir une exp\u00e9rience num\u00e9rique s\u00e9curis\u00e9e \u00e0 chaque enfant Qustodio est leader sur le march\u00e9 des solutions de s\u00e9curit\u00e9 Internet pour les familles. Nous aidons les parents \u00e0 prot\u00e9ger leurs enfants des contenus inappropri\u00e9s, des pr\u00e9dateurs en ligne et des cyberintimidateurs, tout en favorisant des habitudes num\u00e9riques \u00e9quilibr\u00e9es. [&hellip;]<\/p>\n","protected":false},"author":4,"featured_media":0,"parent":0,"menu_order":0,"comment_status":"closed","ping_status":"closed","template":"","meta":{"_acf_changed":false,"_et_pb_use_builder":"on","_et_pb_old_content":"","_et_gb_content_width":"","footnotes":""},"class_list":["post-11380","page","type-page","status-publish","hentry"],"acf":[],"yoast_head":"<!-- This site is optimized with the Yoast SEO Premium plugin v25.8 (Yoast SEO v25.8) - https:\/\/yoast.com\/wordpress\/plugins\/seo\/ -->\n<title>Company | Qustodio<\/title>\n<meta name=\"robots\" content=\"index, follow, max-snippet:-1, max-image-preview:large, max-video-preview:-1\" \/>\n<link rel=\"canonical\" href=\"https:\/\/www.qustodio.com\/fr\/company\/\" \/>\n<meta property=\"og:locale\" content=\"fr_FR\" \/>\n<meta property=\"og:type\" content=\"article\" \/>\n<meta property=\"og:title\" content=\"Company\" \/>\n<meta property=\"og:url\" content=\"https:\/\/www.qustodio.com\/fr\/company\/\" \/>\n<meta property=\"og:site_name\" content=\"Qustodio\" \/>\n<meta property=\"article:modified_time\" content=\"2023-08-29T09:31:48+00:00\" \/>\n<meta name=\"twitter:card\" content=\"summary_large_image\" \/>\n<meta name=\"twitter:label1\" content=\"Est. reading time\" \/>\n\t<meta name=\"twitter:data1\" content=\"2 minutes\" \/>\n<script type=\"application\/ld+json\" class=\"yoast-schema-graph\">{\"@context\":\"https:\/\/schema.org\",\"@graph\":[{\"@type\":\"WebPage\",\"@id\":\"https:\/\/www.qustodio.com\/fr\/company\/\",\"url\":\"https:\/\/www.qustodio.com\/fr\/company\/\",\"name\":\"Company | Qustodio\",\"isPartOf\":{\"@id\":\"https:\/\/www.qustodio.com\/fr\/#website\"},\"datePublished\":\"2021-08-16T05:47:13+00:00\",\"dateModified\":\"2023-08-29T09:31:48+00:00\",\"inLanguage\":\"fr-FR\",\"potentialAction\":[{\"@type\":\"ReadAction\",\"target\":[\"https:\/\/www.qustodio.com\/fr\/company\/\"]}]},{\"@type\":\"WebSite\",\"@id\":\"https:\/\/www.qustodio.com\/fr\/#website\",\"url\":\"https:\/\/www.qustodio.com\/fr\/\",\"name\":\"Qustodio\",\"description\":\"Free parental control app\",\"potentialAction\":[{\"@type\":\"SearchAction\",\"target\":{\"@type\":\"EntryPoint\",\"urlTemplate\":\"https:\/\/www.qustodio.com\/fr\/?s={search_term_string}\"},\"query-input\":{\"@type\":\"PropertyValueSpecification\",\"valueRequired\":true,\"valueName\":\"search_term_string\"}}],\"inLanguage\":\"fr-FR\"}]}<\/script>\n<!-- \/ Yoast SEO Premium plugin. -->","yoast_head_json":{"title":"Company | Qustodio","robots":{"index":"index","follow":"follow","max-snippet":"max-snippet:-1","max-image-preview":"max-image-preview:large","max-video-preview":"max-video-preview:-1"},"canonical":"https:\/\/www.qustodio.com\/fr\/company\/","og_locale":"fr_FR","og_type":"article","og_title":"Company","og_url":"https:\/\/www.qustodio.com\/fr\/company\/","og_site_name":"Qustodio","article_modified_time":"2023-08-29T09:31:48+00:00","twitter_card":"summary_large_image","twitter_misc":{"Est. reading time":"2 minutes"},"schema":{"@context":"https:\/\/schema.org","@graph":[{"@type":"WebPage","@id":"https:\/\/www.qustodio.com\/fr\/company\/","url":"https:\/\/www.qustodio.com\/fr\/company\/","name":"Company | Qustodio","isPartOf":{"@id":"https:\/\/www.qustodio.com\/fr\/#website"},"datePublished":"2021-08-16T05:47:13+00:00","dateModified":"2023-08-29T09:31:48+00:00","inLanguage":"fr-FR","potentialAction":[{"@type":"ReadAction","target":["https:\/\/www.qustodio.com\/fr\/company\/"]}]},{"@type":"WebSite","@id":"https:\/\/www.qustodio.com\/fr\/#website","url":"https:\/\/www.qustodio.com\/fr\/","name":"Qustodio","description":"Free parental control app","potentialAction":[{"@type":"SearchAction","target":{"@type":"EntryPoint","urlTemplate":"https:\/\/www.qustodio.com\/fr\/?s={search_term_string}"},"query-input":{"@type":"PropertyValueSpecification","valueRequired":true,"valueName":"search_term_string"}}],"inLanguage":"fr-FR"}]}},"_links":{"self":[{"href":"https:\/\/www.qustodio.com\/fr\/wp-json\/wp\/v2\/pages\/11380","targetHints":{"allow":["GET"]}}],"collection":[{"href":"https:\/\/www.qustodio.com\/fr\/wp-json\/wp\/v2\/pages"}],"about":[{"href":"https:\/\/www.qustodio.com\/fr\/wp-json\/wp\/v2\/types\/page"}],"author":[{"embeddable":true,"href":"https:\/\/www.qustodio.com\/fr\/wp-json\/wp\/v2\/users\/4"}],"replies":[{"embeddable":true,"href":"https:\/\/www.qustodio.com\/fr\/wp-json\/wp\/v2\/comments?post=11380"}],"version-history":[{"count":3,"href":"https:\/\/www.qustodio.com\/fr\/wp-json\/wp\/v2\/pages\/11380\/revisions"}],"predecessor-version":[{"id":31382,"href":"https:\/\/www.qustodio.com\/fr\/wp-json\/wp\/v2\/pages\/11380\/revisions\/31382"}],"wp:attachment":[{"href":"https:\/\/www.qustodio.com\/fr\/wp-json\/wp\/v2\/media?parent=11380"}],"curies":[{"name":"wp","href":"https:\/\/api.w.org\/{rel}","templated":true}]}}