{"id":20837,"date":"2021-06-22T09:59:16","date_gmt":"2021-06-22T09:59:16","guid":{"rendered":"https:\/\/www.qustodio.com\/privacy\/"},"modified":"2025-12-18T13:55:59","modified_gmt":"2025-12-18T13:55:59","slug":"privacy","status":"publish","type":"page","link":"https:\/\/www.qustodio.com\/fr\/privacy\/","title":{"rendered":"Privacy Policy"},"content":{"rendered":"<p>[et_pb_section fb_built=\u00a0\u00bb1&Prime; _builder_version=\u00a0\u00bb4.16&Prime; da_disable_devices=\u00a0\u00bboff|off|off\u00a0\u00bb global_colors_info=\u00a0\u00bb{}\u00a0\u00bb da_is_popup=\u00a0\u00bboff\u00a0\u00bb da_exit_intent=\u00a0\u00bboff\u00a0\u00bb da_has_close=\u00a0\u00bbon\u00a0\u00bb da_alt_close=\u00a0\u00bboff\u00a0\u00bb da_dark_close=\u00a0\u00bboff\u00a0\u00bb da_not_modal=\u00a0\u00bbon\u00a0\u00bb da_is_singular=\u00a0\u00bboff\u00a0\u00bb da_with_loader=\u00a0\u00bboff\u00a0\u00bb da_has_shadow=\u00a0\u00bbon\u00a0\u00bb][et_pb_row _builder_version=\u00a0\u00bb4.16&Prime; background_size=\u00a0\u00bbinitial\u00a0\u00bb background_position=\u00a0\u00bbtop_left\u00a0\u00bb background_repeat=\u00a0\u00bbrepeat\u00a0\u00bb global_colors_info=\u00a0\u00bb{}\u00a0\u00bb][et_pb_column type=\u00a0\u00bb4_4&Prime; _builder_version=\u00a0\u00bb4.16&Prime; custom_padding=\u00a0\u00bb|||\u00a0\u00bb global_colors_info=\u00a0\u00bb{}\u00a0\u00bb custom_padding__hover=\u00a0\u00bb|||\u00a0\u00bb][et_pb_text _builder_version=\u00a0\u00bb4.27.4&Prime; background_size=\u00a0\u00bbinitial\u00a0\u00bb background_position=\u00a0\u00bbtop_left\u00a0\u00bb background_repeat=\u00a0\u00bbrepeat\u00a0\u00bb custom_margin=\u00a0\u00bb||7px|||\u00a0\u00bb hover_enabled=\u00a0\u00bb0&Prime; saved_tabs=\u00a0\u00bball\u00a0\u00bb global_colors_info=\u00a0\u00bb{}\u00a0\u00bb sticky_enabled=\u00a0\u00bb0&Prime;]<\/p>\n<p><span style=\"font-weight: 400;\">Le pr\u00e9sent contrat est r\u00e9dig\u00e9 exclusivement en anglais, et la version anglaise fera foi \u00e0 tous \u00e9gards et en toutes circonstances. Par cons\u00e9quent, toute autre version dans une autre langue est fournie \u00e0 titre informatif seulement et n&rsquo;engage pas les parties.<\/span><\/p>\n<h1>Politique de confidentialit\u00e9 de Qustodio<\/h1>\n<p>&nbsp;<\/p>\n<p>Derni\u00e8re mise \u00e0 jour: [2025 12 18]<\/p>\n<p><span style=\"font-weight: 400;\">Qustodio Technologies S.L. (ci-apr\u00e8s la \u00ab Soci\u00e9t\u00e9 \u00bb ou \u00ab Nous \u00bb) s\u2019engage \u00e0 respecter et \u00e0 prot\u00e9ger la vie priv\u00e9e de tous les visiteurs de son site web (www.qustodio.com). La pr\u00e9sente Politique de confidentialit\u00e9 explique nos pratiques en mati\u00e8re d\u2019utilisation des donn\u00e9es personnelles collect\u00e9es et trait\u00e9es via notre site web ou qui nous sont communiqu\u00e9es par e-mail ou via d\u2019autres sites web comportant un lien vers le n\u00f4tre. Veuillez noter que cette politique de confidentialit\u00e9 ne r\u00e9git pas le traitement des donn\u00e9es personnelles collect\u00e9es par le biais de nos services. Pour en savoir plus sur la mani\u00e8re dont nous traitons les donn\u00e9es de nos utilisateurs, veuillez consulter les conditions g\u00e9n\u00e9rales d\u2019utilisation de nos services.<\/span><\/p>\n<p><span style=\"font-weight: 400;\">Le responsable du traitement des donn\u00e9es que vous nous fournissez est Qustodio Technologies SL, dont le si\u00e8ge social est situ\u00e9 rue Roger de Flor, 193, bajos, 08013 Barcelone, Espagne.<\/span><\/p>\n<p><span style=\"font-weight: 400;\">Vous pouvez contacter le d\u00e9l\u00e9gu\u00e9 \u00e0 la protection des donn\u00e9es pour envoyer toute suggestion, question, doute ou r\u00e9clamation concernant la protection des donn\u00e9es en \u00e9crivant \u00e0\u00a0: <a href=\"mailto:dpo@qustodio.com\">dpo@qustodio.com<\/a><\/span><\/p>\n<p><span style=\"font-weight: 600;\"> 1. Acceptation de la pr\u00e9sente politique de confidentialit\u00e9 par l&rsquo;utilisateur<\/span><\/p>\n<p><span style=\"font-weight: 400;\"> En acc\u00e9dant \u00e0 notre site Web ou en l&rsquo;utilisant, et notamment en nous fournissant vos informations personnelles ou en nous contactant pour quelque raison que ce soit, vous devez accepter explicitement la pr\u00e9sente politique de confidentialit\u00e9 et nous donner votre consentement \u00e9clair\u00e9, le cas \u00e9ch\u00e9ant, \u00e0 la collecte, au stockage et au traitement des donn\u00e9es personnelles dont vous \u00eates responsable, conform\u00e9ment aux dispositions de la pr\u00e9sente politique, y compris l&rsquo;envoi de communications \u00e9lectroniques, le cas \u00e9ch\u00e9ant.<\/span><\/p>\n<p><span style=\"font-weight: 600;\"> 2. Collecte de donn\u00e9es personnelles<\/span><\/p>\n<p><span style=\"font-weight: 600;\"> Coordonn\u00e9es : <span style=\"font-weight: 400;\"> Si vous nous envoyez un courriel contenant des donn\u00e9es personnelles vous concernant ou concernant un tiers, nous traiterons les donn\u00e9es personnelles que vous nous transmettez. <\/span><\/span><\/p>\n<p><span style=\"font-weight: 600;\"> Donn\u00e9es de navigation : <span style=\"font-weight: 400;\"> Conform\u00e9ment aux normes de communication Internet, lorsque vous consultez notre site Web, nous recevons automatiquement l&rsquo;URL du site d&rsquo;o\u00f9 vous venez et celle du site que vous consultez apr\u00e8s avoir quitt\u00e9 le n\u00f4tre. Nous recevons \u00e9galement l&rsquo;adresse IP de votre ordinateur et le type de navigateur que vous utilisez. Ces informations nous permettent d&rsquo;analyser les tendances g\u00e9n\u00e9rales afin d&rsquo;am\u00e9liorer nos services. Elles ne sont en aucun cas partag\u00e9es avec des tiers sans votre consentement. Hormis ce qui pr\u00e9c\u00e8de, et comme indiqu\u00e9 dans notre politique relative aux cookies, nous ne collectons aucune donn\u00e9e personnelle lorsque vous vous contentez de naviguer sur notre site Web.<\/span><\/span><\/p>\n<p><span style=\"font-weight: 600;\">3. Base juridique<\/span><\/p>\n<p><span style=\"font-weight: 400;\">Les bases l\u00e9gales de ce traitement sont :<\/span><\/p>\n<ul>\n<li><span style=\"font-weight: 400;\">Notre int\u00e9r\u00eat l\u00e9gitime est de g\u00e9rer les services et de r\u00e9aliser les actions que vous nous demandez. Nous prenons en compte tout impact potentiel (positif et n\u00e9gatif) sur vous et vos droits avant de traiter vos donn\u00e9es \u00e0 des fins d&rsquo;int\u00e9r\u00eat l\u00e9gitime.<\/span><\/li>\n<li><span style=\"font-weight: 400;\">Dans certaines circonstances, pour nous conformer \u00e0 une obligation l\u00e9gale \u00e0 laquelle nous sommes soumis.<\/span><\/li>\n<\/ul>\n<p><span style=\"font-weight: 600;\"> 4. Utilisation des donn\u00e9es personnelles<\/span><\/p>\n<p><span style=\"font-weight: 400;\">Nous utilisons vos donn\u00e9es personnelles pour :<\/span><\/p>\n<ul>\n<li><span style=\"font-weight: 400;\">Nous vous contacterons et personnaliserons votre exp\u00e9rience.<\/span><\/li>\n<li><span style=\"font-weight: 400;\">G\u00e9rer le service ou l&rsquo;action que vous nous demandez.<\/span><\/li>\n<li><span style=\"font-weight: 400;\">Am\u00e9liorer notre site web et nos services.<\/span><\/li>\n<\/ul>\n<p>[\/et_pb_text][et_pb_text _builder_version=\u00a0\u00bb4.27.4&Prime; background_size=\u00a0\u00bbinitial\u00a0\u00bb background_position=\u00a0\u00bbtop_left\u00a0\u00bb background_repeat=\u00a0\u00bbrepeat\u00a0\u00bb hover_enabled=\u00a0\u00bb0&Prime; saved_tabs=\u00a0\u00bball\u00a0\u00bb global_colors_info=\u00a0\u00bb{}\u00a0\u00bb sticky_enabled=\u00a0\u00bb0&Prime;]<span style=\"font-weight: 600;\">5. Divulgation des donn\u00e9es<\/span><\/p>\n<p><span style=\"font-weight: 400;\">Nous traitons vos donn\u00e9es personnelles avec la plus stricte confidentialit\u00e9, conform\u00e9ment \u00e0 la l\u00e9gislation en vigueur. Sauf indication contraire, vos donn\u00e9es personnelles ne seront pas communiqu\u00e9es \u00e0 des tiers. Nous ne vendons ni ne c\u00e9dons \u00e0 des tiers des listes de donn\u00e9es personnelles, ni aucune autre donn\u00e9e de ce type.<\/span><\/p>\n<p><span style=\"font-weight: 400;\">N\u00e9anmoins, nous pouvons divulguer des donn\u00e9es comme suit :<\/span><\/p>\n<ul>\n<li><span style=\"font-weight: 400;\">Nous pouvons mettre vos donn\u00e9es personnelles \u00e0 la disposition de toute entreprise int\u00e9ress\u00e9e par l&rsquo;achat, ou ayant effectivement achet\u00e9, la Soci\u00e9t\u00e9 ou une partie de son activit\u00e9 et, par cons\u00e9quent, donner acc\u00e8s \u00e0 tout auditeur national ou international pour effectuer ce que l&rsquo;on appelle la \u00ab v\u00e9rification pr\u00e9alable \u00bb.<\/span><\/li>\n<li><span style=\"font-weight: 400;\">Nous pouvons partager vos donn\u00e9es personnelles avec d&rsquo;autres soci\u00e9t\u00e9s de notre groupe.<\/span><\/li>\n<li><span style=\"font-weight: 400;\">Nous pouvons donner acc\u00e8s \u00e0 vos donn\u00e9es personnelles \u00e0 nos prestataires de services si nous estimons raisonnablement qu&rsquo;un tel acc\u00e8s et un tel traitement sont n\u00e9cessaires \u00e0 l&rsquo;ex\u00e9cution de nos services.<\/span><\/li>\n<li><span style=\"font-weight: 400;\">Nous exigeons que tous les tiers respectent la s\u00e9curit\u00e9 de vos donn\u00e9es personnelles et les traitent conform\u00e9ment \u00e0 la loi. Nous n&rsquo;autorisons pas nos prestataires de services externes \u00e0 utiliser vos donn\u00e9es personnelles \u00e0 leurs propres fins et nous les autorisons uniquement \u00e0 les traiter \u00e0 des fins sp\u00e9cifiques et conform\u00e9ment \u00e0 nos instructions.<\/span><\/li>\n<\/ul>\n<p><span style=\"font-weight: 600;\">6. Virements internationaux<\/span><\/p>\n<p><span style=\"font-weight: 400;\">Nous faisons appel \u00e0 des prestataires de services technologiques tiers pour la fourniture de nos services et de notre site web. Ces prestataires peuvent traiter vos donn\u00e9es collect\u00e9es dans le cadre de leurs services, tels qu&rsquo;indiqu\u00e9s ci-dessous, en tant que sous-traitants. Ces entit\u00e9s peuvent \u00eatre situ\u00e9es dans des juridictions n&rsquo;offrant g\u00e9n\u00e9ralement pas de garanties ad\u00e9quates en mati\u00e8re de protection des donn\u00e9es personnelles. Pour toutes les entit\u00e9s situ\u00e9es hors de l&rsquo;Espace \u00e9conomique europ\u00e9en, nous avons conclu des contrats pr\u00e9voyant de telles garanties, notamment les clauses contractuelles types de la Commission europ\u00e9enne.<\/span><\/p>\n<p><span style=\"font-weight: 600;\">7. Mesures de s\u00e9curit\u00e9<\/span><\/p>\n<p><span style=\"font-weight: 400;\">Nous mettons en \u0153uvre des mesures de s\u00e9curit\u00e9 et des syst\u00e8mes de protection des donn\u00e9es personnelles conform\u00e9ment \u00e0 la loi afin de garantir la confidentialit\u00e9 et l&rsquo;int\u00e9grit\u00e9 de vos donn\u00e9es et de les prot\u00e9ger contre tout acc\u00e8s, modification ou destruction non autoris\u00e9s.<\/span><\/p>\n<p><span style=\"font-weight: 600;\">8. Conservation des donn\u00e9es<\/span><\/p>\n<p><span style=\"font-weight: 400;\">Nous ne conserverons vos donn\u00e9es personnelles que le temps n\u00e9cessaire \u00e0 la r\u00e9alisation des finalit\u00e9s pour lesquelles elles ont \u00e9t\u00e9 collect\u00e9es, notamment pour satisfaire \u00e0 toute obligation l\u00e9gale, comptable ou de d\u00e9claration, ou jusqu&rsquo;\u00e0 la d\u00e9sactivation de votre compte, que ce soit par vous ou par nous. Pass\u00e9 ce d\u00e9lai, les donn\u00e9es seront conserv\u00e9es (de mani\u00e8re crypt\u00e9e et s\u00e9curis\u00e9e) pendant la dur\u00e9e requise par la responsabilit\u00e9 l\u00e9gale et administrative, ainsi que pour nous conformer aux obligations l\u00e9gales et aux autres finalit\u00e9s mentionn\u00e9es ci-dessus, soit jusqu&rsquo;\u00e0 10 ans conform\u00e9ment \u00e0 la l\u00e9gislation applicable.<\/span><\/p>\n<p><span style=\"font-weight: 600;\">9. Droits des utilisateurs<\/span><\/p>\n<p><span style=\"font-weight: 400;\">Vous \u00eates inform\u00e9(e) que vous pouvez exercer \u00e0 tout moment votre droit \u00e0 la portabilit\u00e9 des donn\u00e9es que vous nous avez transmises, ainsi que vos droits d&rsquo;acc\u00e8s, de rectification, d&rsquo;effacement, de blocage et d&rsquo;opposition \u00e0 tout traitement de vos donn\u00e9es personnelles, en envoyant une demande par courriel \u00e0 <a href=\"mailto:dpo@qustodio.com\">dpo@qustodio.com<\/a> Vous pouvez \u00e9galement nous contacter par courrier \u00e0 l&rsquo;adresse suivante\u00a0: Qustodio Technologies SL, dont le si\u00e8ge social est situ\u00e9 rue Roger de Flor, 193, rez-de-chauss\u00e9e, 08013 Barcelone, Espagne. Vous pouvez retirer votre consentement au traitement de vos donn\u00e9es \u00e0 tout moment, lorsque nous utilisons votre contenu comme base l\u00e9gale pour ce traitement. Ce retrait n&rsquo;aura pas d&rsquo;effet r\u00e9troactif, mais pourrait emp\u00eacher la fourniture de certains services.<\/span><\/p>\n<p><span style=\"font-weight: 400;\">Vous avez \u00e9galement le droit de d\u00e9poser une plainte aupr\u00e8s d&rsquo;une autorit\u00e9 de contr\u00f4le, en l&rsquo;occurrence l&rsquo;Agence espagnole de protection des donn\u00e9es (Agencia Espa\u00f1ola de Protecci\u00f3n de Datos), C\/ Jorge Juan, 6, 28001 Madrid, Espagne.<\/span><\/p>\n<p><span style=\"font-weight: 600;\">10. G\u00e9n\u00e9ral<\/span><\/p>\n<p><span style=\"font-weight: 400;\">Nous nous r\u00e9servons le droit de modifier les termes de la pr\u00e9sente Politique de confidentialit\u00e9 et vous en informerons clairement par e-mail, sur notre site web ou dans la pr\u00e9sente Politique de confidentialit\u00e9. Si vous continuez \u00e0 utiliser notre site web apr\u00e8s une telle mise \u00e0 jour, vous serez r\u00e9put\u00e9 avoir accept\u00e9 les nouvelles conditions. Si vous n&rsquo;acceptez pas la mise \u00e0 jour, veuillez nous en informer\u00a0; nous cl\u00f4turerons alors tout compte que vous pourriez d\u00e9tenir chez nous et supprimerons toutes vos donn\u00e9es personnelles (\u00e0 l&rsquo;exception de celles dont la conservation est requise \u00e0 des fins l\u00e9gales). Vous ne pourrez plus utiliser les services auxquels vous \u00eates abonn\u00e9. <\/span><\/p>\n<p><span style=\"font-weight: 400;\">Sauf disposition contraire d&rsquo;une r\u00e9glementation locale sp\u00e9cifique d&rsquo;application obligatoire, la Politique de confidentialit\u00e9 est r\u00e9gie par le droit espagnol.<\/span>[\/et_pb_text][\/et_pb_column][\/et_pb_row][\/et_pb_section]<\/p>\n","protected":false},"excerpt":{"rendered":"<p>Le pr\u00e9sent contrat est r\u00e9dig\u00e9 exclusivement en anglais, et la version anglaise fera foi \u00e0 tous \u00e9gards et en toutes circonstances. Par cons\u00e9quent, toute autre version dans une autre langue est fournie \u00e0 titre informatif seulement et n&rsquo;engage pas les parties. Politique de confidentialit\u00e9 de Qustodio &nbsp; Derni\u00e8re mise \u00e0 jour: [2025 12 18] Qustodio [&hellip;]<\/p>\n","protected":false},"author":4,"featured_media":0,"parent":0,"menu_order":0,"comment_status":"closed","ping_status":"open","template":"","meta":{"_acf_changed":false,"_et_pb_use_builder":"on","_et_pb_old_content":"<!-- wp:heading -->\r\n<h1>Qustodio Privacy Policy<\/h1>\r\n<p>Qustodio Technologies S.L. (the \u201cCompany\u201d or \u201cWe\/us\u201d) is committed to respecting and protecting the privacy of all visitors of our Website (www.qustodio.com) This Privacy Policy explains our practices regarding the use of personal data collected and processed through our Website or otherwise provided to us by email or via other websites that link to us. Please note that this privacy policy doesn\u2019t regulate the processing of personal data collected through our services, if you want to know more about how we process our users\u2019 data, please read the legal terms of our services.<\/p>\r\n<p>The data controller of the data you provide us with is Qustodio Technologies SL, with domicile at Roger de Flor Street, 193, bajos, 08013 Barcelona, Spain.<\/p>\r\n<p>You can contact the Data Protection Officer to send any suggestions, queries, doubts or complaints regarding data protection by writing to:\u00a0<a href=\"mailto:dpo@qustodio.com\">dpo@qustodio.com<\/a><\/p>\r\n<p><strong>1. User acceptance of this Privacy Policy<\/strong><\/p>\r\n<p>By accessing to or using our Website, and in particular by providing your personal information to us, or contacting us for any reason, you are required to explicitly accept this Privacy Policy and provide us with full consent, when needed, to the collection, storage and processing of personal data for which you are responsible in accordance with the terms set out in this policy, including the sending of electronic communications, as the case may be.<\/p>\r\n<p><strong>2. Personal data collection<\/strong>\u00a0<strong>Contact data:<\/strong>\u00a0If you send us any email with personal data about you or a third party, we will process the personal data you send us.<\/p>\r\n<p><strong>Navigation data.<\/strong>\u00a0Due to internet communication standards, when you visit our Website we automatically receive the URL of the site you came from and the site you visit when you leave our website. We also receive the Internet Protocol (\"IP\") address of your computer and the type of browser you are using. We use this information to analyze overall trends to improve the service. This information is not shared with third parties without your consent. Other than the above, and as stated in our\u00a0<a href=\"https:\/\/www.qustodio.com\/en\/cookie-policy\/\">cookie policy<\/a>, we do not collect any personal data if you are only browsing the website.<\/p>\r\n<p><strong>3. Legal basis<\/strong>\u00a0The legal bases of this processing are:<\/p>\r\n<ul>\r\n<li>Our legitimate interest to manage the services and carry out the actions that you are requesting us. We consider any possible impact (both positive and negative) on you and on your rights before processing your data for our legitimate interest.<\/li>\r\n<li>In specific circumstances, to comply with a legal obligation we are subject to.<\/li>\r\n<\/ul>\r\n<p><strong>4. Use of personal data<\/strong>\u00a0We use your personal data to:<\/p>\r\n<ul>\r\n<li>Contact you and personalise your experience<\/li>\r\n<li>Managing the service or action you are requesting us<\/li>\r\n<li>Improve our website and services<\/li>\r\n<\/ul>\r\n<p><strong>5. Data disclosure<\/strong>\u00a0We treat your personal data with strict confidentiality in accordance with applicable law. Unless otherwise indicated, your personal data will not be provided to third parties. We do not sell or assign to third parties lists with personal data, nor of any other type.<\/p>\r\n<p>Nonetheless, we may disclose data as follows:<\/p>\r\n<ul>\r\n<li>We can make your personal data available to any company interested in buying, or actually buying, the Company or a part of its business and, consequently, give access to any national or international auditors to carry out the so called \"due diligence\".<\/li>\r\n<li>We can share your personal data with other companies of our group of companies.<\/li>\r\n<li>We may give access to your personal data to our service providers if we reasonably consider such access and processing necessary to the performance of our services. We require that all third parties respect the security of your personal data and process them in accordance with the law. We do not allow our external service providers to use your personal data for their own purposes and we only allow them to process your personal data for specific purposes and in accordance with our instructions.<\/li>\r\n<\/ul>\r\n<p><strong>6. International transfers<\/strong>\u00a0We use third party technological services for the provision of services and Website, whose providers may process your data collected in the course of providing us their services indicated below, as sub-processors. These entities may be in jurisdictions that generally don\u2019t provide adequate safeguards in relation to the processing of personal data. For all entities outside the Economic European Area, we have entered into contracts with such entities that do include such safeguards, including the EC model clauses.<\/p>\r\n<p><strong>7. Security Measures<\/strong>\u00a0We implement security measures and personal data protection schemes as required by law to maintain the confidentiality and integrity of your data and protection against unauthorised access, modification or destruction.<\/p>\r\n<p><strong>8. Data Retention.<\/strong>\u00a0We will only retain your personal data for as long as necessary to fulfil the purposes we collected it for, including for the purposes of satisfying any legal, accounting, or reporting requirements, or until the deactivation of your account either by you or by us. After that period, the data will be retained (in a blocked and secure manner) for the required period of legal and administrative liability and to comply with legal obligations and other purposes set out above, which may be up to 10 years according to current applicable law.<\/p>\r\n<p><strong>9. User Rights<\/strong>\u00a0You are informed you may exercise at any time right to the portability of your data sent to us, to access, rectify, erase, block and oppose any processing of your personal data by sending an email request to\u00a0<a href=\"mailto:dpo@qustodio.com\">dpo@qustodio.com<\/a>\u00a0or by writing to Qustodio Technologies SL, with domicile at Roger de Flor Street, 193, bajos, 08013 Barcelona, Spain. You can also withdraw your consent to our processing at any time, when we use your content as legal basis for processing your data. Withdrawal will not have retroactive effects but may prevent providing certain services.<\/p>\r\n<p>You also have the right to lodge a complaint with a supervisory authority, in this case the Spanish Data Protection Agency (Agencia Espa\u00f1ola de Protecci\u00f3n de Datos), C\/ Jorge Juan, 6, 28001 Madrid, Spain.<\/p>\r\n<p><strong>10. General<\/strong>\u00a0We reserve the right to amend the terms of this Privacy Policy and will notify you by providing a clear notice of these changes by email or on our website, and in this Privacy Policy. If you continue to use and\/or access our Website after such update, you will be deemed to accept the new terms. If you do not accept the update, please notify us and we will terminate any account you may have with us, and remove any of your personal data (except as required to be maintained for legal purposes), and you will not be able to continue to use services to which you have subscribed.<\/p>\r\n<p>Unless a specific local regulation of mandatory application provides otherwise, the Privacy Policy is governed by the laws of Spain.<\/p>\r\n<!-- \/wp:paragraph -->","_et_gb_content_width":"","footnotes":""},"class_list":["post-20837","page","type-page","status-publish","hentry"],"acf":[],"yoast_head":"<!-- This site is optimized with the Yoast SEO Premium plugin v25.8 (Yoast SEO v25.8) - https:\/\/yoast.com\/wordpress\/plugins\/seo\/ -->\n<title>Privacy Policy | Qustodio<\/title>\n<meta name=\"robots\" content=\"index, follow, max-snippet:-1, max-image-preview:large, max-video-preview:-1\" \/>\n<link rel=\"canonical\" href=\"https:\/\/www.qustodio.com\/fr\/privacy\/\" \/>\n<meta property=\"og:locale\" content=\"fr_FR\" \/>\n<meta property=\"og:type\" content=\"article\" \/>\n<meta property=\"og:title\" content=\"Privacy Policy\" \/>\n<meta property=\"og:url\" content=\"https:\/\/www.qustodio.com\/fr\/privacy\/\" \/>\n<meta property=\"og:site_name\" content=\"Qustodio\" \/>\n<meta property=\"article:modified_time\" content=\"2025-12-18T13:55:59+00:00\" \/>\n<meta name=\"twitter:card\" content=\"summary_large_image\" \/>\n<meta name=\"twitter:label1\" content=\"Est. reading time\" \/>\n\t<meta name=\"twitter:data1\" content=\"8 minutes\" \/>\n<script type=\"application\/ld+json\" class=\"yoast-schema-graph\">{\"@context\":\"https:\/\/schema.org\",\"@graph\":[{\"@type\":\"WebPage\",\"@id\":\"https:\/\/www.qustodio.com\/fr\/privacy\/\",\"url\":\"https:\/\/www.qustodio.com\/fr\/privacy\/\",\"name\":\"Privacy Policy | Qustodio\",\"isPartOf\":{\"@id\":\"https:\/\/www.qustodio.com\/fr\/#website\"},\"datePublished\":\"2021-06-22T09:59:16+00:00\",\"dateModified\":\"2025-12-18T13:55:59+00:00\",\"inLanguage\":\"fr-FR\",\"potentialAction\":[{\"@type\":\"ReadAction\",\"target\":[\"https:\/\/www.qustodio.com\/fr\/privacy\/\"]}]},{\"@type\":\"WebSite\",\"@id\":\"https:\/\/www.qustodio.com\/fr\/#website\",\"url\":\"https:\/\/www.qustodio.com\/fr\/\",\"name\":\"Qustodio\",\"description\":\"Free parental control app\",\"potentialAction\":[{\"@type\":\"SearchAction\",\"target\":{\"@type\":\"EntryPoint\",\"urlTemplate\":\"https:\/\/www.qustodio.com\/fr\/?s={search_term_string}\"},\"query-input\":{\"@type\":\"PropertyValueSpecification\",\"valueRequired\":true,\"valueName\":\"search_term_string\"}}],\"inLanguage\":\"fr-FR\"}]}<\/script>\n<!-- \/ Yoast SEO Premium plugin. -->","yoast_head_json":{"title":"Privacy Policy | Qustodio","robots":{"index":"index","follow":"follow","max-snippet":"max-snippet:-1","max-image-preview":"max-image-preview:large","max-video-preview":"max-video-preview:-1"},"canonical":"https:\/\/www.qustodio.com\/fr\/privacy\/","og_locale":"fr_FR","og_type":"article","og_title":"Privacy Policy","og_url":"https:\/\/www.qustodio.com\/fr\/privacy\/","og_site_name":"Qustodio","article_modified_time":"2025-12-18T13:55:59+00:00","twitter_card":"summary_large_image","twitter_misc":{"Est. reading time":"8 minutes"},"schema":{"@context":"https:\/\/schema.org","@graph":[{"@type":"WebPage","@id":"https:\/\/www.qustodio.com\/fr\/privacy\/","url":"https:\/\/www.qustodio.com\/fr\/privacy\/","name":"Privacy Policy | Qustodio","isPartOf":{"@id":"https:\/\/www.qustodio.com\/fr\/#website"},"datePublished":"2021-06-22T09:59:16+00:00","dateModified":"2025-12-18T13:55:59+00:00","inLanguage":"fr-FR","potentialAction":[{"@type":"ReadAction","target":["https:\/\/www.qustodio.com\/fr\/privacy\/"]}]},{"@type":"WebSite","@id":"https:\/\/www.qustodio.com\/fr\/#website","url":"https:\/\/www.qustodio.com\/fr\/","name":"Qustodio","description":"Free parental control app","potentialAction":[{"@type":"SearchAction","target":{"@type":"EntryPoint","urlTemplate":"https:\/\/www.qustodio.com\/fr\/?s={search_term_string}"},"query-input":{"@type":"PropertyValueSpecification","valueRequired":true,"valueName":"search_term_string"}}],"inLanguage":"fr-FR"}]}},"_links":{"self":[{"href":"https:\/\/www.qustodio.com\/fr\/wp-json\/wp\/v2\/pages\/20837","targetHints":{"allow":["GET"]}}],"collection":[{"href":"https:\/\/www.qustodio.com\/fr\/wp-json\/wp\/v2\/pages"}],"about":[{"href":"https:\/\/www.qustodio.com\/fr\/wp-json\/wp\/v2\/types\/page"}],"author":[{"embeddable":true,"href":"https:\/\/www.qustodio.com\/fr\/wp-json\/wp\/v2\/users\/4"}],"replies":[{"embeddable":true,"href":"https:\/\/www.qustodio.com\/fr\/wp-json\/wp\/v2\/comments?post=20837"}],"version-history":[{"count":15,"href":"https:\/\/www.qustodio.com\/fr\/wp-json\/wp\/v2\/pages\/20837\/revisions"}],"predecessor-version":[{"id":97979,"href":"https:\/\/www.qustodio.com\/fr\/wp-json\/wp\/v2\/pages\/20837\/revisions\/97979"}],"wp:attachment":[{"href":"https:\/\/www.qustodio.com\/fr\/wp-json\/wp\/v2\/media?parent=20837"}],"curies":[{"name":"wp","href":"https:\/\/api.w.org\/{rel}","templated":true}]}}