{"id":90071,"date":"2025-07-17T09:48:46","date_gmt":"2025-07-17T09:48:46","guid":{"rendered":"https:\/\/www.qustodio.com\/accessibility\/"},"modified":"2026-04-01T09:18:40","modified_gmt":"2026-04-01T09:18:40","slug":"accessibility","status":"publish","type":"page","link":"https:\/\/www.qustodio.com\/fr\/accessibility\/","title":{"rendered":"Website accessibility statement"},"content":{"rendered":"<p>[et_pb_section fb_built=\u00a0\u00bb1&Prime; _builder_version=\u00a0\u00bb4.16&Prime; custom_padding=\u00a0\u00bb48px||48px||false|false\u00a0\u00bb da_disable_devices=\u00a0\u00bboff|off|off\u00a0\u00bb global_colors_info=\u00a0\u00bb{}\u00a0\u00bb da_is_popup=\u00a0\u00bboff\u00a0\u00bb da_exit_intent=\u00a0\u00bboff\u00a0\u00bb da_has_close=\u00a0\u00bbon\u00a0\u00bb da_alt_close=\u00a0\u00bboff\u00a0\u00bb da_dark_close=\u00a0\u00bboff\u00a0\u00bb da_not_modal=\u00a0\u00bbon\u00a0\u00bb da_is_singular=\u00a0\u00bboff\u00a0\u00bb da_with_loader=\u00a0\u00bboff\u00a0\u00bb da_has_shadow=\u00a0\u00bbon\u00a0\u00bb][et_pb_row _builder_version=\u00a0\u00bb4.16&Prime; background_size=\u00a0\u00bbinitial\u00a0\u00bb background_position=\u00a0\u00bbtop_left\u00a0\u00bb background_repeat=\u00a0\u00bbrepeat\u00a0\u00bb global_colors_info=\u00a0\u00bb{}\u00a0\u00bb][et_pb_column type=\u00a0\u00bb4_4&Prime; _builder_version=\u00a0\u00bb4.16&Prime; custom_padding=\u00a0\u00bb|||\u00a0\u00bb global_colors_info=\u00a0\u00bb{}\u00a0\u00bb custom_padding__hover=\u00a0\u00bb|||\u00a0\u00bb][et_pb_text _builder_version=\u00a0\u00bb4.24.0&Prime; _module_preset=\u00a0\u00bbdefault\u00a0\u00bb global_colors_info=\u00a0\u00bb{}\u00a0\u00bb]<\/p>\n<h1>D\u00e9claration relative \u00e0 l\u2019accessibilit\u00e9<\/h1>\n<p>[\/et_pb_text][et_pb_text _builder_version=\u00a0\u00bb4.27.4&Prime; _module_preset=\u00a0\u00bbdefault\u00a0\u00bb hover_enabled=\u00a0\u00bb0&Prime; global_colors_info=\u00a0\u00bb{}\u00a0\u00bb sticky_enabled=\u00a0\u00bb0&Prime;]La pr\u00e9sente d\u00e9claration est fournie conform\u00e9ment \u00e0 la l\u00e9gislation applicable en mati\u00e8re d&rsquo;accessibilit\u00e9, notamment la directive europ\u00e9enne sur l&rsquo;accessibilit\u00e9 (directive (UE) 2019\/882), telle que transpos\u00e9e dans les lois nationales pertinentes.<\/p>\n<p>Qustodio.com fournit des informations et un acc\u00e8s \u00e0 notre solution de bien-\u00eatre num\u00e9rique et de contr\u00f4le parental pour les familles.<\/p>\n<p>Ce site Web est structur\u00e9 de mani\u00e8re \u00e0 garantir une navigation intuitive, avec un menu principal persistant qui renvoie \u00e0 ses sections cl\u00e9s \u2013 fonctionnalit\u00e9s de notre produit, forfaits et ressources.<\/p>\n<p>Pour en savoir plus sur les avantages de Qustodio, ses fonctionnalit\u00e9s ainsi que son t\u00e9l\u00e9chargement et sa configuration sur l\u2019appareil de votre enfant, acc\u00e9dez \u00e0 la section Produit de notre menu principal.<\/p>\n<p>Pour d\u00e9couvrir nos forfaits et ce que chacun d\u2019eux comprend, rendez-vous sur la page <a href=\"https:\/\/www.qustodio.com\/fr\/premium\/\">Tarifs<\/a>.<\/p>\n<p>Pour lire les articles de notre blog \u2013 y compris <a href=\"https:\/\/www.qustodio.com\/fr\/blog\/category\/product-tips-fr\/\">des astuces sur notre produit<\/a>, <a href=\"https:\/\/www.qustodio.com\/fr\/blog\/category\/parenting-tips-fr\/\">des conseils de parentalit\u00e9<\/a> et <a href=\"https:\/\/www.qustodio.com\/fr\/blog\/category\/app-safety-and-reviews-fr\/\">des guides de s\u00e9curit\u00e9<\/a> \u2013 ou les t\u00e9moignages de familles, acc\u00e9dez \u00e0 la section Se renseigner.<\/p>\n<p>Ce site Web dispose \u00e9galement d\u2019un vaste centre d\u2019assistance con\u00e7u pour accompagner les nouveaux utilisateurs avec des d\u00e9tails sur les fonctionnalit\u00e9s et l\u2019utilisation de notre produit.<\/p>\n<p>Les utilisateurs peuvent cr\u00e9er un compte Qustodio ou y acc\u00e9der via une connexion s\u00e9curis\u00e9e.<\/p>\n<p>Ce site Web est adapt\u00e9 aux appareils mobiles, avec un design r\u00e9actif qui s\u2019adapte aux smartphones et aux tablettes, et suit des pratiques exemplaires en mati\u00e8re d\u2019accessibilit\u00e9 pour rendre son contenu accessible \u00e0 tous les utilisateurs.[\/et_pb_text][et_pb_text _builder_version=\u00a0\u00bb4.24.0&Prime; _module_preset=\u00a0\u00bbdefault\u00a0\u00bb header_line_height=\u00a0\u00bb1.6em\u00a0\u00bb global_colors_info=\u00a0\u00bb{}\u00a0\u00bb]Chez Qustodio, nous sommes d\u2019avis que l\u2019accessibilit\u00e9 num\u00e9rique est indispensable pour offrir une exp\u00e9rience inclusive. Nous nous attachons donc \u00e0 rendre notre site Web accessible \u00e0 toutes les personnes, quelles que soient leurs capacit\u00e9s, en accord avec des normes reconnues \u00e0 l\u2019\u00e9chelle internationale.[\/et_pb_text][et_pb_text _builder_version=\u00a0\u00bb4.27.4&Prime; _module_preset=\u00a0\u00bbdefault\u00a0\u00bb hover_enabled=\u00a0\u00bb0&Prime; global_colors_info=\u00a0\u00bb{}\u00a0\u00bb sticky_enabled=\u00a0\u00bb0&Prime;]<\/p>\n<h2>\u00c9tat de conformit\u00e9<\/h2>\n<p>Nous avons r\u00e9alis\u00e9 une \u00e9valuation VPAT\u00ae International Edition de notre plateforme, conforme aux normes WCAG 2.1 niveau AA, Section 508 et EN 301 549. Ces normes garantissent la conformit\u00e9 avec la l\u00e9gislation applicable en mati\u00e8re d&rsquo;accessibilit\u00e9, notamment la directive europ\u00e9enne 2019\/882 relative \u00e0 l&rsquo;accessibilit\u00e9.<\/p>\n<p>Suite \u00e0 cette \u00e9valuation, notre plateforme est actuellement jug\u00e9e partiellement conforme. Bien que la plupart des exigences d&rsquo;accessibilit\u00e9 soient satisfaites, certains points n\u00e9cessitent des am\u00e9liorations. Nous mettons activement en \u0153uvre des mesures correctives afin de combler les lacunes identifi\u00e9es et d&rsquo;aligner davantage notre plateforme sur les exigences d&rsquo;accessibilit\u00e9 applicables.<\/p>\n<p>L&rsquo;accessibilit\u00e9 est int\u00e9gr\u00e9e \u00e0 notre cycle de d\u00e9veloppement et nous nous engageons \u00e0 assurer un suivi et une am\u00e9lioration continus afin d&rsquo;optimiser l&rsquo;accessibilit\u00e9, l&rsquo;interop\u00e9rabilit\u00e9 avec les technologies d&rsquo;assistance et l&rsquo;ergonomie globale pour tous les utilisateurs.<\/p>\n<p>Un exemplaire de notre rapport VPAT\u00ae International Edition est disponible sur demande (voir la section \u00ab\u00a0Commentaires\u00a0\u00bb).[\/et_pb_text][et_pb_text _builder_version=\u00a0\u00bb4.24.0&Prime; _module_preset=\u00a0\u00bbdefault\u00a0\u00bb global_colors_info=\u00a0\u00bb{}\u00a0\u00bb]<\/p>\n<h2>Notre approche<\/h2>\n<p>Notre \u00e9valuation de l\u2019accessibilit\u00e9 combine les \u00e9l\u00e9ments suivants :<\/p>\n<ul>\n<li> Outils automatis\u00e9s : Axe, WAVE, Lighthouse, HTML Validator<\/li>\n<li>Tests manuels : navigation au clavier, utilisation du lecteur d\u2019\u00e9cran<\/li>\n<li>Examen structurel : utilisation du HTML s\u00e9mantique, de r\u00f4les ARIA et de l\u2019\u00e9tiquetage appropri\u00e9<\/li>\n<\/ul>\n<p>[\/et_pb_text][et_pb_text _builder_version=\u00a0\u00bb4.24.0&Prime; _module_preset=\u00a0\u00bbdefault\u00a0\u00bb global_colors_info=\u00a0\u00bb{}\u00a0\u00bb]<\/p>\n<h2>\u00c9tat actuel de l\u2019accessibilit\u00e9<\/h2>\n<p>Nous avons apport\u00e9 un certain nombre d\u2019am\u00e9liorations \u00e0 notre plateforme en mati\u00e8re d\u2019accessibilit\u00e9. La navigation au clavier est enti\u00e8rement prise en charge, avec des indicateurs de mise au point visibles pour aider les utilisateurs \u00e0 suivre leur emplacement sur l\u2019\u00e9cran. Les images et les ic\u00f4nes importantes incluent un texte subsidiaire, tandis que les liens et les boutons sont \u00e9tiquet\u00e9s clairement pour d\u00e9crire leur fin. Par ailleurs, nous nous assurons que l\u2019utilisation de couleurs n\u2019est pas la seule m\u00e9thode de transmission d\u2019informations et nous \u00e9vitons tout contenu clignotant susceptible de d\u00e9clencher des crises. Les attributs de langue et les titres de document sont correctement d\u00e9finis, tandis que l\u2019interface est compatible avec les principaux lecteurs d\u2019\u00e9cran dans le cadre des op\u00e9rations courantes.[\/et_pb_text][et_pb_text _builder_version=\u00a0\u00bb4.24.0&Prime; _module_preset=\u00a0\u00bbdefault\u00a0\u00bb global_colors_info=\u00a0\u00bb{}\u00a0\u00bb]<\/p>\n<h2>Domaines d\u2019intervention<\/h2>\n<p>Nous continuons \u00e0 affiner plusieurs aspects de l\u2019exp\u00e9rience utilisateur. En l\u2019occurrence, nous perfectionnons les rapports de contraste dans certaines parties de l\u2019interface pour r\u00e9pondre aux normes de lisibilit\u00e9, nous am\u00e9liorons la fa\u00e7on dont les erreurs de validation de formulaires sont pr\u00e9sent\u00e9es et r\u00e9solues et nous veillons \u00e0 ce que les mises \u00e0 jour du contenu dynamique soient annonc\u00e9es aux technologies d\u2019assistance. En outre, nous examinons la structure des en-t\u00eates et renfor\u00e7ons les relations programmatiques entre les entr\u00e9es de formulaires et leurs \u00e9tiquettes pour garantir clart\u00e9 et navigabilit\u00e9.[\/et_pb_text][et_pb_text _builder_version=\u00a0\u00bb4.24.0&Prime; _module_preset=\u00a0\u00bbdefault\u00a0\u00bb global_colors_info=\u00a0\u00bb{}\u00a0\u00bb]<\/p>\n<h2>Engagement en faveur de l\u2019am\u00e9lioration<\/h2>\n<p>L\u2019accessibilit\u00e9 implique un processus continu. Nous examinons, testons et am\u00e9liorons r\u00e9guli\u00e8rement nos exp\u00e9riences num\u00e9riques dans le cadre de notre cycle de d\u00e9veloppement. Nous \u00e9valuons nos nouvelles fonctionnalit\u00e9s avant leur lancement et priorisons activement les correctifs en fonction de leur impact.[\/et_pb_text][et_pb_text _builder_version=\u00a0\u00bb4.27.4&Prime; _module_preset=\u00a0\u00bbdefault\u00a0\u00bb hover_enabled=\u00a0\u00bb0&Prime; global_colors_info=\u00a0\u00bb{}\u00a0\u00bb sticky_enabled=\u00a0\u00bb0&Prime;]<\/p>\n<h2>Commentaires<\/h2>\n<p>Si vous avez des difficult\u00e9s \u00e0 acc\u00e9der \u00e0 notre contenu ou que vous souhaitez nous faire des propositions d\u2019am\u00e9lioration ou acc\u00e9dez \u00e0 notre VPAT, n\u2019h\u00e9sitez pas \u00e0 nous contacter :<\/p>\n<p>E-mail : accessibility@qustodio.com<\/p>\n<p>D\u00e9lai de r\u00e9ponse : 15 jours ouvrables<\/p>\n<p><em>Derni\u00e8re mise \u00e0 jour : 23 mars 2026<\/em>[\/et_pb_text][\/et_pb_column][\/et_pb_row][\/et_pb_section]<\/p>\n","protected":false},"excerpt":{"rendered":"<p>D\u00e9claration relative \u00e0 l\u2019accessibilit\u00e9La pr\u00e9sente d\u00e9claration est fournie conform\u00e9ment \u00e0 la l\u00e9gislation applicable en mati\u00e8re d&rsquo;accessibilit\u00e9, notamment la directive europ\u00e9enne sur l&rsquo;accessibilit\u00e9 (directive (UE) 2019\/882), telle que transpos\u00e9e dans les lois nationales pertinentes. Qustodio.com fournit des informations et un acc\u00e8s \u00e0 notre solution de bien-\u00eatre num\u00e9rique et de contr\u00f4le parental pour les familles. Ce site [&hellip;]<\/p>\n","protected":false},"author":35,"featured_media":0,"parent":0,"menu_order":0,"comment_status":"closed","ping_status":"closed","template":"","meta":{"_acf_changed":false,"_et_pb_use_builder":"on","_et_pb_old_content":"","_et_gb_content_width":"","footnotes":""},"class_list":["post-90071","page","type-page","status-publish","hentry"],"acf":[],"yoast_head":"<!-- This site is optimized with the Yoast SEO Premium plugin v25.8 (Yoast SEO v25.8) - https:\/\/yoast.com\/wordpress\/plugins\/seo\/ -->\n<title>Website accessibility statement | Qustodio<\/title>\n<meta name=\"robots\" content=\"index, follow, max-snippet:-1, max-image-preview:large, max-video-preview:-1\" \/>\n<link rel=\"canonical\" href=\"https:\/\/www.qustodio.com\/fr\/accessibility\/\" \/>\n<meta property=\"og:locale\" content=\"fr_FR\" \/>\n<meta property=\"og:type\" content=\"article\" \/>\n<meta property=\"og:title\" content=\"Website accessibility statement\" \/>\n<meta property=\"og:url\" content=\"https:\/\/www.qustodio.com\/fr\/accessibility\/\" \/>\n<meta property=\"og:site_name\" content=\"Qustodio\" \/>\n<meta property=\"article:modified_time\" content=\"2026-04-01T09:18:40+00:00\" \/>\n<meta name=\"twitter:card\" content=\"summary_large_image\" \/>\n<meta name=\"twitter:label1\" content=\"Est. reading time\" \/>\n\t<meta name=\"twitter:data1\" content=\"3 minutes\" \/>\n<script type=\"application\/ld+json\" class=\"yoast-schema-graph\">{\"@context\":\"https:\/\/schema.org\",\"@graph\":[{\"@type\":\"WebPage\",\"@id\":\"https:\/\/www.qustodio.com\/fr\/accessibility\/\",\"url\":\"https:\/\/www.qustodio.com\/fr\/accessibility\/\",\"name\":\"Website accessibility statement | Qustodio\",\"isPartOf\":{\"@id\":\"https:\/\/www.qustodio.com\/fr\/#website\"},\"datePublished\":\"2025-07-17T09:48:46+00:00\",\"dateModified\":\"2026-04-01T09:18:40+00:00\",\"inLanguage\":\"fr-FR\",\"potentialAction\":[{\"@type\":\"ReadAction\",\"target\":[\"https:\/\/www.qustodio.com\/fr\/accessibility\/\"]}]},{\"@type\":\"WebSite\",\"@id\":\"https:\/\/www.qustodio.com\/fr\/#website\",\"url\":\"https:\/\/www.qustodio.com\/fr\/\",\"name\":\"Qustodio\",\"description\":\"Free parental control app\",\"potentialAction\":[{\"@type\":\"SearchAction\",\"target\":{\"@type\":\"EntryPoint\",\"urlTemplate\":\"https:\/\/www.qustodio.com\/fr\/?s={search_term_string}\"},\"query-input\":{\"@type\":\"PropertyValueSpecification\",\"valueRequired\":true,\"valueName\":\"search_term_string\"}}],\"inLanguage\":\"fr-FR\"}]}<\/script>\n<!-- \/ Yoast SEO Premium plugin. -->","yoast_head_json":{"title":"Website accessibility statement | Qustodio","robots":{"index":"index","follow":"follow","max-snippet":"max-snippet:-1","max-image-preview":"max-image-preview:large","max-video-preview":"max-video-preview:-1"},"canonical":"https:\/\/www.qustodio.com\/fr\/accessibility\/","og_locale":"fr_FR","og_type":"article","og_title":"Website accessibility statement","og_url":"https:\/\/www.qustodio.com\/fr\/accessibility\/","og_site_name":"Qustodio","article_modified_time":"2026-04-01T09:18:40+00:00","twitter_card":"summary_large_image","twitter_misc":{"Est. reading time":"3 minutes"},"schema":{"@context":"https:\/\/schema.org","@graph":[{"@type":"WebPage","@id":"https:\/\/www.qustodio.com\/fr\/accessibility\/","url":"https:\/\/www.qustodio.com\/fr\/accessibility\/","name":"Website accessibility statement | Qustodio","isPartOf":{"@id":"https:\/\/www.qustodio.com\/fr\/#website"},"datePublished":"2025-07-17T09:48:46+00:00","dateModified":"2026-04-01T09:18:40+00:00","inLanguage":"fr-FR","potentialAction":[{"@type":"ReadAction","target":["https:\/\/www.qustodio.com\/fr\/accessibility\/"]}]},{"@type":"WebSite","@id":"https:\/\/www.qustodio.com\/fr\/#website","url":"https:\/\/www.qustodio.com\/fr\/","name":"Qustodio","description":"Free parental control app","potentialAction":[{"@type":"SearchAction","target":{"@type":"EntryPoint","urlTemplate":"https:\/\/www.qustodio.com\/fr\/?s={search_term_string}"},"query-input":{"@type":"PropertyValueSpecification","valueRequired":true,"valueName":"search_term_string"}}],"inLanguage":"fr-FR"}]}},"_links":{"self":[{"href":"https:\/\/www.qustodio.com\/fr\/wp-json\/wp\/v2\/pages\/90071","targetHints":{"allow":["GET"]}}],"collection":[{"href":"https:\/\/www.qustodio.com\/fr\/wp-json\/wp\/v2\/pages"}],"about":[{"href":"https:\/\/www.qustodio.com\/fr\/wp-json\/wp\/v2\/types\/page"}],"author":[{"embeddable":true,"href":"https:\/\/www.qustodio.com\/fr\/wp-json\/wp\/v2\/users\/35"}],"replies":[{"embeddable":true,"href":"https:\/\/www.qustodio.com\/fr\/wp-json\/wp\/v2\/comments?post=90071"}],"version-history":[{"count":3,"href":"https:\/\/www.qustodio.com\/fr\/wp-json\/wp\/v2\/pages\/90071\/revisions"}],"predecessor-version":[{"id":103035,"href":"https:\/\/www.qustodio.com\/fr\/wp-json\/wp\/v2\/pages\/90071\/revisions\/103035"}],"wp:attachment":[{"href":"https:\/\/www.qustodio.com\/fr\/wp-json\/wp\/v2\/media?parent=90071"}],"curies":[{"name":"wp","href":"https:\/\/api.w.org\/{rel}","templated":true}]}}