{"id":11382,"date":"2021-08-16T05:47:13","date_gmt":"2021-08-16T05:47:13","guid":{"rendered":"https:\/\/www.qustodio.com\/company\/"},"modified":"2022-05-05T08:55:33","modified_gmt":"2022-05-05T08:55:33","slug":"company","status":"publish","type":"page","link":"https:\/\/www.qustodio.com\/it\/company\/","title":{"rendered":"Company"},"content":{"rendered":"<p>[et_pb_section fb_built=&#8221;1&#8243; _builder_version=&#8221;4.16&#8243; _module_preset=&#8221;default&#8221; custom_padding=&#8221;48px|1px|48px||true|false&#8221; da_disable_devices=&#8221;off|off|off&#8221; global_colors_info=&#8221;{}&#8221; da_is_popup=&#8221;off&#8221; da_exit_intent=&#8221;off&#8221; da_has_close=&#8221;on&#8221; da_alt_close=&#8221;off&#8221; da_dark_close=&#8221;off&#8221; da_not_modal=&#8221;on&#8221; da_is_singular=&#8221;off&#8221; da_with_loader=&#8221;off&#8221; da_has_shadow=&#8221;on&#8221;][et_pb_row _builder_version=&#8221;4.16&#8243; _module_preset=&#8221;default&#8221; global_colors_info=&#8221;{}&#8221;][et_pb_column type=&#8221;4_4&#8243; _builder_version=&#8221;4.16&#8243; _module_preset=&#8221;default&#8221; global_colors_info=&#8221;{}&#8221;][et_pb_text _builder_version=&#8221;4.16&#8243; _module_preset=&#8221;default&#8221; global_colors_info=&#8221;{}&#8221;]<\/p>\n<h1 style=\"text-align: center;\"><span>A proposito di Qustodio<\/span><\/h1>\n<h2 style=\"text-align: center;\"><span>La nostra mission \u00e8 quella di fornire un&#8217;esperienza digitale sicura per ogni ragazzo<\/span><\/h2>\n<p><span>Qustodio \u00e8 il leader di mercato quando si parla di soluzioni di sicurezza Internet per le famiglie. Aiutiamo i genitori a proteggere i propri figli da contenuti inappropriati, predatori online e cyberbulli, sostenendoli nella creazione di abitudini digitali equilibrate. Utilizzato da oltre 4 milioni di utenti che parlano 8 lingue e si trovano in 180 Paesi, Qustodio promuove un rapporto sano con la tecnologia per le famiglie di tutto il mondo.<\/span><\/p>\n<p>&nbsp;<\/p>\n<h3 style=\"text-align: center;\"><span>La storia dei fondatori<\/span><\/h3>\n<p><span>Nel 2010, Eduardo Cruz, Josh Gabel e Josep Gaspar lavoravano insieme nel settore della sicurezza informatica. In occasione dell\u2019uscita del nuovo iPhone 4, i tre si sono resi conto che presto un&#8217;ondata di dispositivi digitali sarebbe entrata nelle case di tutte le famiglie, portando sia enormi opportunit\u00e0 che grandi rischi. Nel contempo, c\u2019era ad ispirarli il modo in cui i nuovi strumenti di analisi stavano aiutando le aziende a immagazzinare i dati anche in termini di visualizzazioni. Fu allora che ebbero l&#8217;idea di presentare questi dati in maniera intuitiva per aiutare le famiglie a tenere al sicuro i pi\u00f9 giovani.<\/span><\/p>\n<p><span>I tre cofondatori hanno realizzato il loro primo prototipo nel 2011 e fondato ufficialmente Qustodio nel 2012 (un nome che fa riferimento al termine latino \u201ccustodia\u201d, che richiama appunto il concetto di protezione). Il prodotto originario permetteva ai genitori di sorvegliare, in maniera intuitiva, l\u2019attivit\u00e0 dei propri figli su computer Windows. Da allora, negli anni, Qustodio ha aggiunto tante nuove funzionalit\u00e0 ed \u00e8 ora possibile installarlo su molti sistemi operativi, divenendo una soluzione di controllo parentale completa in grado di funzionare su (quasi) tutti i dispositivi.<\/span><\/p>\n<h3 style=\"text-align: center;\"><span>I nostri valori<\/span><\/h3>\n<p><span>Con un team composto da 80 membri provenienti da 17 Paesi, siamo un gruppo eterogeneo che sostiene l&#8217;apertura, la curiosit\u00e0 e l&#8217;equilibrio &#8211; sia nel lavoro che nella vita digitale. Crediamo nell&#8217;importanza di usare la tecnologia in modo positivo per l&#8217;educazione e il divertimento ma la nostra priorit\u00e0 assoluta \u00e8 la famiglia, sempre protagonista alla base del nostro impegno.<\/span><\/p>\n<p><span>Vuoi saperne di pi\u00f9? Consulta la lista completa delle funzionalit\u00e0 del prodotto e visita il nostro spazio stampa. Vai alla pagina dedicata alle carriere per vedere le posizioni aperte.<\/span><\/p>\n<p>[\/et_pb_text][\/et_pb_column][\/et_pb_row][\/et_pb_section]<\/p>\n","protected":false},"excerpt":{"rendered":"<p>A proposito di Qustodio La nostra mission \u00e8 quella di fornire un&#8217;esperienza digitale sicura per ogni ragazzo Qustodio \u00e8 il leader di mercato quando si parla di soluzioni di sicurezza Internet per le famiglie. Aiutiamo i genitori a proteggere i propri figli da contenuti inappropriati, predatori online e cyberbulli, sostenendoli nella creazione di abitudini digitali [&hellip;]<\/p>\n","protected":false},"author":4,"featured_media":0,"parent":0,"menu_order":0,"comment_status":"closed","ping_status":"closed","template":"","meta":{"_acf_changed":false,"_et_pb_use_builder":"on","_et_pb_old_content":"","_et_gb_content_width":"","footnotes":""},"class_list":["post-11382","page","type-page","status-publish","hentry"],"acf":[],"yoast_head":"<!-- This site is optimized with the Yoast SEO Premium plugin v25.8 (Yoast SEO v25.8) - https:\/\/yoast.com\/wordpress\/plugins\/seo\/ -->\n<title>Company | Qustodio<\/title>\n<meta name=\"robots\" content=\"index, follow, max-snippet:-1, max-image-preview:large, max-video-preview:-1\" \/>\n<link rel=\"canonical\" href=\"https:\/\/www.qustodio.com\/it\/company\/\" \/>\n<meta property=\"og:locale\" content=\"it_IT\" \/>\n<meta property=\"og:type\" content=\"article\" \/>\n<meta property=\"og:title\" content=\"Company\" \/>\n<meta property=\"og:url\" content=\"https:\/\/www.qustodio.com\/it\/company\/\" \/>\n<meta property=\"og:site_name\" content=\"Qustodio\" \/>\n<meta property=\"article:modified_time\" content=\"2022-05-05T08:55:33+00:00\" \/>\n<meta name=\"twitter:card\" content=\"summary_large_image\" \/>\n<meta name=\"twitter:label1\" content=\"Est. reading time\" \/>\n\t<meta name=\"twitter:data1\" content=\"2 minuti\" \/>\n<script type=\"application\/ld+json\" class=\"yoast-schema-graph\">{\"@context\":\"https:\/\/schema.org\",\"@graph\":[{\"@type\":\"WebPage\",\"@id\":\"https:\/\/www.qustodio.com\/it\/company\/\",\"url\":\"https:\/\/www.qustodio.com\/it\/company\/\",\"name\":\"Company | Qustodio\",\"isPartOf\":{\"@id\":\"https:\/\/www.qustodio.com\/it\/#website\"},\"datePublished\":\"2021-08-16T05:47:13+00:00\",\"dateModified\":\"2022-05-05T08:55:33+00:00\",\"inLanguage\":\"it-IT\",\"potentialAction\":[{\"@type\":\"ReadAction\",\"target\":[\"https:\/\/www.qustodio.com\/it\/company\/\"]}]},{\"@type\":\"WebSite\",\"@id\":\"https:\/\/www.qustodio.com\/it\/#website\",\"url\":\"https:\/\/www.qustodio.com\/it\/\",\"name\":\"Qustodio\",\"description\":\"Free parental control app\",\"potentialAction\":[{\"@type\":\"SearchAction\",\"target\":{\"@type\":\"EntryPoint\",\"urlTemplate\":\"https:\/\/www.qustodio.com\/it\/?s={search_term_string}\"},\"query-input\":{\"@type\":\"PropertyValueSpecification\",\"valueRequired\":true,\"valueName\":\"search_term_string\"}}],\"inLanguage\":\"it-IT\"}]}<\/script>\n<!-- \/ Yoast SEO Premium plugin. -->","yoast_head_json":{"title":"Company | Qustodio","robots":{"index":"index","follow":"follow","max-snippet":"max-snippet:-1","max-image-preview":"max-image-preview:large","max-video-preview":"max-video-preview:-1"},"canonical":"https:\/\/www.qustodio.com\/it\/company\/","og_locale":"it_IT","og_type":"article","og_title":"Company","og_url":"https:\/\/www.qustodio.com\/it\/company\/","og_site_name":"Qustodio","article_modified_time":"2022-05-05T08:55:33+00:00","twitter_card":"summary_large_image","twitter_misc":{"Est. reading time":"2 minuti"},"schema":{"@context":"https:\/\/schema.org","@graph":[{"@type":"WebPage","@id":"https:\/\/www.qustodio.com\/it\/company\/","url":"https:\/\/www.qustodio.com\/it\/company\/","name":"Company | Qustodio","isPartOf":{"@id":"https:\/\/www.qustodio.com\/it\/#website"},"datePublished":"2021-08-16T05:47:13+00:00","dateModified":"2022-05-05T08:55:33+00:00","inLanguage":"it-IT","potentialAction":[{"@type":"ReadAction","target":["https:\/\/www.qustodio.com\/it\/company\/"]}]},{"@type":"WebSite","@id":"https:\/\/www.qustodio.com\/it\/#website","url":"https:\/\/www.qustodio.com\/it\/","name":"Qustodio","description":"Free parental control app","potentialAction":[{"@type":"SearchAction","target":{"@type":"EntryPoint","urlTemplate":"https:\/\/www.qustodio.com\/it\/?s={search_term_string}"},"query-input":{"@type":"PropertyValueSpecification","valueRequired":true,"valueName":"search_term_string"}}],"inLanguage":"it-IT"}]}},"_links":{"self":[{"href":"https:\/\/www.qustodio.com\/it\/wp-json\/wp\/v2\/pages\/11382","targetHints":{"allow":["GET"]}}],"collection":[{"href":"https:\/\/www.qustodio.com\/it\/wp-json\/wp\/v2\/pages"}],"about":[{"href":"https:\/\/www.qustodio.com\/it\/wp-json\/wp\/v2\/types\/page"}],"author":[{"embeddable":true,"href":"https:\/\/www.qustodio.com\/it\/wp-json\/wp\/v2\/users\/4"}],"replies":[{"embeddable":true,"href":"https:\/\/www.qustodio.com\/it\/wp-json\/wp\/v2\/comments?post=11382"}],"version-history":[{"count":3,"href":"https:\/\/www.qustodio.com\/it\/wp-json\/wp\/v2\/pages\/11382\/revisions"}],"predecessor-version":[{"id":31383,"href":"https:\/\/www.qustodio.com\/it\/wp-json\/wp\/v2\/pages\/11382\/revisions\/31383"}],"wp:attachment":[{"href":"https:\/\/www.qustodio.com\/it\/wp-json\/wp\/v2\/media?parent=11382"}],"curies":[{"name":"wp","href":"https:\/\/api.w.org\/{rel}","templated":true}]}}