{"id":11017,"date":"2021-08-18T09:06:04","date_gmt":"2021-08-18T09:06:04","guid":{"rendered":"https:\/\/www.qustodio.com\/downloads\/android-with-calls-and-sms-download\/"},"modified":"2024-12-17T11:26:21","modified_gmt":"2024-12-17T11:26:21","slug":"android-with-calls-and-sms-get-old","status":"publish","type":"page","link":"https:\/\/www.qustodio.com\/pt-br\/downloads\/android-with-calls-and-sms-get-old\/","title":{"rendered":"Android with calls and SMS download"},"content":{"rendered":"<p>[et_pb_section fb_built=&#8221;1&#8243; admin_label=&#8221;Hero&#8221; _builder_version=&#8221;4.16&#8243; _module_preset=&#8221;default&#8221; background_color=&#8221;#eff3f6&#8243; background_enable_color=&#8221;on&#8221; background_image=&#8221;https:\/\/static.qustodio.com\/public-site\/uploads\/2021\/08\/10081717\/fill-1-copy%402x.png&#8221; background_enable_image=&#8221;on&#8221; background_size=&#8221;contain&#8221; background_position=&#8221;top_right&#8221; custom_padding=&#8221;48px||2px||false|false&#8221; background_last_edited=&#8221;on|phone&#8221; background_image_phone=&#8221;https:\/\/static.qustodio.com\/public-site\/uploads\/2021\/08\/10082130\/bg-green-copy-2%402x.png&#8221; background_enable_image_phone=&#8221;on&#8221; da_disable_devices=&#8221;off|off|off&#8221; global_colors_info=&#8221;{}&#8221; da_is_popup=&#8221;off&#8221; da_exit_intent=&#8221;off&#8221; da_has_close=&#8221;on&#8221; da_alt_close=&#8221;off&#8221; da_dark_close=&#8221;off&#8221; da_not_modal=&#8221;on&#8221; da_is_singular=&#8221;off&#8221; da_with_loader=&#8221;off&#8221; da_has_shadow=&#8221;on&#8221;][et_pb_row _builder_version=&#8221;4.16&#8243; _module_preset=&#8221;default&#8221; custom_padding=&#8221;||0px||false|false&#8221; global_colors_info=&#8221;{}&#8221;][et_pb_column type=&#8221;4_4&#8243; _builder_version=&#8221;4.16&#8243; _module_preset=&#8221;default&#8221; global_colors_info=&#8221;{}&#8221;][et_pb_text _builder_version=&#8221;4.16&#8243; _module_preset=&#8221;default&#8221; global_colors_info=&#8221;{}&#8221;]<\/p>\n<h1 class=\"c-panel__title\" style=\"text-align: center;\">Obter Qustodio para Android com Chamadas e SMS<\/h1>\n<h2 style=\"text-align: center;\"><span>Devido \u00e0s novas pol\u00edticas do Google, n\u00e3o podemos mais pedir permiss\u00f5es de Chamadas e SMS quando o aplicativo \u00e9 baixado pelo Google Play.<\/span><\/h2>\n<p>[\/et_pb_text][\/et_pb_column][\/et_pb_row][\/et_pb_section][et_pb_section fb_built=&#8221;1&#8243; _builder_version=&#8221;4.16&#8243; _module_preset=&#8221;default&#8221; background_color=&#8221;#eff3f6&#8243; background_enable_color=&#8221;on&#8221; custom_padding=&#8221;2px||2px||true|false&#8221; da_disable_devices=&#8221;off|off|off&#8221; global_colors_info=&#8221;{}&#8221; da_is_popup=&#8221;off&#8221; da_exit_intent=&#8221;off&#8221; da_has_close=&#8221;on&#8221; da_alt_close=&#8221;off&#8221; da_dark_close=&#8221;off&#8221; da_not_modal=&#8221;on&#8221; da_is_singular=&#8221;off&#8221; da_with_loader=&#8221;off&#8221; da_has_shadow=&#8221;on&#8221;][et_pb_row _builder_version=&#8221;4.16&#8243; _module_preset=&#8221;default&#8221; global_colors_info=&#8221;{}&#8221;][et_pb_column type=&#8221;4_4&#8243; admin_label=&#8221;Column&#8221; _builder_version=&#8221;4.16&#8243; _module_preset=&#8221;default&#8221; global_colors_info=&#8221;{}&#8221;][et_pb_text _builder_version=&#8221;4.16&#8243; _module_preset=&#8221;default&#8221; global_colors_info=&#8221;{}&#8221;]<\/p>\n<p style=\"text-align: center;\">Se voc\u00ea ainda quiser o monitoramento de Chamadas e SMS, baixe o Qustodio diretamente em nosso site.<\/p>\n<p style=\"text-align: center;\">Se voc\u00ea possui um dispositivo Huawei e deseja monitoramento de chamadas e SMS,<span>\u00a0<\/span><a href=\"https:\/\/appgallery.huawei.com\/#\/app\/C101241815\">clique aqui<\/a>.<\/p>\n<p>[\/et_pb_text][et_pb_text _builder_version=&#8221;4.16&#8243; _module_preset=&#8221;default&#8221; global_colors_info=&#8221;{}&#8221;]<\/p>\n<h3 class=\"c-panel__title\" style=\"text-align: center;\">Baixe o Qustodio para Android em nosso site<\/h3>\n<p style=\"text-align: center;\">Ser\u00e1 solicitado que voc\u00ea acesse as &#8220;Configura\u00e7\u00f5es&#8221; e selecione &#8220;Permitir Qustodio&#8221;. Como isso, voc\u00ea poder\u00e1 baixar o aplicativo completo, incluindo o monitoramento de Chamadas e SMS, diretamente do nosso site.<\/p>\n<p>&nbsp;<\/p>\n<p style=\"text-align: center;\"><img loading=\"lazy\" decoding=\"async\" src=\"https:\/\/static.qustodio.com\/public-site\/uploads\/2021\/08\/18120506\/popup-pt-300x185.png\" width=\"300\" height=\"185\" alt=\"\" class=\"wp-image-11037 alignnone size-medium\" \/><\/p>\n<p style=\"text-align: center;\"><span>O Qustodio funciona em dispositivos Android com Android 6.0 e posterior.<\/span><\/p>\n<p>[\/et_pb_text][qusd_button button_text=&#8221;Baixe&#8221; _builder_version=&#8221;4.16&#8243; _module_preset=&#8221;default&#8221; link_option_url=&#8221;https:\/\/api.qustodio.com\/v1\/download?tenant=family&#038;version=0&#038;platform=2&#8243; custom_css_main_element=&#8221;display: flex;||flex-direction: row;||justify-content: center;&#8221; global_colors_info=&#8221;{}&#8221;][\/qusd_button][et_pb_text _builder_version=&#8221;4.16&#8243; _module_preset=&#8221;default&#8221; global_colors_info=&#8221;{}&#8221;]<\/p>\n<p style=\"text-align: center;\"><a href=\"https:\/\/play.google.com\/store\/apps\/details?id=com.qustodio.qustodioapp\">N\u00e3o, obrigado. Leve-me de volta ao Google Play.<\/a><\/p>\n<p>[\/et_pb_text][\/et_pb_column][\/et_pb_row][\/et_pb_section][et_pb_section fb_built=&#8221;1&#8243; custom_padding_last_edited=&#8221;on|phone&#8221; admin_label=&#8221;Help&#8221; _builder_version=&#8221;4.16&#8243; _module_preset=&#8221;default&#8221; background_color=&#8221;#49C592&#8243; background_enable_color=&#8221;on&#8221; custom_padding=&#8221;72px||72px||true|false&#8221; custom_padding_tablet=&#8221;48px||48px||true|false&#8221; custom_padding_phone=&#8221;48px||48px||true|false&#8221; da_disable_devices=&#8221;off|off|off&#8221; global_colors_info=&#8221;{}&#8221; da_is_popup=&#8221;off&#8221; da_exit_intent=&#8221;off&#8221; da_has_close=&#8221;on&#8221; da_alt_close=&#8221;off&#8221; da_dark_close=&#8221;off&#8221; da_not_modal=&#8221;on&#8221; da_is_singular=&#8221;off&#8221; da_with_loader=&#8221;off&#8221; da_has_shadow=&#8221;on&#8221;][et_pb_row _builder_version=&#8221;4.16&#8243; _module_preset=&#8221;default&#8221; custom_margin=&#8221;0px||0px||false|false&#8221; custom_padding=&#8221;0px||0px||false|false&#8221; global_colors_info=&#8221;{}&#8221;][et_pb_column type=&#8221;4_4&#8243; _builder_version=&#8221;4.16&#8243; _module_preset=&#8221;default&#8221; global_colors_info=&#8221;{}&#8221;][et_pb_text _builder_version=&#8221;4.16&#8243; _module_preset=&#8221;default&#8221; text_text_color=&#8221;#FFFFFF&#8221; header_text_color=&#8221;#FFFFFF&#8221; header_3_text_color=&#8221;#FFFFFF&#8221; custom_margin=&#8221;||24px||false|false&#8221; custom_margin_tablet=&#8221;&#8221; custom_margin_phone=&#8221;||0px||false|false&#8221; custom_margin_last_edited=&#8221;on|tablet&#8221; global_colors_info=&#8221;{}&#8221;]<\/p>\n<h3 style=\"text-align: center;\"><strong>Estamos aqui para ajudar<\/strong><\/h3>\n<p>[\/et_pb_text][et_pb_text _builder_version=&#8221;4.16&#8243; _module_preset=&#8221;default&#8221; text_font=&#8221;Poppins|500|||on|||#FFFFFF|&#8221; text_text_color=&#8221;#FFFFFF&#8221; text_font_size=&#8221;20px&#8221; text_orientation=&#8221;center&#8221; custom_margin=&#8221;0px||||false|false&#8221; custom_padding=&#8221;||||false|false&#8221; link_option_url=&#8221;https:\/\/www.qustodio.com\/en\/help\/contact\/&#8221; text_font_phone=&#8221;Poppins|500|||on||||&#8221; text_font_size_phone=&#8221;14px&#8221; global_colors_info=&#8221;{}&#8221;]<i class=\"far fa-info-circle\" style=\"margin-right: 8px;\"><\/i><a href=\"https:\/\/www.qustodio.com\/pt\/help\/contact\/\">Si tem alguma d\u00favida, clique aqui.<\/a>[\/et_pb_text][\/et_pb_column][\/et_pb_row][\/et_pb_section]<\/p>\n","protected":false},"excerpt":{"rendered":"<p>Obter Qustodio para Android com Chamadas e SMS Devido \u00e0s novas pol\u00edticas do Google, n\u00e3o podemos mais pedir permiss\u00f5es de Chamadas e SMS quando o aplicativo \u00e9 baixado pelo Google Play.Se voc\u00ea ainda quiser o monitoramento de Chamadas e SMS, baixe o Qustodio diretamente em nosso site. Se voc\u00ea possui um dispositivo Huawei e deseja [&hellip;]<\/p>\n","protected":false},"author":4,"featured_media":0,"parent":66205,"menu_order":0,"comment_status":"closed","ping_status":"closed","template":"","meta":{"_acf_changed":false,"_et_pb_use_builder":"on","_et_pb_old_content":"","_et_gb_content_width":"","footnotes":""},"class_list":["post-11017","page","type-page","status-publish","hentry"],"acf":[],"yoast_head":"<!-- This site is optimized with the Yoast SEO Premium plugin v25.8 (Yoast SEO v25.8) - https:\/\/yoast.com\/wordpress\/plugins\/seo\/ -->\n<title>Android with calls and SMS download | Qustodio<\/title>\n<meta name=\"robots\" content=\"index, follow, max-snippet:-1, max-image-preview:large, max-video-preview:-1\" \/>\n<link rel=\"canonical\" href=\"https:\/\/www.qustodio.com\/pt-br\/downloads\/android-with-calls-and-sms-get-old\/\" \/>\n<meta property=\"og:locale\" content=\"pt_BR\" \/>\n<meta property=\"og:type\" content=\"article\" \/>\n<meta property=\"og:title\" content=\"Android with calls and SMS download\" \/>\n<meta property=\"og:url\" content=\"https:\/\/www.qustodio.com\/pt-br\/downloads\/android-with-calls-and-sms-get-old\/\" \/>\n<meta property=\"og:site_name\" content=\"Qustodio\" \/>\n<meta property=\"article:modified_time\" content=\"2024-12-17T11:26:21+00:00\" \/>\n<meta property=\"og:image\" content=\"https:\/\/www.qustodio.com\/wp-content\/uploads\/2021\/08\/popup-pt-300x185.png\" \/>\n<meta name=\"twitter:card\" content=\"summary_large_image\" \/>\n<meta name=\"twitter:label1\" content=\"Est. reading time\" \/>\n\t<meta name=\"twitter:data1\" content=\"1 minuto\" \/>\n<script type=\"application\/ld+json\" class=\"yoast-schema-graph\">{\"@context\":\"https:\/\/schema.org\",\"@graph\":[{\"@type\":\"WebPage\",\"@id\":\"https:\/\/www.qustodio.com\/pt-br\/downloads\/android-with-calls-and-sms-get-old\/\",\"url\":\"https:\/\/www.qustodio.com\/pt-br\/downloads\/android-with-calls-and-sms-get-old\/\",\"name\":\"Android with calls and SMS download | Qustodio\",\"isPartOf\":{\"@id\":\"https:\/\/www.qustodio.com\/pt-br\/#website\"},\"primaryImageOfPage\":{\"@id\":\"https:\/\/www.qustodio.com\/pt-br\/downloads\/android-with-calls-and-sms-get-old\/#primaryimage\"},\"image\":{\"@id\":\"https:\/\/www.qustodio.com\/pt-br\/downloads\/android-with-calls-and-sms-get-old\/#primaryimage\"},\"thumbnailUrl\":\"https:\/\/www.qustodio.com\/wp-content\/uploads\/2021\/08\/popup-pt-300x185.png\",\"datePublished\":\"2021-08-18T09:06:04+00:00\",\"dateModified\":\"2024-12-17T11:26:21+00:00\",\"breadcrumb\":{\"@id\":\"https:\/\/www.qustodio.com\/pt-br\/downloads\/android-with-calls-and-sms-get-old\/#breadcrumb\"},\"inLanguage\":\"pt-BR\",\"potentialAction\":[{\"@type\":\"ReadAction\",\"target\":[\"https:\/\/www.qustodio.com\/pt-br\/downloads\/android-with-calls-and-sms-get-old\/\"]}]},{\"@type\":\"ImageObject\",\"inLanguage\":\"pt-BR\",\"@id\":\"https:\/\/www.qustodio.com\/pt-br\/downloads\/android-with-calls-and-sms-get-old\/#primaryimage\",\"url\":\"https:\/\/www.qustodio.com\/wp-content\/uploads\/2021\/08\/popup-pt-300x185.png\",\"contentUrl\":\"https:\/\/www.qustodio.com\/wp-content\/uploads\/2021\/08\/popup-pt-300x185.png\"},{\"@type\":\"BreadcrumbList\",\"@id\":\"https:\/\/www.qustodio.com\/pt-br\/downloads\/android-with-calls-and-sms-get-old\/#breadcrumb\",\"itemListElement\":[{\"@type\":\"ListItem\",\"position\":1,\"name\":\"Downloads\",\"item\":\"https:\/\/www.qustodio.com\/pt-br\/downloads\/\"},{\"@type\":\"ListItem\",\"position\":2,\"name\":\"Android with calls and SMS download\"}]},{\"@type\":\"WebSite\",\"@id\":\"https:\/\/www.qustodio.com\/pt-br\/#website\",\"url\":\"https:\/\/www.qustodio.com\/pt-br\/\",\"name\":\"Qustodio\",\"description\":\"Free parental control app\",\"potentialAction\":[{\"@type\":\"SearchAction\",\"target\":{\"@type\":\"EntryPoint\",\"urlTemplate\":\"https:\/\/www.qustodio.com\/pt-br\/?s={search_term_string}\"},\"query-input\":{\"@type\":\"PropertyValueSpecification\",\"valueRequired\":true,\"valueName\":\"search_term_string\"}}],\"inLanguage\":\"pt-BR\"}]}<\/script>\n<!-- \/ Yoast SEO Premium plugin. -->","yoast_head_json":{"title":"Android with calls and SMS download | Qustodio","robots":{"index":"index","follow":"follow","max-snippet":"max-snippet:-1","max-image-preview":"max-image-preview:large","max-video-preview":"max-video-preview:-1"},"canonical":"https:\/\/www.qustodio.com\/pt-br\/downloads\/android-with-calls-and-sms-get-old\/","og_locale":"pt_BR","og_type":"article","og_title":"Android with calls and SMS download","og_url":"https:\/\/www.qustodio.com\/pt-br\/downloads\/android-with-calls-and-sms-get-old\/","og_site_name":"Qustodio","article_modified_time":"2024-12-17T11:26:21+00:00","og_image":[{"url":"https:\/\/www.qustodio.com\/wp-content\/uploads\/2021\/08\/popup-pt-300x185.png","type":"","width":"","height":""}],"twitter_card":"summary_large_image","twitter_misc":{"Est. reading time":"1 minuto"},"schema":{"@context":"https:\/\/schema.org","@graph":[{"@type":"WebPage","@id":"https:\/\/www.qustodio.com\/pt-br\/downloads\/android-with-calls-and-sms-get-old\/","url":"https:\/\/www.qustodio.com\/pt-br\/downloads\/android-with-calls-and-sms-get-old\/","name":"Android with calls and SMS download | Qustodio","isPartOf":{"@id":"https:\/\/www.qustodio.com\/pt-br\/#website"},"primaryImageOfPage":{"@id":"https:\/\/www.qustodio.com\/pt-br\/downloads\/android-with-calls-and-sms-get-old\/#primaryimage"},"image":{"@id":"https:\/\/www.qustodio.com\/pt-br\/downloads\/android-with-calls-and-sms-get-old\/#primaryimage"},"thumbnailUrl":"https:\/\/www.qustodio.com\/wp-content\/uploads\/2021\/08\/popup-pt-300x185.png","datePublished":"2021-08-18T09:06:04+00:00","dateModified":"2024-12-17T11:26:21+00:00","breadcrumb":{"@id":"https:\/\/www.qustodio.com\/pt-br\/downloads\/android-with-calls-and-sms-get-old\/#breadcrumb"},"inLanguage":"pt-BR","potentialAction":[{"@type":"ReadAction","target":["https:\/\/www.qustodio.com\/pt-br\/downloads\/android-with-calls-and-sms-get-old\/"]}]},{"@type":"ImageObject","inLanguage":"pt-BR","@id":"https:\/\/www.qustodio.com\/pt-br\/downloads\/android-with-calls-and-sms-get-old\/#primaryimage","url":"https:\/\/www.qustodio.com\/wp-content\/uploads\/2021\/08\/popup-pt-300x185.png","contentUrl":"https:\/\/www.qustodio.com\/wp-content\/uploads\/2021\/08\/popup-pt-300x185.png"},{"@type":"BreadcrumbList","@id":"https:\/\/www.qustodio.com\/pt-br\/downloads\/android-with-calls-and-sms-get-old\/#breadcrumb","itemListElement":[{"@type":"ListItem","position":1,"name":"Downloads","item":"https:\/\/www.qustodio.com\/pt-br\/downloads\/"},{"@type":"ListItem","position":2,"name":"Android with calls and SMS download"}]},{"@type":"WebSite","@id":"https:\/\/www.qustodio.com\/pt-br\/#website","url":"https:\/\/www.qustodio.com\/pt-br\/","name":"Qustodio","description":"Free parental control app","potentialAction":[{"@type":"SearchAction","target":{"@type":"EntryPoint","urlTemplate":"https:\/\/www.qustodio.com\/pt-br\/?s={search_term_string}"},"query-input":{"@type":"PropertyValueSpecification","valueRequired":true,"valueName":"search_term_string"}}],"inLanguage":"pt-BR"}]}},"_links":{"self":[{"href":"https:\/\/www.qustodio.com\/pt-br\/wp-json\/wp\/v2\/pages\/11017","targetHints":{"allow":["GET"]}}],"collection":[{"href":"https:\/\/www.qustodio.com\/pt-br\/wp-json\/wp\/v2\/pages"}],"about":[{"href":"https:\/\/www.qustodio.com\/pt-br\/wp-json\/wp\/v2\/types\/page"}],"author":[{"embeddable":true,"href":"https:\/\/www.qustodio.com\/pt-br\/wp-json\/wp\/v2\/users\/4"}],"replies":[{"embeddable":true,"href":"https:\/\/www.qustodio.com\/pt-br\/wp-json\/wp\/v2\/comments?post=11017"}],"version-history":[{"count":11,"href":"https:\/\/www.qustodio.com\/pt-br\/wp-json\/wp\/v2\/pages\/11017\/revisions"}],"predecessor-version":[{"id":77534,"href":"https:\/\/www.qustodio.com\/pt-br\/wp-json\/wp\/v2\/pages\/11017\/revisions\/77534"}],"up":[{"embeddable":true,"href":"https:\/\/www.qustodio.com\/pt-br\/wp-json\/wp\/v2\/pages\/66205"}],"wp:attachment":[{"href":"https:\/\/www.qustodio.com\/pt-br\/wp-json\/wp\/v2\/media?parent=11017"}],"curies":[{"name":"wp","href":"https:\/\/api.w.org\/{rel}","templated":true}]}}