{"id":11384,"date":"2021-08-16T05:47:13","date_gmt":"2021-08-16T05:47:13","guid":{"rendered":"https:\/\/www.qustodio.com\/company\/"},"modified":"2022-05-05T08:57:15","modified_gmt":"2022-05-05T08:57:15","slug":"company","status":"publish","type":"page","link":"https:\/\/www.qustodio.com\/pt-br\/company\/","title":{"rendered":"Company"},"content":{"rendered":"<p>[et_pb_section fb_built=&#8221;1&#8243; _builder_version=&#8221;4.16&#8243; _module_preset=&#8221;default&#8221; custom_padding=&#8221;48px|0px|48px||true|false&#8221; da_disable_devices=&#8221;off|off|off&#8221; global_colors_info=&#8221;{}&#8221; da_is_popup=&#8221;off&#8221; da_exit_intent=&#8221;off&#8221; da_has_close=&#8221;on&#8221; da_alt_close=&#8221;off&#8221; da_dark_close=&#8221;off&#8221; da_not_modal=&#8221;on&#8221; da_is_singular=&#8221;off&#8221; da_with_loader=&#8221;off&#8221; da_has_shadow=&#8221;on&#8221;][et_pb_row _builder_version=&#8221;4.16&#8243; _module_preset=&#8221;default&#8221; global_colors_info=&#8221;{}&#8221;][et_pb_column type=&#8221;4_4&#8243; _builder_version=&#8221;4.16&#8243; _module_preset=&#8221;default&#8221; global_colors_info=&#8221;{}&#8221;][et_pb_text _builder_version=&#8221;4.16&#8243; _module_preset=&#8221;default&#8221; global_colors_info=&#8221;{}&#8221;]<\/p>\n<h1 style=\"text-align: center;\"><span>Sobre a Qustodio<\/span><\/h1>\n<h2 style=\"text-align: center;\"><span>Nossa miss\u00e3o \u00e9 fornecer uma experi\u00eancia digital segura para todas as crian\u00e7as<\/span><\/h2>\n<p><span>A Qustodio \u00e9 l\u00edder de mercado em solu\u00e7\u00f5es de seguran\u00e7a na Internet para fam\u00edlias. Ajudamos os pais a proteger seus filhos contra conte\u00fado impr\u00f3prio, predadores online e cyberbullies, ao mesmo tempo que os apoiamos na cria\u00e7\u00e3o de h\u00e1bitos digitais equilibrados. Com mais de 4 milh\u00f5es de usu\u00e1rios em 8 idiomas e 180 pa\u00edses, a Qustodio promove um relacionamento saud\u00e1vel com a tecnologia para fam\u00edlias em todo o mundo.<\/span><\/p>\n<p>&nbsp;<\/p>\n<h3 style=\"text-align: center;\"><span>Hist\u00f3ria de nossos fundadores<\/span><\/h3>\n<p><span>Em 2010, Eduardo Cruz, Josh Gabel e Josep Gaspar estavam trabalhando juntos em seguran\u00e7a cibern\u00e9tica. Eles viram o novo iPhone 4 e sabiam que uma onda de dispositivos digitais logo entraria nos lares das fam\u00edlias, trazendo grandes oportunidades e imensos riscos. Ao mesmo tempo, eles se inspiraram na forma como as novas ferramentas de an\u00e1lise ajudavam as empresas a capturar dados visualmente. Foi ent\u00e3o que tiveram a ideia de usar dados visuais intuitivos para ajudar as fam\u00edlias a manter seus filhos seguros.<\/span><\/p>\n<p><span>Eles desenvolveram seu primeiro prot\u00f3tipo em 2011 e fundaram oficialmente a Qustodio em 2012 (em refer\u00eancia ao termo latino para prote\u00e7\u00e3o, &#8220;Custodia&#8221;). O produto inicial ajudou os pais a ver o que seus filhos estavam fazendo em seus computadores Windows de uma maneira f\u00e1cil de entender. Nos anos seguintes, a Qustodio adicionou v\u00e1rios recursos e cresceu para abranger muitos sistemas operacionais. Agora \u00e9 uma solu\u00e7\u00e3o de controle parental realmente abrangente que funciona em (quase) todos os dispositivos.<\/span><\/p>\n<h3 style=\"text-align: center;\"><span>Nossos valores<\/span><\/h3>\n<p><span>Com 80 membros de equipe de 17 pa\u00edses, somos um grupo diversificado que defende a transpar\u00eancia, a curiosidade e o equil\u00edbrio, tanto no trabalho quanto na vida digital. Acreditamos na import\u00e2ncia de usar a tecnologia de maneiras positivas para a educa\u00e7\u00e3o e a divers\u00e3o. Acima de tudo, colocamos a fam\u00edlia em primeiro lugar: come\u00e7amos tudo olhando para o ponto de vista familiar e partimos da\u00ed.<\/span><\/p>\n<p><span>Quer saber mais? Veja nossa lista completa de recursos do produto ou acesse nossos comunicados. Visite nossa p\u00e1gina de carreiras para conhecer nossas vagas dispon\u00edveis.<\/span><\/p>\n<p>[\/et_pb_text][\/et_pb_column][\/et_pb_row][\/et_pb_section]<\/p>\n","protected":false},"excerpt":{"rendered":"<p>Sobre a Qustodio Nossa miss\u00e3o \u00e9 fornecer uma experi\u00eancia digital segura para todas as crian\u00e7as A Qustodio \u00e9 l\u00edder de mercado em solu\u00e7\u00f5es de seguran\u00e7a na Internet para fam\u00edlias. Ajudamos os pais a proteger seus filhos contra conte\u00fado impr\u00f3prio, predadores online e cyberbullies, ao mesmo tempo que os apoiamos na cria\u00e7\u00e3o de h\u00e1bitos digitais equilibrados. [&hellip;]<\/p>\n","protected":false},"author":4,"featured_media":0,"parent":0,"menu_order":0,"comment_status":"closed","ping_status":"closed","template":"","meta":{"_acf_changed":false,"_et_pb_use_builder":"on","_et_pb_old_content":"","_et_gb_content_width":"","footnotes":""},"class_list":["post-11384","page","type-page","status-publish","hentry"],"acf":[],"yoast_head":"<!-- This site is optimized with the Yoast SEO Premium plugin v25.8 (Yoast SEO v25.8) - https:\/\/yoast.com\/wordpress\/plugins\/seo\/ -->\n<title>Company | Qustodio<\/title>\n<meta name=\"robots\" content=\"index, follow, max-snippet:-1, max-image-preview:large, max-video-preview:-1\" \/>\n<link rel=\"canonical\" href=\"https:\/\/www.qustodio.com\/pt-br\/company\/\" \/>\n<meta property=\"og:locale\" content=\"pt_BR\" \/>\n<meta property=\"og:type\" content=\"article\" \/>\n<meta property=\"og:title\" content=\"Company\" \/>\n<meta property=\"og:url\" content=\"https:\/\/www.qustodio.com\/pt-br\/company\/\" \/>\n<meta property=\"og:site_name\" content=\"Qustodio\" \/>\n<meta property=\"article:modified_time\" content=\"2022-05-05T08:57:15+00:00\" \/>\n<meta name=\"twitter:card\" content=\"summary_large_image\" \/>\n<meta name=\"twitter:label1\" content=\"Est. reading time\" \/>\n\t<meta name=\"twitter:data1\" content=\"2 minutos\" \/>\n<script type=\"application\/ld+json\" class=\"yoast-schema-graph\">{\"@context\":\"https:\/\/schema.org\",\"@graph\":[{\"@type\":\"WebPage\",\"@id\":\"https:\/\/www.qustodio.com\/pt-br\/company\/\",\"url\":\"https:\/\/www.qustodio.com\/pt-br\/company\/\",\"name\":\"Company | Qustodio\",\"isPartOf\":{\"@id\":\"https:\/\/www.qustodio.com\/pt-br\/#website\"},\"datePublished\":\"2021-08-16T05:47:13+00:00\",\"dateModified\":\"2022-05-05T08:57:15+00:00\",\"inLanguage\":\"pt-BR\",\"potentialAction\":[{\"@type\":\"ReadAction\",\"target\":[\"https:\/\/www.qustodio.com\/pt-br\/company\/\"]}]},{\"@type\":\"WebSite\",\"@id\":\"https:\/\/www.qustodio.com\/pt-br\/#website\",\"url\":\"https:\/\/www.qustodio.com\/pt-br\/\",\"name\":\"Qustodio\",\"description\":\"Free parental control app\",\"potentialAction\":[{\"@type\":\"SearchAction\",\"target\":{\"@type\":\"EntryPoint\",\"urlTemplate\":\"https:\/\/www.qustodio.com\/pt-br\/?s={search_term_string}\"},\"query-input\":{\"@type\":\"PropertyValueSpecification\",\"valueRequired\":true,\"valueName\":\"search_term_string\"}}],\"inLanguage\":\"pt-BR\"}]}<\/script>\n<!-- \/ Yoast SEO Premium plugin. -->","yoast_head_json":{"title":"Company | Qustodio","robots":{"index":"index","follow":"follow","max-snippet":"max-snippet:-1","max-image-preview":"max-image-preview:large","max-video-preview":"max-video-preview:-1"},"canonical":"https:\/\/www.qustodio.com\/pt-br\/company\/","og_locale":"pt_BR","og_type":"article","og_title":"Company","og_url":"https:\/\/www.qustodio.com\/pt-br\/company\/","og_site_name":"Qustodio","article_modified_time":"2022-05-05T08:57:15+00:00","twitter_card":"summary_large_image","twitter_misc":{"Est. reading time":"2 minutos"},"schema":{"@context":"https:\/\/schema.org","@graph":[{"@type":"WebPage","@id":"https:\/\/www.qustodio.com\/pt-br\/company\/","url":"https:\/\/www.qustodio.com\/pt-br\/company\/","name":"Company | Qustodio","isPartOf":{"@id":"https:\/\/www.qustodio.com\/pt-br\/#website"},"datePublished":"2021-08-16T05:47:13+00:00","dateModified":"2022-05-05T08:57:15+00:00","inLanguage":"pt-BR","potentialAction":[{"@type":"ReadAction","target":["https:\/\/www.qustodio.com\/pt-br\/company\/"]}]},{"@type":"WebSite","@id":"https:\/\/www.qustodio.com\/pt-br\/#website","url":"https:\/\/www.qustodio.com\/pt-br\/","name":"Qustodio","description":"Free parental control app","potentialAction":[{"@type":"SearchAction","target":{"@type":"EntryPoint","urlTemplate":"https:\/\/www.qustodio.com\/pt-br\/?s={search_term_string}"},"query-input":{"@type":"PropertyValueSpecification","valueRequired":true,"valueName":"search_term_string"}}],"inLanguage":"pt-BR"}]}},"_links":{"self":[{"href":"https:\/\/www.qustodio.com\/pt-br\/wp-json\/wp\/v2\/pages\/11384","targetHints":{"allow":["GET"]}}],"collection":[{"href":"https:\/\/www.qustodio.com\/pt-br\/wp-json\/wp\/v2\/pages"}],"about":[{"href":"https:\/\/www.qustodio.com\/pt-br\/wp-json\/wp\/v2\/types\/page"}],"author":[{"embeddable":true,"href":"https:\/\/www.qustodio.com\/pt-br\/wp-json\/wp\/v2\/users\/4"}],"replies":[{"embeddable":true,"href":"https:\/\/www.qustodio.com\/pt-br\/wp-json\/wp\/v2\/comments?post=11384"}],"version-history":[{"count":3,"href":"https:\/\/www.qustodio.com\/pt-br\/wp-json\/wp\/v2\/pages\/11384\/revisions"}],"predecessor-version":[{"id":31384,"href":"https:\/\/www.qustodio.com\/pt-br\/wp-json\/wp\/v2\/pages\/11384\/revisions\/31384"}],"wp:attachment":[{"href":"https:\/\/www.qustodio.com\/pt-br\/wp-json\/wp\/v2\/media?parent=11384"}],"curies":[{"name":"wp","href":"https:\/\/api.w.org\/{rel}","templated":true}]}}