{"id":1359,"date":"2021-08-03T09:17:15","date_gmt":"2021-08-03T09:17:15","guid":{"rendered":"https:\/\/www.qustodio.com\/team\/"},"modified":"2021-08-10T11:06:21","modified_gmt":"2021-08-10T11:06:21","slug":"team","status":"publish","type":"page","link":"https:\/\/www.qustodio.com\/pt-br\/team\/","title":{"rendered":"Team"},"content":{"rendered":"<p>[et_pb_section fb_built=&#8221;1&#8243; _builder_version=&#8221;4.9.2&#8243; _module_preset=&#8221;default&#8221; da_disable_devices=&#8221;off|off|off&#8221; da_is_popup=&#8221;off&#8221; da_exit_intent=&#8221;off&#8221; da_has_close=&#8221;on&#8221; da_alt_close=&#8221;off&#8221; da_dark_close=&#8221;off&#8221; da_not_modal=&#8221;on&#8221; da_is_singular=&#8221;off&#8221; da_with_loader=&#8221;off&#8221; da_has_shadow=&#8221;on&#8221;][et_pb_row _builder_version=&#8221;4.9.2&#8243; _module_preset=&#8221;default&#8221;][et_pb_column type=&#8221;4_4&#8243; _builder_version=&#8221;4.9.2&#8243; _module_preset=&#8221;default&#8221;][et_pb_text _builder_version=&#8221;4.9.2&#8243; _module_preset=&#8221;default&#8221; hover_enabled=&#8221;0&#8243; sticky_enabled=&#8221;0&#8243;]<\/p>\n<h1 style=\"text-align: center;\">Nossos fundadores<\/h1>\n<div class=\"team-list\">\n<p><strong>Eduardo Cruz<\/strong>,<span>\u00a0<\/span><strong>Josep Gaspar<\/strong><span>\u00a0<\/span>e<span>\u00a0<\/span><strong>Josh Gabel<\/strong>, amigos de longa data e especialistas em cyberseguran\u00e7a, fundaram o Qustodio em 2012 e continuam a liderar a empresa at\u00e9 os dias atuais.<\/p>\n<\/div>\n<p>[\/et_pb_text][\/et_pb_column][\/et_pb_row][et_pb_row _builder_version=&#8221;4.9.2&#8243; _module_preset=&#8221;default&#8221;][et_pb_column type=&#8221;4_4&#8243; _builder_version=&#8221;4.9.2&#8243; _module_preset=&#8221;default&#8221;][et_pb_image src=&#8221;https:\/\/static.qustodio.com\/public-site\/uploads\/2021\/07\/29092816\/qustodio_founders.jpeg&#8221; alt=&#8221;Qustodio | Founders&#8221; title_text=&#8221;Qustodio&#8217;s Founders&#8221; _builder_version=&#8221;4.9.2&#8243; _module_preset=&#8221;default&#8221; hover_enabled=&#8221;0&#8243; align=&#8221;center&#8221; sticky_enabled=&#8221;0&#8243;][\/et_pb_image][\/et_pb_column][\/et_pb_row][et_pb_row _builder_version=&#8221;4.9.2&#8243; _module_preset=&#8221;default&#8221;][et_pb_column type=&#8221;4_4&#8243; _builder_version=&#8221;4.9.2&#8243; _module_preset=&#8221;default&#8221;][et_pb_text _builder_version=&#8221;4.9.2&#8243; _module_preset=&#8221;default&#8221;]<\/p>\n<h1 style=\"text-align: center;\">Nossa equipe<\/h1>\n<p>N\u00f3s somos um<span>\u00a0<\/span><strong>grupo internacional e crescente de 75 membros, composto por engenheiros, artistas, cientistas de dados, marqueteiros, prestadores de servi\u00e7o a clientes, escritores e entendidos do produto<\/strong><span>\u00a0<\/span>na ensolarada cidade de Barcelona. N\u00f3s trabalhamos arduamente para fazer do Qustodio o melhor aplicativo de seguran\u00e7a e bem-estar digital, al\u00e9m de um centro de recursos para fam\u00edlias. Tudo isso porque tamb\u00e9m somos pais!<\/p>\n<p>[\/et_pb_text][\/et_pb_column][\/et_pb_row][et_pb_row _builder_version=&#8221;4.9.2&#8243; _module_preset=&#8221;default&#8221;][et_pb_column type=&#8221;4_4&#8243; _builder_version=&#8221;4.9.2&#8243; _module_preset=&#8221;default&#8221;][et_pb_image src=&#8221;https:\/\/static.qustodio.com\/public-site\/uploads\/2021\/08\/09073750\/team.png&#8221; alt=&#8221;Qustodio team&#8221; title_text=&#8221;Qustodio team&#8221; _builder_version=&#8221;4.9.2&#8243; _module_preset=&#8221;default&#8221; hover_enabled=&#8221;0&#8243; align=&#8221;center&#8221; sticky_enabled=&#8221;0&#8243;][\/et_pb_image][\/et_pb_column][\/et_pb_row][\/et_pb_section]<\/p>\n","protected":false},"excerpt":{"rendered":"<p>Nossos fundadores Eduardo Cruz,\u00a0Josep Gaspar\u00a0e\u00a0Josh Gabel, amigos de longa data e especialistas em cyberseguran\u00e7a, fundaram o Qustodio em 2012 e continuam a liderar a empresa at\u00e9 os dias atuais. Nossa equipe N\u00f3s somos um\u00a0grupo internacional e crescente de 75 membros, composto por engenheiros, artistas, cientistas de dados, marqueteiros, prestadores de servi\u00e7o a clientes, escritores e [&hellip;]<\/p>\n","protected":false},"author":5,"featured_media":0,"parent":0,"menu_order":0,"comment_status":"closed","ping_status":"closed","template":"","meta":{"_acf_changed":false,"_et_pb_use_builder":"on","_et_pb_old_content":"","_et_gb_content_width":"","footnotes":""},"class_list":["post-1359","page","type-page","status-publish","hentry"],"acf":[],"yoast_head":"<!-- This site is optimized with the Yoast SEO Premium plugin v25.8 (Yoast SEO v25.8) - https:\/\/yoast.com\/wordpress\/plugins\/seo\/ -->\n<title>Team | Qustodio<\/title>\n<meta name=\"robots\" content=\"index, follow, max-snippet:-1, max-image-preview:large, max-video-preview:-1\" \/>\n<link rel=\"canonical\" href=\"https:\/\/www.qustodio.com\/pt-br\/team\/\" \/>\n<meta property=\"og:locale\" content=\"pt_BR\" \/>\n<meta property=\"og:type\" content=\"article\" \/>\n<meta property=\"og:title\" content=\"Team\" \/>\n<meta property=\"og:url\" content=\"https:\/\/www.qustodio.com\/pt-br\/team\/\" \/>\n<meta property=\"og:site_name\" content=\"Qustodio\" \/>\n<meta property=\"article:modified_time\" content=\"2021-08-10T11:06:21+00:00\" \/>\n<meta name=\"twitter:card\" content=\"summary_large_image\" \/>\n<meta name=\"twitter:label1\" content=\"Est. reading time\" \/>\n\t<meta name=\"twitter:data1\" content=\"2 minutos\" \/>\n<script type=\"application\/ld+json\" class=\"yoast-schema-graph\">{\"@context\":\"https:\/\/schema.org\",\"@graph\":[{\"@type\":\"WebPage\",\"@id\":\"https:\/\/www.qustodio.com\/pt-br\/team\/\",\"url\":\"https:\/\/www.qustodio.com\/pt-br\/team\/\",\"name\":\"Team | Qustodio\",\"isPartOf\":{\"@id\":\"https:\/\/www.qustodio.com\/pt-br\/#website\"},\"datePublished\":\"2021-08-03T09:17:15+00:00\",\"dateModified\":\"2021-08-10T11:06:21+00:00\",\"inLanguage\":\"pt-BR\",\"potentialAction\":[{\"@type\":\"ReadAction\",\"target\":[\"https:\/\/www.qustodio.com\/pt-br\/team\/\"]}]},{\"@type\":\"WebSite\",\"@id\":\"https:\/\/www.qustodio.com\/pt-br\/#website\",\"url\":\"https:\/\/www.qustodio.com\/pt-br\/\",\"name\":\"Qustodio\",\"description\":\"Free parental control app\",\"potentialAction\":[{\"@type\":\"SearchAction\",\"target\":{\"@type\":\"EntryPoint\",\"urlTemplate\":\"https:\/\/www.qustodio.com\/pt-br\/?s={search_term_string}\"},\"query-input\":{\"@type\":\"PropertyValueSpecification\",\"valueRequired\":true,\"valueName\":\"search_term_string\"}}],\"inLanguage\":\"pt-BR\"}]}<\/script>\n<!-- \/ Yoast SEO Premium plugin. -->","yoast_head_json":{"title":"Team | Qustodio","robots":{"index":"index","follow":"follow","max-snippet":"max-snippet:-1","max-image-preview":"max-image-preview:large","max-video-preview":"max-video-preview:-1"},"canonical":"https:\/\/www.qustodio.com\/pt-br\/team\/","og_locale":"pt_BR","og_type":"article","og_title":"Team","og_url":"https:\/\/www.qustodio.com\/pt-br\/team\/","og_site_name":"Qustodio","article_modified_time":"2021-08-10T11:06:21+00:00","twitter_card":"summary_large_image","twitter_misc":{"Est. reading time":"2 minutos"},"schema":{"@context":"https:\/\/schema.org","@graph":[{"@type":"WebPage","@id":"https:\/\/www.qustodio.com\/pt-br\/team\/","url":"https:\/\/www.qustodio.com\/pt-br\/team\/","name":"Team | Qustodio","isPartOf":{"@id":"https:\/\/www.qustodio.com\/pt-br\/#website"},"datePublished":"2021-08-03T09:17:15+00:00","dateModified":"2021-08-10T11:06:21+00:00","inLanguage":"pt-BR","potentialAction":[{"@type":"ReadAction","target":["https:\/\/www.qustodio.com\/pt-br\/team\/"]}]},{"@type":"WebSite","@id":"https:\/\/www.qustodio.com\/pt-br\/#website","url":"https:\/\/www.qustodio.com\/pt-br\/","name":"Qustodio","description":"Free parental control app","potentialAction":[{"@type":"SearchAction","target":{"@type":"EntryPoint","urlTemplate":"https:\/\/www.qustodio.com\/pt-br\/?s={search_term_string}"},"query-input":{"@type":"PropertyValueSpecification","valueRequired":true,"valueName":"search_term_string"}}],"inLanguage":"pt-BR"}]}},"_links":{"self":[{"href":"https:\/\/www.qustodio.com\/pt-br\/wp-json\/wp\/v2\/pages\/1359","targetHints":{"allow":["GET"]}}],"collection":[{"href":"https:\/\/www.qustodio.com\/pt-br\/wp-json\/wp\/v2\/pages"}],"about":[{"href":"https:\/\/www.qustodio.com\/pt-br\/wp-json\/wp\/v2\/types\/page"}],"author":[{"embeddable":true,"href":"https:\/\/www.qustodio.com\/pt-br\/wp-json\/wp\/v2\/users\/5"}],"replies":[{"embeddable":true,"href":"https:\/\/www.qustodio.com\/pt-br\/wp-json\/wp\/v2\/comments?post=1359"}],"version-history":[{"count":2,"href":"https:\/\/www.qustodio.com\/pt-br\/wp-json\/wp\/v2\/pages\/1359\/revisions"}],"predecessor-version":[{"id":1816,"href":"https:\/\/www.qustodio.com\/pt-br\/wp-json\/wp\/v2\/pages\/1359\/revisions\/1816"}],"wp:attachment":[{"href":"https:\/\/www.qustodio.com\/pt-br\/wp-json\/wp\/v2\/media?parent=1359"}],"curies":[{"name":"wp","href":"https:\/\/api.w.org\/{rel}","templated":true}]}}