{"id":20841,"date":"2021-06-22T09:59:16","date_gmt":"2021-06-22T09:59:16","guid":{"rendered":"https:\/\/www.qustodio.com\/privacy\/"},"modified":"2025-12-18T14:42:19","modified_gmt":"2025-12-18T14:42:19","slug":"privacy","status":"publish","type":"page","link":"https:\/\/www.qustodio.com\/pt-br\/privacy\/","title":{"rendered":"Privacy Policy"},"content":{"rendered":"<p>[et_pb_section fb_built=&#8221;1&#8243; _builder_version=&#8221;4.16&#8243; da_disable_devices=&#8221;off|off|off&#8221; global_colors_info=&#8221;{}&#8221; da_is_popup=&#8221;off&#8221; da_exit_intent=&#8221;off&#8221; da_has_close=&#8221;on&#8221; da_alt_close=&#8221;off&#8221; da_dark_close=&#8221;off&#8221; da_not_modal=&#8221;on&#8221; da_is_singular=&#8221;off&#8221; da_with_loader=&#8221;off&#8221; da_has_shadow=&#8221;on&#8221;][et_pb_row _builder_version=&#8221;4.16&#8243; background_size=&#8221;initial&#8221; background_position=&#8221;top_left&#8221; background_repeat=&#8221;repeat&#8221; global_colors_info=&#8221;{}&#8221;][et_pb_column type=&#8221;4_4&#8243; _builder_version=&#8221;4.16&#8243; custom_padding=&#8221;|||&#8221; global_colors_info=&#8221;{}&#8221; custom_padding__hover=&#8221;|||&#8221;][et_pb_text _builder_version=&#8221;4.27.4&#8243; background_size=&#8221;initial&#8221; background_position=&#8221;top_left&#8221; background_repeat=&#8221;repeat&#8221; custom_margin=&#8221;||7px|||&#8221; hover_enabled=&#8221;0&#8243; saved_tabs=&#8221;all&#8221; global_colors_info=&#8221;{}&#8221; sticky_enabled=&#8221;0&#8243;]<span style=\"font-weight: 400;\">Este contrato foi redigido exclusivamente em ingl\u00eas, e a vers\u00e3o em ingl\u00eas ser\u00e1 considerada dominante em todos os aspectos e em todos os casos. Portanto, todas as outras vers\u00f5es em outros idiomas s\u00e3o fornecidas apenas para fins informativos e n\u00e3o vinculam as partes.<\/p>\n<h1>Pol\u00edtica de Privacidade da Qustodio<\/h1>\n<p>&nbsp;<\/p>\n<p>\u00daltima atualiza\u00e7\u00e3o: [2025 12 18]<\/p>\n<p><span style=\"font-weight: 400;\">A Qustodio Technologies S.L. (a \u201cEmpresa\u201d ou \u201cN\u00f3s\u201d) est\u00e1 empenhada em respeitar e proteger a privacidade de todos os visitantes do nosso Website (www.qustodio.com). Esta Pol\u00edtica de Privacidade explica as nossas pr\u00e1ticas relativamente \u00e0 utiliza\u00e7\u00e3o de dados pessoais recolhidos e tratados atrav\u00e9s do nosso Website ou que nos sejam fornecidos por e-mail ou atrav\u00e9s de outros websites que contenham links para o nosso. Note que esta pol\u00edtica de privacidade n\u00e3o regula o tratamento de dados pessoais recolhidos atrav\u00e9s dos nossos servi\u00e7os. Se desejar saber mais sobre como tratamos os dados dos nossos utilizadores, consulte os termos legais dos nossos servi\u00e7os.<\/span><\/p>\n<p><span style=\"font-weight: 400;\">O respons\u00e1vel pelo tratamento dos dados que voc\u00ea nos fornece \u00e9 a Qustodio Technologies SL, com sede em Roger de Flor Street, 193, bajos, 08013 Barcelona, \u200b\u200bEspanha.<\/span><\/p>\n<p><span style=\"font-weight: 400;\"> Voc\u00ea pode contatar o Encarregado da Prote\u00e7\u00e3o de Dados para enviar sugest\u00f5es, d\u00favidas ou reclama\u00e7\u00f5es sobre prote\u00e7\u00e3o de dados, escrevendo para: <a href=\"mailto:dpo@qustodio.com\">dpo@qustodio.com<\/a><\/span><\/p>\n<p><span style=\"font-weight: 600;\"> 1. Aceita\u00e7\u00e3o desta Pol\u00edtica de Privacidade pelo usu\u00e1rio<\/span><\/p>\n<p><span style=\"font-weight: 400;\"> Ao acessar ou usar nosso site, e em particular ao nos fornecer suas informa\u00e7\u00f5es pessoais ou entrar em contato conosco por qualquer motivo, voc\u00ea concorda explicitamente com esta Pol\u00edtica de Privacidade e nos d\u00e1 seu consentimento integral, quando necess\u00e1rio, para a coleta, armazenamento e processamento dos dados pessoais pelos quais voc\u00ea \u00e9 respons\u00e1vel, de acordo com os termos estabelecidos nesta pol\u00edtica, incluindo o envio de comunica\u00e7\u00f5es eletr\u00f4nicas, conforme o caso.<\/span><\/p>\n<p><span style=\"font-weight: 600;\"> 2. Coleta de dados pessoais<\/span><\/p>\n<p><span style=\"font-weight: 600;\"> Dados de contato: <span style=\"font-weight: 400;\"> Se voc\u00ea nos enviar um e-mail com dados pessoais seus ou de terceiros, processaremos os dados pessoais que voc\u00ea nos enviar.<\/span><\/span><\/p>\n<p><span style=\"font-weight: 600;\"> Dados de navega\u00e7\u00e3o: <span style=\"font-weight: 400;\"> Devido aos padr\u00f5es de comunica\u00e7\u00e3o da internet, quando voc\u00ea visita nosso site, recebemos automaticamente o URL do site de onde voc\u00ea veio e o site que voc\u00ea visita ao sair do nosso site. Tamb\u00e9m recebemos o endere\u00e7o de Protocolo de Internet (&#8220;IP&#8221;) do seu computador e o tipo de navegador que voc\u00ea est\u00e1 usando. Usamos essas informa\u00e7\u00f5es para analisar tend\u00eancias gerais e melhorar o servi\u00e7o. Essas informa\u00e7\u00f5es n\u00e3o s\u00e3o compartilhadas com terceiros sem o seu consentimento. Al\u00e9m do exposto acima, e conforme declarado em nossa pol\u00edtica de cookies, n\u00e3o coletamos nenhum dado pessoal se voc\u00ea estiver apenas navegando pelo site.<\/span><\/span><\/p>\n<p><span style=\"font-weight: 600;\">3. Base jur\u00eddica<\/span><\/p>\n<p><span style=\"font-weight: 400;\">Os fundamentos jur\u00eddicos deste processamento s\u00e3o:<\/span><\/p>\n<ul>\n<li><span style=\"font-weight: 400;\">Nosso leg\u00edtimo interesse reside em gerenciar os servi\u00e7os e executar as a\u00e7\u00f5es que voc\u00ea nos solicita. Consideramos todos os poss\u00edveis impactos (positivos e negativos) sobre voc\u00ea e seus direitos antes de processar seus dados para fins de nosso leg\u00edtimo interesse.<\/span><\/li>\n<li><span style=\"font-weight: 400;\">Em circunst\u00e2ncias espec\u00edficas, para cumprir uma obriga\u00e7\u00e3o legal \u00e0 qual estamos sujeitos.<\/span><\/li>\n<\/ul>\n<p><span style=\"font-weight: 600;\"> 4. Uso de dados pessoais<\/span><\/p>\n<p><span style=\"font-weight: 400;\">Utilizamos seus dados pessoais para:<\/span><\/p>\n<ul>\n<li><span style=\"font-weight: 400;\">Entraremos em contato com voc\u00ea e personalizaremos sua experi\u00eancia.<\/span><\/li>\n<li><span style=\"font-weight: 400;\">Gerenciar o servi\u00e7o ou a a\u00e7\u00e3o que voc\u00ea nos solicitou.<\/span><\/li>\n<li><span style=\"font-weight: 400;\">Melhorar nosso site e servi\u00e7os.<\/span><\/li>\n<\/ul>\n<p>[\/et_pb_text][et_pb_text _builder_version=&#8221;4.27.4&#8243; background_size=&#8221;initial&#8221; background_position=&#8221;top_left&#8221; background_repeat=&#8221;repeat&#8221; saved_tabs=&#8221;all&#8221; global_colors_info=&#8221;{}&#8221;]<\/p>\n<p><span style=\"font-weight: 600;\">5. Divulga\u00e7\u00e3o de dados<\/span><\/p>\n<p><span style=\"font-weight: 400;\">Tratamos os seus dados pessoais com estrita confidencialidade, em conformidade com a legisla\u00e7\u00e3o aplic\u00e1vel. Salvo indica\u00e7\u00e3o em contr\u00e1rio, os seus dados pessoais n\u00e3o ser\u00e3o fornecidos a terceiros. N\u00e3o vendemos nem cedemos a terceiros listas com dados pessoais, nem quaisquer outros tipos de dados.<\/span><\/p>\n<p><span style=\"font-weight: 400;\">N\u00e3o obstante, podemos divulgar dados da seguinte forma:<\/span><\/p>\n<ul>\n<li><span style=\"font-weight: 400;\">Podemos disponibilizar os seus dados pessoais a qualquer empresa interessada em comprar, ou que efetivamente compre, a Empresa ou parte do seu neg\u00f3cio e, consequentemente, dar acesso a quaisquer auditores nacionais ou internacionais para realizar a chamada &#8220;due diligence&#8221;.<\/span><\/li>\n<li><span style=\"font-weight: 400;\">Podemos compartilhar seus dados pessoais com outras empresas do nosso grupo.<\/span><\/li>\n<li><span style=\"font-weight: 400;\">Podemos conceder acesso aos seus dados pessoais aos nossos prestadores de servi\u00e7os se considerarmos razoavelmente que esse acesso e processamento s\u00e3o necess\u00e1rios para a presta\u00e7\u00e3o dos nossos servi\u00e7os.<\/span><\/li>\n<li><span style=\"font-weight: 400;\">Exigimos que todos os terceiros respeitem a seguran\u00e7a dos seus dados pessoais e os processem em conformidade com a lei. N\u00e3o permitimos que os nossos prestadores de servi\u00e7os externos utilizem os seus dados pessoais para os seus pr\u00f3prios fins e apenas lhes permitimos process\u00e1-los para fins espec\u00edficos e de acordo com as nossas instru\u00e7\u00f5es.<\/span><\/li>\n<\/ul>\n<p><span style=\"font-weight: 600;\">6. Transfer\u00eancias internacionais<\/span><\/p>\n<p><span style=\"font-weight: 400;\">Utilizamos servi\u00e7os tecnol\u00f3gicos de terceiros para a presta\u00e7\u00e3o de servi\u00e7os e para o funcionamento do Website, cujos fornecedores podem processar os seus dados recolhidos no \u00e2mbito da presta\u00e7\u00e3o dos servi\u00e7os indicados abaixo, na qualidade de subcontratados. Estas entidades podem estar localizadas em jurisdi\u00e7\u00f5es que, em geral, n\u00e3o oferecem salvaguardas adequadas relativamente ao processamento de dados pessoais. Para todas as entidades fora do Espa\u00e7o Econ\u00f3mico Europeu, celebr\u00e1mos contratos com essas entidades que incluem tais salvaguardas, incluindo as cl\u00e1usulas-tipo da CE.<\/span><\/p>\n<p><span style=\"font-weight: 600;\">7. Medidas de seguran\u00e7a<\/span><\/p>\n<p><span style=\"font-weight: 400;\">Implementamos medidas de seguran\u00e7a e esquemas de prote\u00e7\u00e3o de dados pessoais, conforme exigido por lei, para manter a confidencialidade e a integridade dos seus dados e proteg\u00ea-los contra acesso, modifica\u00e7\u00e3o ou destrui\u00e7\u00e3o n\u00e3o autorizados.<\/span><\/p>\n<p><span style=\"font-weight: 600;\">8. Reten\u00e7\u00e3o de dados<\/span><\/p>\n<p><span style=\"font-weight: 400;\">Conservaremos os seus dados pessoais apenas pelo tempo necess\u00e1rio para cumprir as finalidades para as quais os recolhemos, incluindo para efeitos de cumprimento de quaisquer obriga\u00e7\u00f5es legais, contabil\u00edsticas ou de reporte, ou at\u00e9 \u00e0 desativa\u00e7\u00e3o da sua conta, seja por si ou por n\u00f3s. Ap\u00f3s esse per\u00edodo, os dados ser\u00e3o conservados (de forma bloqueada e segura) pelo per\u00edodo exigido para efeitos de responsabilidade legal e administrativa, bem como para cumprir obriga\u00e7\u00f5es legais e outras finalidades acima descritas, podendo este per\u00edodo ser de at\u00e9 10 anos, de acordo com a legisla\u00e7\u00e3o aplic\u00e1vel em vigor.<\/span><\/p>\n<p><span style=\"font-weight: 600;\">9. Direitos do usu\u00e1rio<\/span><\/p>\n<p><span style=\"font-weight: 400;\">Informamos que voc\u00ea poder\u00e1 exercer, a qualquer momento, o direito \u00e0 portabilidade dos seus dados enviados para n\u00f3s, bem como o direito de acessar, retificar, apagar, bloquear e opor-se a qualquer processamento dos seus dados pessoais, enviando uma solicita\u00e7\u00e3o por e-mail para [endere\u00e7o de e-mail]. <a href=\"mailto:dpo@qustodio.com\">dpo@qustodio.com<\/a> ou por escrito para Qustodio Technologies SL, com sede em Roger de Flor Street, 193, bajos, 08013 Barcelona, \u200b\u200bEspanha. Voc\u00ea tamb\u00e9m pode revogar seu consentimento para o processamento dos seus dados a qualquer momento, quando utilizarmos seu conte\u00fado como base legal para o processamento. A revoga\u00e7\u00e3o n\u00e3o ter\u00e1 efeitos retroativos, mas poder\u00e1 impedir a presta\u00e7\u00e3o de determinados servi\u00e7os.<\/span><\/p>\n<p><span style=\"font-weight: 400;\">Voc\u00ea tamb\u00e9m tem o direito de apresentar uma reclama\u00e7\u00e3o a uma autoridade supervisora, neste caso a Ag\u00eancia Espanhola de Prote\u00e7\u00e3o de Dados (Agencia Espa\u00f1ola de Protecci\u00f3n de Datos), C\/ Jorge Juan, 6, 28001 Madrid, Espanha.<\/span><\/p>\n<p><span style=\"font-weight: 600;\">10. Em geral<\/span><\/p>\n<p><span style=\"font-weight: 400;\">Reservamo-nos o direito de alterar os termos desta Pol\u00edtica de Privacidade e notific\u00e1-lo-emos, enviando um aviso claro dessas altera\u00e7\u00f5es por e-mail, atrav\u00e9s do nosso website e nesta Pol\u00edtica de Privacidade. Se continuar a utilizar e\/ou aceder ao nosso Website ap\u00f3s essa atualiza\u00e7\u00e3o, considerar-se-\u00e1 que aceitou os novos termos. Caso n\u00e3o aceite a atualiza\u00e7\u00e3o, notifique-nos e encerraremos qualquer conta que possa ter connosco, removendo todos os seus dados pessoais (exceto os que sejam necess\u00e1rios para efeitos legais) e n\u00e3o poder\u00e1 continuar a utilizar os servi\u00e7os a que se subscreveu. <\/span><\/p>\n<p><span style=\"font-weight: 400;\">A menos que uma regulamenta\u00e7\u00e3o local espec\u00edfica de aplica\u00e7\u00e3o obrigat\u00f3ria disponha de outra forma, a Pol\u00edtica de Privacidade<br \/>\u00e9 regida pelas leis da Espanha.<\/span><\/p>\n<p>[\/et_pb_text][\/et_pb_column][\/et_pb_row][\/et_pb_section]<\/p>\n","protected":false},"excerpt":{"rendered":"<p>Este contrato foi redigido exclusivamente em ingl\u00eas, e a vers\u00e3o em ingl\u00eas ser\u00e1 considerada dominante em todos os aspectos e em todos os casos. Portanto, todas as outras vers\u00f5es em outros idiomas s\u00e3o fornecidas apenas para fins informativos e n\u00e3o vinculam as partes. Pol\u00edtica de Privacidade da Qustodio &nbsp; \u00daltima atualiza\u00e7\u00e3o: [2025 12 18] A [&hellip;]<\/p>\n","protected":false},"author":4,"featured_media":0,"parent":0,"menu_order":0,"comment_status":"closed","ping_status":"open","template":"","meta":{"_acf_changed":false,"_et_pb_use_builder":"on","_et_pb_old_content":"<!-- wp:heading -->\r\n<h1>Qustodio Privacy Policy<\/h1>\r\n<p>Qustodio Technologies S.L. (the \u201cCompany\u201d or \u201cWe\/us\u201d) is committed to respecting and protecting the privacy of all visitors of our Website (www.qustodio.com) This Privacy Policy explains our practices regarding the use of personal data collected and processed through our Website or otherwise provided to us by email or via other websites that link to us. Please note that this privacy policy doesn\u2019t regulate the processing of personal data collected through our services, if you want to know more about how we process our users\u2019 data, please read the legal terms of our services.<\/p>\r\n<p>The data controller of the data you provide us with is Qustodio Technologies SL, with domicile at Roger de Flor Street, 193, bajos, 08013 Barcelona, Spain.<\/p>\r\n<p>You can contact the Data Protection Officer to send any suggestions, queries, doubts or complaints regarding data protection by writing to:\u00a0<a href=\"mailto:dpo@qustodio.com\">dpo@qustodio.com<\/a><\/p>\r\n<p><strong>1. User acceptance of this Privacy Policy<\/strong><\/p>\r\n<p>By accessing to or using our Website, and in particular by providing your personal information to us, or contacting us for any reason, you are required to explicitly accept this Privacy Policy and provide us with full consent, when needed, to the collection, storage and processing of personal data for which you are responsible in accordance with the terms set out in this policy, including the sending of electronic communications, as the case may be.<\/p>\r\n<p><strong>2. Personal data collection<\/strong>\u00a0<strong>Contact data:<\/strong>\u00a0If you send us any email with personal data about you or a third party, we will process the personal data you send us.<\/p>\r\n<p><strong>Navigation data.<\/strong>\u00a0Due to internet communication standards, when you visit our Website we automatically receive the URL of the site you came from and the site you visit when you leave our website. We also receive the Internet Protocol (\"IP\") address of your computer and the type of browser you are using. We use this information to analyze overall trends to improve the service. This information is not shared with third parties without your consent. Other than the above, and as stated in our\u00a0<a href=\"https:\/\/www.qustodio.com\/en\/cookie-policy\/\">cookie policy<\/a>, we do not collect any personal data if you are only browsing the website.<\/p>\r\n<p><strong>3. Legal basis<\/strong>\u00a0The legal bases of this processing are:<\/p>\r\n<ul>\r\n<li>Our legitimate interest to manage the services and carry out the actions that you are requesting us. We consider any possible impact (both positive and negative) on you and on your rights before processing your data for our legitimate interest.<\/li>\r\n<li>In specific circumstances, to comply with a legal obligation we are subject to.<\/li>\r\n<\/ul>\r\n<p><strong>4. Use of personal data<\/strong>\u00a0We use your personal data to:<\/p>\r\n<ul>\r\n<li>Contact you and personalise your experience<\/li>\r\n<li>Managing the service or action you are requesting us<\/li>\r\n<li>Improve our website and services<\/li>\r\n<\/ul>\r\n<p><strong>5. Data disclosure<\/strong>\u00a0We treat your personal data with strict confidentiality in accordance with applicable law. Unless otherwise indicated, your personal data will not be provided to third parties. We do not sell or assign to third parties lists with personal data, nor of any other type.<\/p>\r\n<p>Nonetheless, we may disclose data as follows:<\/p>\r\n<ul>\r\n<li>We can make your personal data available to any company interested in buying, or actually buying, the Company or a part of its business and, consequently, give access to any national or international auditors to carry out the so called \"due diligence\".<\/li>\r\n<li>We can share your personal data with other companies of our group of companies.<\/li>\r\n<li>We may give access to your personal data to our service providers if we reasonably consider such access and processing necessary to the performance of our services. We require that all third parties respect the security of your personal data and process them in accordance with the law. We do not allow our external service providers to use your personal data for their own purposes and we only allow them to process your personal data for specific purposes and in accordance with our instructions.<\/li>\r\n<\/ul>\r\n<p><strong>6. International transfers<\/strong>\u00a0We use third party technological services for the provision of services and Website, whose providers may process your data collected in the course of providing us their services indicated below, as sub-processors. These entities may be in jurisdictions that generally don\u2019t provide adequate safeguards in relation to the processing of personal data. For all entities outside the Economic European Area, we have entered into contracts with such entities that do include such safeguards, including the EC model clauses.<\/p>\r\n<p><strong>7. Security Measures<\/strong>\u00a0We implement security measures and personal data protection schemes as required by law to maintain the confidentiality and integrity of your data and protection against unauthorised access, modification or destruction.<\/p>\r\n<p><strong>8. Data Retention.<\/strong>\u00a0We will only retain your personal data for as long as necessary to fulfil the purposes we collected it for, including for the purposes of satisfying any legal, accounting, or reporting requirements, or until the deactivation of your account either by you or by us. After that period, the data will be retained (in a blocked and secure manner) for the required period of legal and administrative liability and to comply with legal obligations and other purposes set out above, which may be up to 10 years according to current applicable law.<\/p>\r\n<p><strong>9. User Rights<\/strong>\u00a0You are informed you may exercise at any time right to the portability of your data sent to us, to access, rectify, erase, block and oppose any processing of your personal data by sending an email request to\u00a0<a href=\"mailto:dpo@qustodio.com\">dpo@qustodio.com<\/a>\u00a0or by writing to Qustodio Technologies SL, with domicile at Roger de Flor Street, 193, bajos, 08013 Barcelona, Spain. You can also withdraw your consent to our processing at any time, when we use your content as legal basis for processing your data. Withdrawal will not have retroactive effects but may prevent providing certain services.<\/p>\r\n<p>You also have the right to lodge a complaint with a supervisory authority, in this case the Spanish Data Protection Agency (Agencia Espa\u00f1ola de Protecci\u00f3n de Datos), C\/ Jorge Juan, 6, 28001 Madrid, Spain.<\/p>\r\n<p><strong>10. General<\/strong>\u00a0We reserve the right to amend the terms of this Privacy Policy and will notify you by providing a clear notice of these changes by email or on our website, and in this Privacy Policy. If you continue to use and\/or access our Website after such update, you will be deemed to accept the new terms. If you do not accept the update, please notify us and we will terminate any account you may have with us, and remove any of your personal data (except as required to be maintained for legal purposes), and you will not be able to continue to use services to which you have subscribed.<\/p>\r\n<p>Unless a specific local regulation of mandatory application provides otherwise, the Privacy Policy is governed by the laws of Spain.<\/p>\r\n<!-- \/wp:paragraph -->","_et_gb_content_width":"","footnotes":""},"class_list":["post-20841","page","type-page","status-publish","hentry"],"acf":[],"yoast_head":"<!-- This site is optimized with the Yoast SEO Premium plugin v25.8 (Yoast SEO v25.8) - https:\/\/yoast.com\/wordpress\/plugins\/seo\/ -->\n<title>Privacy Policy | Qustodio<\/title>\n<meta name=\"robots\" content=\"index, follow, max-snippet:-1, max-image-preview:large, max-video-preview:-1\" \/>\n<link rel=\"canonical\" href=\"https:\/\/www.qustodio.com\/pt-br\/privacy\/\" \/>\n<meta property=\"og:locale\" content=\"pt_BR\" \/>\n<meta property=\"og:type\" content=\"article\" \/>\n<meta property=\"og:title\" content=\"Privacy Policy\" \/>\n<meta property=\"og:url\" content=\"https:\/\/www.qustodio.com\/pt-br\/privacy\/\" \/>\n<meta property=\"og:site_name\" content=\"Qustodio\" \/>\n<meta property=\"article:modified_time\" content=\"2025-12-18T14:42:19+00:00\" \/>\n<meta name=\"twitter:card\" content=\"summary_large_image\" \/>\n<meta name=\"twitter:label1\" content=\"Est. reading time\" \/>\n\t<meta name=\"twitter:data1\" content=\"7 minutos\" \/>\n<script type=\"application\/ld+json\" class=\"yoast-schema-graph\">{\"@context\":\"https:\/\/schema.org\",\"@graph\":[{\"@type\":\"WebPage\",\"@id\":\"https:\/\/www.qustodio.com\/pt-br\/privacy\/\",\"url\":\"https:\/\/www.qustodio.com\/pt-br\/privacy\/\",\"name\":\"Privacy Policy | Qustodio\",\"isPartOf\":{\"@id\":\"https:\/\/www.qustodio.com\/pt-br\/#website\"},\"datePublished\":\"2021-06-22T09:59:16+00:00\",\"dateModified\":\"2025-12-18T14:42:19+00:00\",\"inLanguage\":\"pt-BR\",\"potentialAction\":[{\"@type\":\"ReadAction\",\"target\":[\"https:\/\/www.qustodio.com\/pt-br\/privacy\/\"]}]},{\"@type\":\"WebSite\",\"@id\":\"https:\/\/www.qustodio.com\/pt-br\/#website\",\"url\":\"https:\/\/www.qustodio.com\/pt-br\/\",\"name\":\"Qustodio\",\"description\":\"Free parental control app\",\"potentialAction\":[{\"@type\":\"SearchAction\",\"target\":{\"@type\":\"EntryPoint\",\"urlTemplate\":\"https:\/\/www.qustodio.com\/pt-br\/?s={search_term_string}\"},\"query-input\":{\"@type\":\"PropertyValueSpecification\",\"valueRequired\":true,\"valueName\":\"search_term_string\"}}],\"inLanguage\":\"pt-BR\"}]}<\/script>\n<!-- \/ Yoast SEO Premium plugin. -->","yoast_head_json":{"title":"Privacy Policy | Qustodio","robots":{"index":"index","follow":"follow","max-snippet":"max-snippet:-1","max-image-preview":"max-image-preview:large","max-video-preview":"max-video-preview:-1"},"canonical":"https:\/\/www.qustodio.com\/pt-br\/privacy\/","og_locale":"pt_BR","og_type":"article","og_title":"Privacy Policy","og_url":"https:\/\/www.qustodio.com\/pt-br\/privacy\/","og_site_name":"Qustodio","article_modified_time":"2025-12-18T14:42:19+00:00","twitter_card":"summary_large_image","twitter_misc":{"Est. reading time":"7 minutos"},"schema":{"@context":"https:\/\/schema.org","@graph":[{"@type":"WebPage","@id":"https:\/\/www.qustodio.com\/pt-br\/privacy\/","url":"https:\/\/www.qustodio.com\/pt-br\/privacy\/","name":"Privacy Policy | Qustodio","isPartOf":{"@id":"https:\/\/www.qustodio.com\/pt-br\/#website"},"datePublished":"2021-06-22T09:59:16+00:00","dateModified":"2025-12-18T14:42:19+00:00","inLanguage":"pt-BR","potentialAction":[{"@type":"ReadAction","target":["https:\/\/www.qustodio.com\/pt-br\/privacy\/"]}]},{"@type":"WebSite","@id":"https:\/\/www.qustodio.com\/pt-br\/#website","url":"https:\/\/www.qustodio.com\/pt-br\/","name":"Qustodio","description":"Free parental control app","potentialAction":[{"@type":"SearchAction","target":{"@type":"EntryPoint","urlTemplate":"https:\/\/www.qustodio.com\/pt-br\/?s={search_term_string}"},"query-input":{"@type":"PropertyValueSpecification","valueRequired":true,"valueName":"search_term_string"}}],"inLanguage":"pt-BR"}]}},"_links":{"self":[{"href":"https:\/\/www.qustodio.com\/pt-br\/wp-json\/wp\/v2\/pages\/20841","targetHints":{"allow":["GET"]}}],"collection":[{"href":"https:\/\/www.qustodio.com\/pt-br\/wp-json\/wp\/v2\/pages"}],"about":[{"href":"https:\/\/www.qustodio.com\/pt-br\/wp-json\/wp\/v2\/types\/page"}],"author":[{"embeddable":true,"href":"https:\/\/www.qustodio.com\/pt-br\/wp-json\/wp\/v2\/users\/4"}],"replies":[{"embeddable":true,"href":"https:\/\/www.qustodio.com\/pt-br\/wp-json\/wp\/v2\/comments?post=20841"}],"version-history":[{"count":25,"href":"https:\/\/www.qustodio.com\/pt-br\/wp-json\/wp\/v2\/pages\/20841\/revisions"}],"predecessor-version":[{"id":97986,"href":"https:\/\/www.qustodio.com\/pt-br\/wp-json\/wp\/v2\/pages\/20841\/revisions\/97986"}],"wp:attachment":[{"href":"https:\/\/www.qustodio.com\/pt-br\/wp-json\/wp\/v2\/media?parent=20841"}],"curies":[{"name":"wp","href":"https:\/\/api.w.org\/{rel}","templated":true}]}}