{"id":90076,"date":"2025-07-21T14:03:34","date_gmt":"2025-07-21T14:03:34","guid":{"rendered":"https:\/\/www.qustodio.com\/declaracao-de-acessibilidade-do-site\/"},"modified":"2026-03-31T10:41:32","modified_gmt":"2026-03-31T10:41:32","slug":"declaracao-de-acessibilidade-do-site","status":"publish","type":"page","link":"https:\/\/www.qustodio.com\/pt-br\/declaracao-de-acessibilidade-do-site\/","title":{"rendered":"Declara\u00e7\u00e3o de acessibilidade do site"},"content":{"rendered":"<p>[et_pb_section fb_built=&#8221;1&#8243; _builder_version=&#8221;4.16&#8243; custom_padding=&#8221;48px||48px||false|false&#8221; da_disable_devices=&#8221;off|off|off&#8221; global_colors_info=&#8221;{}&#8221; da_is_popup=&#8221;off&#8221; da_exit_intent=&#8221;off&#8221; da_has_close=&#8221;on&#8221; da_alt_close=&#8221;off&#8221; da_dark_close=&#8221;off&#8221; da_not_modal=&#8221;on&#8221; da_is_singular=&#8221;off&#8221; da_with_loader=&#8221;off&#8221; da_has_shadow=&#8221;on&#8221;][et_pb_row _builder_version=&#8221;4.16&#8243; background_size=&#8221;initial&#8221; background_position=&#8221;top_left&#8221; background_repeat=&#8221;repeat&#8221; global_colors_info=&#8221;{}&#8221;][et_pb_column type=&#8221;4_4&#8243; _builder_version=&#8221;4.16&#8243; custom_padding=&#8221;|||&#8221; global_colors_info=&#8221;{}&#8221; custom_padding__hover=&#8221;|||&#8221;][et_pb_text _builder_version=&#8221;4.24.0&#8243; _module_preset=&#8221;default&#8221; global_colors_info=&#8221;{}&#8221;]<\/p>\n<h1>Declara\u00e7\u00e3o de acessibilidade<\/h1>\n<p>[\/et_pb_text][et_pb_text _builder_version=&#8221;4.27.4&#8243; _module_preset=&#8221;default&#8221; hover_enabled=&#8221;0&#8243; global_colors_info=&#8221;{}&#8221; sticky_enabled=&#8221;0&#8243;]Esta declara\u00e7\u00e3o \u00e9 fornecida em conformidade com a legisla\u00e7\u00e3o de acessibilidade aplic\u00e1vel, incluindo a Lei Europeia de Acessibilidade (Diretiva (UE) 2019\/882), conforme implementada nas leis nacionais relevantes.<\/p>\n<p>O Qustodio.com fornece informa\u00e7\u00f5es e acesso \u00e0 nossa solu\u00e7\u00e3o de bem-estar digital e controle parental para fam\u00edlias.<\/p>\n<p>O site \u00e9 estruturado para uma navega\u00e7\u00e3o intuitiva, com um menu superior persistente com links para se\u00e7\u00f5es importantes, incluindo recursos do produto, planos de pre\u00e7os e recursos.<\/p>\n<p>Para saber como nosso produto funciona, quais recursos ele oferece, como come\u00e7ar ou como baixar o Qustodio no dispositivo do seu filho, navegue at\u00e9 a se\u00e7\u00e3o de produtos em nosso menu superior.<\/p>\n<p>Para explorar nossos planos e o que cada um inclui, visite a <a href=\"https:\/\/www.qustodio.com\/pt-br\/premium\/\">p\u00e1gina de pre\u00e7os<\/a><\/p>\n<p>Para ler nossos artigos de blog \u2014 incluindo dicas de<a href=\"https:\/\/www.qustodio.com\/pt-br\/blog\/category\/product-tips-pt-br\/\"> produtos<\/a>, <a href=\"https:\/\/www.qustodio.com\/pt-br\/blog\/category\/parenting-tips-pt-br\/\">dicas para pais<\/a> ou <a href=\"https:\/\/www.qustodio.com\/pt-br\/blog\/category\/app-safety-and-reviews-pt-br\/\">guias de seguran\u00e7a<\/a> \u2014 ou descobrir hist\u00f3rias de clientes, acesse a se\u00e7\u00e3o de Aprendizagem.<\/p>\n<p>O site tamb\u00e9m cont\u00e9m uma ampla <a href=\"https:\/\/help.qustodio.com\/hc\/en-us\/?_gl=1*1o5tf1k*_gcl_au*MTEwMjMxNTU3OC4xNzQ4MjUyNDYz\">Central de ajuda<\/a> projetada para auxiliar na integra\u00e7\u00e3o do usu\u00e1rio, onde voc\u00ea pode encontrar mais informa\u00e7\u00f5es sobre as funcionalidades do nosso produto e como us\u00e1-lo.<\/p>\n<p>Os usu\u00e1rios podem criar ou acessar suas contas Qustodio por meio de login seguro.<\/p>\n<p>O site \u00e9 otimizado para dispositivos m\u00f3veis, com um design responsivo que se adapta a smartphones e tablets, assim como segue as melhores pr\u00e1ticas de acessibilidade para disponibilizar o conte\u00fado a todos os usu\u00e1rios.[\/et_pb_text][et_pb_text _builder_version=&#8221;4.24.0&#8243; _module_preset=&#8221;default&#8221; header_line_height=&#8221;1.6em&#8221; global_colors_info=&#8221;{}&#8221;]Na Qustodio, acreditamos que a acessibilidade digital \u00e9 essencial para proporcionar uma experi\u00eancia inclusiva para todos. Temos o compromisso de tornar nosso site acess\u00edvel a pessoas de todas as habilidades, de acordo com os padr\u00f5es internacionalmente reconhecidos.[\/et_pb_text][et_pb_text _builder_version=&#8221;4.27.4&#8243; _module_preset=&#8221;default&#8221; hover_enabled=&#8221;0&#8243; global_colors_info=&#8221;{}&#8221; sticky_enabled=&#8221;0&#8243;]<\/p>\n<h2>Status de conformidade<\/h2>\n<p>Conclu\u00edmos uma avalia\u00e7\u00e3o VPAT\u00ae International Edition, que avaliou nossa plataforma em rela\u00e7\u00e3o aos padr\u00f5es WCAG 2.1 N\u00edvel AA, Se\u00e7\u00e3o 508 e EN 301 549, que comprovam a conformidade com a legisla\u00e7\u00e3o de acessibilidade aplic\u00e1vel, incluindo a Lei Europeia de Acessibilidade (Diretiva (UE) 2019\/882).<br \/>\nCom base nessa avalia\u00e7\u00e3o, nossa plataforma est\u00e1 atualmente classificada como Parcialmente Conforme. Embora a maioria dos requisitos de acessibilidade seja atendida, algumas \u00e1reas exigem aprimoramento. Estamos implementando ativamente medidas corretivas para sanar as lacunas identificadas e alinhar ainda mais nossa plataforma aos requisitos de acessibilidade aplic\u00e1veis.<br \/>\nA acessibilidade est\u00e1 integrada ao nosso ciclo de desenvolvimento e estamos comprometidos com o monitoramento e aprimoramento cont\u00ednuos para melhorar a acessibilidade, a interoperabilidade com tecnologias assistivas e a usabilidade geral para todos os usu\u00e1rios.<br \/>\nUma c\u00f3pia do nosso relat\u00f3rio VPAT\u00ae International Edition est\u00e1 dispon\u00edvel mediante solicita\u00e7\u00e3o (consulte a se\u00e7\u00e3o &#8220;Feedback&#8221;).[\/et_pb_text][et_pb_text _builder_version=&#8221;4.24.0&#8243; _module_preset=&#8221;default&#8221; global_colors_info=&#8221;{}&#8221;]<\/p>\n<h2>Nossa abordagem<\/h2>\n<p>Nossa avalia\u00e7\u00e3o de acessibilidade combina:<\/p>\n<ul>\n<li>Ferramentas automatizadas: Axe, WAVE, Lighthouse, HTML Validator<\/li>\n<li>Teste manual: navega\u00e7\u00e3o pelo teclado, uso de leitor de tela<\/li>\n<li>Revis\u00e3o estrutural: uso de HTML sem\u00e2ntico, fun\u00e7\u00f5es ARIA e classifica\u00e7\u00e3o adequada<\/li>\n<\/ul>\n<p>[\/et_pb_text][et_pb_text _builder_version=&#8221;4.24.0&#8243; _module_preset=&#8221;default&#8221; global_colors_info=&#8221;{}&#8221;]<\/p>\n<h2>Status atual de acessibilidade<\/h2>\n<p>Implementamos uma s\u00e9rie de melhorias de acessibilidade em toda a plataforma. A navega\u00e7\u00e3o pelo teclado \u00e9 totalmente suportada, com indicadores de foco vis\u00edveis para ajudar os usu\u00e1rios a rastrear sua localiza\u00e7\u00e3o na tela. Imagens e \u00edcones significativos incluem texto alternativo, bem como links e bot\u00f5es s\u00e3o rotulados claramente para descrever sua finalidade. Tamb\u00e9m garantimos que a cor n\u00e3o seja o \u00fanico m\u00e9todo de transmiss\u00e3o de informa\u00e7\u00f5es e evitamos qualquer conte\u00fado piscante que possa ocasionar convuls\u00f5es. Os atributos de idioma e os t\u00edtulos dos documentos est\u00e3o definidos corretamente, e a interface \u00e9 compat\u00edvel com os principais leitores de tela em fluxos de trabalho comuns.[\/et_pb_text][et_pb_text _builder_version=&#8221;4.24.0&#8243; _module_preset=&#8221;default&#8221; global_colors_info=&#8221;{}&#8221;]<\/p>\n<h2>\u00c1reas de foco<\/h2>\n<p>Continuamos a refinar diversos aspectos da experi\u00eancia do usu\u00e1rio. Especificamente, estamos aprimorando as taxas de contraste em partes da interface para atender aos padr\u00f5es de legibilidade, aprimorando a forma como os erros de valida\u00e7\u00e3o de formul\u00e1rios s\u00e3o apresentados e resolvidos e garantindo que atualiza\u00e7\u00f5es din\u00e2micas de conte\u00fado sejam anunciadas para tecnologias assistivas. Al\u00e9m disso, estamos revisando a estrutura dos t\u00edtulos e refor\u00e7ando as rela\u00e7\u00f5es program\u00e1ticas entre as entradas do formul\u00e1rio e seus r\u00f3tulos para garantir clareza e navegabilidade.[\/et_pb_text][et_pb_text _builder_version=&#8221;4.24.0&#8243; _module_preset=&#8221;default&#8221; global_colors_info=&#8221;{}&#8221;]<\/p>\n<h2>Compromisso com o aperfei\u00e7oamento<\/h2>\n<p>A acessibilidade \u00e9 um processo cont\u00ednuo. Revisamos, testamos e aprimoramos regularmente nossas experi\u00eancias digitais como parte do nosso ciclo de desenvolvimento. Os novos recursos incluem revis\u00f5es de acessibilidade antes do lan\u00e7amento e priorizamos ativamente as corre\u00e7\u00f5es com base no impacto.[\/et_pb_text][et_pb_text _builder_version=&#8221;4.27.4&#8243; _module_preset=&#8221;default&#8221; hover_enabled=&#8221;0&#8243; global_colors_info=&#8221;{}&#8221; sticky_enabled=&#8221;0&#8243;]<\/p>\n<h2>Feedback<\/h2>\n<p>Se voc\u00ea tiver alguma dificuldade para acessar nosso conte\u00fado ou quiser compartilhar sugest\u00f5es de melhoria ou acesse nosso VPAT,, agradecemos sua contribui\u00e7\u00e3o:<\/p>\n<p>E-mail: accessibility@qustodio.com<br \/>Tempo de resposta: at\u00e9 15 dias \u00fateis<\/p>\n<p><em>\u00daltima atualiza\u00e7\u00e3o: 23 de marchar de 2026<\/em><\/p>\n<p>[\/et_pb_text][\/et_pb_column][\/et_pb_row][\/et_pb_section]<\/p>\n","protected":false},"excerpt":{"rendered":"<p>Declara\u00e7\u00e3o de acessibilidadeEsta declara\u00e7\u00e3o \u00e9 fornecida em conformidade com a legisla\u00e7\u00e3o de acessibilidade aplic\u00e1vel, incluindo a Lei Europeia de Acessibilidade (Diretiva (UE) 2019\/882), conforme implementada nas leis nacionais relevantes. O Qustodio.com fornece informa\u00e7\u00f5es e acesso \u00e0 nossa solu\u00e7\u00e3o de bem-estar digital e controle parental para fam\u00edlias. O site \u00e9 estruturado para uma navega\u00e7\u00e3o intuitiva, com [&hellip;]<\/p>\n","protected":false},"author":35,"featured_media":0,"parent":0,"menu_order":0,"comment_status":"closed","ping_status":"closed","template":"","meta":{"_acf_changed":false,"_et_pb_use_builder":"on","_et_pb_old_content":"","_et_gb_content_width":"","footnotes":""},"class_list":["post-90076","page","type-page","status-publish","hentry"],"acf":[],"yoast_head":"<!-- This site is optimized with the Yoast SEO Premium plugin v25.8 (Yoast SEO v25.8) - https:\/\/yoast.com\/wordpress\/plugins\/seo\/ -->\n<title>Declara\u00e7\u00e3o de acessibilidade do site | Qustodio<\/title>\n<meta name=\"robots\" content=\"index, follow, max-snippet:-1, max-image-preview:large, max-video-preview:-1\" \/>\n<link rel=\"canonical\" href=\"https:\/\/www.qustodio.com\/pt-br\/declaracao-de-acessibilidade-do-site\/\" \/>\n<meta property=\"og:locale\" content=\"pt_BR\" \/>\n<meta property=\"og:type\" content=\"article\" \/>\n<meta property=\"og:title\" content=\"Declara\u00e7\u00e3o de acessibilidade do site\" \/>\n<meta property=\"og:url\" content=\"https:\/\/www.qustodio.com\/pt-br\/declaracao-de-acessibilidade-do-site\/\" \/>\n<meta property=\"og:site_name\" content=\"Qustodio\" \/>\n<meta property=\"article:modified_time\" content=\"2026-03-31T10:41:32+00:00\" \/>\n<meta name=\"twitter:card\" content=\"summary_large_image\" \/>\n<meta name=\"twitter:label1\" content=\"Est. reading time\" \/>\n\t<meta name=\"twitter:data1\" content=\"5 minutos\" \/>\n<script type=\"application\/ld+json\" class=\"yoast-schema-graph\">{\"@context\":\"https:\/\/schema.org\",\"@graph\":[{\"@type\":\"WebPage\",\"@id\":\"https:\/\/www.qustodio.com\/pt-br\/declaracao-de-acessibilidade-do-site\/\",\"url\":\"https:\/\/www.qustodio.com\/pt-br\/declaracao-de-acessibilidade-do-site\/\",\"name\":\"Declara\u00e7\u00e3o de acessibilidade do site | Qustodio\",\"isPartOf\":{\"@id\":\"https:\/\/www.qustodio.com\/pt-br\/#website\"},\"datePublished\":\"2025-07-21T14:03:34+00:00\",\"dateModified\":\"2026-03-31T10:41:32+00:00\",\"inLanguage\":\"pt-BR\",\"potentialAction\":[{\"@type\":\"ReadAction\",\"target\":[\"https:\/\/www.qustodio.com\/pt-br\/declaracao-de-acessibilidade-do-site\/\"]}]},{\"@type\":\"WebSite\",\"@id\":\"https:\/\/www.qustodio.com\/pt-br\/#website\",\"url\":\"https:\/\/www.qustodio.com\/pt-br\/\",\"name\":\"Qustodio\",\"description\":\"Free parental control app\",\"potentialAction\":[{\"@type\":\"SearchAction\",\"target\":{\"@type\":\"EntryPoint\",\"urlTemplate\":\"https:\/\/www.qustodio.com\/pt-br\/?s={search_term_string}\"},\"query-input\":{\"@type\":\"PropertyValueSpecification\",\"valueRequired\":true,\"valueName\":\"search_term_string\"}}],\"inLanguage\":\"pt-BR\"}]}<\/script>\n<!-- \/ Yoast SEO Premium plugin. -->","yoast_head_json":{"title":"Declara\u00e7\u00e3o de acessibilidade do site | Qustodio","robots":{"index":"index","follow":"follow","max-snippet":"max-snippet:-1","max-image-preview":"max-image-preview:large","max-video-preview":"max-video-preview:-1"},"canonical":"https:\/\/www.qustodio.com\/pt-br\/declaracao-de-acessibilidade-do-site\/","og_locale":"pt_BR","og_type":"article","og_title":"Declara\u00e7\u00e3o de acessibilidade do site","og_url":"https:\/\/www.qustodio.com\/pt-br\/declaracao-de-acessibilidade-do-site\/","og_site_name":"Qustodio","article_modified_time":"2026-03-31T10:41:32+00:00","twitter_card":"summary_large_image","twitter_misc":{"Est. reading time":"5 minutos"},"schema":{"@context":"https:\/\/schema.org","@graph":[{"@type":"WebPage","@id":"https:\/\/www.qustodio.com\/pt-br\/declaracao-de-acessibilidade-do-site\/","url":"https:\/\/www.qustodio.com\/pt-br\/declaracao-de-acessibilidade-do-site\/","name":"Declara\u00e7\u00e3o de acessibilidade do site | Qustodio","isPartOf":{"@id":"https:\/\/www.qustodio.com\/pt-br\/#website"},"datePublished":"2025-07-21T14:03:34+00:00","dateModified":"2026-03-31T10:41:32+00:00","inLanguage":"pt-BR","potentialAction":[{"@type":"ReadAction","target":["https:\/\/www.qustodio.com\/pt-br\/declaracao-de-acessibilidade-do-site\/"]}]},{"@type":"WebSite","@id":"https:\/\/www.qustodio.com\/pt-br\/#website","url":"https:\/\/www.qustodio.com\/pt-br\/","name":"Qustodio","description":"Free parental control app","potentialAction":[{"@type":"SearchAction","target":{"@type":"EntryPoint","urlTemplate":"https:\/\/www.qustodio.com\/pt-br\/?s={search_term_string}"},"query-input":{"@type":"PropertyValueSpecification","valueRequired":true,"valueName":"search_term_string"}}],"inLanguage":"pt-BR"}]}},"_links":{"self":[{"href":"https:\/\/www.qustodio.com\/pt-br\/wp-json\/wp\/v2\/pages\/90076","targetHints":{"allow":["GET"]}}],"collection":[{"href":"https:\/\/www.qustodio.com\/pt-br\/wp-json\/wp\/v2\/pages"}],"about":[{"href":"https:\/\/www.qustodio.com\/pt-br\/wp-json\/wp\/v2\/types\/page"}],"author":[{"embeddable":true,"href":"https:\/\/www.qustodio.com\/pt-br\/wp-json\/wp\/v2\/users\/35"}],"replies":[{"embeddable":true,"href":"https:\/\/www.qustodio.com\/pt-br\/wp-json\/wp\/v2\/comments?post=90076"}],"version-history":[{"count":12,"href":"https:\/\/www.qustodio.com\/pt-br\/wp-json\/wp\/v2\/pages\/90076\/revisions"}],"predecessor-version":[{"id":102948,"href":"https:\/\/www.qustodio.com\/pt-br\/wp-json\/wp\/v2\/pages\/90076\/revisions\/102948"}],"wp:attachment":[{"href":"https:\/\/www.qustodio.com\/pt-br\/wp-json\/wp\/v2\/media?parent=90076"}],"curies":[{"name":"wp","href":"https:\/\/api.w.org\/{rel}","templated":true}]}}